{"id":268,"date":"2025-05-31T19:19:20","date_gmt":"2025-05-31T17:19:20","guid":{"rendered":"https:\/\/cubswp.com\/all4sport\/?page_id=268"},"modified":"2025-05-31T19:44:01","modified_gmt":"2025-05-31T17:44:01","slug":"blog","status":"publish","type":"page","link":"https:\/\/cubswp.com\/all4sport\/index.php\/blog\/","title":{"rendered":"BLOG"},"content":{"rendered":"\n<div class=\"wp-block-uagb-container uagb-block-613b14dd alignfull uagb-is-root-container\"><div class=\"uagb-container-inner-blocks-wrap\">\n<div class=\"wp-block-uagb-advanced-heading uagb-block-a8c1533e\"><h2 class=\"uagb-heading-text\"> BLOG &amp; NOTICIAS<\/h2><\/div>\n<\/div><\/div>\n\n\n\n<div class=\"wp-block-uagb-container uagb-block-55291da9 alignfull uagb-is-root-container\"><div class=\"uagb-container-inner-blocks-wrap\"><\/div><\/div>\n\n\n\n<div class=\"wp-block-uagb-container uagb-block-3fb96baa alignfull uagb-is-root-container\"><div class=\"uagb-container-inner-blocks-wrap\">\n<div class=\"wp-block-columns is-layout-flex wp-container-core-columns-is-layout-28f84493 wp-block-columns-is-layout-flex\">\n<div class=\"wp-block-column is-layout-flow wp-block-column-is-layout-flow\" style=\"flex-basis:100%\"><ul class=\"wp-block-latest-posts__list has-dates has-link-color alignfull wp-elements-8610b86d3eb5eaaa6277091ebff12b63 wp-block-latest-posts has-text-color has-ast-global-color-2-color has-background has-cyan-bluish-gray-background-color\"><li><div class=\"wp-block-latest-posts__featured-image\"><img loading=\"lazy\" decoding=\"async\" width=\"150\" height=\"150\" src=\"https:\/\/cubswp.com\/all4sport\/wp-content\/uploads\/2025\/05\/ropa-e1748712748699-150x150.jpg\" class=\"attachment-thumbnail size-thumbnail wp-post-image\" alt=\"\" style=\"max-width:150px;max-height:150px;\" srcset=\"https:\/\/cubswp.com\/all4sport\/wp-content\/uploads\/2025\/05\/ropa-e1748712748699-150x150.jpg 150w, https:\/\/cubswp.com\/all4sport\/wp-content\/uploads\/2025\/05\/ropa-e1748712748699-300x300.jpg 300w, https:\/\/cubswp.com\/all4sport\/wp-content\/uploads\/2025\/05\/ropa-e1748712748699-100x100.jpg 100w\" sizes=\"auto, (max-width: 150px) 100vw, 150px\" \/><\/div><a class=\"wp-block-latest-posts__post-title\" href=\"https:\/\/cubswp.com\/all4sport\/index.php\/2025\/05\/31\/mas-alla-del-sudor-como-el-deporte-transforma-cuerpo-y-mente\/\">\u00abM\u00e1s all\u00e1 del sudor: c\u00f3mo el deporte transforma cuerpo y mente\u00bb<\/a><time datetime=\"2025-05-31T19:25:40+02:00\" class=\"wp-block-latest-posts__post-date\">mayo 31, 2025<\/time><\/li>\n<\/ul><\/div>\n<\/div>\n<\/div><\/div>\n\n\n\n<p><\/p>\n","protected":false},"excerpt":{"rendered":"<p>BLOG &amp; NOTICIAS<\/p>\n","protected":false},"author":2,"featured_media":0,"parent":0,"menu_order":0,"comment_status":"closed","ping_status":"closed","template":"","meta":{"_uag_custom_page_level_css":"","site-sidebar-layout":"default","site-content-layout":"","ast-site-content-layout":"default","site-content-style":"default","site-sidebar-style":"default","ast-global-header-display":"","ast-banner-title-visibility":"","ast-main-header-display":"","ast-hfb-above-header-display":"","ast-hfb-below-header-display":"","ast-hfb-mobile-header-display":"","site-post-title":"","ast-breadcrumbs-content":"","ast-featured-img":"","footer-sml-layout":"","ast-disable-related-posts":"","theme-transparent-header-meta":"","adv-header-id-meta":"","stick-header-meta":"","header-above-stick-meta":"","header-main-stick-meta":"","header-below-stick-meta":"","astra-migrate-meta-layouts":"default","ast-page-background-enabled":"default","ast-page-background-meta":{"desktop":{"background-color":"var(--ast-global-color-5)","background-image":"","background-repeat":"repeat","background-position":"center center","background-size":"auto","background-attachment":"scroll","background-type":"","background-media":"","overlay-type":"","overlay-color":"","overlay-opacity":"","overlay-gradient":""},"tablet":{"background-color":"","background-image":"","background-repeat":"repeat","background-position":"center center","background-size":"auto","background-attachment":"scroll","background-type":"","background-media":"","overlay-type":"","overlay-color":"","overlay-opacity":"","overlay-gradient":""},"mobile":{"background-color":"","background-image":"","background-repeat":"repeat","background-position":"center center","background-size":"auto","background-attachment":"scroll","background-type":"","background-media":"","overlay-type":"","overlay-color":"","overlay-opacity":"","overlay-gradient":""}},"ast-content-background-meta":{"desktop":{"background-color":"var(--ast-global-color-4)","background-image":"","background-repeat":"repeat","background-position":"center center","background-size":"auto","background-attachment":"scroll","background-type":"","background-media":"","overlay-type":"","overlay-color":"","overlay-opacity":"","overlay-gradient":""},"tablet":{"background-color":"var(--ast-global-color-4)","background-image":"","background-repeat":"repeat","background-position":"center center","background-size":"auto","background-attachment":"scroll","background-type":"","background-media":"","overlay-type":"","overlay-color":"","overlay-opacity":"","overlay-gradient":""},"mobile":{"background-color":"var(--ast-global-color-4)","background-image":"","background-repeat":"repeat","background-position":"center center","background-size":"auto","background-attachment":"scroll","background-type":"","background-media":"","overlay-type":"","overlay-color":"","overlay-opacity":"","overlay-gradient":""}},"footnotes":""},"class_list":["post-268","page","type-page","status-publish","hentry"],"uagb_featured_image_src":{"full":false,"thumbnail":false,"medium":false,"medium_large":false,"large":false,"1536x1536":false,"2048x2048":false,"woocommerce_thumbnail":false,"woocommerce_single":false,"woocommerce_gallery_thumbnail":false},"uagb_author_info":{"display_name":"alejandro gavilan vicente","author_link":"https:\/\/cubswp.com\/all4sport\/index.php\/author\/alejandro_gavilan\/"},"uagb_comment_info":0,"uagb_excerpt":"BLOG &amp; NOTICIAS","_links":{"self":[{"href":"https:\/\/cubswp.com\/all4sport\/index.php\/wp-json\/wp\/v2\/pages\/268","targetHints":{"allow":["GET"]}}],"collection":[{"href":"https:\/\/cubswp.com\/all4sport\/index.php\/wp-json\/wp\/v2\/pages"}],"about":[{"href":"https:\/\/cubswp.com\/all4sport\/index.php\/wp-json\/wp\/v2\/types\/page"}],"author":[{"embeddable":true,"href":"https:\/\/cubswp.com\/all4sport\/index.php\/wp-json\/wp\/v2\/users\/2"}],"replies":[{"embeddable":true,"href":"https:\/\/cubswp.com\/all4sport\/index.php\/wp-json\/wp\/v2\/comments?post=268"}],"version-history":[{"count":2,"href":"https:\/\/cubswp.com\/all4sport\/index.php\/wp-json\/wp\/v2\/pages\/268\/revisions"}],"predecessor-version":[{"id":278,"href":"https:\/\/cubswp.com\/all4sport\/index.php\/wp-json\/wp\/v2\/pages\/268\/revisions\/278"}],"wp:attachment":[{"href":"https:\/\/cubswp.com\/all4sport\/index.php\/wp-json\/wp\/v2\/media?parent=268"}],"curies":[{"name":"wp","href":"https:\/\/api.w.org\/{rel}","templated":true}]}}