{"id":80,"date":"2025-05-28T10:02:20","date_gmt":"2025-05-28T08:02:20","guid":{"rendered":"https:\/\/cubswp.com\/all4sport\/?page_id=80"},"modified":"2025-05-28T10:14:19","modified_gmt":"2025-05-28T08:14:19","slug":"aviso-legal","status":"publish","type":"page","link":"https:\/\/cubswp.com\/all4sport\/index.php\/aviso-legal\/","title":{"rendered":"aviso legal"},"content":{"rendered":"\n<p>[<strong>Empresa<\/strong>] en cumplimiento de lo dispuesto en el art\u00edculo 10 de la Ley 34\/2002, de 11 de julio, de Servicios de la Sociedad de la Informaci\u00f3n y Comercio Electr\u00f3nico, le informa que es una sociedad inscrita en el [<strong>Registro<\/strong>], con los siguientes datos:<\/p>\n\n\n\n<ul class=\"wp-block-list\">\n<li><strong>Denominaci\u00f3n social<\/strong>: ALL4SPORT<\/li>\n\n\n\n<li><strong>CIF<\/strong>:<strong> <\/strong>495292330C<\/li>\n\n\n\n<li><strong>Domicio social<\/strong>:<strong> lutxana 4<\/strong><\/li>\n\n\n\n<li><strong>Contacto<\/strong>: info.all4sport.com<\/li>\n<\/ul>\n\n\n\n<p>La sociedad [<strong>Empresa<\/strong>] es propietaria del dominio [<strong>Dominio<\/strong>] y de las p\u00e1ginas en internet a las que se acceda a trav\u00e9s de dicho dominio y est\u00e9n alojadas en \u00e9l.<\/p>\n\n\n\n<p>Este sitio web no puede garantizar su disponibilidad permanente, ni la ausencia de virus u otros elementos lesivos que pudieran ocasionar da\u00f1os a sistemas inform\u00e1ticos. Asimismo, no se hace responsable de los da\u00f1os y perjuicios directos o indirectos derivados del uso o acceso a dicho sitio.<\/p>\n\n\n\n<h1 class=\"wp-block-heading\">2. PROPIEDAD INTELECTUAL<\/h1>\n\n\n\n<p>Todos los contenidos del sitio web [<strong>Dominio<\/strong>], ya sean fotograf\u00edas, im\u00e1genes, dibujos, textos, audio, video, animaciones, software, c\u00f3digos fuente, logotipos y dise\u00f1o, est\u00e1n protegidos por la normativa de Propiedad Intelectual e Industrial, en particular por el R.D.L 1\/96 que aprueba el Texto Refundido de la Ley de Propiedad Intelectual y por la Ley de Marcas 17\/2001.<\/p>\n\n\n\n<p>Los derechos sobre los contenidos pertenecen a&nbsp;[<strong>Empresa<\/strong>] o, en su caso, a terceros. En ning\u00fan caso el acceso a [<strong>Dominio<\/strong>] implica cesi\u00f3n, transmisi\u00f3n o cualquier otro tipo de renuncia ni total ni parcial, de los derechos de Propiedad Intelectual o Industrial.<\/p>\n\n\n\n<p>El usuario del sitio web deber\u00e1 abstenerse de suprimir, alterar, eludir o manipular cualquiera de los dispositivos de protecci\u00f3n o sistemas de seguridad que puedan estar instalados en la misma.<\/p>\n\n\n\n<p>No se permite la reproducci\u00f3n y\/o publicaci\u00f3n, total o parcial, del sitio web, ni su tratamiento inform\u00e1tico, o su distribuci\u00f3n, su difusi\u00f3n, su reventa, su transformaci\u00f3n u otra actividad realizable con los contenidos de sus p\u00e1ginas web, ni aun citando las fuentes utilizadas sin el permiso previo y por escrito del mismo por-alegria.com dando lugar a la responsabilidad establecida legalmente.<\/p>\n\n\n\n<p>El usuario, \u00fanica y exclusivamente, puede utilizar el material que aparezca en este sitio web para su uso personal y privado, quedando prohibido su uso con fines comerciales. Todos los derechos derivados de la propiedad intelectual est\u00e1n expresamente reservados por&nbsp;[<strong>Empresa<\/strong>] ejercitando todas las acciones civiles y penales que le correspondan en el caso de infracci\u00f3n o incumplimiento de estos derechos por parte del usuario.<\/p>\n","protected":false},"excerpt":{"rendered":"<p>[Empresa] en cumplimiento de lo dispuesto en el art\u00edculo 10 de la Ley 34\/2002, de 11 de julio, de Servicios [&hellip;]<\/p>\n","protected":false},"author":1,"featured_media":0,"parent":0,"menu_order":0,"comment_status":"closed","ping_status":"closed","template":"","meta":{"_uag_custom_page_level_css":"","site-sidebar-layout":"default","site-content-layout":"","ast-site-content-layout":"default","site-content-style":"default","site-sidebar-style":"default","ast-global-header-display":"","ast-banner-title-visibility":"","ast-main-header-display":"","ast-hfb-above-header-display":"","ast-hfb-below-header-display":"","ast-hfb-mobile-header-display":"","site-post-title":"","ast-breadcrumbs-content":"","ast-featured-img":"","footer-sml-layout":"","ast-disable-related-posts":"","theme-transparent-header-meta":"","adv-header-id-meta":"","stick-header-meta":"","header-above-stick-meta":"","header-main-stick-meta":"","header-below-stick-meta":"","astra-migrate-meta-layouts":"default","ast-page-background-enabled":"default","ast-page-background-meta":{"desktop":{"background-color":"var(--ast-global-color-5)","background-image":"","background-repeat":"repeat","background-position":"center center","background-size":"auto","background-attachment":"scroll","background-type":"","background-media":"","overlay-type":"","overlay-color":"","overlay-opacity":"","overlay-gradient":""},"tablet":{"background-color":"","background-image":"","background-repeat":"repeat","background-position":"center center","background-size":"auto","background-attachment":"scroll","background-type":"","background-media":"","overlay-type":"","overlay-color":"","overlay-opacity":"","overlay-gradient":""},"mobile":{"background-color":"","background-image":"","background-repeat":"repeat","background-position":"center center","background-size":"auto","background-attachment":"scroll","background-type":"","background-media":"","overlay-type":"","overlay-color":"","overlay-opacity":"","overlay-gradient":""}},"ast-content-background-meta":{"desktop":{"background-color":"var(--ast-global-color-4)","background-image":"","background-repeat":"repeat","background-position":"center center","background-size":"auto","background-attachment":"scroll","background-type":"","background-media":"","overlay-type":"","overlay-color":"","overlay-opacity":"","overlay-gradient":""},"tablet":{"background-color":"var(--ast-global-color-4)","background-image":"","background-repeat":"repeat","background-position":"center center","background-size":"auto","background-attachment":"scroll","background-type":"","background-media":"","overlay-type":"","overlay-color":"","overlay-opacity":"","overlay-gradient":""},"mobile":{"background-color":"var(--ast-global-color-4)","background-image":"","background-repeat":"repeat","background-position":"center center","background-size":"auto","background-attachment":"scroll","background-type":"","background-media":"","overlay-type":"","overlay-color":"","overlay-opacity":"","overlay-gradient":""}},"footnotes":""},"class_list":["post-80","page","type-page","status-publish","hentry"],"uagb_featured_image_src":{"full":false,"thumbnail":false,"medium":false,"medium_large":false,"large":false,"1536x1536":false,"2048x2048":false,"woocommerce_thumbnail":false,"woocommerce_single":false,"woocommerce_gallery_thumbnail":false},"uagb_author_info":{"display_name":"admin","author_link":"https:\/\/cubswp.com\/all4sport\/index.php\/author\/admin_all4sport\/"},"uagb_comment_info":0,"uagb_excerpt":"[Empresa] en cumplimiento de lo dispuesto en el art\u00edculo 10 de la Ley 34\/2002, de 11 de julio, de Servicios [&hellip;]","_links":{"self":[{"href":"https:\/\/cubswp.com\/all4sport\/index.php\/wp-json\/wp\/v2\/pages\/80","targetHints":{"allow":["GET"]}}],"collection":[{"href":"https:\/\/cubswp.com\/all4sport\/index.php\/wp-json\/wp\/v2\/pages"}],"about":[{"href":"https:\/\/cubswp.com\/all4sport\/index.php\/wp-json\/wp\/v2\/types\/page"}],"author":[{"embeddable":true,"href":"https:\/\/cubswp.com\/all4sport\/index.php\/wp-json\/wp\/v2\/users\/1"}],"replies":[{"embeddable":true,"href":"https:\/\/cubswp.com\/all4sport\/index.php\/wp-json\/wp\/v2\/comments?post=80"}],"version-history":[{"count":3,"href":"https:\/\/cubswp.com\/all4sport\/index.php\/wp-json\/wp\/v2\/pages\/80\/revisions"}],"predecessor-version":[{"id":95,"href":"https:\/\/cubswp.com\/all4sport\/index.php\/wp-json\/wp\/v2\/pages\/80\/revisions\/95"}],"wp:attachment":[{"href":"https:\/\/cubswp.com\/all4sport\/index.php\/wp-json\/wp\/v2\/media?parent=80"}],"curies":[{"name":"wp","href":"https:\/\/api.w.org\/{rel}","templated":true}]}}