{"id":84,"date":"2025-05-28T10:03:24","date_gmt":"2025-05-28T08:03:24","guid":{"rendered":"https:\/\/cubswp.com\/all4sport\/?page_id=84"},"modified":"2025-05-28T10:16:59","modified_gmt":"2025-05-28T08:16:59","slug":"politica-de-cookies","status":"publish","type":"page","link":"https:\/\/cubswp.com\/all4sport\/index.php\/politica-de-cookies\/","title":{"rendered":"Pol\u00edtica de cookies"},"content":{"rendered":"\n<h1 class=\"wp-block-heading\">1.&nbsp; Pol\u00edtica de Cookies<\/h1>\n\n\n\n<p>En usa cookies propias y de terceros con el objetivo de lograr la <strong>mejor experiencia de usuario<\/strong> posible, implementar <strong>funcionalidades esenciales<\/strong> para su correcto funcionamiento y la obtenci\u00f3n de <strong>estad\u00edsticas de visitas an\u00f3nimas<\/strong> a la web y similares, vitales para la toma de decisiones en nuestro negocio.<br><br>Las cookies <strong>no permiten la recopilaci\u00f3n de informaci\u00f3n personal del usuario<\/strong>. Esto es una limitaci\u00f3n t\u00e9cnica impl\u00edcita a la tecnolog\u00eda de cookies, no algo peculiar de la implementaci\u00f3n de este sitio web.<\/p>\n\n\n\n<p>Solamente permiten reconocer el mismo dispositivo de navegaci\u00f3n (ordenador, m\u00f3vil, etc.) cuando vuelve acceder a la web, pero sin poder conocer la identidad de su usuario.<\/p>\n\n\n\n<p>Pr\u00e1cticamente todos los navegadores populares actuales permiten la <strong>configuraci\u00f3n<\/strong> de las pol\u00edticas descarga de cookies y es posible deshabilitarla por completo si el usuario as\u00ed lo decide.<\/p>\n\n\n\n<p>Tal como se indica en el aviso de cookies, si contin\u00faa navegando en esta web, se considerar\u00e1 que est\u00e1 dando su consentimiento al uso de las cookies aqu\u00ed listadas seg\u00fan los t\u00e9rminos establecidos en el art\u00edculo 22.2 de la Ley 34\/2002 de Servicios de la Sociedad de la Informaci\u00f3n y Comercio Electr\u00f3nico.<\/p>\n\n\n\n<h1 class=\"wp-block-heading\">2.&nbsp; Entidad Responsable<\/h1>\n\n\n\n<p>La entidad responsable de la recogida, procesamiento y utilizaci\u00f3n de sus datos personales es:<\/p>\n\n\n\n<ul class=\"wp-block-list\">\n<li>Denominaci\u00f3n comercial: <strong>[Dominio]<\/strong><\/li>\n\n\n\n<li>Denominaci\u00f3n social: <strong>[Empresa]<\/strong><\/li>\n\n\n\n<li>CIF: <strong>[CIF]<\/strong><\/li>\n\n\n\n<li>Domicilio social: <strong>[Domicilio]<\/strong><\/li>\n\n\n\n<li>Actividad social: <strong>[Actividad]<\/strong><\/li>\n<\/ul>\n\n\n\n<h1 class=\"wp-block-heading\">3.&nbsp; \u00bfQu\u00e9 son las cookies?<\/h1>\n\n\n\n<p>Las cookies son un conjunto de datos que un servidor deposita en el navegador del usuario que permite reconocer el dispositivo en cuesti\u00f3n (ordenador, m\u00f3vil, etc.).<\/p>\n\n\n\n<p>Pr\u00e1cticamente la totalidad de las webs usan cookies ya que permiten a las p\u00e1ginas funcionar de manera m\u00e1s eficiente y conseguir una mayor personalizaci\u00f3n y an\u00e1lisis sobre el comportamiento del usuario.<\/p>\n\n\n\n<p>Las cookies <strong>no permiten la identificaci\u00f3n y recopilaci\u00f3n de datos personales del usuario<\/strong>, solamente reconocer un dispositivo que haya accedido con anterioridad a la web en cuesti\u00f3n.<\/p>\n\n\n\n<p>Para poder reconocer la identidad del usuario, es necesario que \u00e9ste se <strong>registre<\/strong> expresamente en la web y que proporcione expresamente su informaci\u00f3n personal tal como ocurre en los servicios online de todo tipo (banca, comercio electr\u00f3nico, proveedores, etc.).<\/p>\n\n\n\n<p>Si el usuario <strong>no cierra la sesi\u00f3n<\/strong>, al poder reconocer con la cookie el dispositivo con el que el usuario se registr\u00f3 inicialmente, se puede reconocer indirectamente al usuario. No obstante, <strong>en rigor<\/strong>, lo que se sigue reconociendo en este caso <strong>sigue siendo el dispositivo, no el usuario<\/strong>.<\/p>\n\n\n\n<p>Esto se ve claro si se piensa en el caso de <strong>una persona diferente a la que hizo el registro<\/strong> y que utiliza ese mismo dispositivo m\u00e1s tarde para acceder a la misma web.<\/p>\n\n\n\n<p>La web <strong>no puede saber t\u00e9cnicamente si el usuario es el mismo u otro diferente<\/strong> y el problema de seguridad ocurre realmente <strong>a nivel del propio usuario<\/strong> (dejar acceder a otra persona un dispositivo con informaci\u00f3n confidencial a suya).<\/p>\n\n\n\n<p>Este escenario, en el mundo f\u00edsico ser\u00eda muy similar, por ejemplo, a dejar las llaves de la casa a otra persona. Si esto ocurre, no cabe reclamar la responsabilidad a terceros como lo podr\u00eda ser, por ejemplo, el arrendador.<\/p>\n\n\n\n<h1 class=\"wp-block-heading\">4.&nbsp; Cookies utilizadas en esta web<\/h1>\n\n\n\n<p>A continuaci\u00f3n, se listan las cookies concretas utilizadas por esta web:<\/p>\n\n\n\n<p>[A continuaci\u00f3n se enumeran las cookies t\u00edpicas, usadas por una gran cantidad de sitios web. En caso de no ser usadas en tu web, no tiene importancia ya que listar cookies adicionales a las realmente usadas no genera ning\u00fan problema legal. Por tanto, es un punto de partido v\u00e1lido para cualquier web. Sin embargo, es probable que tu web use cookies adicionales. Cu\u00e1les son depende ya de cada caso y es necesario averiguarlo para incluirlas en el listado. Consulta para ello con el t\u00e9cnico que te ha creado la web, con tu hosting web, etc. para que te orienten.]<\/p>\n\n\n\n<h2 class=\"wp-block-heading\">Cookies propias<\/h2>\n\n\n\n<p>Las cookies propias en esta web con las siguientes:<\/p>\n\n\n\n<figure class=\"wp-block-table\"><table class=\"has-fixed-layout\"><tbody><tr><td><strong>Nombre<\/strong><\/td><td><strong>Tipo<\/strong><\/td><td><strong>Caducidad<\/strong><\/td><td><strong>Finalidad<\/strong><\/td><td><strong>Clase<\/strong><\/td><\/tr><tr><td><strong>PHPSESSID<\/strong><strong><\/strong><\/td><td>Propia<\/td><td>Fin de sesi\u00f3n<\/td><td>Distinguir a los usuarios<\/td><td>No exenta<\/td><\/tr><tr><td><strong>wevarnishpass<\/strong><strong><\/strong><\/td><td>Propia<\/td><td>1 hora<\/td><td>Sistema cach\u00e9 en servidor para acelerar la web<\/td><td>No exenta<\/td><\/tr><\/tbody><\/table><\/figure>\n\n\n\n<h2 class=\"wp-block-heading\">Cookies de terceros<\/h2>\n\n\n\n<p>Esta web utiliza tambi\u00e9n cookies de terceros y contiene enlaces que llevan a otras webs que, a su vez, son fuente de sus propias cookies y las de terceros.<\/p>\n\n\n\n<p>Las cookies de terceros usadas en esta web son las siguientes:<\/p>\n\n\n\n<figure class=\"wp-block-table\"><table class=\"has-fixed-layout\"><tbody><tr><td><strong>Nombre<\/strong><\/td><td><strong>Tipo<\/strong><\/td><td><strong>Caducidad<\/strong><\/td><td><strong>Finalidad<\/strong><\/td><td><strong>Clase<\/strong><\/td><\/tr><tr><td><strong>_ga<\/strong><strong><\/strong><\/td><td>Google Analytics<\/td><td>2 a\u00f1os<\/td><td>Distinguir a los usuarios<\/td><td>No exenta<\/td><\/tr><tr><td><strong>_gid<\/strong><\/td><td>Google Analytics<\/td><td>24 horas<\/td><td>Distinguir a los usuarios<\/td><td>No exenta<\/td><\/tr><tr><td><strong>_ga_&lt;container-id&gt;<\/strong><strong><\/strong><\/td><td>Google Analytics<\/td><td>2 a\u00f1os<\/td><td>Mantener el estado de la sesi\u00f3n<\/td><td>No exenta<\/td><\/tr><tr><td><strong>_gac_gb_&lt;container-id&gt;<\/strong><\/td><td>Google Analytics<\/td><td>90 d\u00edas<\/td><td>Informaci\u00f3n de publicidad<\/td><td>No exenta<\/td><\/tr><tr><td><strong>IDE<\/strong><strong><\/strong><\/td><td>YouTube<\/td><td>1 a\u00f1os<\/td><td>Gesti\u00f3n de la publicidad dentro de los v\u00eddeos YouTube<\/td><td>No exenta<\/td><\/tr><\/tbody><\/table><\/figure>\n\n\n\n<p>A continuaci\u00f3n, se enumeran los diferentes tipos de cookies de terceros y sus caracter\u00edsticas.<\/p>\n\n\n\n<h3 class=\"wp-block-heading\">Reproductores multimedia<\/h3>\n\n\n\n<p>La web de <strong>[Empresa]<\/strong> utiliza en ocasiones contenidos audio y video propios y de terceros mediante reproductores populares tales como Youtube, Vimeo, SoundCloud, iVoox y otros similares.<\/p>\n\n\n\n<p>Estos reproductores pueden dejar cookies en el sitio que los embebe para cuestiones como los anuncios de publicidad online mostrada por el reproductor o para almacenar y recuperar preferencias del usuario en el uso de estos reproductores.<\/p>\n\n\n\n<h3 class=\"wp-block-heading\">Cookies de publicidad online<\/h3>\n\n\n\n<p>[Corregir la redacci\u00f3n en caso de que s\u00ed utilices publicidad en tu web]<\/p>\n\n\n\n<p>Este sitio no publica anuncios online en sus contenidos los cuales utilizan habitualmente cookies para la optimizaci\u00f3n de los anuncios mostrados al usuario.<\/p>\n\n\n\n<p>No obstante, como consecuencia de utilizar reproductores multimedia embebidos como el reproductor de YouTube, por ejemplo, las cookies de las plataformas de publicidad online usadas por estos sitios se instalar\u00e1n tambi\u00e9n al visitar <strong>[Dominio]<\/strong>. Estas cookies se pueden consultar en la tabla de cookies de esta p\u00e1gina.<\/p>\n\n\n\n<p>[Estas cookies puedes averiguarlas in funci\u00f3n de las herramientas usadas. Si usas, por ejemplo, busca la informaci\u00f3n en Google con \u201clista de cookies youtube\u201d y te llevar\u00e1 a la p\u00e1gina correspondiente de Google con esta informaci\u00f3n]<\/p>\n\n\n\n<h3 class=\"wp-block-heading\">Cookies de redes sociales<\/h3>\n\n\n\n<p>Los plugins para la creaci\u00f3n de botones de redes sociales y elementos similares relacionados con las mismas pueden generar cookies de estas terceras partes. En esta web este tipo de elementos son de implementaci\u00f3n propia y no generan cookies en su funcionamiento.<\/p>\n","protected":false},"excerpt":{"rendered":"<p>1.&nbsp; Pol\u00edtica de Cookies En usa cookies propias y de terceros con el objetivo de lograr la mejor experiencia de [&hellip;]<\/p>\n","protected":false},"author":1,"featured_media":0,"parent":0,"menu_order":0,"comment_status":"closed","ping_status":"closed","template":"","meta":{"_uag_custom_page_level_css":"","site-sidebar-layout":"default","site-content-layout":"","ast-site-content-layout":"default","site-content-style":"default","site-sidebar-style":"default","ast-global-header-display":"","ast-banner-title-visibility":"","ast-main-header-display":"","ast-hfb-above-header-display":"","ast-hfb-below-header-display":"","ast-hfb-mobile-header-display":"","site-post-title":"","ast-breadcrumbs-content":"","ast-featured-img":"","footer-sml-layout":"","ast-disable-related-posts":"","theme-transparent-header-meta":"","adv-header-id-meta":"","stick-header-meta":"","header-above-stick-meta":"","header-main-stick-meta":"","header-below-stick-meta":"","astra-migrate-meta-layouts":"default","ast-page-background-enabled":"default","ast-page-background-meta":{"desktop":{"background-color":"var(--ast-global-color-5)","background-image":"","background-repeat":"repeat","background-position":"center center","background-size":"auto","background-attachment":"scroll","background-type":"","background-media":"","overlay-type":"","overlay-color":"","overlay-opacity":"","overlay-gradient":""},"tablet":{"background-color":"","background-image":"","background-repeat":"repeat","background-position":"center center","background-size":"auto","background-attachment":"scroll","background-type":"","background-media":"","overlay-type":"","overlay-color":"","overlay-opacity":"","overlay-gradient":""},"mobile":{"background-color":"","background-image":"","background-repeat":"repeat","background-position":"center center","background-size":"auto","background-attachment":"scroll","background-type":"","background-media":"","overlay-type":"","overlay-color":"","overlay-opacity":"","overlay-gradient":""}},"ast-content-background-meta":{"desktop":{"background-color":"var(--ast-global-color-4)","background-image":"","background-repeat":"repeat","background-position":"center center","background-size":"auto","background-attachment":"scroll","background-type":"","background-media":"","overlay-type":"","overlay-color":"","overlay-opacity":"","overlay-gradient":""},"tablet":{"background-color":"var(--ast-global-color-4)","background-image":"","background-repeat":"repeat","background-position":"center center","background-size":"auto","background-attachment":"scroll","background-type":"","background-media":"","overlay-type":"","overlay-color":"","overlay-opacity":"","overlay-gradient":""},"mobile":{"background-color":"var(--ast-global-color-4)","background-image":"","background-repeat":"repeat","background-position":"center center","background-size":"auto","background-attachment":"scroll","background-type":"","background-media":"","overlay-type":"","overlay-color":"","overlay-opacity":"","overlay-gradient":""}},"footnotes":""},"class_list":["post-84","page","type-page","status-publish","hentry"],"uagb_featured_image_src":{"full":false,"thumbnail":false,"medium":false,"medium_large":false,"large":false,"1536x1536":false,"2048x2048":false,"woocommerce_thumbnail":false,"woocommerce_single":false,"woocommerce_gallery_thumbnail":false},"uagb_author_info":{"display_name":"admin","author_link":"https:\/\/cubswp.com\/all4sport\/index.php\/author\/admin_all4sport\/"},"uagb_comment_info":0,"uagb_excerpt":"1.&nbsp; Pol\u00edtica de Cookies En usa cookies propias y de terceros con el objetivo de lograr la mejor experiencia de [&hellip;]","_links":{"self":[{"href":"https:\/\/cubswp.com\/all4sport\/index.php\/wp-json\/wp\/v2\/pages\/84","targetHints":{"allow":["GET"]}}],"collection":[{"href":"https:\/\/cubswp.com\/all4sport\/index.php\/wp-json\/wp\/v2\/pages"}],"about":[{"href":"https:\/\/cubswp.com\/all4sport\/index.php\/wp-json\/wp\/v2\/types\/page"}],"author":[{"embeddable":true,"href":"https:\/\/cubswp.com\/all4sport\/index.php\/wp-json\/wp\/v2\/users\/1"}],"replies":[{"embeddable":true,"href":"https:\/\/cubswp.com\/all4sport\/index.php\/wp-json\/wp\/v2\/comments?post=84"}],"version-history":[{"count":2,"href":"https:\/\/cubswp.com\/all4sport\/index.php\/wp-json\/wp\/v2\/pages\/84\/revisions"}],"predecessor-version":[{"id":97,"href":"https:\/\/cubswp.com\/all4sport\/index.php\/wp-json\/wp\/v2\/pages\/84\/revisions\/97"}],"wp:attachment":[{"href":"https:\/\/cubswp.com\/all4sport\/index.php\/wp-json\/wp\/v2\/media?parent=84"}],"curies":[{"name":"wp","href":"https:\/\/api.w.org\/{rel}","templated":true}]}}