{"id":86,"date":"2025-05-28T10:04:15","date_gmt":"2025-05-28T08:04:15","guid":{"rendered":"https:\/\/cubswp.com\/all4sport\/?page_id=86"},"modified":"2025-05-28T10:16:08","modified_gmt":"2025-05-28T08:16:08","slug":"terminos-y-condiciones","status":"publish","type":"page","link":"https:\/\/cubswp.com\/all4sport\/index.php\/terminos-y-condiciones\/","title":{"rendered":"TERMINOS Y CONDICIONES"},"content":{"rendered":"\n<h1 class=\"wp-block-heading\">Identificador del vendedor<\/h1>\n\n\n\n<p>En virtud de lo establecido en la&nbsp;Ley 34\/2002, de 11 de julio, de Servicios de la Sociedad de La Informaci\u00f3n y del Comercio Electr\u00f3nico (LSSICE), se ofrece la siguiente informaci\u00f3n:<\/p>\n\n\n\n<ul class=\"wp-block-list\">\n<li>Denominaci\u00f3n comercial: <strong>[Dominio]<\/strong><\/li>\n\n\n\n<li>Denominaci\u00f3n social: <strong>[Empresa]<\/strong><\/li>\n\n\n\n<li>CIF: <strong>[CIF]<\/strong><\/li>\n\n\n\n<li>Domicilio social: <strong>[Domicilio]<\/strong><\/li>\n\n\n\n<li>Actividad social: <strong>[Actividad]<\/strong><\/li>\n<\/ul>\n\n\n\n<p>[La siguiente redacci\u00f3n requiere personalizar el enlace a la p\u00e1gina mencionada]<\/p>\n\n\n\n<p>V\u00e9ase tambi\u00e9n nuestra p\u00e1gina de aviso legal.<\/p>\n\n\n\n<h1 class=\"wp-block-heading\">Procedimiento de contrataci\u00f3n general<\/h1>\n\n\n\n<p>El procedimiento de contrataci\u00f3n \u00fanicamente podr\u00e1 ser realizado en el idioma castellano. En caso de que pudiera llevarse a cabo en otro idioma ser\u00e1 indicado antes de iniciar el procedimiento de contrataci\u00f3n.<\/p>\n\n\n\n<p>Para que el contrato de adquisici\u00f3n de productos en nuestra tienda sea v\u00e1lido, la informaci\u00f3n para realizar el pedido que proporcione el usuario debe ser precisa, completa y actualizada en todo momento. El no hacerlo constituye una violaci\u00f3n de los t\u00e9rminos, que pueden resultar en la disoluci\u00f3n del contrato con <strong>[Empresa]<\/strong>.<\/p>\n\n\n\n<h1 class=\"wp-block-heading\">Validaci\u00f3n de compra<\/h1>\n\n\n\n<p>Una vez efectuada la compra y de forma inmediata <strong>[Empresa]<\/strong> remitir\u00e1 al usuario por e-mail&nbsp;<strong>una confirmaci\u00f3n de pedido<\/strong>. Si el cliente no est\u00e1 de acuerdo con los datos consignados en dicha confirmaci\u00f3n podr\u00e1s solicitar la&nbsp;<strong>modificaci\u00f3n de estos o la anulaci\u00f3n del pedido<\/strong>.<\/p>\n\n\n\n<p>En todo caso, la comunicaci\u00f3n correspondiente a la anulaci\u00f3n o modificaci\u00f3n&nbsp;debe realizarse en el plazo de siete d\u00edas h\u00e1biles desde la confirmaci\u00f3n del pedido, a trav\u00e9s del correo electr\u00f3nico <strong>[Email]<\/strong> y siempre que el pedido no haya sido enviado.<\/p>\n\n\n\n<h1 class=\"wp-block-heading\">Precios<\/h1>\n\n\n\n<p>Los precios aplicables a cada producto son los indicados en la p\u00e1gina web en la fecha del pedido. Los precios est\u00e1n expresados en euros (\u20ac) e incluyen el IVA (Impuesto sobre el Valor A\u00f1adido) aplicable en Espa\u00f1a que corresponda.<\/p>\n\n\n\n<p>No obstante, atendiendo a lo establecido en la&nbsp;Ley 37\/1992, de 28 de diciembre, del Impuesto sobre el Valor A\u00f1adido, la operaci\u00f3n puede resultar exenta o no sujeta a dicho impuesto en funci\u00f3n del pa\u00eds de residencia del comprador y de la condici\u00f3n en la que act\u00faa el mismo (empresario\/profesional o particular).<\/p>\n\n\n\n<p>En consecuencia, en algunos supuestos el precio final del pedido puede verse alterado respecto al que figura expuesto en la p\u00e1gina web.<\/p>\n\n\n\n<p>La emisi\u00f3n de factura se produce con el env\u00edo siendo accesible y descargable desde la cuenta de usuario adem\u00e1s de ser enviada en formato PDF en el correo de confirmaci\u00f3n de env\u00edo.<\/p>\n\n\n\n<h1 class=\"wp-block-heading\">Validez de los precios y ofertas<\/h1>\n\n\n\n<p>Los productos ofertados en la web, y los precios de \u00e9stos, estar\u00e1n disponibles para su compra mientras se encuentren expuestos y puedan ser visualizados por medio de la p\u00e1gina web.<\/p>\n\n\n\n<p>Se ruega a los usuarios que accedan a versiones actualizadas de la p\u00e1gina web para evitar errores en los precios. En todo caso, los pedidos en tramitaci\u00f3n mantendr\u00e1n sus condiciones durante 7 d\u00edas desde el momento de su formalizaci\u00f3n.<\/p>\n\n\n\n<h1 class=\"wp-block-heading\">Formas de pago<\/h1>\n\n\n\n<p>El usuario\/comprador se compromete a abonar los productos&nbsp;adquiridos a <strong>[Empresa]<\/strong> en las&nbsp;<strong>formas de pago aceptadas<\/strong>&nbsp;y por cualquier cantidad complementaria (incluidos los impuestos).<\/p>\n\n\n\n<p><strong>[Empresa]<\/strong> acepta las siguientes formas de pago:&nbsp; &nbsp; &nbsp; &nbsp; &nbsp; &nbsp; &nbsp; &nbsp; &nbsp; &nbsp; &nbsp; &nbsp; &nbsp; &nbsp; &nbsp; &nbsp; &nbsp; &nbsp;<\/p>\n\n\n\n<p>[La siguiente lista es s\u00f3lo un ejemplo debe ser personalizada para cada caso]<\/p>\n\n\n\n<ol class=\"wp-block-list\">\n<li>Bizum.<\/li>\n\n\n\n<li>Tarjeta de cr\u00e9dito y d\u00e9bito.<\/li>\n\n\n\n<li>Paypal.<\/li>\n\n\n\n<li>Transferencia. Este m\u00e9todo de pago no confirma el pedido hasta una vez recibido el importe en nuestra cuenta.<\/li>\n<\/ol>\n\n\n\n<p>Una vez efectuada la compra, ser\u00e1 remitida, a la direcci\u00f3n de correo electr\u00f3nico indicada, una confirmaci\u00f3n de la contrataci\u00f3n efectuada, que servir\u00e1 como justificante de la operaci\u00f3n \u00abJustificante de contrataci\u00f3n\u00bb, junto con un enlace a las presentes condiciones generales de compra, as\u00ed como tambi\u00e9n a la pol\u00edtica de devoluciones.<\/p>\n\n\n\n<p>La confirmaci\u00f3n de la contrataci\u00f3n y su justificante no tendr\u00e1n validez como factura que se enviar\u00e1 cuando salga el pedido.<\/p>\n\n\n\n<h1 class=\"wp-block-heading\">Condiciones de entrega<\/h1>\n\n\n\n<p>[La siguiente redacci\u00f3n es s\u00f3lo un ejemplo debe ser personalizada para cada caso]<\/p>\n\n\n\n<p>Todos los art\u00edculos en nuestra tienda en el momento de elegir sus atributos indican la disponibilidad o no de stock. En el caso de que todos los art\u00edculos del pedido se encuentren en stock y si se ha entrado confirmado y pagado antes de las 14:00 horas haremos todo lo posible porque salga ese mismo d\u00eda.<\/p>\n\n\n\n<p>Siendo entregado en 48\/72 horas laborables desde que confirmamos que ha salido. Si el pedido se confirma pasadas las 14:00 saldr\u00e1 al d\u00eda siguiente laborable.<\/p>\n\n\n\n<p>Si un art\u00edculo no se encuentra en stock informar\u00e1 en todo momento de la fecha estimada que nos facilita cada proveedor y con la que nos comprometemos.<\/p>\n\n\n\n<p>En caso de que hubiera una incidencia en los tiempos de entrega, ser\u00e1 informada por el servicio de atenci\u00f3n al cliente dando siempre la mejor soluci\u00f3n al cliente y la opci\u00f3n si lo desea de cancelar el pedido.<\/p>\n\n\n\n<p>Vea m\u00e1s detalles en la p\u00e1gina de gastos de env\u00edo.<\/p>\n\n\n\n<h1 class=\"wp-block-heading\">Cancelaciones, Devoluciones y desistimiento&nbsp;<\/h1>\n\n\n\n<h2 class=\"wp-block-heading\">Cancelaci\u00f3n de un pedido<\/h2>\n\n\n\n<p>\u00danicamente se puede cancelar un pedido si este todav\u00eda no ha sido enviado. Para anular un pedido se deber\u00e1 enviar un email a <strong>[Email]<\/strong> y facilitar la referencia de pedido que se desea cancelar.<\/p>\n\n\n\n<p>La devoluci\u00f3n del importe se realizar\u00e1 por la misma forma de pago elegida en el momento de realizar el pedido.<\/p>\n\n\n\n<h2 class=\"wp-block-heading\">Devoluciones y desistimiento comercial. Derecho de Desistimiento<\/h2>\n\n\n\n<p>El desistimiento es la&nbsp;facultad de un consumidor de un bien para devolverlo al comercio dentro de un plazo legal, sin tener que alegar ni dar ninguna explicaci\u00f3n al respecto ni sufrir una penalizaci\u00f3n.<\/p>\n\n\n\n<p>Seg\u00fan establece la normativa, el consumidor y usuario tendr\u00e1 derecho a DESISTIR del contrato durante un per\u00edodo m\u00e1ximo de 14 d\u00edas naturales sin necesidad de indicar el motivo y sin incurrir en ning\u00fan coste, salvo los previstos en el art. 107.2 y 108 del RD1\/2007, de 16 de noviembre, por el que se aprueba el texto referido de la Ley General para la Defensa de los Consumidores y Usuarios.<\/p>\n\n\n\n<p>[La siguiente redacci\u00f3n requiere personalizar el enlace a la p\u00e1gina mencionada]<\/p>\n\n\n\n<p>Por favor consulte nuestra pol\u00edtica de devoluciones antes de realizar un pedido entrando en nuestra p\u00e1gina de pol\u00edtica de devoluciones.<\/p>\n\n\n\n<h1 class=\"wp-block-heading\">Plataforma de resoluci\u00f3n de conflictos<\/h1>\n\n\n\n<p>Por si puede ser de tu inter\u00e9s, para someter tus reclamaciones puedes utilizar tambi\u00e9n la plataforma de resoluci\u00f3n de litigios que facilita la Comisi\u00f3n Europea y que se encuentra disponible en el siguiente enlace: http:\/\/ec.europa.eu\/consumers\/odr\/<\/p>\n\n\n\n<h1 class=\"wp-block-heading\">Exoneraci\u00f3n de responsabilidades<\/h1>\n\n\n\n<p><strong>[Empresa]<\/strong> no se hace responsable de los efectos que pueda ocasionar el uso de plantillas de los pies en las puntas de ballet si estas fueran necesarias. Para evitar errores en la prueba de puntas es importante que lleves&nbsp;las plantillas o pr\u00f3tesis que est\u00e9s utilizando en cada momento. Es probable que unas puntas sean inservibles si cambias la plantilla o la pr\u00f3tesis con la que hayas hecho la prueba.<\/p>\n\n\n\n<p>El producto por sus caracter\u00edsticas no incluye servicio de soporte ni asistencia para poderlo utilizar, <strong>[Empresa]<\/strong> queda exonerado de la responsabilidad de prestar ese servicio, aunque en la medida de lo posible siempre intentamos dar soporte a cualquier duda.<\/p>\n\n\n\n<p><strong>[Empresa]<\/strong> no asume ninguna responsabilidad derivada del mal uso de los productos adquiridos en nuestro sitio y, en forma m\u00e1s espec\u00edfica, <strong>[Empresa]<\/strong> queda exonerado de toda responsabilidad por cualquier riesgo o p\u00e9rdida, de tipo personal o de cualquier otro tipo, que pudiera producirse como consecuencia directa o indirecta del mal uso de cualquier producto adquirido en este sitio web. Esto no aplica a una tara o defecto del producto de f\u00e1brica en cuyo caso&nbsp;<strong>[Empresa]<\/strong> tiene la obligaci\u00f3n de subsanar el problema devolviendo el importe o enviando un nuevo producto.<\/p>\n\n\n\n<p><strong>[Empresa]<\/strong> no asume ninguna responsabilidad respecto a la decisi\u00f3n de compra de cualquiera de los productos adquiridos, quedando a entero criterio y responsabilidad del cliente esa determinaci\u00f3n.<\/p>\n\n\n\n<p>Este sitio web, tambi\u00e9n contiene enlaces a otros sitios Web que no son operados por <strong>[Empresa]<\/strong> (en adelante, los \u00abSitios Relacionados\u00bb). No teniendo ning\u00fan control sobre los Sitios Relacionados y no aceptando, por tanto, ninguna responsabilidad relativa a los mismos ni a ninguna p\u00e9rdida ni ning\u00fan da\u00f1o que puedan producirse por el uso que usted haga de los mismos. Su utilizaci\u00f3n de los Sitios Relacionados estar\u00e1 sujeta a los t\u00e9rminos y condiciones de uso y servicio contenidos en cada uno de dichos sitios Web.<\/p>\n\n\n\n<h1 class=\"wp-block-heading\">Servicio postventa y garant\u00edas<\/h1>\n\n\n\n<p>Por la naturaleza de los art\u00edculos que vendemos no tenemos un servicio postventa como tal, aunque tratamos de solventar todas tus dudas.<\/p>\n\n\n\n<p>Todos los productos tienen la garant\u00eda legal de dos a\u00f1os. En caso de tara o defecto se devolver\u00e1 la totalidad del importe pagado.<\/p>\n\n\n\n<h1 class=\"wp-block-heading\">Servicio de atenci\u00f3n al cliente<\/h1>\n\n\n\n<p>Ante cualquier incidencia en sus pedidos puedes contactarnos de la forma que prefiera:<\/p>\n\n\n\n<ul class=\"wp-block-list\">\n<li>Por tel\u00e9fono llamando al n\u00famero de tel\u00e9fono: <strong>[Tel\u00e9fono]<\/strong>\u00a0<\/li>\n\n\n\n<li>Por escrito enviando un correo a <strong>[Email]<\/strong><\/li>\n<\/ul>\n\n\n\n<p>Para hacer una reclamaci\u00f3n puede elegir entre:<\/p>\n\n\n\n<ul class=\"wp-block-list\">\n<li>Enviar un correo electr\u00f3nico a\u00a0<strong>[Email]<\/strong>\u00a0indicando en el asunto: RECLAMACI\u00d3N y el n\u00famero de pedido.\u00a0<\/li>\n\n\n\n<li>Solicitar una hoja de reclamaciones en persona, disponibles en <strong>[Domicilio]<\/strong> y llevarse una copia de esta firmada por la persona encargada en cada momento.<\/li>\n<\/ul>\n\n\n\n<h1 class=\"wp-block-heading\">Pol\u00edtica de Protecci\u00f3n de Datos<\/h1>\n\n\n\n<p>La defensa de los datos de los usuarios es de m\u00e1xima prioridad para <strong>[Empresa]<\/strong> responsable de esta web.<\/p>\n\n\n\n<p>[La siguiente redacci\u00f3n requiere personalizar el enlace a la p\u00e1gina mencionada]<\/p>\n\n\n\n<p>Para obtener informaci\u00f3n completa sobre tus derechos y la pol\u00edtica de protecci\u00f3n de datos visita nuestras p\u00e1ginas de&nbsp;Pol\u00edtica de Privacidady laPol\u00edtica de cookies<strong>.<\/strong><\/p>\n\n\n\n<h1 class=\"wp-block-heading\">Propiedad intelectual e industrial<\/h1>\n\n\n\n<p>Mediante estas Condiciones Generales no se cede ning\u00fan derecho de propiedad intelectual o industrial sobre el&nbsp;portal de <strong>[Empresa]<\/strong> ni sobre ninguno de sus elementos integrantes, quedando expresamente prohibidos al Usuario la reproducci\u00f3n, transformaci\u00f3n, distribuci\u00f3n, comunicaci\u00f3n p\u00fablica, puesta a disposici\u00f3n del p\u00fablico, extracci\u00f3n, reutilizaci\u00f3n, reenv\u00edo o la utilizaci\u00f3n de cualquier naturaleza, por cualquier medio o procedimiento, de cualquiera de ellos, salvo en los casos en que est\u00e9 legalmente permitido o sea autorizado por el titular de los correspondientes derechos.<\/p>\n\n\n\n<p>El usuario conoce y acepta que la totalidad del sitio web, conteniendo sin car\u00e1cter exhaustivo los textos, art\u00edculos, las im\u00e1genes, los dise\u00f1os, software, contenidos (incluyendo estructura, selecci\u00f3n, ordenaci\u00f3n y presentaci\u00f3n de los mismos), material audiovisual y gr\u00e1ficos, est\u00e1 protegida por marcas, derechos de autor de <strong>[Empresa]<\/strong> y otros derechos leg\u00edtimos registrados, de acuerdo con los tratados internacionales en los que Espa\u00f1a es parte y otros derechos de propiedad y leyes de Espa\u00f1a.<\/p>\n\n\n\n<h1 class=\"wp-block-heading\">Modificaci\u00f3n de las condiciones de uso<\/h1>\n\n\n\n<p><strong>[Empresa]<\/strong> se reserva el derecho de modificar, en cualquier momento, la presentaci\u00f3n y configuraci\u00f3n del sitio web, as\u00ed como las presentes Condiciones Generales.<\/p>\n\n\n\n<p>Por ello, <strong>[Empresa]<\/strong> recomienda a todos los usuarios leerlas atentamente cada vez que accedan al sitio web. Los contratantes de cualquiera de los servicios ofertados en esta web siempre dispondr\u00e1n de las Condiciones Generales en un sitio visible, libremente accesible para cuantas consultas quieran realizar.<\/p>\n\n\n\n<p>En caso de que cualquier cl\u00e1usula de las presentes Condiciones Generales sea declarada nula, las dem\u00e1s cl\u00e1usulas seguir\u00e1n vigentes y se interpretar\u00e1n teniendo en cuenta la voluntad de las partes y la finalidad misma de las presentes Condiciones Generales.<\/p>\n\n\n\n<p><strong>[Empresa]<\/strong> podr\u00e1 no ejercitar alguno de los derechos y facultades conferidos en este documento lo que no implicar\u00e1 en ning\u00fan caso la renuncia a los mismos salvo reconocimiento expreso por parte de <strong>[Empresa]<\/strong> o prescripci\u00f3n de la acci\u00f3n que en cada caso corresponda.<\/p>\n\n\n\n<h1 class=\"wp-block-heading\">Ley aplicable y jurisdicci\u00f3n<\/h1>\n\n\n\n<p>Estas Condiciones de Uso se rigen por la ley espa\u00f1ola. Las presentes Condiciones de Uso est\u00e1n sujetas a lo dispuesto a la Ley 7\/1998&nbsp;, de 13 de abril, sobre condiciones generales de la contrataci\u00f3n,&nbsp;al Real Decreto Legislativo 1\/2007,&nbsp;de 16 de noviembre, por el que se aprueba el texto refundido de la Ley General para la Defensa de los Consumidores y Usuarios y otras leyes complementarias,&nbsp;a la&nbsp;Ley 7\/1996, de 15 de enero, de Ordenaci\u00f3n del Comercio Minorista, y a la&nbsp;Ley 34\/2002, de 11 de julio, de servicios de la sociedad de la informaci\u00f3n y de comercio electr\u00f3nico.&nbsp;<\/p>\n\n\n\n<p>De conformidad con el art\u00edculo 29 de la Ley 34\/2002, de 11 de julio, de Servicios de la Sociedad de la Informaci\u00f3n y Comercio Electr\u00f3nico, los contratos celebrados por v\u00eda electr\u00f3nica en los que intervenga como parte un consumidor se presumir\u00e1 celebrados en el lugar en que \u00e9ste tenga su residencia habitual. Por lo que, en caso de controversia que se derive de las presentes condiciones generales y para la resoluci\u00f3n de los conflictos, las partes se someten, a los juzgados y tribunales del domicilio del Usuario.<\/p>\n\n\n\n<p>As\u00ed mismo, los contratos electr\u00f3nicos entre empresarios o profesionales, en defecto de pacto entre las partes, se presumir\u00e1n celebrados en el lugar en que est\u00e9 establecido el prestador de servicios.<\/p>\n","protected":false},"excerpt":{"rendered":"<p>Identificador del vendedor En virtud de lo establecido en la&nbsp;Ley 34\/2002, de 11 de julio, de Servicios de la Sociedad [&hellip;]<\/p>\n","protected":false},"author":1,"featured_media":0,"parent":0,"menu_order":0,"comment_status":"closed","ping_status":"closed","template":"","meta":{"_uag_custom_page_level_css":"","site-sidebar-layout":"default","site-content-layout":"","ast-site-content-layout":"default","site-content-style":"default","site-sidebar-style":"default","ast-global-header-display":"","ast-banner-title-visibility":"","ast-main-header-display":"","ast-hfb-above-header-display":"","ast-hfb-below-header-display":"","ast-hfb-mobile-header-display":"","site-post-title":"","ast-breadcrumbs-content":"","ast-featured-img":"","footer-sml-layout":"","ast-disable-related-posts":"","theme-transparent-header-meta":"","adv-header-id-meta":"","stick-header-meta":"","header-above-stick-meta":"","header-main-stick-meta":"","header-below-stick-meta":"","astra-migrate-meta-layouts":"default","ast-page-background-enabled":"default","ast-page-background-meta":{"desktop":{"background-color":"var(--ast-global-color-5)","background-image":"","background-repeat":"repeat","background-position":"center center","background-size":"auto","background-attachment":"scroll","background-type":"","background-media":"","overlay-type":"","overlay-color":"","overlay-opacity":"","overlay-gradient":""},"tablet":{"background-color":"","background-image":"","background-repeat":"repeat","background-position":"center center","background-size":"auto","background-attachment":"scroll","background-type":"","background-media":"","overlay-type":"","overlay-color":"","overlay-opacity":"","overlay-gradient":""},"mobile":{"background-color":"","background-image":"","background-repeat":"repeat","background-position":"center center","background-size":"auto","background-attachment":"scroll","background-type":"","background-media":"","overlay-type":"","overlay-color":"","overlay-opacity":"","overlay-gradient":""}},"ast-content-background-meta":{"desktop":{"background-color":"var(--ast-global-color-4)","background-image":"","background-repeat":"repeat","background-position":"center center","background-size":"auto","background-attachment":"scroll","background-type":"","background-media":"","overlay-type":"","overlay-color":"","overlay-opacity":"","overlay-gradient":""},"tablet":{"background-color":"var(--ast-global-color-4)","background-image":"","background-repeat":"repeat","background-position":"center center","background-size":"auto","background-attachment":"scroll","background-type":"","background-media":"","overlay-type":"","overlay-color":"","overlay-opacity":"","overlay-gradient":""},"mobile":{"background-color":"var(--ast-global-color-4)","background-image":"","background-repeat":"repeat","background-position":"center center","background-size":"auto","background-attachment":"scroll","background-type":"","background-media":"","overlay-type":"","overlay-color":"","overlay-opacity":"","overlay-gradient":""}},"footnotes":""},"class_list":["post-86","page","type-page","status-publish","hentry"],"uagb_featured_image_src":{"full":false,"thumbnail":false,"medium":false,"medium_large":false,"large":false,"1536x1536":false,"2048x2048":false,"woocommerce_thumbnail":false,"woocommerce_single":false,"woocommerce_gallery_thumbnail":false},"uagb_author_info":{"display_name":"admin","author_link":"https:\/\/cubswp.com\/all4sport\/index.php\/author\/admin_all4sport\/"},"uagb_comment_info":0,"uagb_excerpt":"Identificador del vendedor En virtud de lo establecido en la&nbsp;Ley 34\/2002, de 11 de julio, de Servicios de la Sociedad [&hellip;]","_links":{"self":[{"href":"https:\/\/cubswp.com\/all4sport\/index.php\/wp-json\/wp\/v2\/pages\/86","targetHints":{"allow":["GET"]}}],"collection":[{"href":"https:\/\/cubswp.com\/all4sport\/index.php\/wp-json\/wp\/v2\/pages"}],"about":[{"href":"https:\/\/cubswp.com\/all4sport\/index.php\/wp-json\/wp\/v2\/types\/page"}],"author":[{"embeddable":true,"href":"https:\/\/cubswp.com\/all4sport\/index.php\/wp-json\/wp\/v2\/users\/1"}],"replies":[{"embeddable":true,"href":"https:\/\/cubswp.com\/all4sport\/index.php\/wp-json\/wp\/v2\/comments?post=86"}],"version-history":[{"count":2,"href":"https:\/\/cubswp.com\/all4sport\/index.php\/wp-json\/wp\/v2\/pages\/86\/revisions"}],"predecessor-version":[{"id":96,"href":"https:\/\/cubswp.com\/all4sport\/index.php\/wp-json\/wp\/v2\/pages\/86\/revisions\/96"}],"wp:attachment":[{"href":"https:\/\/cubswp.com\/all4sport\/index.php\/wp-json\/wp\/v2\/media?parent=86"}],"curies":[{"name":"wp","href":"https:\/\/api.w.org\/{rel}","templated":true}]}}