{"id":102,"date":"2025-05-13T11:29:46","date_gmt":"2025-05-13T11:29:46","guid":{"rendered":"https:\/\/cubswp.com\/azucarbrand\/?page_id=102"},"modified":"2025-05-14T08:50:40","modified_gmt":"2025-05-14T08:50:40","slug":"sobre-nosotros","status":"publish","type":"page","link":"https:\/\/cubswp.com\/azucarbrand\/index.php\/sobre-nosotros\/","title":{"rendered":"Sobre nosotros"},"content":{"rendered":"\n<div class=\"wp-block-uagb-image aligncenter uagb-block-5f2bab1e wp-block-uagb-image--layout-default wp-block-uagb-image--effect-static wp-block-uagb-image--align-center\"><figure class=\"wp-block-uagb-image__figure\"><img decoding=\"async\" srcset=\"https:\/\/cubswp.com\/azucarbrand\/wp-content\/uploads\/2025\/05\/header.jpg ,https:\/\/cubswp.com\/azucarbrand\/wp-content\/uploads\/2025\/05\/header.jpg 780w, https:\/\/cubswp.com\/azucarbrand\/wp-content\/uploads\/2025\/05\/header.jpg 360w\" sizes=\"auto, (max-width: 480px) 150px\" src=\"https:\/\/cubswp.com\/azucarbrand\/wp-content\/uploads\/2025\/05\/header.jpg\" alt=\"\" class=\"uag-image-46\" width=\"1000\" height=\"1000\" title=\"header\" loading=\"lazy\" role=\"img\"\/><\/figure><\/div>\n\n\n\n<div class=\"wp-block-uagb-advanced-heading uagb-block-952b3fa7\"><h3 class=\"uagb-heading-text\">Somos dos j\u00f3venes emprendedores que, en medio de la carrera universitaria, decidimos transformar nuestra pasi\u00f3n por el dise\u00f1o y la creatividad en algo real: una marca de joyas que reflejara autenticidad, estilo y significado. Lo que comenz\u00f3 como un peque\u00f1o proyecto entre clases y ex\u00e1menes, r\u00e1pidamente se convirti\u00f3 en una tienda con identidad propia, respaldada por el cari\u00f1o de una comunidad que crey\u00f3 en nuestra visi\u00f3n desde el primer d\u00eda.<br>Cada pieza que creamos cuenta una historia \u2014la nuestra, la tuya, y la de quienes eligen llevar algo m\u00e1s que un accesorio. Trabajamos con dedicaci\u00f3n, materiales de calidad y un enfoque fresco que ha conectado con personas que valoran el dise\u00f1o con prop\u00f3sito.<br>Hoy, con orgullo, podemos decir que nuestro emprendimiento no solo ha crecido, sino que ha superado nuestras expectativas. Y esto es solo el comienzo.<br>Gracias por ser parte de este viaje.<\/h3><\/div>\n","protected":false},"excerpt":{"rendered":"<p>Somos dos j\u00f3venes emprendedores que, en medio de la carrera universitaria, decidimos transformar nuestra pasi\u00f3n por el dise\u00f1o y la [&hellip;]<\/p>\n","protected":false},"author":2,"featured_media":0,"parent":0,"menu_order":0,"comment_status":"closed","ping_status":"closed","template":"","meta":{"_uag_custom_page_level_css":"","site-sidebar-layout":"default","site-content-layout":"","ast-site-content-layout":"default","site-content-style":"default","site-sidebar-style":"default","ast-global-header-display":"","ast-banner-title-visibility":"","ast-main-header-display":"","ast-hfb-above-header-display":"","ast-hfb-below-header-display":"","ast-hfb-mobile-header-display":"","site-post-title":"","ast-breadcrumbs-content":"","ast-featured-img":"","footer-sml-layout":"","ast-disable-related-posts":"","theme-transparent-header-meta":"","adv-header-id-meta":"","stick-header-meta":"","header-above-stick-meta":"","header-main-stick-meta":"","header-below-stick-meta":"","astra-migrate-meta-layouts":"default","ast-page-background-enabled":"default","ast-page-background-meta":{"desktop":{"background-color":"var(--ast-global-color-5)","background-image":"","background-repeat":"repeat","background-position":"center center","background-size":"auto","background-attachment":"scroll","background-type":"","background-media":"","overlay-type":"","overlay-color":"","overlay-opacity":"","overlay-gradient":""},"tablet":{"background-color":"","background-image":"","background-repeat":"repeat","background-position":"center center","background-size":"auto","background-attachment":"scroll","background-type":"","background-media":"","overlay-type":"","overlay-color":"","overlay-opacity":"","overlay-gradient":""},"mobile":{"background-color":"","background-image":"","background-repeat":"repeat","background-position":"center center","background-size":"auto","background-attachment":"scroll","background-type":"","background-media":"","overlay-type":"","overlay-color":"","overlay-opacity":"","overlay-gradient":""}},"ast-content-background-meta":{"desktop":{"background-color":"var(--ast-global-color-4)","background-image":"","background-repeat":"repeat","background-position":"center center","background-size":"auto","background-attachment":"scroll","background-type":"","background-media":"","overlay-type":"","overlay-color":"","overlay-opacity":"","overlay-gradient":""},"tablet":{"background-color":"var(--ast-global-color-4)","background-image":"","background-repeat":"repeat","background-position":"center center","background-size":"auto","background-attachment":"scroll","background-type":"","background-media":"","overlay-type":"","overlay-color":"","overlay-opacity":"","overlay-gradient":""},"mobile":{"background-color":"var(--ast-global-color-4)","background-image":"","background-repeat":"repeat","background-position":"center center","background-size":"auto","background-attachment":"scroll","background-type":"","background-media":"","overlay-type":"","overlay-color":"","overlay-opacity":"","overlay-gradient":""}},"footnotes":""},"class_list":["post-102","page","type-page","status-publish","hentry"],"uagb_featured_image_src":{"full":false,"thumbnail":false,"medium":false,"medium_large":false,"large":false,"1536x1536":false,"2048x2048":false},"uagb_author_info":{"display_name":"Laura Aparicio","author_link":"https:\/\/cubswp.com\/azucarbrand\/index.php\/author\/lauraaparicio\/"},"uagb_comment_info":0,"uagb_excerpt":"Somos dos j\u00f3venes emprendedores que, en medio de la carrera universitaria, decidimos transformar nuestra pasi\u00f3n por el dise\u00f1o y la [&hellip;]","_links":{"self":[{"href":"https:\/\/cubswp.com\/azucarbrand\/index.php\/wp-json\/wp\/v2\/pages\/102","targetHints":{"allow":["GET"]}}],"collection":[{"href":"https:\/\/cubswp.com\/azucarbrand\/index.php\/wp-json\/wp\/v2\/pages"}],"about":[{"href":"https:\/\/cubswp.com\/azucarbrand\/index.php\/wp-json\/wp\/v2\/types\/page"}],"author":[{"embeddable":true,"href":"https:\/\/cubswp.com\/azucarbrand\/index.php\/wp-json\/wp\/v2\/users\/2"}],"replies":[{"embeddable":true,"href":"https:\/\/cubswp.com\/azucarbrand\/index.php\/wp-json\/wp\/v2\/comments?post=102"}],"version-history":[{"count":3,"href":"https:\/\/cubswp.com\/azucarbrand\/index.php\/wp-json\/wp\/v2\/pages\/102\/revisions"}],"predecessor-version":[{"id":161,"href":"https:\/\/cubswp.com\/azucarbrand\/index.php\/wp-json\/wp\/v2\/pages\/102\/revisions\/161"}],"wp:attachment":[{"href":"https:\/\/cubswp.com\/azucarbrand\/index.php\/wp-json\/wp\/v2\/media?parent=102"}],"curies":[{"name":"wp","href":"https:\/\/api.w.org\/{rel}","templated":true}]}}