{"id":90,"date":"2025-05-09T09:52:03","date_gmt":"2025-05-09T09:52:03","guid":{"rendered":"https:\/\/cubswp.com\/azucarbrand\/?page_id=90"},"modified":"2025-05-14T08:37:25","modified_gmt":"2025-05-14T08:37:25","slug":"home","status":"publish","type":"page","link":"https:\/\/cubswp.com\/azucarbrand\/","title":{"rendered":"HOME"},"content":{"rendered":"\n<div class=\"wp-block-uagb-container uagb-block-001ca5f4 alignfull uagb-is-root-container\"><div class=\"uagb-container-inner-blocks-wrap\">\n<div class=\"wp-block-uagb-advanced-heading uagb-block-ea296534\"><h1 class=\"uagb-heading-text\">AZUCARBRAND<\/h1><\/div>\n\n\n\n<div class=\"wp-block-uagb-advanced-heading uagb-block-8effe138\"><h2 class=\"uagb-heading-text\">Accesorios y joyas<\/h2><\/div>\n<\/div><\/div>\n\n\n\n<div class=\"wp-block-uagb-container uagb-block-855263d8 alignfull uagb-is-root-container\"><div class=\"uagb-container-inner-blocks-wrap\">\n<div class=\"wp-block-uagb-advanced-heading uagb-block-8e2bd03f\"><h3 class=\"uagb-heading-text\">Los accesorios que endulzar\u00e1n tu verano<\/h3><\/div>\n<\/div><\/div>\n\n\n\n<div class=\"wp-block-uagb-container uagb-block-3b196331 alignfull uagb-is-root-container\"><div class=\"uagb-container-inner-blocks-wrap\">\n<div class=\"wp-block-uagb-container uagb-block-483c5514\">\n<figure class=\"wp-block-image size-large\"><img loading=\"lazy\" decoding=\"async\" width=\"677\" height=\"1024\" src=\"https:\/\/cubswp.com\/azucarbrand\/wp-content\/uploads\/2025\/05\/original-DEA567D6-5918-4792-9E00-E58D35A9FA03-1-677x1024.jpeg\" alt=\"\" class=\"wp-image-107\" srcset=\"https:\/\/cubswp.com\/azucarbrand\/wp-content\/uploads\/2025\/05\/original-DEA567D6-5918-4792-9E00-E58D35A9FA03-1-677x1024.jpeg 677w, https:\/\/cubswp.com\/azucarbrand\/wp-content\/uploads\/2025\/05\/original-DEA567D6-5918-4792-9E00-E58D35A9FA03-1-198x300.jpeg 198w, https:\/\/cubswp.com\/azucarbrand\/wp-content\/uploads\/2025\/05\/original-DEA567D6-5918-4792-9E00-E58D35A9FA03-1-768x1162.jpeg 768w, https:\/\/cubswp.com\/azucarbrand\/wp-content\/uploads\/2025\/05\/original-DEA567D6-5918-4792-9E00-E58D35A9FA03-1-1015x1536.jpeg 1015w, https:\/\/cubswp.com\/azucarbrand\/wp-content\/uploads\/2025\/05\/original-DEA567D6-5918-4792-9E00-E58D35A9FA03-1.jpeg 1115w\" sizes=\"auto, (max-width: 677px) 100vw, 677px\" \/><\/figure>\n<\/div>\n\n\n\n<div class=\"wp-block-uagb-container uagb-block-ed4f4bea\">\n<div class=\"wp-block-uagb-advanced-heading uagb-block-e0b9ce57\"><h3 class=\"uagb-heading-text\">Accede a nuestro cat\u00e1logo de las joyas m\u00e1s dulces<\/h3><\/div>\n\n\n\n<div class=\"wp-block-uagb-advanced-heading uagb-block-5b6f0c0f\"><h3 class=\"uagb-heading-text\">Dale un toque de sol a tu estilo con piezas dise\u00f1adas para capturar la esencia del verano. Descubre joyas ligeras, coloridas y llenas de vida, perfectas para acompa\u00f1arte en cada aventura, desde la playa hasta una cena al atardecer.<br>Cada dise\u00f1o est\u00e1 inspirado en la naturaleza, el mar y los colores vibrantes de la temporada.<br><strong>Este verano, que tu brillo sea natural.<\/strong><\/h3><\/div>\n\n\n\n<div class=\"wp-block-uagb-buttons uagb-buttons__outer-wrap uagb-btn__default-btn uagb-btn-tablet__default-btn uagb-btn-mobile__default-btn uagb-block-8fb4393c\"><div class=\"uagb-buttons__wrap uagb-buttons-layout-wrap \">\n<div class=\"wp-block-uagb-buttons-child uagb-buttons__outer-wrap uagb-block-ba28aeaf wp-block-button\"><div class=\"uagb-button__wrapper\"><a class=\"uagb-buttons-repeater wp-block-button__link\" aria-label=\"\" href=\"#https:\/\/cubswp.com\/azucarbrand\/index.php\/catalogo\/\" rel=\"follow noopener\" target=\"_self\" role=\"button\"><div class=\"uagb-button__link\">Click Here<\/div><span class=\"uagb-button__icon uagb-button__icon-position-after\"><svg xmlns=\"https:\/\/www.w3.org\/2000\/svg\" viewBox=\"0 0 448 512\" aria-hidden=\"true\" focussable=\"false\"><path d=\"M438.6 278.6l-160 160C272.4 444.9 264.2 448 256 448s-16.38-3.125-22.62-9.375c-12.5-12.5-12.5-32.75 0-45.25L338.8 288H32C14.33 288 .0016 273.7 .0016 256S14.33 224 32 224h306.8l-105.4-105.4c-12.5-12.5-12.5-32.75 0-45.25s32.75-12.5 45.25 0l160 160C451.1 245.9 451.1 266.1 438.6 278.6z\"><\/path><\/svg><\/span><\/a><\/div><\/div>\n<\/div><\/div>\n<\/div>\n\n\n\n<div class=\"wp-block-uagb-container uagb-block-0f51eb78\">\n<figure class=\"wp-block-image size-large\"><img loading=\"lazy\" decoding=\"async\" width=\"700\" height=\"1024\" src=\"https:\/\/cubswp.com\/azucarbrand\/wp-content\/uploads\/2025\/05\/original-57E26E2C-3E56-44C6-9CCB-634259B8E99B-700x1024.jpeg\" alt=\"\" class=\"wp-image-108\" srcset=\"https:\/\/cubswp.com\/azucarbrand\/wp-content\/uploads\/2025\/05\/original-57E26E2C-3E56-44C6-9CCB-634259B8E99B-700x1024.jpeg 700w, https:\/\/cubswp.com\/azucarbrand\/wp-content\/uploads\/2025\/05\/original-57E26E2C-3E56-44C6-9CCB-634259B8E99B-205x300.jpeg 205w, https:\/\/cubswp.com\/azucarbrand\/wp-content\/uploads\/2025\/05\/original-57E26E2C-3E56-44C6-9CCB-634259B8E99B-768x1123.jpeg 768w, https:\/\/cubswp.com\/azucarbrand\/wp-content\/uploads\/2025\/05\/original-57E26E2C-3E56-44C6-9CCB-634259B8E99B-1051x1536.jpeg 1051w, https:\/\/cubswp.com\/azucarbrand\/wp-content\/uploads\/2025\/05\/original-57E26E2C-3E56-44C6-9CCB-634259B8E99B.jpeg 1104w\" sizes=\"auto, (max-width: 700px) 100vw, 700px\" \/><\/figure>\n<\/div>\n<\/div><\/div>\n\n\n\n<div class=\"wp-block-uagb-container uagb-block-6a596604 alignfull uagb-is-root-container\"><div class=\"uagb-container-inner-blocks-wrap\">\n<div class=\"wp-block-uagb-advanced-heading uagb-block-d5b69375\"><h3 class=\"uagb-heading-text\">Nuestra colecci\u00f3n<\/h3><\/div>\n\n\n\n<div class=\"wp-block-uagb-container uagb-block-b478417c\">\n<figure class=\"wp-block-image size-large\"><img loading=\"lazy\" decoding=\"async\" width=\"576\" height=\"1024\" src=\"https:\/\/cubswp.com\/azucarbrand\/wp-content\/uploads\/2025\/05\/IMG_9839-1-576x1024.jpeg\" alt=\"\" class=\"wp-image-123\" style=\"aspect-ratio:1;object-fit:cover\" srcset=\"https:\/\/cubswp.com\/azucarbrand\/wp-content\/uploads\/2025\/05\/IMG_9839-1-576x1024.jpeg 576w, https:\/\/cubswp.com\/azucarbrand\/wp-content\/uploads\/2025\/05\/IMG_9839-1-169x300.jpeg 169w, https:\/\/cubswp.com\/azucarbrand\/wp-content\/uploads\/2025\/05\/IMG_9839-1.jpeg 675w\" sizes=\"auto, (max-width: 576px) 100vw, 576px\" \/><\/figure>\n\n\n\n<div class=\"wp-block-uagb-buttons uagb-buttons__outer-wrap uagb-btn__default-btn uagb-btn-tablet__default-btn uagb-btn-mobile__default-btn uagb-block-e8cc9aae\"><div class=\"uagb-buttons__wrap uagb-buttons-layout-wrap \">\n<div class=\"wp-block-uagb-buttons-child uagb-buttons__outer-wrap uagb-block-8b58d31c wp-block-button\"><div class=\"uagb-button__wrapper\"><a class=\"uagb-buttons-repeater wp-block-button__link\" aria-label=\"\" href=\"#\" rel=\"follow noopener\" target=\"_self\" role=\"button\"><div class=\"uagb-button__link\">Novedades<\/div><span class=\"uagb-button__icon uagb-button__icon-position-after\"><svg xmlns=\"https:\/\/www.w3.org\/2000\/svg\" viewBox=\"0 0 448 512\" aria-hidden=\"true\" focussable=\"false\"><path d=\"M438.6 278.6l-160 160C272.4 444.9 264.2 448 256 448s-16.38-3.125-22.62-9.375c-12.5-12.5-12.5-32.75 0-45.25L338.8 288H32C14.33 288 .0016 273.7 .0016 256S14.33 224 32 224h306.8l-105.4-105.4c-12.5-12.5-12.5-32.75 0-45.25s32.75-12.5 45.25 0l160 160C451.1 245.9 451.1 266.1 438.6 278.6z\"><\/path><\/svg><\/span><\/a><\/div><\/div>\n<\/div><\/div>\n<\/div>\n\n\n\n<div class=\"wp-block-uagb-container uagb-block-9ca103f6\">\n<figure class=\"wp-block-image size-large\"><img loading=\"lazy\" decoding=\"async\" width=\"683\" height=\"1024\" src=\"https:\/\/cubswp.com\/azucarbrand\/wp-content\/uploads\/2025\/05\/IMG_9840-683x1024.jpeg\" alt=\"\" class=\"wp-image-124\" style=\"aspect-ratio:1;object-fit:cover\" srcset=\"https:\/\/cubswp.com\/azucarbrand\/wp-content\/uploads\/2025\/05\/IMG_9840-683x1024.jpeg 683w, https:\/\/cubswp.com\/azucarbrand\/wp-content\/uploads\/2025\/05\/IMG_9840-200x300.jpeg 200w, https:\/\/cubswp.com\/azucarbrand\/wp-content\/uploads\/2025\/05\/IMG_9840.jpeg 736w\" sizes=\"auto, (max-width: 683px) 100vw, 683px\" \/><\/figure>\n\n\n\n<div class=\"wp-block-uagb-buttons uagb-buttons__outer-wrap uagb-btn__default-btn uagb-btn-tablet__default-btn uagb-btn-mobile__default-btn uagb-block-def3a5f3\"><div class=\"uagb-buttons__wrap uagb-buttons-layout-wrap \">\n<div class=\"wp-block-uagb-buttons-child uagb-buttons__outer-wrap uagb-block-8b39a99a wp-block-button\"><div class=\"uagb-button__wrapper\"><a class=\"uagb-buttons-repeater wp-block-button__link\" aria-label=\"\" href=\"#\" rel=\"follow noopener\" target=\"_self\" role=\"button\"><div class=\"uagb-button__link\">Anillos<\/div><span class=\"uagb-button__icon uagb-button__icon-position-after\"><svg xmlns=\"https:\/\/www.w3.org\/2000\/svg\" viewBox=\"0 0 448 512\" aria-hidden=\"true\" focussable=\"false\"><path d=\"M438.6 278.6l-160 160C272.4 444.9 264.2 448 256 448s-16.38-3.125-22.62-9.375c-12.5-12.5-12.5-32.75 0-45.25L338.8 288H32C14.33 288 .0016 273.7 .0016 256S14.33 224 32 224h306.8l-105.4-105.4c-12.5-12.5-12.5-32.75 0-45.25s32.75-12.5 45.25 0l160 160C451.1 245.9 451.1 266.1 438.6 278.6z\"><\/path><\/svg><\/span><\/a><\/div><\/div>\n<\/div><\/div>\n<\/div>\n\n\n\n<div class=\"wp-block-uagb-container uagb-block-0fd9b722\">\n<figure class=\"wp-block-image size-large\"><img loading=\"lazy\" decoding=\"async\" width=\"709\" height=\"1024\" src=\"https:\/\/cubswp.com\/azucarbrand\/wp-content\/uploads\/2025\/05\/IMG_9841-709x1024.jpeg\" alt=\"\" class=\"wp-image-125\" style=\"aspect-ratio:1;object-fit:cover\" srcset=\"https:\/\/cubswp.com\/azucarbrand\/wp-content\/uploads\/2025\/05\/IMG_9841-709x1024.jpeg 709w, https:\/\/cubswp.com\/azucarbrand\/wp-content\/uploads\/2025\/05\/IMG_9841-208x300.jpeg 208w, https:\/\/cubswp.com\/azucarbrand\/wp-content\/uploads\/2025\/05\/IMG_9841.jpeg 735w\" sizes=\"auto, (max-width: 709px) 100vw, 709px\" \/><\/figure>\n\n\n\n<div class=\"wp-block-uagb-buttons uagb-buttons__outer-wrap uagb-btn__default-btn uagb-btn-tablet__default-btn uagb-btn-mobile__default-btn uagb-block-ae69532d\"><div class=\"uagb-buttons__wrap uagb-buttons-layout-wrap \">\n<div class=\"wp-block-uagb-buttons-child uagb-buttons__outer-wrap uagb-block-b85e8426 wp-block-button\"><div class=\"uagb-button__wrapper\"><a class=\"uagb-buttons-repeater wp-block-button__link\" aria-label=\"\" href=\"#\" rel=\"follow noopener\" target=\"_self\" role=\"button\"><div class=\"uagb-button__link\">Collares<\/div><span class=\"uagb-button__icon uagb-button__icon-position-after\"><svg xmlns=\"https:\/\/www.w3.org\/2000\/svg\" viewBox=\"0 0 448 512\" aria-hidden=\"true\" focussable=\"false\"><path d=\"M438.6 278.6l-160 160C272.4 444.9 264.2 448 256 448s-16.38-3.125-22.62-9.375c-12.5-12.5-12.5-32.75 0-45.25L338.8 288H32C14.33 288 .0016 273.7 .0016 256S14.33 224 32 224h306.8l-105.4-105.4c-12.5-12.5-12.5-32.75 0-45.25s32.75-12.5 45.25 0l160 160C451.1 245.9 451.1 266.1 438.6 278.6z\"><\/path><\/svg><\/span><\/a><\/div><\/div>\n<\/div><\/div>\n<\/div>\n\n\n\n<div class=\"wp-block-uagb-container uagb-block-cf64cb6a\">\n<figure class=\"wp-block-image size-full\"><img loading=\"lazy\" decoding=\"async\" width=\"736\" height=\"736\" src=\"https:\/\/cubswp.com\/azucarbrand\/wp-content\/uploads\/2025\/05\/IMG_9843-1.jpeg\" alt=\"\" class=\"wp-image-128\" srcset=\"https:\/\/cubswp.com\/azucarbrand\/wp-content\/uploads\/2025\/05\/IMG_9843-1.jpeg 736w, https:\/\/cubswp.com\/azucarbrand\/wp-content\/uploads\/2025\/05\/IMG_9843-1-300x300.jpeg 300w, https:\/\/cubswp.com\/azucarbrand\/wp-content\/uploads\/2025\/05\/IMG_9843-1-150x150.jpeg 150w\" sizes=\"auto, (max-width: 736px) 100vw, 736px\" \/><\/figure>\n\n\n\n<div class=\"wp-block-uagb-buttons uagb-buttons__outer-wrap uagb-btn__default-btn uagb-btn-tablet__default-btn uagb-btn-mobile__default-btn uagb-block-c2d0a4a0\"><div class=\"uagb-buttons__wrap uagb-buttons-layout-wrap \">\n<div class=\"wp-block-uagb-buttons-child uagb-buttons__outer-wrap uagb-block-95927e77 wp-block-button\"><div class=\"uagb-button__wrapper\"><a class=\"uagb-buttons-repeater wp-block-button__link\" aria-label=\"\" href=\"#\" rel=\"follow noopener\" target=\"_self\" role=\"button\"><div class=\"uagb-button__link\">Pendientes<\/div><span class=\"uagb-button__icon uagb-button__icon-position-after\"><svg xmlns=\"https:\/\/www.w3.org\/2000\/svg\" viewBox=\"0 0 448 512\" aria-hidden=\"true\" focussable=\"false\"><path d=\"M438.6 278.6l-160 160C272.4 444.9 264.2 448 256 448s-16.38-3.125-22.62-9.375c-12.5-12.5-12.5-32.75 0-45.25L338.8 288H32C14.33 288 .0016 273.7 .0016 256S14.33 224 32 224h306.8l-105.4-105.4c-12.5-12.5-12.5-32.75 0-45.25s32.75-12.5 45.25 0l160 160C451.1 245.9 451.1 266.1 438.6 278.6z\"><\/path><\/svg><\/span><\/a><\/div><\/div>\n<\/div><\/div>\n<\/div>\n\n\n\n<div class=\"wp-block-uagb-container uagb-block-990c2ca2\">\n<figure class=\"wp-block-image size-full\"><img loading=\"lazy\" decoding=\"async\" width=\"736\" height=\"736\" src=\"https:\/\/cubswp.com\/azucarbrand\/wp-content\/uploads\/2025\/05\/IMG_9842.jpeg\" alt=\"\" class=\"wp-image-127\" srcset=\"https:\/\/cubswp.com\/azucarbrand\/wp-content\/uploads\/2025\/05\/IMG_9842.jpeg 736w, https:\/\/cubswp.com\/azucarbrand\/wp-content\/uploads\/2025\/05\/IMG_9842-300x300.jpeg 300w, https:\/\/cubswp.com\/azucarbrand\/wp-content\/uploads\/2025\/05\/IMG_9842-150x150.jpeg 150w\" sizes=\"auto, (max-width: 736px) 100vw, 736px\" \/><\/figure>\n\n\n\n<div class=\"wp-block-uagb-buttons uagb-buttons__outer-wrap uagb-btn__-btn uagb-btn-tablet__-btn uagb-btn-mobile__-btn uagb-block-eea126c8\"><div class=\"uagb-buttons__wrap uagb-buttons-layout-wrap \">\n<div class=\"wp-block-uagb-buttons-child uagb-buttons__outer-wrap uagb-block-14ba2f71 wp-block-button\"><div class=\"uagb-button__wrapper\"><a class=\"uagb-buttons-repeater wp-block-button__link\" aria-label=\"\" href=\"#\" rel=\"follow noopener\" target=\"_self\" role=\"button\"><div class=\"uagb-button__link\">Pulseras<\/div><span class=\"uagb-button__icon uagb-button__icon-position-after\"><svg xmlns=\"https:\/\/www.w3.org\/2000\/svg\" viewBox=\"0 0 448 512\" aria-hidden=\"true\" focussable=\"false\"><path d=\"M438.6 278.6l-160 160C272.4 444.9 264.2 448 256 448s-16.38-3.125-22.62-9.375c-12.5-12.5-12.5-32.75 0-45.25L338.8 288H32C14.33 288 .0016 273.7 .0016 256S14.33 224 32 224h306.8l-105.4-105.4c-12.5-12.5-12.5-32.75 0-45.25s32.75-12.5 45.25 0l160 160C451.1 245.9 451.1 266.1 438.6 278.6z\"><\/path><\/svg><\/span><\/a><\/div><\/div>\n<\/div><\/div>\n<\/div>\n<\/div><\/div>\n\n\n\n<div class=\"wp-block-uagb-container uagb-block-d47c2fd0 alignfull uagb-is-root-container\"><div class=\"uagb-container-inner-blocks-wrap\">\n<div class=\"wp-block-uagb-container uagb-block-857a86c7\">\n<div class=\"wp-block-uagb-image aligncenter uagb-block-66adb252 wp-block-uagb-image--layout-default wp-block-uagb-image--effect-static wp-block-uagb-image--align-center\"><figure class=\"wp-block-uagb-image__figure\"><img decoding=\"async\" srcset=\"https:\/\/cubswp.com\/azucarbrand\/wp-content\/uploads\/2025\/05\/local-1.jpg ,https:\/\/cubswp.com\/azucarbrand\/wp-content\/uploads\/2025\/05\/local-1.jpg 780w, https:\/\/cubswp.com\/azucarbrand\/wp-content\/uploads\/2025\/05\/local-1.jpg 360w\" sizes=\"auto, (max-width: 480px) 150px\" src=\"https:\/\/cubswp.com\/azucarbrand\/wp-content\/uploads\/2025\/05\/local-1.jpg\" alt=\"\" class=\"uag-image-150\" width=\"1400\" height=\"934\" title=\"local azucarbrand\" loading=\"lazy\" role=\"img\"\/><\/figure><\/div>\n<\/div>\n\n\n\n<div class=\"wp-block-uagb-container uagb-block-411ec969\">\n<div class=\"wp-block-uagb-advanced-heading uagb-block-e32b31e6\"><h2 class=\"uagb-heading-text\">Tiendas AZUCARBRAND<\/h2><\/div>\n\n\n\n<div class=\"wp-block-uagb-advanced-heading uagb-block-9228a9b4\"><h3 class=\"uagb-heading-text\">Encuentra las joyas m\u00e1s dulces para ti o para regalar.<\/h3><\/div>\n\n\n\n<div class=\"wp-block-uagb-buttons uagb-buttons__outer-wrap uagb-btn__default-btn uagb-btn-tablet__default-btn uagb-btn-mobile__default-btn uagb-block-f6b43ac8\"><div class=\"uagb-buttons__wrap uagb-buttons-layout-wrap \">\n<div class=\"wp-block-uagb-buttons-child uagb-buttons__outer-wrap uagb-block-0a837f48 wp-block-button\"><div class=\"uagb-button__wrapper\"><a class=\"uagb-buttons-repeater wp-block-button__link\" aria-label=\"\" href=\"#\" rel=\"follow noopener\" target=\"_self\" role=\"button\"><div class=\"uagb-button__link\">Ver tiendas<\/div><span class=\"uagb-button__icon uagb-button__icon-position-after\"><svg xmlns=\"https:\/\/www.w3.org\/2000\/svg\" viewBox=\"0 0 448 512\" aria-hidden=\"true\" focussable=\"false\"><path d=\"M438.6 278.6l-160 160C272.4 444.9 264.2 448 256 448s-16.38-3.125-22.62-9.375c-12.5-12.5-12.5-32.75 0-45.25L338.8 288H32C14.33 288 .0016 273.7 .0016 256S14.33 224 32 224h306.8l-105.4-105.4c-12.5-12.5-12.5-32.75 0-45.25s32.75-12.5 45.25 0l160 160C451.1 245.9 451.1 266.1 438.6 278.6z\"><\/path><\/svg><\/span><\/a><\/div><\/div>\n<\/div><\/div>\n<\/div>\n<\/div><\/div>\n\n\n\n<div class=\"wp-block-uagb-advanced-heading uagb-block-04d26c3f\"><h3 class=\"uagb-heading-text\">Jewelry Tour<\/h3><\/div>\n\n\n\n<div class=\"wp-block-uagb-container uagb-block-96e241b9 alignfull uagb-is-root-container\"><div class=\"uagb-container-inner-blocks-wrap\">\n<figure class=\"wp-block-embed is-type-video is-provider-youtube wp-block-embed-youtube wp-embed-aspect-16-9 wp-has-aspect-ratio\"><div class=\"wp-block-embed__wrapper\">\n<iframe loading=\"lazy\" title=\"Jewelry tour: everyday jewelry &amp; favorite pieces\" width=\"500\" height=\"281\" src=\"https:\/\/www.youtube.com\/embed\/anhn4GuIR6I?feature=oembed\" frameborder=\"0\" allow=\"accelerometer; autoplay; clipboard-write; encrypted-media; gyroscope; picture-in-picture; web-share\" referrerpolicy=\"strict-origin-when-cross-origin\" allowfullscreen><\/iframe>\n<\/div><\/figure>\n<\/div><\/div>\n\n\n\n<p><\/p>\n","protected":false},"excerpt":{"rendered":"<p>AZUCARBRAND Accesorios y joyas Los accesorios que endulzar\u00e1n tu verano Accede a nuestro cat\u00e1logo de las joyas m\u00e1s dulces Dale [&hellip;]<\/p>\n","protected":false},"author":3,"featured_media":0,"parent":0,"menu_order":0,"comment_status":"closed","ping_status":"closed","template":"","meta":{"_uag_custom_page_level_css":"","site-sidebar-layout":"default","site-content-layout":"","ast-site-content-layout":"","site-content-style":"default","site-sidebar-style":"default","ast-global-header-display":"","ast-banner-title-visibility":"","ast-main-header-display":"","ast-hfb-above-header-display":"","ast-hfb-below-header-display":"","ast-hfb-mobile-header-display":"","site-post-title":"disabled","ast-breadcrumbs-content":"","ast-featured-img":"","footer-sml-layout":"","ast-disable-related-posts":"","theme-transparent-header-meta":"","adv-header-id-meta":"","stick-header-meta":"","header-above-stick-meta":"","header-main-stick-meta":"","header-below-stick-meta":"","astra-migrate-meta-layouts":"default","ast-page-background-enabled":"default","ast-page-background-meta":{"desktop":{"background-color":"var(--ast-global-color-5)","background-image":"","background-repeat":"repeat","background-position":"center center","background-size":"auto","background-attachment":"scroll","background-type":"","background-media":"","overlay-type":"","overlay-color":"","overlay-opacity":"","overlay-gradient":""},"tablet":{"background-color":"","background-image":"","background-repeat":"repeat","background-position":"center center","background-size":"auto","background-attachment":"scroll","background-type":"","background-media":"","overlay-type":"","overlay-color":"","overlay-opacity":"","overlay-gradient":""},"mobile":{"background-color":"","background-image":"","background-repeat":"repeat","background-position":"center center","background-size":"auto","background-attachment":"scroll","background-type":"","background-media":"","overlay-type":"","overlay-color":"","overlay-opacity":"","overlay-gradient":""}},"ast-content-background-meta":{"desktop":{"background-color":"var(--ast-global-color-4)","background-image":"","background-repeat":"repeat","background-position":"center center","background-size":"auto","background-attachment":"scroll","background-type":"","background-media":"","overlay-type":"","overlay-color":"","overlay-opacity":"","overlay-gradient":""},"tablet":{"background-color":"var(--ast-global-color-4)","background-image":"","background-repeat":"repeat","background-position":"center center","background-size":"auto","background-attachment":"scroll","background-type":"","background-media":"","overlay-type":"","overlay-color":"","overlay-opacity":"","overlay-gradient":""},"mobile":{"background-color":"var(--ast-global-color-4)","background-image":"","background-repeat":"repeat","background-position":"center center","background-size":"auto","background-attachment":"scroll","background-type":"","background-media":"","overlay-type":"","overlay-color":"","overlay-opacity":"","overlay-gradient":""}},"footnotes":""},"class_list":["post-90","page","type-page","status-publish","hentry"],"uagb_featured_image_src":{"full":false,"thumbnail":false,"medium":false,"medium_large":false,"large":false,"1536x1536":false,"2048x2048":false},"uagb_author_info":{"display_name":"Iraia De Asumendi","author_link":"https:\/\/cubswp.com\/azucarbrand\/index.php\/author\/iraiadeasu_\/"},"uagb_comment_info":0,"uagb_excerpt":"AZUCARBRAND Accesorios y joyas Los accesorios que endulzar\u00e1n tu verano Accede a nuestro cat\u00e1logo de las joyas m\u00e1s dulces Dale [&hellip;]","_links":{"self":[{"href":"https:\/\/cubswp.com\/azucarbrand\/index.php\/wp-json\/wp\/v2\/pages\/90","targetHints":{"allow":["GET"]}}],"collection":[{"href":"https:\/\/cubswp.com\/azucarbrand\/index.php\/wp-json\/wp\/v2\/pages"}],"about":[{"href":"https:\/\/cubswp.com\/azucarbrand\/index.php\/wp-json\/wp\/v2\/types\/page"}],"author":[{"embeddable":true,"href":"https:\/\/cubswp.com\/azucarbrand\/index.php\/wp-json\/wp\/v2\/users\/3"}],"replies":[{"embeddable":true,"href":"https:\/\/cubswp.com\/azucarbrand\/index.php\/wp-json\/wp\/v2\/comments?post=90"}],"version-history":[{"count":12,"href":"https:\/\/cubswp.com\/azucarbrand\/index.php\/wp-json\/wp\/v2\/pages\/90\/revisions"}],"predecessor-version":[{"id":154,"href":"https:\/\/cubswp.com\/azucarbrand\/index.php\/wp-json\/wp\/v2\/pages\/90\/revisions\/154"}],"wp:attachment":[{"href":"https:\/\/cubswp.com\/azucarbrand\/index.php\/wp-json\/wp\/v2\/media?parent=90"}],"curies":[{"name":"wp","href":"https:\/\/api.w.org\/{rel}","templated":true}]}}