{"id":127,"date":"2025-06-01T17:24:59","date_gmt":"2025-06-01T17:24:59","guid":{"rendered":"https:\/\/cubswp.com\/brumafest\/?page_id=127"},"modified":"2025-06-01T22:28:24","modified_gmt":"2025-06-01T22:28:24","slug":"quienes-somos","status":"publish","type":"page","link":"https:\/\/cubswp.com\/brumafest\/index.php\/quienes-somos\/","title":{"rendered":"\u00bfQui\u00e9nes somos?"},"content":{"rendered":"\n<div style=\"height:26px\" aria-hidden=\"true\" class=\"wp-block-spacer\"><\/div>\n\n\n\n<div data-aos= \"zoom-in\" data-aos-duration=\"400\" data-aos-delay=\"0\" data-aos-easing=\"ease\" data-aos-once=\"true\" class=\"wp-block-uagb-advanced-heading uagb-block-089ac08b\"><h2 class=\"uagb-heading-text\"><strong>+25.000 entradas vendidas en la \u00faltima edici\u00f3n<\/strong><\/h2><\/div>\n\n\n\n<div data-aos= \"zoom-in\" data-aos-duration=\"400\" data-aos-delay=\"0\" data-aos-easing=\"ease\" data-aos-once=\"true\" class=\"wp-block-uagb-advanced-heading uagb-block-de291fa1\"><h2 class=\"uagb-heading-text\"><strong>Sold out desde 2022<\/strong><\/h2><\/div>\n\n\n\n<div data-aos= \"zoom-in\" data-aos-duration=\"400\" data-aos-delay=\"0\" data-aos-easing=\"ease\" data-aos-once=\"true\" class=\"wp-block-uagb-advanced-heading uagb-block-7a32e576\"><h2 class=\"uagb-heading-text\"><strong>+100 artistas que lo dan todo en el escenario&nbsp;<\/strong><\/h2><\/div>\n\n\n\n<div data-aos= \"zoom-in\" data-aos-duration=\"400\" data-aos-delay=\"0\" data-aos-easing=\"ease\" data-aos-once=\"true\" class=\"wp-block-uagb-advanced-heading uagb-block-75862f21\"><h2 class=\"uagb-heading-text\"><strong>+5 escenarios tematizados<\/strong><\/h2><\/div>\n\n\n\n<div style=\"height:50px\" aria-hidden=\"true\" class=\"wp-block-spacer\"><\/div>\n\n\n\n<div class=\"wp-block-uagb-image aligncenter uagb-block-0cfef91b wp-block-uagb-image--layout-default wp-block-uagb-image--effect-zoomin wp-block-uagb-image--align-center\"><figure class=\"wp-block-uagb-image__figure\"><img decoding=\"async\" srcset=\"https:\/\/cubswp.com\/brumafest\/wp-content\/uploads\/2025\/06\/pexels-photo-1540338-1540338-1024x683.jpg ,https:\/\/cubswp.com\/brumafest\/wp-content\/uploads\/2025\/06\/pexels-photo-1540338-1540338-scaled.jpg 780w, https:\/\/cubswp.com\/brumafest\/wp-content\/uploads\/2025\/06\/pexels-photo-1540338-1540338-scaled.jpg 360w\" sizes=\"auto, (max-width: 480px) 150px\" src=\"https:\/\/cubswp.com\/brumafest\/wp-content\/uploads\/2025\/06\/pexels-photo-1540338-1540338-1024x683.jpg\" alt=\"Energetic crowd enjoying an outdoor festival with music and dancing. Perfect for lifestyle and event themes.\" class=\"uag-image-179\" width=\"1024\" height=\"683\" title=\"pexels-photo-1540338-1540338\" loading=\"lazy\" role=\"img\"\/><\/figure><\/div>\n\n\n\n<div style=\"height:50px\" aria-hidden=\"true\" class=\"wp-block-spacer\"><\/div>\n\n\n\n<div class=\"wp-block-uagb-advanced-heading uagb-block-45f3373c\"><h2 class=\"uagb-heading-text\">\u00bfQUI\u00c9NES SOMOS?<\/h2><\/div>\n\n\n\n<div style=\"height:23px\" aria-hidden=\"true\" class=\"wp-block-spacer\"><\/div>\n\n\n\n<p class=\"has-text-align-center has-text-color has-link-color wp-elements-071e3381af6549b05c90645fdef3fb42\" style=\"border-style:none;border-width:0px;border-radius:0px;color:#5b181a;padding-top:var(--wp--preset--spacing--20);padding-right:var(--wp--preset--spacing--80);padding-bottom:var(--wp--preset--spacing--20);padding-left:var(--wp--preset--spacing--80);font-size:16px\"><strong>BrumaFest es m\u00e1s que un festival: es un punto de encuentro para quienes viven la m\u00fasica y el arte al m\u00e1ximo. Somos un equipo de so\u00f1adores que quiere crear experiencias \u00fanicas y hacerte vibrar cada a\u00f1o.<\/strong><\/p>\n\n\n\n<div class=\"wp-block-uagb-advanced-heading uagb-block-8344d183\"><h2 class=\"uagb-heading-text\">MISI\u00d3N<\/h2><\/div>\n\n\n\n<div style=\"height:23px\" aria-hidden=\"true\" class=\"wp-block-spacer\"><\/div>\n\n\n\n<p class=\"has-text-align-center has-text-color has-link-color wp-elements-17088321b8c731fc66cc983e09168df7\" style=\"color:#5b181a;padding-top:var(--wp--preset--spacing--20);padding-right:var(--wp--preset--spacing--80);padding-bottom:var(--wp--preset--spacing--20);padding-left:var(--wp--preset--spacing--80)\"><strong>Crear experiencias que se sientan \u00fanicas, donde la m\u00fasica y el arte conecten personas y dejen recuerdos \u00e9picos.<\/strong><\/p>\n\n\n\n<div class=\"wp-block-uagb-advanced-heading uagb-block-c6da9bce\"><h2 class=\"uagb-heading-text\">VISI\u00d3N<\/h2><\/div>\n\n\n\n<div style=\"height:23px\" aria-hidden=\"true\" class=\"wp-block-spacer\"><\/div>\n\n\n\n<p class=\"has-text-align-center has-text-color has-link-color wp-elements-3157db8f67db0ba0883e43cdedc1439d\" style=\"color:#5b181a;padding-top:var(--wp--preset--spacing--20);padding-right:var(--wp--preset--spacing--80);padding-bottom:var(--wp--preset--spacing--20);padding-left:var(--wp--preset--spacing--80)\"><strong>Ser el festival que todos esperan cada a\u00f1o. Donde descubres artistas, haces nuevos amigos y te sientes parte de algo grande.<\/strong><\/p>\n\n\n\n<div class=\"wp-block-uagb-advanced-heading uagb-block-ebdb2e48\"><h2 class=\"uagb-heading-text\">VALORES<\/h2><\/div>\n\n\n\n<div class=\"wp-block-uagb-icon-list uagb-block-fb58a42f\"><div class=\"uagb-icon-list__wrap\">\n<div class=\"wp-block-uagb-icon-list-child uagb-block-9e07532d\"><span class=\"uagb-icon-list__label\"><strong>Buen rollo<\/strong><\/span><\/div>\n\n\n\n<div class=\"wp-block-uagb-icon-list-child uagb-block-7cd36b7f\"><span class=\"uagb-icon-list__label\"><strong>Diversidad<\/strong><\/span><\/div>\n\n\n\n<div class=\"wp-block-uagb-icon-list-child uagb-block-626159e2\"><span class=\"uagb-icon-list__label\"><strong>Sostenibilidad<\/strong><\/span><\/div>\n\n\n\n<div class=\"wp-block-uagb-icon-list-child uagb-block-cfd259f1\"><span class=\"uagb-icon-list__label\"><strong>Libertad<\/strong> <strong>creativa<\/strong><\/span><\/div>\n\n\n\n<div class=\"wp-block-uagb-icon-list-child uagb-block-a13d3407\"><span class=\"uagb-icon-list__label\"><strong>Comunidad real<\/strong><\/span><\/div>\n<\/div><\/div>\n\n\n\n<p class=\"has-ast-global-color-0-color has-text-color has-link-color wp-elements-4b9a68036fd8c517377b3b27ad962228\"><em>\u00a9 2025 BRUMAFEST. Todos los derechos reservados.<\/em><\/p>\n\n\n\n<p><\/p>\n","protected":false},"excerpt":{"rendered":"<p>+25.000 entradas vendidas en la \u00faltima edici\u00f3n Sold out desde 2022 +100 artistas que lo dan todo en el escenario&nbsp; [&hellip;]<\/p>\n","protected":false},"author":3,"featured_media":0,"parent":0,"menu_order":0,"comment_status":"closed","ping_status":"closed","template":"","meta":{"_uag_custom_page_level_css":"","site-sidebar-layout":"default","site-content-layout":"","ast-site-content-layout":"","site-content-style":"default","site-sidebar-style":"default","ast-global-header-display":"","ast-banner-title-visibility":"","ast-main-header-display":"","ast-hfb-above-header-display":"","ast-hfb-below-header-display":"","ast-hfb-mobile-header-display":"","site-post-title":"disabled","ast-breadcrumbs-content":"","ast-featured-img":"","footer-sml-layout":"","ast-disable-related-posts":"","theme-transparent-header-meta":"","adv-header-id-meta":"","stick-header-meta":"","header-above-stick-meta":"","header-main-stick-meta":"","header-below-stick-meta":"","astra-migrate-meta-layouts":"default","ast-page-background-enabled":"default","ast-page-background-meta":{"desktop":{"background-color":"var(--ast-global-color-5)","background-image":"","background-repeat":"repeat","background-position":"center center","background-size":"auto","background-attachment":"scroll","background-type":"","background-media":"","overlay-type":"","overlay-color":"","overlay-opacity":"","overlay-gradient":""},"tablet":{"background-color":"","background-image":"","background-repeat":"repeat","background-position":"center center","background-size":"auto","background-attachment":"scroll","background-type":"","background-media":"","overlay-type":"","overlay-color":"","overlay-opacity":"","overlay-gradient":""},"mobile":{"background-color":"","background-image":"","background-repeat":"repeat","background-position":"center center","background-size":"auto","background-attachment":"scroll","background-type":"","background-media":"","overlay-type":"","overlay-color":"","overlay-opacity":"","overlay-gradient":""}},"ast-content-background-meta":{"desktop":{"background-color":"var(--ast-global-color-4)","background-image":"","background-repeat":"repeat","background-position":"center center","background-size":"auto","background-attachment":"scroll","background-type":"","background-media":"","overlay-type":"","overlay-color":"","overlay-opacity":"","overlay-gradient":""},"tablet":{"background-color":"var(--ast-global-color-4)","background-image":"","background-repeat":"repeat","background-position":"center center","background-size":"auto","background-attachment":"scroll","background-type":"","background-media":"","overlay-type":"","overlay-color":"","overlay-opacity":"","overlay-gradient":""},"mobile":{"background-color":"var(--ast-global-color-4)","background-image":"","background-repeat":"repeat","background-position":"center center","background-size":"auto","background-attachment":"scroll","background-type":"","background-media":"","overlay-type":"","overlay-color":"","overlay-opacity":"","overlay-gradient":""}},"footnotes":""},"class_list":["post-127","page","type-page","status-publish","hentry"],"uagb_featured_image_src":{"full":false,"thumbnail":false,"medium":false,"medium_large":false,"large":false,"1536x1536":false,"2048x2048":false},"uagb_author_info":{"display_name":"Ane Murga Penas","author_link":"https:\/\/cubswp.com\/brumafest\/index.php\/author\/ane_murga\/"},"uagb_comment_info":0,"uagb_excerpt":"+25.000 entradas vendidas en la \u00faltima edici\u00f3n Sold out desde 2022 +100 artistas que lo dan todo en el escenario&nbsp; [&hellip;]","_links":{"self":[{"href":"https:\/\/cubswp.com\/brumafest\/index.php\/wp-json\/wp\/v2\/pages\/127","targetHints":{"allow":["GET"]}}],"collection":[{"href":"https:\/\/cubswp.com\/brumafest\/index.php\/wp-json\/wp\/v2\/pages"}],"about":[{"href":"https:\/\/cubswp.com\/brumafest\/index.php\/wp-json\/wp\/v2\/types\/page"}],"author":[{"embeddable":true,"href":"https:\/\/cubswp.com\/brumafest\/index.php\/wp-json\/wp\/v2\/users\/3"}],"replies":[{"embeddable":true,"href":"https:\/\/cubswp.com\/brumafest\/index.php\/wp-json\/wp\/v2\/comments?post=127"}],"version-history":[{"count":13,"href":"https:\/\/cubswp.com\/brumafest\/index.php\/wp-json\/wp\/v2\/pages\/127\/revisions"}],"predecessor-version":[{"id":226,"href":"https:\/\/cubswp.com\/brumafest\/index.php\/wp-json\/wp\/v2\/pages\/127\/revisions\/226"}],"wp:attachment":[{"href":"https:\/\/cubswp.com\/brumafest\/index.php\/wp-json\/wp\/v2\/media?parent=127"}],"curies":[{"name":"wp","href":"https:\/\/api.w.org\/{rel}","templated":true}]}}