{"id":98,"date":"2025-05-30T15:33:57","date_gmt":"2025-05-30T15:33:57","guid":{"rendered":"https:\/\/cubswp.com\/brumafest\/?page_id=98"},"modified":"2025-06-01T22:03:41","modified_gmt":"2025-06-01T22:03:41","slug":"venta-de-entradas","status":"publish","type":"page","link":"https:\/\/cubswp.com\/brumafest\/index.php\/venta-de-entradas\/","title":{"rendered":"Venta de entradas"},"content":{"rendered":"\n<div class=\"wp-block-uagb-container uagb-layout-grid uagb-block-06a1fea7 alignfull uagb-is-root-container\"><div class=\"uagb-container-inner-blocks-wrap\">\n<div data-aos= \"fade-down\" data-aos-duration=\"400\" data-aos-delay=\"0\" data-aos-easing=\"ease\" data-aos-once=\"true\" class=\"wp-block-uagb-advanced-heading uagb-block-a17e1f6b\"><h2 class=\"uagb-heading-text\">CONSIGUE AQU\u00cd TUS ENTRADAS<\/h2><\/div>\n\n\n\n<div data-aos= \"fade-down\" data-aos-duration=\"400\" data-aos-delay=\"0\" data-aos-easing=\"ease\" data-aos-once=\"true\" class=\"wp-block-uagb-advanced-heading uagb-block-d1292bc8\"><h4 class=\"uagb-heading-text\">\u00a1No te quedes sin la tuya!<\/h4><\/div>\n<\/div><\/div>\n\n\n\n<div style=\"height:100px\" aria-hidden=\"true\" class=\"wp-block-spacer\"><\/div>\n\n\n\n<div data-aos= \"zoom-in\" data-aos-duration=\"400\" data-aos-delay=\"0\" data-aos-easing=\"ease\" data-aos-once=\"true\" class=\"wp-block-uagb-container uagb-block-ac80bed4 default uagb-is-root-container\">\n<div class=\"wp-block-uagb-advanced-heading uagb-block-cd73fbb0\"><h2 class=\"uagb-heading-text\">CAMPING<\/h2><\/div>\n\n\n\n<div class=\"wp-block-uagb-image aligncenter uagb-block-58901ed9 wp-block-uagb-image--layout-default wp-block-uagb-image--effect-static wp-block-uagb-image--align-center\"><figure class=\"wp-block-uagb-image__figure\"><img decoding=\"async\" srcset=\"https:\/\/cubswp.com\/brumafest\/wp-content\/uploads\/2025\/06\/image-1024x576.jpeg ,https:\/\/cubswp.com\/brumafest\/wp-content\/uploads\/2025\/06\/image.jpeg 780w, https:\/\/cubswp.com\/brumafest\/wp-content\/uploads\/2025\/06\/image.jpeg 360w\" sizes=\"auto, (max-width: 480px) 150px\" src=\"https:\/\/cubswp.com\/brumafest\/wp-content\/uploads\/2025\/06\/image-1024x576.jpeg\" alt=\"\" class=\"uag-image-137\" width=\"883\" height=\"576\" title=\"\" loading=\"lazy\" role=\"presentation\"\/><\/figure><\/div>\n\n\n\n<div class=\"wp-block-uagb-advanced-heading uagb-block-e8de46c7\"><h5 class=\"uagb-heading-text\"><strong>Incluye acceso general + plaza en zona de camping oficial durante los 3 d\u00edas<\/strong><\/h5><\/div>\n\n\n\n<p class=\"has-text-align-center has-text-color has-link-color wp-elements-53f7d044953a9e9f110354f483859bad\" style=\"color:#470b0b;margin-top:var(--wp--preset--spacing--20);margin-right:var(--wp--preset--spacing--20);margin-bottom:var(--wp--preset--spacing--20);margin-left:var(--wp--preset--spacing--20);padding-top:var(--wp--preset--spacing--20);padding-right:var(--wp--preset--spacing--60);padding-bottom:var(--wp--preset--spacing--20);padding-left:var(--wp--preset--spacing--60)\">Si lo que buscas es una experiencia completa y estar rodeado de la energ\u00eda del festival las 24 horas, esta opci\u00f3n es perfecta para ti. Tendr\u00e1s tu propia plaza en el \u00e1rea de camping oficial, que estar\u00e1 equipada con todo lo necesario para descansar entre concierto y concierto. Adem\u00e1s, tendr\u00e1s acceso a <strong>duchas<\/strong>, una <strong>vigilancia 24 horas<\/strong> para tu seguridad y la comodidad de estar en el <strong>epicentro de la fiesta<\/strong>. <\/p>\n\n\n\n<p class=\"has-text-align-center has-text-color has-link-color wp-elements-69b8f112c78b8ef1443cdd9b6e381abb\" style=\"color:#470b0b;margin-top:var(--wp--preset--spacing--20);margin-right:var(--wp--preset--spacing--20);margin-bottom:var(--wp--preset--spacing--20);margin-left:var(--wp--preset--spacing--20);padding-top:var(--wp--preset--spacing--20);padding-right:var(--wp--preset--spacing--60);padding-bottom:var(--wp--preset--spacing--20);padding-left:var(--wp--preset--spacing--60)\"><strong>\u00a1No solo dormir\u00e1s, sino que tambi\u00e9n podr\u00e1s disfrutar de&nbsp;afters&nbsp;y actividades exclusivas que har\u00e1n que la diversi\u00f3n no termine nunca!<\/strong><\/p>\n\n\n\n<div class=\"wp-block-uagb-buttons uagb-buttons__outer-wrap uagb-btn__default-btn uagb-btn-tablet__default-btn uagb-btn-mobile__default-btn uagb-block-d49e3c60\"><div class=\"uagb-buttons__wrap uagb-buttons-layout-wrap \">\n<div data-aos= \"fade-up\" data-aos-duration=\"400\" data-aos-delay=\"0\" data-aos-easing=\"ease\" data-aos-once=\"true\" class=\"wp-block-uagb-buttons-child uagb-buttons__outer-wrap uagb-block-78d2418d wp-block-button\"><div class=\"uagb-button__wrapper\"><a class=\"uagb-buttons-repeater wp-block-button__link\" aria-label=\"\" href=\"#precios\" rel=\"follow noopener\" target=\"_self\" role=\"button\"><div class=\"uagb-button__link\">precios<\/div><\/a><\/div><\/div>\n<\/div><\/div>\n<\/div>\n\n\n\n<div style=\"height:50px\" aria-hidden=\"true\" class=\"wp-block-spacer\"><\/div>\n\n\n\n<div data-aos= \"zoom-in\" data-aos-duration=\"400\" data-aos-delay=\"0\" data-aos-easing=\"ease\" data-aos-once=\"true\" class=\"wp-block-uagb-container uagb-block-6853fa13 default uagb-is-root-container\">\n<div class=\"wp-block-uagb-advanced-heading uagb-block-537573f8\"><h2 class=\"uagb-heading-text\">STANDARD<\/h2><\/div>\n\n\n\n<div class=\"wp-block-uagb-image aligncenter uagb-block-d9b9d65f wp-block-uagb-image--layout-default wp-block-uagb-image--effect-static wp-block-uagb-image--align-center\"><figure class=\"wp-block-uagb-image__figure\"><img decoding=\"async\" srcset=\"https:\/\/cubswp.com\/brumafest\/wp-content\/uploads\/2025\/05\/standar-1024x683.jpg ,https:\/\/cubswp.com\/brumafest\/wp-content\/uploads\/2025\/05\/standar-scaled.jpg 780w, https:\/\/cubswp.com\/brumafest\/wp-content\/uploads\/2025\/05\/standar-scaled.jpg 360w\" sizes=\"auto, (max-width: 480px) 150px\" src=\"https:\/\/cubswp.com\/brumafest\/wp-content\/uploads\/2025\/05\/standar-1024x683.jpg\" alt=\"\" class=\"uag-image-58\" width=\"1024\" height=\"683\" title=\"\" loading=\"lazy\" role=\"presentation\"\/><\/figure><\/div>\n\n\n\n<div class=\"wp-block-uagb-advanced-heading uagb-block-0a611fe5\"><h5 class=\"uagb-heading-text\"><strong>Acceso general al festival todos los d\u00edas. Vive la m\u00fasica, el ambiente y todos los escenarios sin l\u00edmites<\/strong><br><\/h5><\/div>\n\n\n\n<p class=\"has-text-align-center has-text-color has-link-color wp-elements-20f63916d63c2817b5e1f85603379f89\" style=\"color:#470b0b;margin-top:var(--wp--preset--spacing--20);margin-right:var(--wp--preset--spacing--20);margin-bottom:var(--wp--preset--spacing--20);margin-left:var(--wp--preset--spacing--20);padding-top:var(--wp--preset--spacing--20);padding-right:var(--wp--preset--spacing--60);padding-bottom:var(--wp--preset--spacing--20);padding-left:var(--wp--preset--spacing--60)\">Con esta opci\u00f3n, estar\u00e1s en el coraz\u00f3n de la acci\u00f3n. Tendr\u00e1s acceso completo a todas las \u00e1reas del festival, disfrutando de cada uno de los&nbsp;<strong>escenarios, actividades y performances<\/strong>&nbsp;que se ofrecen a lo largo de los 3 d\u00edas. Desde conciertos \u00e9picos hasta actividades interactivas, todo estar\u00e1 a tu alcance. <\/p>\n\n\n\n<p class=\"has-text-align-center has-text-color has-link-color wp-elements-4d0bfc25d9676011abb84784e6bdc3a4\" style=\"color:#470b0b;margin-top:var(--wp--preset--spacing--20);margin-right:var(--wp--preset--spacing--20);margin-bottom:var(--wp--preset--spacing--20);margin-left:var(--wp--preset--spacing--20);padding-top:var(--wp--preset--spacing--20);padding-right:var(--wp--preset--spacing--60);padding-bottom:var(--wp--preset--spacing--20);padding-left:var(--wp--preset--spacing--60)\"><strong>\u00a1Vive la magia del festival sin restricciones y sum\u00e9rgete en la m\u00fasica, el ambiente vibrante y la energ\u00eda de miles de personas que disfrutan del mismo amor por la m\u00fasica!<\/strong><\/p>\n\n\n\n<div class=\"wp-block-uagb-buttons uagb-buttons__outer-wrap uagb-btn__default-btn uagb-btn-tablet__default-btn uagb-btn-mobile__default-btn uagb-block-2064431c\"><div class=\"uagb-buttons__wrap uagb-buttons-layout-wrap \">\n<div data-aos= \"fade-up\" data-aos-duration=\"400\" data-aos-delay=\"0\" data-aos-easing=\"ease\" data-aos-once=\"true\" class=\"wp-block-uagb-buttons-child uagb-buttons__outer-wrap uagb-block-7ce1a951 wp-block-button\"><div class=\"uagb-button__wrapper\"><a class=\"uagb-buttons-repeater wp-block-button__link\" aria-label=\"\" href=\"#precios\" rel=\"follow noopener\" target=\"_self\" role=\"button\"><div class=\"uagb-button__link\">precios<\/div><\/a><\/div><\/div>\n<\/div><\/div>\n<\/div>\n\n\n\n<div style=\"height:50px\" aria-hidden=\"true\" class=\"wp-block-spacer\"><\/div>\n\n\n\n<div data-aos= \"zoom-in\" data-aos-duration=\"400\" data-aos-delay=\"0\" data-aos-easing=\"ease\" data-aos-once=\"true\" class=\"wp-block-uagb-container uagb-block-6e3cc379 default uagb-is-root-container\">\n<div class=\"wp-block-uagb-advanced-heading uagb-block-e689245b\"><h2 class=\"uagb-heading-text\">VIP<\/h2><\/div>\n\n\n\n<div class=\"wp-block-uagb-image aligncenter uagb-block-4ffbd3d2 wp-block-uagb-image--layout-default wp-block-uagb-image--effect-static wp-block-uagb-image--align-center\"><figure class=\"wp-block-uagb-image__figure\"><img decoding=\"async\" srcset=\"https:\/\/cubswp.com\/brumafest\/wp-content\/uploads\/2025\/05\/VIP-1024x683.jpg ,https:\/\/cubswp.com\/brumafest\/wp-content\/uploads\/2025\/05\/VIP-scaled.jpg 780w, https:\/\/cubswp.com\/brumafest\/wp-content\/uploads\/2025\/05\/VIP-scaled.jpg 360w\" sizes=\"auto, (max-width: 480px) 150px\" src=\"https:\/\/cubswp.com\/brumafest\/wp-content\/uploads\/2025\/05\/VIP-1024x683.jpg\" alt=\"\" class=\"uag-image-62\" width=\"1024\" height=\"683\" title=\"\" loading=\"lazy\" role=\"presentation\"\/><\/figure><\/div>\n\n\n\n<div class=\"wp-block-uagb-advanced-heading uagb-block-ca0143c9\"><h5 class=\"uagb-heading-text\"><strong><strong>Zona exclusiva frente al escenario principal, ba\u00f1os privados, acceso r\u00e1pido y welcome pack con merch oficial<\/strong><\/strong><br><\/h5><\/div>\n\n\n\n<p class=\"has-text-align-center has-text-color has-link-color wp-elements-9fc8c6af2b9f3ec782004bed419bb390\" style=\"color:#470b0b;margin-top:var(--wp--preset--spacing--20);margin-right:var(--wp--preset--spacing--20);margin-bottom:var(--wp--preset--spacing--20);margin-left:var(--wp--preset--spacing--20);padding-top:var(--wp--preset--spacing--20);padding-right:var(--wp--preset--spacing--60);padding-bottom:var(--wp--preset--spacing--20);padding-left:var(--wp--preset--spacing--60)\">Disfrutar\u00e1s de acceso a una&nbsp;<strong>zona exclusiva frente al escenario principal<\/strong>, donde podr\u00e1s vivir los conciertos de cerca y sin la multitud. Tendr\u00e1s&nbsp;<strong>ba\u00f1os privados<\/strong>&nbsp;para tu comodidad, y acceso r\u00e1pido para que no pierdas ni un segundo de la diversi\u00f3n. Adem\u00e1s, recibir\u00e1s un&nbsp;<strong>welcome pack con merch oficial<\/strong>&nbsp;del festival, que incluye art\u00edculos exclusivos que te acompa\u00f1ar\u00e1n como recuerdo de una experiencia \u00fanica.<\/p>\n\n\n\n<p class=\"has-text-align-center has-text-color has-link-color wp-elements-d17c0800fdee32f0228aff5648764d4a\" style=\"color:#470b0b;margin-top:var(--wp--preset--spacing--20);margin-right:var(--wp--preset--spacing--20);margin-bottom:var(--wp--preset--spacing--20);margin-left:var(--wp--preset--spacing--20);padding-top:var(--wp--preset--spacing--20);padding-right:var(--wp--preset--spacing--60);padding-bottom:var(--wp--preset--spacing--20);padding-left:var(--wp--preset--spacing--60)\"><strong>Para aquellos que buscan un toque de lujo y comodidad, la&nbsp;<strong>experiencia VIP<\/strong>&nbsp;es la opci\u00f3n ideal. <\/strong><\/p>\n\n\n\n<div class=\"wp-block-uagb-buttons uagb-buttons__outer-wrap uagb-btn__default-btn uagb-btn-tablet__default-btn uagb-btn-mobile__default-btn uagb-block-c44a42c5\"><div class=\"uagb-buttons__wrap uagb-buttons-layout-wrap \">\n<div data-aos= \"fade-up\" data-aos-duration=\"400\" data-aos-delay=\"0\" data-aos-easing=\"ease\" data-aos-once=\"true\" class=\"wp-block-uagb-buttons-child uagb-buttons__outer-wrap uagb-block-fad2fa6d wp-block-button\"><div class=\"uagb-button__wrapper\"><a class=\"uagb-buttons-repeater wp-block-button__link\" aria-label=\"\" href=\"#precios\" rel=\"follow noopener\" target=\"_self\" role=\"button\"><div class=\"uagb-button__link\">precios<\/div><\/a><\/div><\/div>\n<\/div><\/div>\n<\/div>\n\n\n\n<div style=\"height:50px\" aria-hidden=\"true\" class=\"wp-block-spacer\"><\/div>\n\n\n\n<div data-aos= \"zoom-in\" data-aos-duration=\"400\" data-aos-delay=\"0\" data-aos-easing=\"ease\" data-aos-once=\"true\" class=\"wp-block-uagb-container uagb-block-80e859d9 default uagb-is-root-container\">\n<div class=\"wp-block-uagb-advanced-heading uagb-block-52a1f51a\"><h2 class=\"uagb-heading-text\">BACKSTAGE EXPERIENCE<\/h2><\/div>\n\n\n\n<div class=\"wp-block-uagb-image aligncenter uagb-block-b329c6a4 wp-block-uagb-image--layout-default wp-block-uagb-image--effect-static wp-block-uagb-image--align-center\"><figure class=\"wp-block-uagb-image__figure\"><img decoding=\"async\" srcset=\"https:\/\/cubswp.com\/brumafest\/wp-content\/uploads\/2025\/06\/image-2-1024x683.jpeg ,https:\/\/cubswp.com\/brumafest\/wp-content\/uploads\/2025\/06\/image-2-scaled.jpeg 780w, https:\/\/cubswp.com\/brumafest\/wp-content\/uploads\/2025\/06\/image-2-scaled.jpeg 360w\" sizes=\"auto, (max-width: 480px) 150px\" src=\"https:\/\/cubswp.com\/brumafest\/wp-content\/uploads\/2025\/06\/image-2-1024x683.jpeg\" alt=\"\" class=\"uag-image-148\" width=\"1024\" height=\"683\" title=\"\" loading=\"lazy\" role=\"presentation\"\/><\/figure><\/div>\n\n\n\n<div class=\"wp-block-uagb-advanced-heading uagb-block-322a09dd\"><h5 class=\"uagb-heading-text\"><strong><strong><strong>Acceso VIP + visita guiada por el backstage, posibilidad de conocer artistas (meet &amp; greet sorpresa) y barra libre en zona exclusiva<\/strong><\/strong><\/strong><\/h5><\/div>\n\n\n\n<p class=\"has-text-align-center has-text-color has-link-color wp-elements-27bff9167705bfc9f3cb3f08a1fda8b5\" style=\"color:#470b0b;margin-top:var(--wp--preset--spacing--20);margin-right:var(--wp--preset--spacing--20);margin-bottom:var(--wp--preset--spacing--20);margin-left:var(--wp--preset--spacing--20);padding-top:var(--wp--preset--spacing--20);padding-right:var(--wp--preset--spacing--60);padding-bottom:var(--wp--preset--spacing--20);padding-left:var(--wp--preset--spacing--60)\">Tendr\u00e1s todo lo que ofrece la&nbsp;<strong>entrada VIP<\/strong>, pero con un plus incre\u00edble:&nbsp;<strong>acceso al backstage<\/strong>&nbsp;para ver de cerca c\u00f3mo se vive el festival detr\u00e1s de los escenarios. Como parte de esta experiencia, podr\u00e1s tener un&nbsp;<strong>meet &amp; greet sorpresa<\/strong>&nbsp;con los artistas o bandas, y sentirte parte de la familia del festival. Adem\u00e1s, tendr\u00e1s acceso a una&nbsp;<strong>barra libre en una zona exclusiva<\/strong>, donde podr\u00e1s relajarte y disfrutar de la m\u00fasica en un ambiente privado y selecto. Sin duda, una experiencia que pocos pueden vivir.<\/p>\n\n\n\n<p class=\"has-text-align-center has-text-color has-link-color wp-elements-18f3e1c4fbf95a2ebbc4a6afc1241725\" style=\"color:#470b0b;margin-top:var(--wp--preset--spacing--20);margin-right:var(--wp--preset--spacing--20);margin-bottom:var(--wp--preset--spacing--20);margin-left:var(--wp--preset--spacing--20);padding-top:var(--wp--preset--spacing--20);padding-right:var(--wp--preset--spacing--60);padding-bottom:var(--wp--preset--spacing--20);padding-left:var(--wp--preset--spacing--60)\"><strong>\u00a1Para los verdaderos fans, esta es la experiencia de tus sue\u00f1os!<\/strong><\/p>\n\n\n\n<div class=\"wp-block-uagb-buttons uagb-buttons__outer-wrap uagb-btn__default-btn uagb-btn-tablet__default-btn uagb-btn-mobile__default-btn uagb-block-71e3df1d\"><div class=\"uagb-buttons__wrap uagb-buttons-layout-wrap \">\n<div data-aos= \"fade-up\" data-aos-duration=\"400\" data-aos-delay=\"0\" data-aos-easing=\"ease\" data-aos-once=\"true\" class=\"wp-block-uagb-buttons-child uagb-buttons__outer-wrap uagb-block-05853935 wp-block-button\"><div class=\"uagb-button__wrapper\"><a class=\"uagb-buttons-repeater wp-block-button__link\" aria-label=\"\" href=\"#precios\" rel=\"follow noopener\" target=\"_self\" role=\"button\"><div class=\"uagb-button__link\">precios<\/div><\/a><\/div><\/div>\n<\/div><\/div>\n<\/div>\n\n\n\n<div style=\"height:50px\" aria-hidden=\"true\" class=\"wp-block-spacer\"><\/div>\n\n\n\n<div data-aos= \"zoom-in\" data-aos-duration=\"400\" data-aos-delay=\"0\" data-aos-easing=\"ease\" data-aos-once=\"true\" class=\"wp-block-uagb-container uagb-block-e211f457 default uagb-is-root-container\">\n<div class=\"wp-block-uagb-advanced-heading uagb-block-76521d8a\"><h2 class=\"uagb-heading-text\">DAY PASS<\/h2><\/div>\n\n\n\n<div class=\"wp-block-uagb-image aligncenter uagb-block-59c259de wp-block-uagb-image--layout-default wp-block-uagb-image--effect-static wp-block-uagb-image--align-center\"><figure class=\"wp-block-uagb-image__figure\"><img decoding=\"async\" srcset=\"https:\/\/cubswp.com\/brumafest\/wp-content\/uploads\/2025\/05\/festival-1024x683.jpg ,https:\/\/cubswp.com\/brumafest\/wp-content\/uploads\/2025\/05\/festival-scaled.jpg 780w, https:\/\/cubswp.com\/brumafest\/wp-content\/uploads\/2025\/05\/festival-scaled.jpg 360w\" sizes=\"auto, (max-width: 480px) 150px\" src=\"https:\/\/cubswp.com\/brumafest\/wp-content\/uploads\/2025\/05\/festival-1024x683.jpg\" alt=\"\" class=\"uag-image-52\" width=\"1024\" height=\"683\" title=\"\" loading=\"lazy\" role=\"presentation\"\/><\/figure><\/div>\n\n\n\n<div class=\"wp-block-uagb-advanced-heading uagb-block-f69125e9\"><h5 class=\"uagb-heading-text\"><strong><strong><strong>Si no puedes asistir a los 3 d\u00edas completos del festival pero no quieres perderte la diversi\u00f3n, el&nbsp;<strong>Day Pass<\/strong>&nbsp;es tu mejor opci\u00f3n<\/strong><\/strong><\/strong><\/h5><\/div>\n\n\n\n<p class=\"has-text-align-center has-text-color has-link-color wp-elements-33225b024d5e9ab038eb4d53c17fdea0\" style=\"color:#470b0b;margin-top:var(--wp--preset--spacing--20);margin-right:var(--wp--preset--spacing--20);margin-bottom:var(--wp--preset--spacing--20);margin-left:var(--wp--preset--spacing--20);padding-top:var(--wp--preset--spacing--20);padding-right:var(--wp--preset--spacing--60);padding-bottom:var(--wp--preset--spacing--20);padding-left:var(--wp--preset--spacing--60)\">Con este pase, podr\u00e1s <strong>elegir el&nbsp;d\u00eda que m\u00e1s te guste<\/strong>&nbsp;y <strong>disfrutar de la mejor m\u00fasica<\/strong>, el ambiente y todo lo que el festival tiene para ofrecer, sin compromisos. Ya sea que prefieras ver a tu banda favorita o explorar todos los escenarios, con el&nbsp;<strong>Day Pass<\/strong>&nbsp;podr\u00e1s disfrutar del festival al m\u00e1ximo, pero sin la necesidad de quedarte los tres d\u00edas.<\/p>\n\n\n\n<p class=\"has-text-align-center has-text-color has-link-color wp-elements-6b536dcf4d464bbebfb5ec778b04c769\" style=\"color:#470b0b;margin-top:var(--wp--preset--spacing--20);margin-right:var(--wp--preset--spacing--20);margin-bottom:var(--wp--preset--spacing--20);margin-left:var(--wp--preset--spacing--20);padding-top:var(--wp--preset--spacing--20);padding-right:var(--wp--preset--spacing--60);padding-bottom:var(--wp--preset--spacing--20);padding-left:var(--wp--preset--spacing--60)\"><strong>\u00a1Vive la experiencia por un d\u00eda, pero a lo grande!<\/strong><\/p>\n\n\n\n<div class=\"wp-block-uagb-buttons uagb-buttons__outer-wrap uagb-btn__default-btn uagb-btn-tablet__default-btn uagb-btn-mobile__default-btn uagb-block-d7937b4b\"><div class=\"uagb-buttons__wrap uagb-buttons-layout-wrap \">\n<div data-aos= \"fade-up\" data-aos-duration=\"400\" data-aos-delay=\"0\" data-aos-easing=\"ease\" data-aos-once=\"true\" class=\"wp-block-uagb-buttons-child uagb-buttons__outer-wrap uagb-block-7093b330 wp-block-button\"><div class=\"uagb-button__wrapper\"><a class=\"uagb-buttons-repeater wp-block-button__link\" aria-label=\"\" href=\"#precios\" rel=\"follow noopener\" target=\"_self\" role=\"button\"><div class=\"uagb-button__link\">precios<\/div><\/a><\/div><\/div>\n<\/div><\/div>\n<\/div>\n\n\n\n<div style=\"height:50px\" aria-hidden=\"true\" class=\"wp-block-spacer\"><\/div>\n\n\n\n<div data-aos= \"zoom-in\" data-aos-duration=\"400\" data-aos-delay=\"0\" data-aos-easing=\"ease\" data-aos-once=\"true\" id=\"precios\" class=\"wp-block-uagb-container uagb-block-eb0f99bb alignfull uagb-is-root-container\"><div class=\"uagb-container-inner-blocks-wrap\">\n<div class=\"wp-block-columns is-layout-flex wp-container-core-columns-is-layout-28f84493 wp-block-columns-is-layout-flex\">\n<div class=\"wp-block-column is-layout-flow wp-block-column-is-layout-flow\" style=\"flex-basis:100%\">\n<figure class=\"wp-block-table is-style-regular\" style=\"margin-top:0;margin-right:0;margin-bottom:0;margin-left:0;padding-top:0;padding-right:15rem;padding-bottom:0;padding-left:15rem;font-size:17px;font-style:normal;font-weight:500;line-height:1.5\"><table class=\"has-ast-global-color-6-color has-text-color has-background has-link-color has-fixed-layout\" style=\"background-color:#fcd4dc85\"><thead><tr><th class=\"has-text-align-center\" data-align=\"center\">TIPO DE ENTRADA<\/th><th class=\"has-text-align-center\" data-align=\"center\">PRECIO<\/th><\/tr><\/thead><tbody><tr><td class=\"has-text-align-center\" data-align=\"center\">CAMPING<\/td><td class=\"has-text-align-center\" data-align=\"center\">75\u20ac<\/td><\/tr><tr><td class=\"has-text-align-center\" data-align=\"center\">STANDARD<\/td><td class=\"has-text-align-center\" data-align=\"center\">95\u20ac<\/td><\/tr><tr><td class=\"has-text-align-center\" data-align=\"center\">VIP<\/td><td class=\"has-text-align-center\" data-align=\"center\">150\u20ac<\/td><\/tr><tr><td class=\"has-text-align-center\" data-align=\"center\">BACKSTAGE EXPERIENCE<\/td><td class=\"has-text-align-center\" data-align=\"center\">210\u20ac<\/td><\/tr><tr><td class=\"has-text-align-center\" data-align=\"center\">DAY PASS<\/td><td class=\"has-text-align-center\" data-align=\"center\">40\u20ac<\/td><\/tr><\/tbody><\/table><\/figure>\n<\/div>\n<\/div>\n<\/div><\/div>\n\n\n\n<div class=\"wp-block-buttons is-content-justification-center is-layout-flex wp-container-core-buttons-is-layout-a89b3969 wp-block-buttons-is-layout-flex\">\n<div class=\"wp-block-button\"><a class=\"wp-block-button__link wp-element-button\" href=\"https:\/\/cubswp.com\/brumafest\/wp-content\/uploads\/2025\/06\/A.pdf\" target=\"_blank\" rel=\"noreferrer noopener\">DESCARGAR PDF PRECIOS<\/a><\/div>\n<\/div>\n\n\n\n<div style=\"height:50px\" aria-hidden=\"true\" class=\"wp-block-spacer\"><\/div>\n","protected":false},"excerpt":{"rendered":"<p>CONSIGUE AQU\u00cd TUS ENTRADAS \u00a1No te quedes sin la tuya! CAMPING Incluye acceso general + plaza en zona de camping [&hellip;]<\/p>\n","protected":false},"author":3,"featured_media":0,"parent":0,"menu_order":0,"comment_status":"closed","ping_status":"closed","template":"","meta":{"_uag_custom_page_level_css":"","site-sidebar-layout":"default","site-content-layout":"","ast-site-content-layout":"","site-content-style":"default","site-sidebar-style":"default","ast-global-header-display":"","ast-banner-title-visibility":"","ast-main-header-display":"","ast-hfb-above-header-display":"","ast-hfb-below-header-display":"","ast-hfb-mobile-header-display":"","site-post-title":"disabled","ast-breadcrumbs-content":"","ast-featured-img":"","footer-sml-layout":"","ast-disable-related-posts":"","theme-transparent-header-meta":"","adv-header-id-meta":"","stick-header-meta":"","header-above-stick-meta":"","header-main-stick-meta":"","header-below-stick-meta":"","astra-migrate-meta-layouts":"default","ast-page-background-enabled":"default","ast-page-background-meta":{"desktop":{"background-color":"var(--ast-global-color-5)","background-image":"","background-repeat":"repeat","background-position":"center center","background-size":"auto","background-attachment":"scroll","background-type":"","background-media":"","overlay-type":"","overlay-color":"","overlay-opacity":"","overlay-gradient":""},"tablet":{"background-color":"","background-image":"","background-repeat":"repeat","background-position":"center center","background-size":"auto","background-attachment":"scroll","background-type":"","background-media":"","overlay-type":"","overlay-color":"","overlay-opacity":"","overlay-gradient":""},"mobile":{"background-color":"","background-image":"","background-repeat":"repeat","background-position":"center center","background-size":"auto","background-attachment":"scroll","background-type":"","background-media":"","overlay-type":"","overlay-color":"","overlay-opacity":"","overlay-gradient":""}},"ast-content-background-meta":{"desktop":{"background-color":"var(--ast-global-color-4)","background-image":"","background-repeat":"repeat","background-position":"center center","background-size":"auto","background-attachment":"scroll","background-type":"","background-media":"","overlay-type":"","overlay-color":"","overlay-opacity":"","overlay-gradient":""},"tablet":{"background-color":"var(--ast-global-color-4)","background-image":"","background-repeat":"repeat","background-position":"center center","background-size":"auto","background-attachment":"scroll","background-type":"","background-media":"","overlay-type":"","overlay-color":"","overlay-opacity":"","overlay-gradient":""},"mobile":{"background-color":"var(--ast-global-color-4)","background-image":"","background-repeat":"repeat","background-position":"center center","background-size":"auto","background-attachment":"scroll","background-type":"","background-media":"","overlay-type":"","overlay-color":"","overlay-opacity":"","overlay-gradient":""}},"footnotes":""},"class_list":["post-98","page","type-page","status-publish","hentry"],"uagb_featured_image_src":{"full":false,"thumbnail":false,"medium":false,"medium_large":false,"large":false,"1536x1536":false,"2048x2048":false},"uagb_author_info":{"display_name":"Ane Murga Penas","author_link":"https:\/\/cubswp.com\/brumafest\/index.php\/author\/ane_murga\/"},"uagb_comment_info":0,"uagb_excerpt":"CONSIGUE AQU\u00cd TUS ENTRADAS \u00a1No te quedes sin la tuya! CAMPING Incluye acceso general + plaza en zona de camping [&hellip;]","_links":{"self":[{"href":"https:\/\/cubswp.com\/brumafest\/index.php\/wp-json\/wp\/v2\/pages\/98","targetHints":{"allow":["GET"]}}],"collection":[{"href":"https:\/\/cubswp.com\/brumafest\/index.php\/wp-json\/wp\/v2\/pages"}],"about":[{"href":"https:\/\/cubswp.com\/brumafest\/index.php\/wp-json\/wp\/v2\/types\/page"}],"author":[{"embeddable":true,"href":"https:\/\/cubswp.com\/brumafest\/index.php\/wp-json\/wp\/v2\/users\/3"}],"replies":[{"embeddable":true,"href":"https:\/\/cubswp.com\/brumafest\/index.php\/wp-json\/wp\/v2\/comments?post=98"}],"version-history":[{"count":30,"href":"https:\/\/cubswp.com\/brumafest\/index.php\/wp-json\/wp\/v2\/pages\/98\/revisions"}],"predecessor-version":[{"id":217,"href":"https:\/\/cubswp.com\/brumafest\/index.php\/wp-json\/wp\/v2\/pages\/98\/revisions\/217"}],"wp:attachment":[{"href":"https:\/\/cubswp.com\/brumafest\/index.php\/wp-json\/wp\/v2\/media?parent=98"}],"curies":[{"name":"wp","href":"https:\/\/api.w.org\/{rel}","templated":true}]}}