{"id":58,"date":"2025-05-09T09:53:05","date_gmt":"2025-05-09T09:53:05","guid":{"rendered":"https:\/\/cubswp.com\/canelabrand\/?page_id=58"},"modified":"2025-05-16T09:24:33","modified_gmt":"2025-05-16T09:24:33","slug":"home","status":"publish","type":"page","link":"https:\/\/cubswp.com\/canelabrand\/","title":{"rendered":"HOME"},"content":{"rendered":"\n<div class=\"wp-block-uagb-container uagb-block-0e3ecdcb alignfull uagb-is-root-container\"><div class=\"uagb-container-inner-blocks-wrap\">\n<div class=\"wp-block-uagb-advanced-heading uagb-block-6b406686\"><h1 class=\"uagb-heading-text\">CANELA BRAND<\/h1><\/div>\n\n\n\n<div class=\"wp-block-uagb-advanced-heading uagb-block-f4c8ba1c\"><h2 class=\"uagb-heading-text\">Viste tu verano<\/h2><\/div>\n<\/div><\/div>\n\n\n\n<div class=\"wp-block-uagb-container uagb-block-825679de alignfull uagb-is-root-container\"><div class=\"uagb-container-inner-blocks-wrap\">\n<div class=\"wp-block-uagb-advanced-heading uagb-block-517966e9\"><h3 class=\"uagb-heading-text\">Ropa de verano con sabor a Canela<br>El toque que tu verano estaba esperando<\/h3><\/div>\n<\/div><\/div>\n\n\n\n<div class=\"wp-block-uagb-container uagb-block-f18c9ca6 alignfull uagb-is-root-container\">\n<div class=\"wp-block-uagb-container uagb-block-4ba76531\">\n<figure class=\"wp-block-image size-full\"><img loading=\"lazy\" decoding=\"async\" width=\"736\" height=\"915\" src=\"https:\/\/cubswp.com\/canelabrand\/wp-content\/uploads\/2025\/05\/c6a0fab1215ded8d1b5c835dd8e02b5c.jpg\" alt=\"\" class=\"wp-image-69\" srcset=\"https:\/\/cubswp.com\/canelabrand\/wp-content\/uploads\/2025\/05\/c6a0fab1215ded8d1b5c835dd8e02b5c.jpg 736w, https:\/\/cubswp.com\/canelabrand\/wp-content\/uploads\/2025\/05\/c6a0fab1215ded8d1b5c835dd8e02b5c-241x300.jpg 241w\" sizes=\"auto, (max-width: 736px) 100vw, 736px\" \/><\/figure>\n<\/div>\n\n\n\n<div class=\"wp-block-uagb-container uagb-block-197364de\">\n<figure class=\"wp-block-image size-full\"><img loading=\"lazy\" decoding=\"async\" width=\"736\" height=\"922\" src=\"https:\/\/cubswp.com\/canelabrand\/wp-content\/uploads\/2025\/05\/2082bbf273adf6a46a0cb5e2398fb2a3-1.jpg\" alt=\"\" class=\"wp-image-71\" srcset=\"https:\/\/cubswp.com\/canelabrand\/wp-content\/uploads\/2025\/05\/2082bbf273adf6a46a0cb5e2398fb2a3-1.jpg 736w, https:\/\/cubswp.com\/canelabrand\/wp-content\/uploads\/2025\/05\/2082bbf273adf6a46a0cb5e2398fb2a3-1-239x300.jpg 239w\" sizes=\"auto, (max-width: 736px) 100vw, 736px\" \/><\/figure>\n<\/div>\n\n\n\n<div class=\"wp-block-uagb-container uagb-block-4f07b1fd\">\n<figure class=\"wp-block-image size-full\"><img loading=\"lazy\" decoding=\"async\" width=\"736\" height=\"912\" src=\"https:\/\/cubswp.com\/canelabrand\/wp-content\/uploads\/2025\/05\/blog1-1.jpg\" alt=\"\" class=\"wp-image-67\" srcset=\"https:\/\/cubswp.com\/canelabrand\/wp-content\/uploads\/2025\/05\/blog1-1.jpg 736w, https:\/\/cubswp.com\/canelabrand\/wp-content\/uploads\/2025\/05\/blog1-1-242x300.jpg 242w\" sizes=\"auto, (max-width: 736px) 100vw, 736px\" \/><\/figure>\n<\/div>\n<\/div>\n\n\n\n<div class=\"wp-block-uagb-container uagb-block-0d80d520 alignfull uagb-is-root-container\"><div class=\"uagb-container-inner-blocks-wrap\">\n<div class=\"wp-block-uagb-info-box uagb-block-61f989a8 uagb-infobox__content-wrap  uagb-infobox-icon-above-title uagb-infobox-image-valign-top\"><div class=\"uagb-ifb-content\"><div class=\"uagb-ifb-icon-wrap\"><svg xmlns=\"https:\/\/www.w3.org\/2000\/svg\" viewBox=\"0 0 512 512\"><path d=\"M0 256C0 114.6 114.6 0 256 0C397.4 0 512 114.6 512 256C512 397.4 397.4 512 256 512C114.6 512 0 397.4 0 256zM371.8 211.8C382.7 200.9 382.7 183.1 371.8 172.2C360.9 161.3 343.1 161.3 332.2 172.2L224 280.4L179.8 236.2C168.9 225.3 151.1 225.3 140.2 236.2C129.3 247.1 129.3 264.9 140.2 275.8L204.2 339.8C215.1 350.7 232.9 350.7 243.8 339.8L371.8 211.8z\"><\/path><\/svg><\/div><div class=\"uagb-ifb-title-wrap\"><h3 class=\"uagb-ifb-title\">Quienes Somos<\/h3><\/div><p class=\"uagb-ifb-desc\">Tenemos un amplio cat\u00e1logo de prendas, moda joven, divertida y en tendencia. Vive el sol, el mar y el estilo con nuestra colecci\u00f3n inspirada en la frescura del verano y la elegancia atemporal del estilo griego e ibicenco. En Canela, la ropa est\u00e1 dise\u00f1ada para la chica que ama la moda, que busca piezas frescas, c\u00f3modas y a la vanguardia de las tendencias, pero siempre con ese toque bohemio y chic que hace la diferencia. <\/p><\/div><\/div>\n<\/div><\/div>\n\n\n\n<div class=\"wp-block-uagb-container uagb-block-5bcd744d alignfull uagb-is-root-container\"><div class=\"uagb-container-inner-blocks-wrap\">\n<div class=\"wp-block-uagb-advanced-heading uagb-block-c2a47102\"><h2 class=\"uagb-heading-text\">Moda Verano<\/h2><\/div>\n\n\n\n<div class=\"wp-block-uagb-container uagb-block-5d1df4a1 alignfull uagb-is-root-container\"><div class=\"uagb-container-inner-blocks-wrap\">\n<div class=\"wp-block-uagb-container uagb-block-c8f4a6b3\">\n<p>Tenemos un amplio cat\u00e1logo de prendas, moda joven, divertida y en tendencia. Vive el sol, el mar y el estilo con nuestra colecci\u00f3n inspirada en la frescura del verano y la elegancia atemporal del estilo griego e ibicenco. En Canela, la ropa est\u00e1 dise\u00f1ada para la chica que ama la moda, que busca piezas frescas, c\u00f3modas y a la vanguardia de las tendencias, pero siempre con ese toque bohemio y chic que hace la diferencia<\/p>\n<\/div>\n\n\n\n<div class=\"wp-block-uagb-container uagb-block-88496492\">\n<div class=\"wp-block-uagb-buttons uagb-buttons__outer-wrap uagb-btn__default-btn uagb-btn-tablet__default-btn uagb-btn-mobile__default-btn uagb-block-6d9bdcc6\"><div class=\"uagb-buttons__wrap uagb-buttons-layout-wrap \">\n<div class=\"wp-block-uagb-buttons-child uagb-buttons__outer-wrap uagb-block-8d856055 wp-block-button\"><div class=\"uagb-button__wrapper\"><a class=\"uagb-buttons-repeater wp-block-button__link\" aria-label=\"\" href=\"https:\/\/cubswp.com\/canelabrand\/index.php\/catalogo\/\" rel=\"follow noopener\" target=\"_self\" role=\"button\"><div class=\"uagb-button__link\">Accede a nuestro cat\u00e1logo<\/div><\/a><\/div><\/div>\n<\/div><\/div>\n<\/div>\n<\/div><\/div>\n<\/div><\/div>\n\n\n\n<p><\/p>\n","protected":false},"excerpt":{"rendered":"<p>CANELA BRAND Viste tu verano Ropa de verano con sabor a CanelaEl toque que tu verano estaba esperando Moda Verano [&hellip;]<\/p>\n","protected":false},"author":1,"featured_media":0,"parent":0,"menu_order":0,"comment_status":"closed","ping_status":"closed","template":"","meta":{"_uag_custom_page_level_css":"","site-sidebar-layout":"default","site-content-layout":"","ast-site-content-layout":"","site-content-style":"default","site-sidebar-style":"default","ast-global-header-display":"","ast-banner-title-visibility":"","ast-main-header-display":"","ast-hfb-above-header-display":"","ast-hfb-below-header-display":"","ast-hfb-mobile-header-display":"","site-post-title":"disabled","ast-breadcrumbs-content":"","ast-featured-img":"","footer-sml-layout":"","ast-disable-related-posts":"","theme-transparent-header-meta":"","adv-header-id-meta":"","stick-header-meta":"","header-above-stick-meta":"","header-main-stick-meta":"","header-below-stick-meta":"","astra-migrate-meta-layouts":"default","ast-page-background-enabled":"default","ast-page-background-meta":{"desktop":{"background-color":"var(--ast-global-color-5)","background-image":"","background-repeat":"repeat","background-position":"center center","background-size":"auto","background-attachment":"scroll","background-type":"","background-media":"","overlay-type":"","overlay-color":"","overlay-opacity":"","overlay-gradient":""},"tablet":{"background-color":"","background-image":"","background-repeat":"repeat","background-position":"center center","background-size":"auto","background-attachment":"scroll","background-type":"","background-media":"","overlay-type":"","overlay-color":"","overlay-opacity":"","overlay-gradient":""},"mobile":{"background-color":"","background-image":"","background-repeat":"repeat","background-position":"center center","background-size":"auto","background-attachment":"scroll","background-type":"","background-media":"","overlay-type":"","overlay-color":"","overlay-opacity":"","overlay-gradient":""}},"ast-content-background-meta":{"desktop":{"background-color":"var(--ast-global-color-4)","background-image":"","background-repeat":"repeat","background-position":"center center","background-size":"auto","background-attachment":"scroll","background-type":"","background-media":"","overlay-type":"","overlay-color":"","overlay-opacity":"","overlay-gradient":""},"tablet":{"background-color":"var(--ast-global-color-4)","background-image":"","background-repeat":"repeat","background-position":"center center","background-size":"auto","background-attachment":"scroll","background-type":"","background-media":"","overlay-type":"","overlay-color":"","overlay-opacity":"","overlay-gradient":""},"mobile":{"background-color":"var(--ast-global-color-4)","background-image":"","background-repeat":"repeat","background-position":"center center","background-size":"auto","background-attachment":"scroll","background-type":"","background-media":"","overlay-type":"","overlay-color":"","overlay-opacity":"","overlay-gradient":""}},"footnotes":""},"class_list":["post-58","page","type-page","status-publish","hentry"],"uagb_featured_image_src":{"full":false,"thumbnail":false,"medium":false,"medium_large":false,"large":false,"1536x1536":false,"2048x2048":false},"uagb_author_info":{"display_name":"admin","author_link":"https:\/\/cubswp.com\/canelabrand\/index.php\/author\/admin_canelabrand\/"},"uagb_comment_info":0,"uagb_excerpt":"CANELA BRAND Viste tu verano Ropa de verano con sabor a CanelaEl toque que tu verano estaba esperando Moda Verano [&hellip;]","_links":{"self":[{"href":"https:\/\/cubswp.com\/canelabrand\/index.php\/wp-json\/wp\/v2\/pages\/58","targetHints":{"allow":["GET"]}}],"collection":[{"href":"https:\/\/cubswp.com\/canelabrand\/index.php\/wp-json\/wp\/v2\/pages"}],"about":[{"href":"https:\/\/cubswp.com\/canelabrand\/index.php\/wp-json\/wp\/v2\/types\/page"}],"author":[{"embeddable":true,"href":"https:\/\/cubswp.com\/canelabrand\/index.php\/wp-json\/wp\/v2\/users\/1"}],"replies":[{"embeddable":true,"href":"https:\/\/cubswp.com\/canelabrand\/index.php\/wp-json\/wp\/v2\/comments?post=58"}],"version-history":[{"count":12,"href":"https:\/\/cubswp.com\/canelabrand\/index.php\/wp-json\/wp\/v2\/pages\/58\/revisions"}],"predecessor-version":[{"id":117,"href":"https:\/\/cubswp.com\/canelabrand\/index.php\/wp-json\/wp\/v2\/pages\/58\/revisions\/117"}],"wp:attachment":[{"href":"https:\/\/cubswp.com\/canelabrand\/index.php\/wp-json\/wp\/v2\/media?parent=58"}],"curies":[{"name":"wp","href":"https:\/\/api.w.org\/{rel}","templated":true}]}}