{"id":27,"date":"2025-06-18T19:22:06","date_gmt":"2025-06-18T19:22:06","guid":{"rendered":"https:\/\/cubswp.com\/eclat\/?page_id=27"},"modified":"2025-06-20T19:46:58","modified_gmt":"2025-06-20T19:46:58","slug":"productos","status":"publish","type":"page","link":"https:\/\/cubswp.com\/eclat\/index.php\/productos\/","title":{"rendered":"Productos"},"content":{"rendered":"\n<div class=\"wp-block-group alignfull is-layout-constrained wp-container-core-group-is-layout-0c9c989a wp-block-group-is-layout-constrained\" style=\"min-height:0vh;margin-top:0;margin-bottom:0;padding-top:var(--wp--preset--spacing--70);padding-right:var(--wp--preset--spacing--40);padding-bottom:var(--wp--preset--spacing--70);padding-left:var(--wp--preset--spacing--40)\">\n<div class=\"wp-block-group is-layout-constrained wp-container-core-group-is-layout-346627ba wp-block-group-is-layout-constrained\">\n<p class=\"has-text-align-center\">Cada producto que ves aqu\u00ed est\u00e1 dise\u00f1ado para acompa\u00f1arte en tu d\u00eda a d\u00eda, adapt\u00e1ndose a tu ritmo, tu piel y tu estilo. Explora una selecci\u00f3n cuidada de maquillaje con personalidad: tonos vers\u00e1tiles, f\u00f3rmulas eficaces y detalles que marcan la diferencia.<\/p>\n\n\n\n<div class=\"wp-block-buttons is-content-justification-center is-layout-flex wp-container-core-buttons-is-layout-a89b3969 wp-block-buttons-is-layout-flex\">\n<div class=\"wp-block-button\"><a class=\"wp-block-button__link wp-element-button\" href=\"https:\/\/www.docdroid.net\/xuu7kZ6\/catalogo-de-maquillaje-pdf\">Catalogo de productos<\/a><\/div>\n<\/div>\n<\/div>\n<\/div>\n\n\n\n<div class=\"wp-block-group alignfull is-layout-constrained wp-container-core-group-is-layout-ebee8dc1 wp-block-group-is-layout-constrained\" style=\"margin-top:0;margin-bottom:0;padding-top:var(--wp--preset--spacing--50);padding-bottom:var(--wp--preset--spacing--50)\">\n<h2 class=\"wp-block-heading alignwide\">Nuestros productos<\/h2>\n\n\n\n<div class=\"wp-block-columns alignwide is-layout-flex wp-container-core-columns-is-layout-28f84493 wp-block-columns-is-layout-flex\">\n<div class=\"wp-block-column is-layout-flow wp-block-column-is-layout-flow\">\n<figure class=\"wp-block-image size-large\"><img loading=\"lazy\" decoding=\"async\" width=\"1024\" height=\"1024\" src=\"https:\/\/cubswp.com\/eclat\/wp-content\/uploads\/2025\/06\/image-14-1024x1024.png\" alt=\"\" class=\"wp-image-53\" srcset=\"https:\/\/cubswp.com\/eclat\/wp-content\/uploads\/2025\/06\/image-14-1024x1024.png 1024w, https:\/\/cubswp.com\/eclat\/wp-content\/uploads\/2025\/06\/image-14-300x300.png 300w, https:\/\/cubswp.com\/eclat\/wp-content\/uploads\/2025\/06\/image-14-150x150.png 150w, https:\/\/cubswp.com\/eclat\/wp-content\/uploads\/2025\/06\/image-14-768x768.png 768w, https:\/\/cubswp.com\/eclat\/wp-content\/uploads\/2025\/06\/image-14-1536x1536.png 1536w, https:\/\/cubswp.com\/eclat\/wp-content\/uploads\/2025\/06\/image-14.png 1600w\" sizes=\"auto, (max-width: 1024px) 100vw, 1024px\" \/><\/figure>\n\n\n\n<h3 class=\"wp-block-heading\">Corrector&#8230;&#8230;&#8230;&#8230;&#8230;&#8230;.30,00\u20ac<\/h3>\n\n\n\n<p class=\"has-medium-font-size\">Tu aliado para una piel descansada y uniforme. Cubre sin marcar y se adapta al tono de tu piel para un acabado natural.<\/p>\n<\/div>\n\n\n\n<div class=\"wp-block-column is-layout-flow wp-block-column-is-layout-flow\">\n<figure class=\"wp-block-image size-full\"><img loading=\"lazy\" decoding=\"async\" width=\"1000\" height=\"1000\" src=\"https:\/\/cubswp.com\/eclat\/wp-content\/uploads\/2025\/06\/image-13.png\" alt=\"\" class=\"wp-image-52\" srcset=\"https:\/\/cubswp.com\/eclat\/wp-content\/uploads\/2025\/06\/image-13.png 1000w, https:\/\/cubswp.com\/eclat\/wp-content\/uploads\/2025\/06\/image-13-300x300.png 300w, https:\/\/cubswp.com\/eclat\/wp-content\/uploads\/2025\/06\/image-13-150x150.png 150w, https:\/\/cubswp.com\/eclat\/wp-content\/uploads\/2025\/06\/image-13-768x768.png 768w\" sizes=\"auto, (max-width: 1000px) 100vw, 1000px\" \/><\/figure>\n\n\n\n<h3 class=\"wp-block-heading\">Pintalabios&#8230;&#8230;&#8230;&#8230;&#8230;..27,00\u20ac<\/h3>\n\n\n\n<p class=\"has-medium-font-size\">Desliza color y confianza en un solo gesto. Los labiales combinan pigmentos intensos con duraci\u00f3n para acompa\u00f1arte todo el d\u00eda.<\/p>\n\n\n\n<p class=\"has-medium-font-size\"><\/p>\n<\/div>\n\n\n\n<div class=\"wp-block-column is-layout-flow wp-block-column-is-layout-flow\">\n<figure class=\"wp-block-image size-full\"><img loading=\"lazy\" decoding=\"async\" width=\"500\" height=\"500\" src=\"https:\/\/cubswp.com\/eclat\/wp-content\/uploads\/2025\/06\/image-18.png\" alt=\"\" class=\"wp-image-57\" srcset=\"https:\/\/cubswp.com\/eclat\/wp-content\/uploads\/2025\/06\/image-18.png 500w, https:\/\/cubswp.com\/eclat\/wp-content\/uploads\/2025\/06\/image-18-300x300.png 300w, https:\/\/cubswp.com\/eclat\/wp-content\/uploads\/2025\/06\/image-18-150x150.png 150w\" sizes=\"auto, (max-width: 500px) 100vw, 500px\" \/><\/figure>\n\n\n\n<h3 class=\"wp-block-heading\">Paleta de colores&#8230;&#8230;43,25\u20ac<\/h3>\n\n\n\n<p class=\"has-medium-font-size\">Dise\u00f1adas para jugar y experimentar, las sombras ofrecen unos acabados suaves que se difuminan con facilidad.<\/p>\n\n\n\n<p class=\"has-medium-font-size\"><\/p>\n<\/div>\n<\/div>\n<\/div>\n\n\n\n<div class=\"wp-block-uagb-advanced-heading uagb-block-2ef0b934\"><h2 class=\"uagb-heading-text\">Lo que dice la gente<\/h2><\/div>\n\n\n\n<div class=\"wp-block-group alignfull is-layout-constrained wp-block-group-is-layout-constrained\" style=\"margin-top:0;margin-bottom:0;padding-top:var(--wp--preset--spacing--60);padding-bottom:var(--wp--preset--spacing--60)\">\n<div class=\"wp-block-columns alignwide is-layout-flex wp-container-core-columns-is-layout-74b2cda3 wp-block-columns-is-layout-flex\">\n<div class=\"wp-block-column is-layout-flow wp-block-column-is-layout-flow\">\n<div class=\"wp-block-group is-vertical is-content-justification-left is-layout-flex wp-container-core-group-is-layout-7ce391b6 wp-block-group-is-layout-flex\" style=\"min-height:100%\">\n<h2 class=\"wp-block-heading is-style-text-annotation has-x-small-font-size\"><\/h2>\n\n\n\n<blockquote class=\"wp-block-quote is-layout-flow wp-block-quote-is-layout-flow\">\n<p class=\"has-text-align-center has-x-large-font-size\">\u00ab\u00a1Me encanta como me queda este maquillaje!\u00bb<\/p>\n<\/blockquote>\n\n\n\n<p><\/p>\n\n\n\n<blockquote class=\"wp-block-quote is-layout-flow wp-block-quote-is-layout-flow\">\n<p><\/p>\n\n\n\n<p class=\"has-x-large-font-size\">\u00ab\u00a1Incre\u00edble la duraci\u00f3n de los pintalabios!\u00bb<\/p>\n<\/blockquote>\n\n\n\n<p><\/p>\n\n\n\n<p><\/p>\n\n\n\n<p><\/p>\n<\/div>\n<\/div>\n\n\n\n<div class=\"wp-block-column is-layout-flow wp-block-column-is-layout-flow\" style=\"padding-top:0;padding-right:0;padding-bottom:0;padding-left:0\">\n<figure class=\"wp-block-image size-full is-resized\"><img loading=\"lazy\" decoding=\"async\" width=\"612\" height=\"408\" src=\"https:\/\/cubswp.com\/eclat\/wp-content\/uploads\/2025\/06\/image-20.png\" alt=\"\" class=\"wp-image-60\" style=\"width:479px;height:auto\" srcset=\"https:\/\/cubswp.com\/eclat\/wp-content\/uploads\/2025\/06\/image-20.png 612w, https:\/\/cubswp.com\/eclat\/wp-content\/uploads\/2025\/06\/image-20-300x200.png 300w\" sizes=\"auto, (max-width: 612px) 100vw, 612px\" \/><\/figure>\n\n\n\n<figure class=\"wp-block-image size-large is-resized\"><img loading=\"lazy\" decoding=\"async\" width=\"1024\" height=\"1024\" src=\"https:\/\/cubswp.com\/eclat\/wp-content\/uploads\/2025\/06\/image-19-1024x1024.png\" alt=\"\" class=\"wp-image-58\" style=\"width:475px;height:auto\" srcset=\"https:\/\/cubswp.com\/eclat\/wp-content\/uploads\/2025\/06\/image-19-1024x1024.png 1024w, https:\/\/cubswp.com\/eclat\/wp-content\/uploads\/2025\/06\/image-19-300x300.png 300w, https:\/\/cubswp.com\/eclat\/wp-content\/uploads\/2025\/06\/image-19-150x150.png 150w, https:\/\/cubswp.com\/eclat\/wp-content\/uploads\/2025\/06\/image-19-768x768.png 768w, https:\/\/cubswp.com\/eclat\/wp-content\/uploads\/2025\/06\/image-19.png 1248w\" sizes=\"auto, (max-width: 1024px) 100vw, 1024px\" \/><\/figure>\n<\/div>\n<\/div>\n<\/div>\n\n\n\n<aside class=\"wp-block-group alignfull is-style-section-3 has-accent-2-background-color has-background is-layout-constrained wp-container-core-group-is-layout-f0f2a97b wp-block-group-is-layout-constrained\" style=\"margin-top:0;margin-bottom:0;padding-top:var(--wp--preset--spacing--50);padding-right:var(--wp--preset--spacing--50);padding-bottom:var(--wp--preset--spacing--50);padding-left:var(--wp--preset--spacing--50)\">\n<div class=\"wp-block-group is-vertical is-content-justification-center is-layout-flex wp-container-core-group-is-layout-8778ca4a wp-block-group-is-layout-flex\" style=\"min-height:360px;margin-top:0;margin-bottom:0\">\n<h2 class=\"wp-block-heading has-text-align-center has-xx-large-font-size\">Reg\u00edstrate para recibir descuentos diariamente<\/h2>\n\n\n\n<p class=\"has-text-align-center is-style-text-subtitle\"><strong>Accede a una colecci\u00f3n de belleza exclusiva, con ofertas \u00fanicas y novedades antes que nadie.<\/strong><\/p>\n\n\n\n<div style=\"height:0px\" aria-hidden=\"true\" class=\"wp-block-spacer wp-container-content-62aae154\"><\/div>\n\n\n\n<div class=\"wp-block-buttons is-content-justification-center is-layout-flex wp-container-core-buttons-is-layout-a89b3969 wp-block-buttons-is-layout-flex\">\n<div class=\"wp-block-button\"><a class=\"wp-block-button__link has-text-align-center wp-element-button\" href=\"https:\/\/www.camaracastellon.com\/uploads\/cms_files\/Archivos-PDF\/BONIFICADA\/Formulario-Datos-Empresa.pdf\">Suscr\u00edbete<\/a><\/div>\n<\/div>\n<\/div>\n<\/aside>\n","protected":false},"excerpt":{"rendered":"<p>Cada producto que ves aqu\u00ed est\u00e1 dise\u00f1ado para acompa\u00f1arte en tu d\u00eda a d\u00eda, adapt\u00e1ndose a tu ritmo, tu piel [&hellip;]<\/p>\n","protected":false},"author":2,"featured_media":0,"parent":0,"menu_order":1,"comment_status":"closed","ping_status":"closed","template":"","meta":{"_uag_custom_page_level_css":"","site-sidebar-layout":"default","site-content-layout":"","ast-site-content-layout":"default","site-content-style":"default","site-sidebar-style":"default","ast-global-header-display":"","ast-banner-title-visibility":"","ast-main-header-display":"","ast-hfb-above-header-display":"","ast-hfb-below-header-display":"","ast-hfb-mobile-header-display":"","site-post-title":"","ast-breadcrumbs-content":"","ast-featured-img":"","footer-sml-layout":"","ast-disable-related-posts":"","theme-transparent-header-meta":"","adv-header-id-meta":"","stick-header-meta":"","header-above-stick-meta":"","header-main-stick-meta":"","header-below-stick-meta":"","astra-migrate-meta-layouts":"default","ast-page-background-enabled":"default","ast-page-background-meta":{"desktop":{"background-color":"var(--ast-global-color-5)","background-image":"","background-repeat":"repeat","background-position":"center center","background-size":"auto","background-attachment":"scroll","background-type":"","background-media":"","overlay-type":"","overlay-color":"","overlay-opacity":"","overlay-gradient":""},"tablet":{"background-color":"","background-image":"","background-repeat":"repeat","background-position":"center center","background-size":"auto","background-attachment":"scroll","background-type":"","background-media":"","overlay-type":"","overlay-color":"","overlay-opacity":"","overlay-gradient":""},"mobile":{"background-color":"","background-image":"","background-repeat":"repeat","background-position":"center center","background-size":"auto","background-attachment":"scroll","background-type":"","background-media":"","overlay-type":"","overlay-color":"","overlay-opacity":"","overlay-gradient":""}},"ast-content-background-meta":{"desktop":{"background-color":"var(--ast-global-color-4)","background-image":"","background-repeat":"repeat","background-position":"center center","background-size":"auto","background-attachment":"scroll","background-type":"","background-media":"","overlay-type":"","overlay-color":"","overlay-opacity":"","overlay-gradient":""},"tablet":{"background-color":"var(--ast-global-color-4)","background-image":"","background-repeat":"repeat","background-position":"center center","background-size":"auto","background-attachment":"scroll","background-type":"","background-media":"","overlay-type":"","overlay-color":"","overlay-opacity":"","overlay-gradient":""},"mobile":{"background-color":"var(--ast-global-color-4)","background-image":"","background-repeat":"repeat","background-position":"center center","background-size":"auto","background-attachment":"scroll","background-type":"","background-media":"","overlay-type":"","overlay-color":"","overlay-opacity":"","overlay-gradient":""}},"footnotes":""},"class_list":["post-27","page","type-page","status-publish","hentry"],"uagb_featured_image_src":{"full":false,"thumbnail":false,"medium":false,"medium_large":false,"large":false,"1536x1536":false,"2048x2048":false},"uagb_author_info":{"display_name":"Lukene Gallardo Linares","author_link":"https:\/\/cubswp.com\/eclat\/index.php\/author\/lukene\/"},"uagb_comment_info":0,"uagb_excerpt":"Cada producto que ves aqu\u00ed est\u00e1 dise\u00f1ado para acompa\u00f1arte en tu d\u00eda a d\u00eda, adapt\u00e1ndose a tu ritmo, tu piel [&hellip;]","_links":{"self":[{"href":"https:\/\/cubswp.com\/eclat\/index.php\/wp-json\/wp\/v2\/pages\/27","targetHints":{"allow":["GET"]}}],"collection":[{"href":"https:\/\/cubswp.com\/eclat\/index.php\/wp-json\/wp\/v2\/pages"}],"about":[{"href":"https:\/\/cubswp.com\/eclat\/index.php\/wp-json\/wp\/v2\/types\/page"}],"author":[{"embeddable":true,"href":"https:\/\/cubswp.com\/eclat\/index.php\/wp-json\/wp\/v2\/users\/2"}],"replies":[{"embeddable":true,"href":"https:\/\/cubswp.com\/eclat\/index.php\/wp-json\/wp\/v2\/comments?post=27"}],"version-history":[{"count":11,"href":"https:\/\/cubswp.com\/eclat\/index.php\/wp-json\/wp\/v2\/pages\/27\/revisions"}],"predecessor-version":[{"id":81,"href":"https:\/\/cubswp.com\/eclat\/index.php\/wp-json\/wp\/v2\/pages\/27\/revisions\/81"}],"wp:attachment":[{"href":"https:\/\/cubswp.com\/eclat\/index.php\/wp-json\/wp\/v2\/media?parent=27"}],"curies":[{"name":"wp","href":"https:\/\/api.w.org\/{rel}","templated":true}]}}