{"id":47,"date":"2025-05-13T10:56:20","date_gmt":"2025-05-13T10:56:20","guid":{"rendered":"https:\/\/cubswp.com\/eventplaner\/?page_id=47"},"modified":"2025-05-29T15:46:37","modified_gmt":"2025-05-29T15:46:37","slug":"inicio","status":"publish","type":"page","link":"https:\/\/cubswp.com\/eventplaner\/","title":{"rendered":"Inicio"},"content":{"rendered":"\n<div class=\"wp-block-uagb-container uagb-block-0f60c8cf alignfull uagb-is-root-container\"><div class=\"uagb-container-inner-blocks-wrap\">\n<div class=\"wp-block-uagb-advanced-heading uagb-block-275c1ebb\"><h2 class=\"uagb-heading-text\">Agencia de Organizaci\u00f3n de Eventos<\/h2><\/div>\n<\/div><\/div>\n\n\n\n<p style=\"padding-top:0;padding-bottom:0\"><\/p>\n\n\n\n<div data-aos= \"flip-down\" data-aos-duration=\"400\" data-aos-delay=\"0\" data-aos-easing=\"ease\" data-aos-once=\"true\" class=\"wp-block-uagb-advanced-heading uagb-block-fb8f5fba\"><h2 class=\"uagb-heading-text\">\u00a1 Hacemos realidad tus eventos so\u00f1ados !<\/h2><\/div>\n\n\n\n<div class=\"wp-block-uagb-container uagb-block-4341ae96 alignfull uagb-is-root-container\"><div class=\"uagb-container-inner-blocks-wrap\">\n<div class=\"wp-block-uagb-container uagb-block-6056c8fb\">\n<div data-aos= \"fade-left\" data-aos-duration=\"400\" data-aos-delay=\"0\" data-aos-easing=\"ease\" data-aos-once=\"true\" class=\"wp-block-uagb-image uagb-block-4e2ba8a1 wp-block-uagb-image--layout-default wp-block-uagb-image--effect-static wp-block-uagb-image--align-none\"><figure class=\"wp-block-uagb-image__figure\"><img decoding=\"async\" srcset=\"https:\/\/cubswp.com\/eventplaner\/wp-content\/uploads\/2025\/05\/fotoinicio.jpg ,https:\/\/cubswp.com\/eventplaner\/wp-content\/uploads\/2025\/05\/fotoinicio.jpg 780w, https:\/\/cubswp.com\/eventplaner\/wp-content\/uploads\/2025\/05\/fotoinicio.jpg 360w\" sizes=\"auto, (max-width: 480px) 150px\" src=\"https:\/\/cubswp.com\/eventplaner\/wp-content\/uploads\/2025\/05\/fotoinicio.jpg\" alt=\"\" class=\"uag-image-65\" width=\"580\" height=\"376\" title=\"fotoinicio\" loading=\"lazy\" role=\"img\"\/><\/figure><\/div>\n<\/div>\n\n\n\n<div data-aos= \"fade-right\" data-aos-duration=\"400\" data-aos-delay=\"0\" data-aos-easing=\"ease\" data-aos-once=\"true\" class=\"wp-block-uagb-container uagb-block-e09470ef\">\n<p class=\"has-ast-global-color-8-color has-text-color has-link-color wp-elements-abf8a606f7dab3fba2ff0aa05246aeac\">En EventPlaners, convertimos ideas en momentos \u00fanicos. Somos una empresa especializada en la <strong>organizaci\u00f3n integral de eventos<\/strong> sociales, corporativos y culturales. Desde peque\u00f1as celebraciones hasta grandes producciones, nuestro compromiso es ofrecerte una experiencia cuidada al detalle, creativa y totalmente personalizada.<\/p>\n\n\n\n<p class=\"has-ast-global-color-8-color has-text-color has-link-color wp-elements-fba388491829d885308b2901e9a660eb\">Nos apasiona dise\u00f1ar eventos que emocionan, conectan y dejan huella. Trabajamos contigo de principio a fin para hacer realidad tu visi\u00f3n, con un equipo profesional, din\u00e1mico y cercano, que se encarga de todo: planificaci\u00f3n, coordinaci\u00f3n, ambientaci\u00f3n, proveedores, log\u00edstica\u2026 \u00a1y mucho m\u00e1s!<\/p>\n\n\n\n<p class=\"has-ast-global-color-8-color has-text-color has-link-color wp-elements-a24f65ef8b13d27e6bc00d1a7e44cbe5\"><strong>Bodas, cumplea\u00f1os, eventos de empresa, presentaciones, lanzamientos, festivales&#8230;<\/strong><br>Sea cual sea tu idea, nosotros la hacemos posible.<\/p>\n<\/div>\n<\/div><\/div>\n\n\n\n<div class=\"wp-block-uagb-container uagb-block-2c9343d5 alignfull uagb-is-root-container\"><div class=\"uagb-container-inner-blocks-wrap\">\n<div data-aos= \"fade-left\" data-aos-duration=\"400\" data-aos-delay=\"0\" data-aos-easing=\"ease\" data-aos-once=\"true\" class=\"wp-block-uagb-container uagb-block-f85640e1\">\n<p class=\"has-ast-global-color-1-color has-text-color has-link-color has-medium-font-size wp-elements-835a8f8a39aecb19f8f9c5adabbe3a6a\">\u00a1Nos encargamos de absolutamente TODO, para que tu evento sea excepcional!<\/p>\n\n\n\n<ul class=\"wp-block-list\">\n<li class=\"has-ast-global-color-8-color has-text-color has-link-color wp-elements-7d8a94279672335bcc362eba2568eabf\">\ud83c\udf89 Dise\u00f1o y planificaci\u00f3n integral de eventos<\/li>\n\n\n\n<li class=\"has-ast-global-color-8-color has-text-color has-link-color wp-elements-2bf6ffacf438111daf775e318b66dedb\">\ud83d\udccd B\u00fasqueda y gesti\u00f3n de espacios<\/li>\n\n\n\n<li class=\"has-ast-global-color-8-color has-text-color has-link-color wp-elements-a81ce90b258442fa02377548063665be\">\ud83c\udf7d\ufe0f Catering y gastronom\u00eda personalizada<\/li>\n\n\n\n<li class=\"has-ast-global-color-8-color has-text-color has-link-color wp-elements-c4a23f390735d17e25587a2c3ee7553b\">\ud83c\udfb6 M\u00fasica y entretenimiento en vivo \/ DJ<\/li>\n\n\n\n<li class=\"has-ast-global-color-8-color has-text-color has-link-color wp-elements-4e218cdcd04777371dfebfb1929acab0\">\ud83c\udfa4 Equipos de sonido e iluminaci\u00f3n<\/li>\n\n\n\n<li class=\"has-ast-global-color-8-color has-text-color has-link-color wp-elements-a6a5b5c88707b2bcdef28cf3d26c342d\">\ud83c\udfa8 Decoraci\u00f3n tem\u00e1tica y ambientaci\u00f3n<\/li>\n\n\n\n<li class=\"has-ast-global-color-8-color has-text-color has-link-color wp-elements-c53d27d0815582201e94cace02176589\">\ud83d\udcf8 Fotograf\u00eda y v\u00eddeo profesional<\/li>\n\n\n\n<li class=\"has-ast-global-color-8-color has-text-color has-link-color wp-elements-34bf1b628d7480e7f2cea04d63d4de27\">\ud83d\ude8c Log\u00edstica y transporte<\/li>\n\n\n\n<li class=\"has-ast-global-color-8-color has-text-color has-link-color wp-elements-45830b375e60221793b02c73ff008e2f\">\ud83d\udee1\ufe0f Coordinaci\u00f3n y seguridad del evento<\/li>\n<\/ul>\n<\/div>\n\n\n\n<div class=\"wp-block-uagb-container uagb-block-c078ed3a\">\n<div data-aos= \"fade-right\" data-aos-duration=\"400\" data-aos-delay=\"0\" data-aos-easing=\"ease\" data-aos-once=\"true\" class=\"wp-block-uagb-image uagb-block-00df02ec wp-block-uagb-image--layout-default wp-block-uagb-image--effect-static wp-block-uagb-image--align-none\"><figure class=\"wp-block-uagb-image__figure\"><img decoding=\"async\" srcset=\"https:\/\/cubswp.com\/eventplaner\/wp-content\/uploads\/2025\/05\/Event-Planers.jpg ,https:\/\/cubswp.com\/eventplaner\/wp-content\/uploads\/2025\/05\/Event-Planers.jpg 780w, https:\/\/cubswp.com\/eventplaner\/wp-content\/uploads\/2025\/05\/Event-Planers.jpg 360w\" sizes=\"auto, (max-width: 480px) 150px\" src=\"https:\/\/cubswp.com\/eventplaner\/wp-content\/uploads\/2025\/05\/Event-Planers.jpg\" alt=\"\" class=\"uag-image-57\" width=\"900\" height=\"600\" title=\"Event Planers\" loading=\"lazy\" role=\"img\"\/><\/figure><\/div>\n<\/div>\n<\/div><\/div>\n\n\n\n<div class=\"wp-block-uagb-container uagb-block-393fc72a alignfull uagb-is-root-container\"><div class=\"uagb-container-inner-blocks-wrap\">\n<div class=\"wp-block-uagb-container uagb-block-46add1a6\">\n<div data-aos= \"fade-left\" data-aos-duration=\"400\" data-aos-delay=\"0\" data-aos-easing=\"ease\" data-aos-once=\"true\" class=\"wp-block-uagb-image uagb-block-8ee7cb5f wp-block-uagb-image--layout-default wp-block-uagb-image--effect-static wp-block-uagb-image--align-none\"><figure class=\"wp-block-uagb-image__figure\"><img decoding=\"async\" srcset=\"https:\/\/cubswp.com\/eventplaner\/wp-content\/uploads\/2025\/05\/evento-corporativo.jpg ,https:\/\/cubswp.com\/eventplaner\/wp-content\/uploads\/2025\/05\/evento-corporativo.jpg 780w, https:\/\/cubswp.com\/eventplaner\/wp-content\/uploads\/2025\/05\/evento-corporativo.jpg 360w\" sizes=\"auto, (max-width: 480px) 150px\" src=\"https:\/\/cubswp.com\/eventplaner\/wp-content\/uploads\/2025\/05\/evento-corporativo.jpg\" alt=\"\" class=\"uag-image-143\" width=\"880\" height=\"528\" title=\"evento-corporativo\" loading=\"lazy\" role=\"img\"\/><\/figure><\/div>\n<\/div>\n\n\n\n<div data-aos= \"fade-right\" data-aos-duration=\"400\" data-aos-delay=\"0\" data-aos-easing=\"ease\" data-aos-once=\"true\" class=\"wp-block-uagb-container uagb-block-05c18a48\">\n<p class=\"has-ast-global-color-1-color has-text-color has-link-color has-medium-font-size wp-elements-ca5a213a996e59631fd5de465a46bd00\">\u00bfPor qu\u00e9 elegirnos a nosotros?<\/p>\n\n\n\n<p class=\"has-ast-global-color-8-color has-text-color has-link-color wp-elements-cf0b6d69c05008be4779b1bc214a57c6\">Organizar un evento es mucho m\u00e1s que coordinar fechas y proveedores: es transformar una idea en una experiencia memorable. En EventPlaners, ponemos coraz\u00f3n, creatividad y precisi\u00f3n en cada proyecto. Esto es lo que nos diferencia:<\/p>\n\n\n\n<ul class=\"wp-block-list\">\n<li class=\"has-ast-global-color-8-color has-text-color has-link-color wp-elements-c003302f4ce94998455573c2f83309a3\">Experiencia en el sector<\/li>\n\n\n\n<li class=\"has-ast-global-color-8-color has-text-color has-link-color wp-elements-c24373c119a5ac672f4195a9d41510dd\">Equipo multidisciplinar<\/li>\n\n\n\n<li class=\"has-ast-global-color-8-color has-text-color has-link-color wp-elements-e514d4b3e9099ce6c97a4f8ae82505be\">Personalizaci\u00f3n total<\/li>\n\n\n\n<li class=\"has-ast-global-color-8-color has-text-color has-link-color wp-elements-10b1791bc1733251ebd26162a81d6145\">Red de proveedores de confianza<\/li>\n\n\n\n<li class=\"has-ast-global-color-8-color has-text-color has-link-color wp-elements-53db69fd433214062029e2e824c70e18\">Innovaci\u00f3n y creatividad<\/li>\n<\/ul>\n<\/div>\n<\/div><\/div>\n\n\n\n<div data-aos= \"slide-up\" data-aos-duration=\"400\" data-aos-delay=\"0\" data-aos-easing=\"ease\" data-aos-once=\"true\" class=\"wp-block-uagb-container uagb-block-8b0fed47 alignfull uagb-is-root-container\"><div class=\"uagb-container-inner-blocks-wrap\">\n<div class=\"wp-block-uagb-container uagb-block-e4fefb46\">\n<p class=\"has-ast-global-color-1-color has-text-color has-link-color has-medium-font-size wp-elements-63a14fc043b957cd30d8e3db59a63e40\"> \u00a1<strong>Un evento muy especial para una familia muy especial<\/strong>!<\/p>\n\n\n\n<p class=\"has-ast-global-color-5-color has-text-color has-link-color wp-elements-feb03c5be9a646a4aea484e221dc23ca\">En EventPlaner, tenemos el privilegio de haber organizado celebraciones \u00fanicas para personas \u00fanicas\u2026 \u00a1incluyendo el cumplea\u00f1os del hijo peque\u00f1o de <strong>Lionel Messi<\/strong>!<\/p>\n\n\n\n<p class=\"has-ast-global-color-5-color has-text-color has-link-color wp-elements-3d3ad17fc5bb0e37663c2386486038f9\">Dise\u00f1amos una fiesta infantil inolvidable, cuidando cada detalle: desde la tem\u00e1tica personalizada hasta la ambientaci\u00f3n, la animaci\u00f3n y el catering. Todo pensado para que el peque\u00f1o, su familia y sus invitados vivieran un d\u00eda lleno de magia, diversi\u00f3n y emociones.<\/p>\n\n\n\n<p class=\"has-ast-global-color-5-color has-text-color has-link-color wp-elements-98aa5be575d0c0a2e2d9d2bf2a2898d3\">Este evento no solo nos desafi\u00f3 a trabajar con la m\u00e1xima discreci\u00f3n y profesionalidad, sino que reafirm\u00f3 nuestro compromiso con la <strong>excelencia<\/strong>, la <strong>creatividad<\/strong> y la <strong>confianza<\/strong> que nos brindan nuestros clientes.<\/p>\n\n\n\n<p class=\"has-ast-global-color-5-color has-text-color has-link-color wp-elements-f75a2e4a9ee55e17348d23bb0fa81a19\">\ud83d\udcac <em>\u201cTodo fue perfecto. Gracias por hacer este d\u00eda tan especial.\u201d<\/em><br>\u2013 Familia Messi<\/p>\n<\/div>\n\n\n\n<div class=\"wp-block-uagb-container uagb-block-8b627a7e\">\n<div class=\"wp-block-uagb-image uagb-block-b21aed77 wp-block-uagb-image--layout-default wp-block-uagb-image--effect-static wp-block-uagb-image--align-none\"><figure class=\"wp-block-uagb-image__figure\"><img decoding=\"async\" srcset=\"https:\/\/cubswp.com\/eventplaner\/wp-content\/uploads\/2025\/05\/leo-messi-y-antonella-roccuzzo-fiesta-de-cumpleanos_d38465ec_674x787.png ,https:\/\/cubswp.com\/eventplaner\/wp-content\/uploads\/2025\/05\/leo-messi-y-antonella-roccuzzo-fiesta-de-cumpleanos_d38465ec_674x787.png 780w, https:\/\/cubswp.com\/eventplaner\/wp-content\/uploads\/2025\/05\/leo-messi-y-antonella-roccuzzo-fiesta-de-cumpleanos_d38465ec_674x787.png 360w\" sizes=\"auto, (max-width: 480px) 150px\" src=\"https:\/\/cubswp.com\/eventplaner\/wp-content\/uploads\/2025\/05\/leo-messi-y-antonella-roccuzzo-fiesta-de-cumpleanos_d38465ec_674x787.png\" alt=\"\" class=\"uag-image-115\" width=\"570\" height=\"665\" title=\"leo-messi-y-antonella-roccuzzo-fiesta-de-cumpleanos_d38465ec_674x787\" loading=\"lazy\" role=\"img\"\/><\/figure><\/div>\n<\/div>\n<\/div><\/div>\n\n\n\n<div class=\"wp-block-uagb-container uagb-block-753fed00 alignfull uagb-is-root-container\"><div class=\"uagb-container-inner-blocks-wrap\">\n<div class=\"wp-block-uagb-advanced-heading uagb-block-0f5e8aa1\"><h2 class=\"uagb-heading-text\">En el siguiente video se puede observar como trabajamos:<\/h2><\/div>\n\n\n\n<figure class=\"wp-block-embed is-type-video is-provider-youtube wp-block-embed-youtube wp-embed-aspect-16-9 wp-has-aspect-ratio\"><div class=\"wp-block-embed__wrapper\">\n<iframe loading=\"lazy\" title=\"Corporate Event Timelapse | 360\u00ba AV production Service | DUSHOW Spain\" width=\"500\" height=\"281\" src=\"https:\/\/www.youtube.com\/embed\/TrdSO-DQJ4k?feature=oembed\" frameborder=\"0\" allow=\"accelerometer; autoplay; clipboard-write; encrypted-media; gyroscope; picture-in-picture; web-share\" referrerpolicy=\"strict-origin-when-cross-origin\" allowfullscreen><\/iframe>\n<\/div><\/figure>\n<\/div><\/div>\n\n\n\n<div class=\"wp-block-uagb-container uagb-block-0caedce8 alignfull uagb-is-root-container\"><div class=\"uagb-container-inner-blocks-wrap\">\n<div class=\"wp-block-uagb-container uagb-block-7545f686\">\n<div class=\"wp-block-uagb-buttons uagb-buttons__outer-wrap uagb-btn__default-btn uagb-btn-tablet__default-btn uagb-btn-mobile__default-btn uagb-block-e80ec378\"><div class=\"uagb-buttons__wrap uagb-buttons-layout-wrap \">\n<div data-aos= \"fade-down\" data-aos-duration=\"400\" data-aos-delay=\"0\" data-aos-easing=\"ease\" data-aos-once=\"true\" class=\"wp-block-uagb-buttons-child uagb-buttons__outer-wrap uagb-block-47937e9b wp-block-button\"><div class=\"uagb-button__wrapper\"><a class=\"uagb-buttons-repeater wp-block-button__link\" aria-label=\"\" href=\"https:\/\/cubswp.com\/eventplaner\/index.php\/eventos-recomendados\/\" rel=\"follow noopener\" target=\"_self\" role=\"button\"><div class=\"uagb-button__link\">Consulta nuestros eventos recomendados <\/div><\/a><\/div><\/div>\n<\/div><\/div>\n<\/div>\n\n\n\n<div class=\"wp-block-uagb-container uagb-block-54283280\">\n<div class=\"wp-block-uagb-buttons uagb-buttons__outer-wrap uagb-btn__default-btn uagb-btn-tablet__default-btn uagb-btn-mobile__default-btn uagb-block-cb6343d6\"><div class=\"uagb-buttons__wrap uagb-buttons-layout-wrap \">\n<div data-aos= \"fade-down\" data-aos-duration=\"400\" data-aos-delay=\"0\" data-aos-easing=\"ease\" data-aos-once=\"true\" class=\"wp-block-uagb-buttons-child uagb-buttons__outer-wrap uagb-block-90039d2b wp-block-button\"><div class=\"uagb-button__wrapper\"><a class=\"uagb-buttons-repeater wp-block-button__link\" aria-label=\"\" href=\"https:\/\/cubswp.com\/eventplaner\/index.php\/sobre-nosotros\/\" rel=\"follow noopener\" target=\"_self\" role=\"button\"><div class=\"uagb-button__link\">Contactanos<\/div><\/a><\/div><\/div>\n<\/div><\/div>\n<\/div>\n<\/div><\/div>\n\n\n\n<div class=\"wp-block-uagb-container uagb-block-c06f7e7f alignfull uagb-is-root-container\"><div class=\"uagb-container-inner-blocks-wrap\"><\/div><\/div>\n","protected":false},"excerpt":{"rendered":"<p>Agencia de Organizaci\u00f3n de Eventos \u00a1 Hacemos realidad tus eventos so\u00f1ados ! En EventPlaners, convertimos ideas en momentos \u00fanicos. Somos [&hellip;]<\/p>\n","protected":false},"author":1,"featured_media":0,"parent":0,"menu_order":0,"comment_status":"closed","ping_status":"closed","template":"","meta":{"_uag_custom_page_level_css":"","site-sidebar-layout":"default","site-content-layout":"","ast-site-content-layout":"","site-content-style":"default","site-sidebar-style":"default","ast-global-header-display":"","ast-banner-title-visibility":"","ast-main-header-display":"","ast-hfb-above-header-display":"","ast-hfb-below-header-display":"","ast-hfb-mobile-header-display":"","site-post-title":"disabled","ast-breadcrumbs-content":"","ast-featured-img":"","footer-sml-layout":"","ast-disable-related-posts":"","theme-transparent-header-meta":"","adv-header-id-meta":"","stick-header-meta":"","header-above-stick-meta":"","header-main-stick-meta":"","header-below-stick-meta":"","astra-migrate-meta-layouts":"default","ast-page-background-enabled":"default","ast-page-background-meta":{"desktop":{"background-color":"var(--ast-global-color-5)","background-image":"","background-repeat":"repeat","background-position":"center center","background-size":"auto","background-attachment":"scroll","background-type":"","background-media":"","overlay-type":"","overlay-color":"","overlay-opacity":"","overlay-gradient":""},"tablet":{"background-color":"","background-image":"","background-repeat":"repeat","background-position":"center center","background-size":"auto","background-attachment":"scroll","background-type":"","background-media":"","overlay-type":"","overlay-color":"","overlay-opacity":"","overlay-gradient":""},"mobile":{"background-color":"","background-image":"","background-repeat":"repeat","background-position":"center center","background-size":"auto","background-attachment":"scroll","background-type":"","background-media":"","overlay-type":"","overlay-color":"","overlay-opacity":"","overlay-gradient":""}},"ast-content-background-meta":{"desktop":{"background-color":"var(--ast-global-color-4)","background-image":"","background-repeat":"repeat","background-position":"center center","background-size":"auto","background-attachment":"scroll","background-type":"","background-media":"","overlay-type":"","overlay-color":"","overlay-opacity":"","overlay-gradient":""},"tablet":{"background-color":"var(--ast-global-color-4)","background-image":"","background-repeat":"repeat","background-position":"center center","background-size":"auto","background-attachment":"scroll","background-type":"","background-media":"","overlay-type":"","overlay-color":"","overlay-opacity":"","overlay-gradient":""},"mobile":{"background-color":"var(--ast-global-color-4)","background-image":"","background-repeat":"repeat","background-position":"center center","background-size":"auto","background-attachment":"scroll","background-type":"","background-media":"","overlay-type":"","overlay-color":"","overlay-opacity":"","overlay-gradient":""}},"footnotes":""},"class_list":["post-47","page","type-page","status-publish","hentry"],"uagb_featured_image_src":{"full":false,"thumbnail":false,"medium":false,"medium_large":false,"large":false,"1536x1536":false,"2048x2048":false},"uagb_author_info":{"display_name":"admin","author_link":"https:\/\/cubswp.com\/eventplaner\/index.php\/author\/admin_eventplaner\/"},"uagb_comment_info":0,"uagb_excerpt":"Agencia de Organizaci\u00f3n de Eventos \u00a1 Hacemos realidad tus eventos so\u00f1ados ! En EventPlaners, convertimos ideas en momentos \u00fanicos. Somos [&hellip;]","_links":{"self":[{"href":"https:\/\/cubswp.com\/eventplaner\/index.php\/wp-json\/wp\/v2\/pages\/47","targetHints":{"allow":["GET"]}}],"collection":[{"href":"https:\/\/cubswp.com\/eventplaner\/index.php\/wp-json\/wp\/v2\/pages"}],"about":[{"href":"https:\/\/cubswp.com\/eventplaner\/index.php\/wp-json\/wp\/v2\/types\/page"}],"author":[{"embeddable":true,"href":"https:\/\/cubswp.com\/eventplaner\/index.php\/wp-json\/wp\/v2\/users\/1"}],"replies":[{"embeddable":true,"href":"https:\/\/cubswp.com\/eventplaner\/index.php\/wp-json\/wp\/v2\/comments?post=47"}],"version-history":[{"count":32,"href":"https:\/\/cubswp.com\/eventplaner\/index.php\/wp-json\/wp\/v2\/pages\/47\/revisions"}],"predecessor-version":[{"id":204,"href":"https:\/\/cubswp.com\/eventplaner\/index.php\/wp-json\/wp\/v2\/pages\/47\/revisions\/204"}],"wp:attachment":[{"href":"https:\/\/cubswp.com\/eventplaner\/index.php\/wp-json\/wp\/v2\/media?parent=47"}],"curies":[{"name":"wp","href":"https:\/\/api.w.org\/{rel}","templated":true}]}}