{"id":72,"date":"2025-05-13T11:27:37","date_gmt":"2025-05-13T11:27:37","guid":{"rendered":"https:\/\/cubswp.com\/eventplaner\/?page_id=72"},"modified":"2025-05-29T15:48:54","modified_gmt":"2025-05-29T15:48:54","slug":"sobre-nosotros","status":"publish","type":"page","link":"https:\/\/cubswp.com\/eventplaner\/index.php\/sobre-nosotros\/","title":{"rendered":"Sobre nosotros"},"content":{"rendered":"\n<h2 class=\"wp-block-heading has-ast-global-color-5-color has-ast-global-color-0-background-color has-text-color has-background has-link-color wp-elements-96117f21978d7ba7685e5e9d16bdccf6\">Sobre nosotros<\/h2>\n\n\n\n<p class=\"has-ast-global-color-1-color has-text-color has-link-color has-medium-font-size wp-elements-8dc0fb340ca91945fda37efd9018fc83\">\u00a1<strong>Creamos momentos que se convierten en recuerdos inolvidables<\/strong>!<\/p>\n\n\n\n<p>En Event Planers, nos apasiona dise\u00f1ar experiencias \u00fanicas que conectan, emocionan e inspiran. Somos una agencia de eventos con un enfoque creativo, profesional y cercano. Desde la primera idea hasta el \u00faltimo detalle, nos encargamos de todo para que t\u00fa solo te preocupes de disfrutar.<\/p>\n\n\n\n<p>Ya sea una boda \u00edntima, una fiesta espectacular, un evento corporativo o una presentaci\u00f3n de marca, nuestro equipo trabaja con pasi\u00f3n y precisi\u00f3n para dar forma a lo que imaginas\u2026 y superarlo. Apostamos por la innovaci\u00f3n, el dise\u00f1o personalizado y la excelencia en cada proyecto, cuidando cada elemento para que tu evento sea simplemente perfecto.<\/p>\n\n\n\n<p class=\"has-ast-global-color-1-color has-text-color has-link-color has-medium-font-size wp-elements-3768051de83a552648535cbe8e782569\"><strong>Nos mueve la ilusi\u00f3n de hacer realidad la tuya.<\/strong><\/p>\n\n\n\n<p>\u00bfEmpezamos a crear algo \u00fanico juntos?<\/p>\n\n\n\n<div class=\"wp-block-uagb-buttons uagb-buttons__outer-wrap uagb-btn__default-btn uagb-btn-tablet__default-btn uagb-btn-mobile__default-btn uagb-block-52fdf1f9\"><div class=\"uagb-buttons__wrap uagb-buttons-layout-wrap \">\n<div class=\"wp-block-uagb-buttons-child uagb-buttons__outer-wrap uagb-block-18be9a4c wp-block-button\"><div class=\"uagb-button__wrapper\"><a class=\"uagb-buttons-repeater wp-block-button__link\" aria-label=\"\" href=\"https:\/\/cubswp.com\/eventplaner\/index.php\/eventos-recomendados\/\" rel=\"follow noopener\" target=\"_self\" role=\"button\"><div class=\"uagb-button__link\">Eventos recomendados<\/div><\/a><\/div><\/div>\n<\/div><\/div>\n\n\n\n<h2 class=\"wp-block-heading has-white-color has-ast-global-color-0-background-color has-text-color has-background has-link-color wp-elements-3a6fd368040a5b19597ab6256ae786d3\">Contacto<\/h2>\n\n\n\n<p>Telefono: +34 666666666<\/p>\n\n\n\n<p>Gmail: eventplaners@gmail.com<\/p>\n\n\n\n<p>Instagram: event.planers<\/p>\n\n\n\n<p>Twitter: eventplaners<\/p>\n\n\n\n<div class=\"wp-block-uagb-image aligncenter uagb-block-5f9d6fb5 wp-block-uagb-image--layout-default wp-block-uagb-image--effect-static wp-block-uagb-image--align-center\"><figure class=\"wp-block-uagb-image__figure\"><img decoding=\"async\" srcset=\"https:\/\/cubswp.com\/eventplaner\/wp-content\/uploads\/2025\/05\/backroundimage-1.jpg ,https:\/\/cubswp.com\/eventplaner\/wp-content\/uploads\/2025\/05\/backroundimage-1.jpg 780w, https:\/\/cubswp.com\/eventplaner\/wp-content\/uploads\/2025\/05\/backroundimage-1.jpg 360w\" sizes=\"auto, (max-width: 480px) 150px\" src=\"https:\/\/cubswp.com\/eventplaner\/wp-content\/uploads\/2025\/05\/backroundimage-1.jpg\" alt=\"\" class=\"uag-image-110\" width=\"664\" height=\"382\" title=\"backroundimage\" loading=\"lazy\" role=\"img\"\/><\/figure><\/div>\n","protected":false},"excerpt":{"rendered":"<p>Sobre nosotros \u00a1Creamos momentos que se convierten en recuerdos inolvidables! En Event Planers, nos apasiona dise\u00f1ar experiencias \u00fanicas que conectan, [&hellip;]<\/p>\n","protected":false},"author":2,"featured_media":0,"parent":0,"menu_order":0,"comment_status":"closed","ping_status":"closed","template":"","meta":{"_uag_custom_page_level_css":"","site-sidebar-layout":"default","site-content-layout":"","ast-site-content-layout":"","site-content-style":"default","site-sidebar-style":"default","ast-global-header-display":"","ast-banner-title-visibility":"","ast-main-header-display":"","ast-hfb-above-header-display":"","ast-hfb-below-header-display":"","ast-hfb-mobile-header-display":"","site-post-title":"disabled","ast-breadcrumbs-content":"","ast-featured-img":"","footer-sml-layout":"","ast-disable-related-posts":"","theme-transparent-header-meta":"","adv-header-id-meta":"","stick-header-meta":"","header-above-stick-meta":"","header-main-stick-meta":"","header-below-stick-meta":"","astra-migrate-meta-layouts":"default","ast-page-background-enabled":"default","ast-page-background-meta":{"desktop":{"background-color":"var(--ast-global-color-5)","background-image":"","background-repeat":"repeat","background-position":"center center","background-size":"auto","background-attachment":"scroll","background-type":"","background-media":"","overlay-type":"","overlay-color":"","overlay-opacity":"","overlay-gradient":""},"tablet":{"background-color":"","background-image":"","background-repeat":"repeat","background-position":"center center","background-size":"auto","background-attachment":"scroll","background-type":"","background-media":"","overlay-type":"","overlay-color":"","overlay-opacity":"","overlay-gradient":""},"mobile":{"background-color":"","background-image":"","background-repeat":"repeat","background-position":"center center","background-size":"auto","background-attachment":"scroll","background-type":"","background-media":"","overlay-type":"","overlay-color":"","overlay-opacity":"","overlay-gradient":""}},"ast-content-background-meta":{"desktop":{"background-color":"var(--ast-global-color-4)","background-image":"","background-repeat":"repeat","background-position":"center center","background-size":"auto","background-attachment":"scroll","background-type":"","background-media":"","overlay-type":"","overlay-color":"","overlay-opacity":"","overlay-gradient":""},"tablet":{"background-color":"var(--ast-global-color-4)","background-image":"","background-repeat":"repeat","background-position":"center center","background-size":"auto","background-attachment":"scroll","background-type":"","background-media":"","overlay-type":"","overlay-color":"","overlay-opacity":"","overlay-gradient":""},"mobile":{"background-color":"var(--ast-global-color-4)","background-image":"","background-repeat":"repeat","background-position":"center center","background-size":"auto","background-attachment":"scroll","background-type":"","background-media":"","overlay-type":"","overlay-color":"","overlay-opacity":"","overlay-gradient":""}},"footnotes":""},"class_list":["post-72","page","type-page","status-publish","hentry"],"uagb_featured_image_src":{"full":false,"thumbnail":false,"medium":false,"medium_large":false,"large":false,"1536x1536":false,"2048x2048":false},"uagb_author_info":{"display_name":"Markel S\u00e1nchez","author_link":"https:\/\/cubswp.com\/eventplaner\/index.php\/author\/matxe\/"},"uagb_comment_info":0,"uagb_excerpt":"Sobre nosotros \u00a1Creamos momentos que se convierten en recuerdos inolvidables! En Event Planers, nos apasiona dise\u00f1ar experiencias \u00fanicas que conectan, [&hellip;]","_links":{"self":[{"href":"https:\/\/cubswp.com\/eventplaner\/index.php\/wp-json\/wp\/v2\/pages\/72","targetHints":{"allow":["GET"]}}],"collection":[{"href":"https:\/\/cubswp.com\/eventplaner\/index.php\/wp-json\/wp\/v2\/pages"}],"about":[{"href":"https:\/\/cubswp.com\/eventplaner\/index.php\/wp-json\/wp\/v2\/types\/page"}],"author":[{"embeddable":true,"href":"https:\/\/cubswp.com\/eventplaner\/index.php\/wp-json\/wp\/v2\/users\/2"}],"replies":[{"embeddable":true,"href":"https:\/\/cubswp.com\/eventplaner\/index.php\/wp-json\/wp\/v2\/comments?post=72"}],"version-history":[{"count":12,"href":"https:\/\/cubswp.com\/eventplaner\/index.php\/wp-json\/wp\/v2\/pages\/72\/revisions"}],"predecessor-version":[{"id":208,"href":"https:\/\/cubswp.com\/eventplaner\/index.php\/wp-json\/wp\/v2\/pages\/72\/revisions\/208"}],"wp:attachment":[{"href":"https:\/\/cubswp.com\/eventplaner\/index.php\/wp-json\/wp\/v2\/media?parent=72"}],"curies":[{"name":"wp","href":"https:\/\/api.w.org\/{rel}","templated":true}]}}