{"id":75,"date":"2025-05-13T11:21:49","date_gmt":"2025-05-13T11:21:49","guid":{"rendered":"https:\/\/cubswp.com\/eventplaner\/?page_id=75"},"modified":"2025-05-29T15:45:56","modified_gmt":"2025-05-29T15:45:56","slug":"eventos-recomendados","status":"publish","type":"page","link":"https:\/\/cubswp.com\/eventplaner\/index.php\/eventos-recomendados\/","title":{"rendered":"Nuestros eventos"},"content":{"rendered":"\n<div class=\"wp-block-uagb-container uagb-block-0f60c8cf alignfull uagb-is-root-container\"><div class=\"uagb-container-inner-blocks-wrap\">\n<div class=\"wp-block-uagb-advanced-heading uagb-block-275c1ebb\"><h2 class=\"uagb-heading-text\">Nuestros eventos<\/h2><\/div>\n<\/div><\/div>\n\n\n\n<p><\/p>\n\n\n\n<p class=\"has-text-align-center has-text-color has-link-color has-x-large-font-size wp-elements-27065d444d361b09bcfa1d87fe4756f7\" style=\"color:#c10fff\">\u00a1 Conoce nuestros eventos recomendados!<\/p>\n\n\n\n<div class=\"wp-block-uagb-container uagb-block-f4d01431 alignfull uagb-is-root-container\"><div class=\"uagb-container-inner-blocks-wrap\">\n<div class=\"wp-block-uagb-container uagb-block-9744f9e9\">\n<div class=\"wp-block-cover\"><img loading=\"lazy\" decoding=\"async\" width=\"960\" height=\"640\" class=\"wp-block-cover__image-background wp-image-148\" alt=\"\" src=\"https:\/\/cubswp.com\/eventplaner\/wp-content\/uploads\/2025\/05\/image-4.png\" data-object-fit=\"cover\" srcset=\"https:\/\/cubswp.com\/eventplaner\/wp-content\/uploads\/2025\/05\/image-4.png 960w, https:\/\/cubswp.com\/eventplaner\/wp-content\/uploads\/2025\/05\/image-4-300x200.png 300w, https:\/\/cubswp.com\/eventplaner\/wp-content\/uploads\/2025\/05\/image-4-768x512.png 768w\" sizes=\"auto, (max-width: 960px) 100vw, 960px\" \/><span aria-hidden=\"true\" class=\"wp-block-cover__background has-background-dim\"><\/span><div class=\"wp-block-cover__inner-container is-layout-flow wp-block-cover-is-layout-flow\">\n<p class=\"has-text-align-center has-ast-global-color-5-color has-text-color has-link-color has-large-font-size wp-elements-083de743a7ec1f3437d992e64ce60673\">BODA EN LA PLAYA<\/p>\n<\/div><\/div>\n<\/div>\n\n\n\n<div class=\"wp-block-uagb-container uagb-block-f274dc82\">\n<p class=\"has-black-color has-text-color has-link-color wp-elements-90160454034dc3925757eb238cb15dc6\"><strong>Celebra tu amor con el sonido del mar de fondo<\/strong><\/p>\n\n\n\n<p class=\"has-ast-global-color-8-color has-text-color has-link-color wp-elements-72050ae56b09a14460f70dd761c2b3fa\">Imagina dar el \u201cs\u00ed, acepto\u201d con los pies en la arena, bajo un cielo dorado al atardecer y rodeado de la brisa marina. Nuestras bodas en la playa combinan elegancia, naturaleza y romanticismo en un escenario inolvidable.<\/p>\n\n\n\n<p class=\"has-ast-global-color-8-color has-text-color has-link-color wp-elements-f6a80980225cb2842bc19e4340cd9f9d\">Ofrecemos paquetes personalizados, decoraci\u00f3n tem\u00e1tica, coordinaci\u00f3n completa y opciones gastron\u00f3micas frente al mar. Convierte tu gran d\u00eda en una experiencia m\u00e1gica<\/p>\n<\/div>\n<\/div><\/div>\n\n\n\n<div class=\"wp-block-uagb-container uagb-block-b93bb832 alignfull uagb-is-root-container\"><div class=\"uagb-container-inner-blocks-wrap\">\n<div class=\"wp-block-uagb-container uagb-block-be90a94d\">\n<div class=\"wp-block-cover\"><img loading=\"lazy\" decoding=\"async\" width=\"850\" height=\"567\" class=\"wp-block-cover__image-background wp-image-156\" alt=\"\" src=\"https:\/\/cubswp.com\/eventplaner\/wp-content\/uploads\/2025\/05\/image-5.png\" data-object-fit=\"cover\" srcset=\"https:\/\/cubswp.com\/eventplaner\/wp-content\/uploads\/2025\/05\/image-5.png 850w, https:\/\/cubswp.com\/eventplaner\/wp-content\/uploads\/2025\/05\/image-5-300x200.png 300w, https:\/\/cubswp.com\/eventplaner\/wp-content\/uploads\/2025\/05\/image-5-768x512.png 768w\" sizes=\"auto, (max-width: 850px) 100vw, 850px\" \/><span aria-hidden=\"true\" class=\"wp-block-cover__background has-background-dim\"><\/span><div class=\"wp-block-cover__inner-container is-layout-flow wp-block-cover-is-layout-flow\">\n<p class=\"has-text-align-center has-ast-global-color-5-color has-text-color has-link-color has-large-font-size wp-elements-9b96124129f980ac48dbd745343d443f\"><strong>\u00a1La despedida de soltera que siempre so\u00f1aste!<\/strong><\/p>\n<\/div><\/div>\n<\/div>\n\n\n\n<div class=\"wp-block-uagb-container uagb-block-7ea4e551\">\n<p class=\"has-ast-global-color-8-color has-text-color has-link-color wp-elements-168e60c486dd0a2f96f3d0cddd86e63f\"><strong>Risas, amigas y una fiesta para recordar<\/strong><\/p>\n\n\n\n<p class=\"has-ast-global-color-8-color has-text-color has-link-color wp-elements-6bf06610a8cf7ee976370a2e3004c26f\">Celebra el inicio de una nueva etapa con una fiesta inolvidable junto a tus amigas. Organizamos despedidas de soltera personalizadas, llenas de diversi\u00f3n, estilo y detalles \u00fanicos.<\/p>\n\n\n\n<p class=\"has-ast-global-color-8-color has-text-color has-link-color wp-elements-8bb4cc7cde0a683785b6c2dc3cc7dd6a\">Desde planes relajados con spa y c\u00f3cteles hasta noches tem\u00e1ticas con DJ, juegos y mucha energ\u00eda. T\u00fa eliges c\u00f3mo quieres festejar\u2026 nosotras lo hacemos realidad.<\/p>\n<\/div>\n<\/div><\/div>\n\n\n\n<p><\/p>\n\n\n\n<div class=\"wp-block-uagb-container uagb-block-3049aa54 alignfull uagb-is-root-container\"><div class=\"uagb-container-inner-blocks-wrap\">\n<div class=\"wp-block-uagb-container uagb-block-54892ada\">\n<div class=\"wp-block-cover\" style=\"min-height:423px;aspect-ratio:unset;\"><img loading=\"lazy\" decoding=\"async\" width=\"1024\" height=\"577\" class=\"wp-block-cover__image-background wp-image-99\" alt=\"\" src=\"https:\/\/cubswp.com\/eventplaner\/wp-content\/uploads\/2025\/05\/image-3-1024x577.png\" data-object-fit=\"cover\" srcset=\"https:\/\/cubswp.com\/eventplaner\/wp-content\/uploads\/2025\/05\/image-3-1024x577.png 1024w, https:\/\/cubswp.com\/eventplaner\/wp-content\/uploads\/2025\/05\/image-3-300x169.png 300w, https:\/\/cubswp.com\/eventplaner\/wp-content\/uploads\/2025\/05\/image-3-768x433.png 768w, https:\/\/cubswp.com\/eventplaner\/wp-content\/uploads\/2025\/05\/image-3-1536x865.png 1536w, https:\/\/cubswp.com\/eventplaner\/wp-content\/uploads\/2025\/05\/image-3.png 1640w\" sizes=\"auto, (max-width: 1024px) 100vw, 1024px\" \/><span aria-hidden=\"true\" class=\"wp-block-cover__background has-background-dim\"><\/span><div class=\"wp-block-cover__inner-container is-layout-flow wp-block-cover-is-layout-flow\">\n<p class=\"has-text-align-center has-ast-global-color-5-color has-text-color has-link-color has-large-font-size wp-elements-792e36b1265d9aa40401f4984d7e5633\"><strong>\u00a1Celebra tu graduaci\u00f3n por todo lo alto!<\/strong><\/p>\n<\/div><\/div>\n<\/div>\n\n\n\n<div class=\"wp-block-uagb-container uagb-block-36ea9e06\">\n<p class=\"has-ast-global-color-8-color has-text-color has-link-color wp-elements-83817c1cb55b47d06d6a1dd012adb1eb\"><strong>Un final, mil comienzos. \u00a1A celebrar!<\/strong><\/p>\n\n\n\n<p class=\"has-ast-global-color-8-color has-text-color has-link-color wp-elements-95508db9a05a2f1ef8427930e65bed0f\">Despu\u00e9s de tanto esfuerzo, lleg\u00f3 el momento de festejar como se merece. Organiza una fiesta de graduaci\u00f3n inolvidable, con todo lo que necesitas: m\u00fasica, luces, comida, decoraci\u00f3n tem\u00e1tica y un ambiente lleno de alegr\u00eda.<\/p>\n\n\n\n<p class=\"has-ast-global-color-8-color has-text-color has-link-color wp-elements-0c498acc0c93f6770949365e59f9ff64\">Ofrecemos paquetes a medida para graduaciones escolares, universitarias o privadas. Ya sea algo \u00edntimo o una gran celebraci\u00f3n, nos encargamos de cada detalle para que t\u00fa solo te preocupes por disfrutar.<\/p>\n<\/div>\n<\/div><\/div>\n\n\n\n<div class=\"wp-block-uagb-container uagb-block-5e5ac6e3 alignfull uagb-is-root-container\"><div class=\"uagb-container-inner-blocks-wrap\">\n<div class=\"wp-block-cover\"><img decoding=\"async\" class=\"wp-block-cover__image-background\" alt=\"Est\u00e1s pensando en organizar una celebraci\u00f3n de cumplea\u00f1os?\" src=\"https:\/\/elolivar.es\/olivar-content\/uploads\/2024\/08\/celebracion-cumpleanos.png\" data-object-fit=\"cover\"\/><span aria-hidden=\"true\" class=\"wp-block-cover__background has-background-dim\"><\/span><div class=\"wp-block-cover__inner-container is-layout-flow wp-block-cover-is-layout-flow\">\n<p class=\"has-text-align-center has-ast-global-color-5-color has-text-color has-link-color has-large-font-size wp-elements-35a6afc57587596f2cd952d581dfb62b\"><strong>\u00a1Haz de tu cumplea\u00f1os un d\u00eda inolvidable!<\/strong> \ud83c\udf82<\/p>\n<\/div><\/div>\n\n\n\n<div class=\"wp-block-uagb-container uagb-block-ebf1da60\">\n<p class=\"has-ast-global-color-8-color has-text-color\"><strong><mark style=\"background-color:rgba(0, 0, 0, 0);color:#000000\" class=\"has-inline-color\">Celebra tu d\u00eda como te mereces<\/mark>!!<\/strong><\/p>\n\n\n\n<p class=\"has-ast-global-color-8-color has-text-color has-link-color wp-elements-d1b6ee2d68ac9f7343add7dc6ba8fa69\">Celebra tu d\u00eda especial con una fiesta hecha a tu medida: decoraci\u00f3n tem\u00e1tica, m\u00fasica, juegos, catering delicioso y todos los detalles que hacen que una celebraci\u00f3n sea \u00fanica<\/p>\n\n\n\n<p class=\"has-ast-global-color-8-color has-text-color has-link-color wp-elements-478c580b2f7e01592d1095915ebf7a95\">Ofrecemos paquetes personalizados para todas las edades, desde fiestas infantiles llenas de magia hasta eventos elegantes para adultos. T\u00fa imaginas el momento, nosotros lo hacemos realidad.<\/p>\n<\/div>\n<\/div><\/div>\n\n\n\n<div class=\"wp-block-uagb-buttons uagb-buttons__outer-wrap uagb-btn__default-btn uagb-btn-tablet__default-btn uagb-btn-mobile__default-btn uagb-block-cf0dd8a4\"><div class=\"uagb-buttons__wrap uagb-buttons-layout-wrap \">\n<div class=\"wp-block-uagb-buttons-child uagb-buttons__outer-wrap uagb-block-b84ad6bd wp-block-button\"><div class=\"uagb-button__wrapper\"><a class=\"uagb-buttons-repeater wp-block-button__link\" aria-label=\"\" href=\"https:\/\/cubswp.com\/eventplaner\/index.php\/sobre-nosotros\/\" rel=\"follow noopener\" target=\"_self\" role=\"button\"><div class=\"uagb-button__link\">Cont\u00e1ctanos<\/div><\/a><\/div><\/div>\n<\/div><\/div>\n\n\n\n<p><\/p>\n","protected":false},"excerpt":{"rendered":"<p>Nuestros eventos \u00a1 Conoce nuestros eventos recomendados! Celebra tu amor con el sonido del mar de fondo Imagina dar el [&hellip;]<\/p>\n","protected":false},"author":4,"featured_media":0,"parent":0,"menu_order":0,"comment_status":"closed","ping_status":"closed","template":"","meta":{"_uag_custom_page_level_css":"","site-sidebar-layout":"default","site-content-layout":"","ast-site-content-layout":"","site-content-style":"default","site-sidebar-style":"default","ast-global-header-display":"","ast-banner-title-visibility":"","ast-main-header-display":"","ast-hfb-above-header-display":"","ast-hfb-below-header-display":"","ast-hfb-mobile-header-display":"","site-post-title":"disabled","ast-breadcrumbs-content":"","ast-featured-img":"","footer-sml-layout":"","ast-disable-related-posts":"","theme-transparent-header-meta":"","adv-header-id-meta":"","stick-header-meta":"","header-above-stick-meta":"","header-main-stick-meta":"","header-below-stick-meta":"","astra-migrate-meta-layouts":"default","ast-page-background-enabled":"default","ast-page-background-meta":{"desktop":{"background-color":"var(--ast-global-color-5)","background-image":"","background-repeat":"repeat","background-position":"center center","background-size":"auto","background-attachment":"scroll","background-type":"","background-media":"","overlay-type":"","overlay-color":"","overlay-opacity":"","overlay-gradient":""},"tablet":{"background-color":"","background-image":"","background-repeat":"repeat","background-position":"center center","background-size":"auto","background-attachment":"scroll","background-type":"","background-media":"","overlay-type":"","overlay-color":"","overlay-opacity":"","overlay-gradient":""},"mobile":{"background-color":"","background-image":"","background-repeat":"repeat","background-position":"center center","background-size":"auto","background-attachment":"scroll","background-type":"","background-media":"","overlay-type":"","overlay-color":"","overlay-opacity":"","overlay-gradient":""}},"ast-content-background-meta":{"desktop":{"background-color":"var(--ast-global-color-4)","background-image":"","background-repeat":"repeat","background-position":"center center","background-size":"auto","background-attachment":"scroll","background-type":"","background-media":"","overlay-type":"","overlay-color":"","overlay-opacity":"","overlay-gradient":""},"tablet":{"background-color":"var(--ast-global-color-4)","background-image":"","background-repeat":"repeat","background-position":"center center","background-size":"auto","background-attachment":"scroll","background-type":"","background-media":"","overlay-type":"","overlay-color":"","overlay-opacity":"","overlay-gradient":""},"mobile":{"background-color":"var(--ast-global-color-4)","background-image":"","background-repeat":"repeat","background-position":"center center","background-size":"auto","background-attachment":"scroll","background-type":"","background-media":"","overlay-type":"","overlay-color":"","overlay-opacity":"","overlay-gradient":""}},"footnotes":""},"class_list":["post-75","page","type-page","status-publish","hentry"],"uagb_featured_image_src":{"full":false,"thumbnail":false,"medium":false,"medium_large":false,"large":false,"1536x1536":false,"2048x2048":false},"uagb_author_info":{"display_name":"Alex de la Torre","author_link":"https:\/\/cubswp.com\/eventplaner\/index.php\/author\/alex-de-la-torre\/"},"uagb_comment_info":0,"uagb_excerpt":"Nuestros eventos \u00a1 Conoce nuestros eventos recomendados! Celebra tu amor con el sonido del mar de fondo Imagina dar el [&hellip;]","_links":{"self":[{"href":"https:\/\/cubswp.com\/eventplaner\/index.php\/wp-json\/wp\/v2\/pages\/75","targetHints":{"allow":["GET"]}}],"collection":[{"href":"https:\/\/cubswp.com\/eventplaner\/index.php\/wp-json\/wp\/v2\/pages"}],"about":[{"href":"https:\/\/cubswp.com\/eventplaner\/index.php\/wp-json\/wp\/v2\/types\/page"}],"author":[{"embeddable":true,"href":"https:\/\/cubswp.com\/eventplaner\/index.php\/wp-json\/wp\/v2\/users\/4"}],"replies":[{"embeddable":true,"href":"https:\/\/cubswp.com\/eventplaner\/index.php\/wp-json\/wp\/v2\/comments?post=75"}],"version-history":[{"count":37,"href":"https:\/\/cubswp.com\/eventplaner\/index.php\/wp-json\/wp\/v2\/pages\/75\/revisions"}],"predecessor-version":[{"id":203,"href":"https:\/\/cubswp.com\/eventplaner\/index.php\/wp-json\/wp\/v2\/pages\/75\/revisions\/203"}],"wp:attachment":[{"href":"https:\/\/cubswp.com\/eventplaner\/index.php\/wp-json\/wp\/v2\/media?parent=75"}],"curies":[{"name":"wp","href":"https:\/\/api.w.org\/{rel}","templated":true}]}}