{"id":74,"date":"2025-05-09T18:17:23","date_gmt":"2025-05-09T18:17:23","guid":{"rendered":"https:\/\/cubswp.com\/lacantina2025\/?page_id=74"},"modified":"2025-05-26T17:42:59","modified_gmt":"2025-05-26T17:42:59","slug":"nuestra-historia","status":"publish","type":"page","link":"https:\/\/cubswp.com\/lacantina2025\/index.php\/nuestra-historia\/","title":{"rendered":"Nuestra historia"},"content":{"rendered":"\n<div class=\"wp-block-uagb-advanced-heading uagb-block-b94b2c86\"><h1 class=\"uagb-heading-text\">NUESTRA HISTORIA<\/h1><\/div>\n\n\n\n<p class=\"has-text-align-center\">                                                                          Nacimos del deseo de transformar cada comida en una experiencia inolvidable.<\/p>\n\n\n\n<p class=\"has-medium-font-size\" style=\"font-style:italic;font-weight:100\">En La Cantina, cada plato cuenta una historia, cada ingrediente tiene un origen y cada sonrisa es el reflejo de nuestra pasi\u00f3n por la cocina. Fundado en 1950, nuestro restaurante naci\u00f3 del sue\u00f1o de su fundador de crear un espacio donde la tradici\u00f3n y la innovaci\u00f3n se encuentren en cada bocado.<\/p>\n\n\n\n<p class=\"has-medium-font-size\" style=\"font-style:italic;font-weight:100\">Desde nuestros humildes comienzos en Bilbao, hemos crecido gracias al apoyo de nuestros clientes y al compromiso de nuestro equipo. A lo largo de los a\u00f1os, hemos mantenido nuestra esencia: ofrecer una experiencia gastron\u00f3mica aut\u00e9ntica, basada en productos locales de calidad y recetas que honran nuestras ra\u00edces.<\/p>\n\n\n\n<p class=\"has-medium-font-size\" style=\"font-style:italic;font-weight:100\">Nuestra cocina es un homenaje a la comida tradicional, con un toque contempor\u00e1neo que sorprende y deleita. Cada temporada, renovamos nuestra carta para reflejar lo mejor de lo que la tierra nos ofrece, siempre con respeto y cari\u00f1o.<\/p>\n\n\n\n<p class=\"has-medium-font-size\" style=\"border-style:none;border-width:0px;font-style:italic;font-weight:100\">En La Cantina, no solo servimos comida; creamos momentos, compartimos historias y celebramos la vida. Te invitamos a ser parte de nuestra historia, a sentarte a nuestra mesa y a disfrutar de lo que m\u00e1s nos apasiona: la buena comida en buena compa\u00f1\u00eda.<\/p>\n\n\n\n<div class=\"wp-block-uagb-image aligncenter uagb-block-b6c8b4b5 wp-block-uagb-image--layout-overlay wp-block-uagb-image--effect-static wp-block-uagb-image--align-center\"><figure class=\"wp-block-uagb-image__figure\"><img decoding=\"async\" srcset=\"https:\/\/cubswp.com\/lacantina2025\/wp-content\/uploads\/2025\/05\/bar.webp ,https:\/\/cubswp.com\/lacantina2025\/wp-content\/uploads\/2025\/05\/bar.webp 780w, https:\/\/cubswp.com\/lacantina2025\/wp-content\/uploads\/2025\/05\/bar.webp 360w\" sizes=\"auto, (max-width: 480px) 150px\" src=\"https:\/\/cubswp.com\/lacantina2025\/wp-content\/uploads\/2025\/05\/bar.webp\" alt=\"\" class=\"uag-image-269\" width=\"570\" height=\"456\" title=\"La Cantina 1950\" loading=\"lazy\" role=\"img\"\/><div class=\"wp-block-uagb-image--layout-overlay__color-wrapper\"><\/div><div class=\"wp-block-uagb-image--layout-overlay__inner bottom-center\"><h2 class=\"uagb-image-heading\">La Cantina 1980<\/h2><figcaption class=\"uagb-image-caption\">Comida tradicional<\/figcaption><\/div><\/figure><\/div>\n\n\n\n<div class=\"wp-block-uagb-advanced-heading uagb-block-ec670b97\"><h2 class=\"uagb-heading-text\">\u00bfQuieres conocer como empez\u00f3 todo?<\/h2><\/div>\n\n\n\n<p class=\"has-text-align-center has-medium-font-size\">En este documento te contamos la historia de los bares y restaurantes.  \u00a1M\u00edralo con detenimiento!<\/p>\n\n\n\n<div data-wp-interactive=\"core\/file\" class=\"wp-block-file\"><object data-wp-bind--hidden=\"!state.hasPdfPreview\" hidden class=\"wp-block-file__embed\" data=\"https:\/\/cubswp.com\/lacantina2025\/wp-content\/uploads\/2025\/05\/Introduccion-a-la-historia-de-bares-y-restaurantes-REV5-1.pdf\" type=\"application\/pdf\" style=\"width:100%;height:600px\" aria-label=\"Incrustado de Introduccion-a-la-historia-de-bares-y-restaurantes-REV5.\"><\/object><a id=\"wp-block-file--media-a91dead4-98cb-478a-b2ea-1fa83bb1fcac\" href=\"https:\/\/cubswp.com\/lacantina2025\/wp-content\/uploads\/2025\/05\/Introduccion-a-la-historia-de-bares-y-restaurantes-REV5-1.pdf\">Introduccion-a-la-historia-de-bares-y-restaurantes-REV5<\/a><a href=\"https:\/\/cubswp.com\/lacantina2025\/wp-content\/uploads\/2025\/05\/Introduccion-a-la-historia-de-bares-y-restaurantes-REV5-1.pdf\" class=\"wp-block-file__button wp-element-button\" download aria-describedby=\"wp-block-file--media-a91dead4-98cb-478a-b2ea-1fa83bb1fcac\">Descarga<\/a><\/div>\n","protected":false},"excerpt":{"rendered":"<p>NUESTRA HISTORIA Nacimos del deseo de transformar cada comida en una experiencia inolvidable. En La Cantina, cada plato cuenta una [&hellip;]<\/p>\n","protected":false},"author":3,"featured_media":0,"parent":0,"menu_order":0,"comment_status":"closed","ping_status":"closed","template":"","meta":{"_uag_custom_page_level_css":"","site-sidebar-layout":"default","site-content-layout":"","ast-site-content-layout":"","site-content-style":"default","site-sidebar-style":"default","ast-global-header-display":"","ast-banner-title-visibility":"","ast-main-header-display":"","ast-hfb-above-header-display":"","ast-hfb-below-header-display":"","ast-hfb-mobile-header-display":"","site-post-title":"disabled","ast-breadcrumbs-content":"","ast-featured-img":"","footer-sml-layout":"","ast-disable-related-posts":"","theme-transparent-header-meta":"","adv-header-id-meta":"","stick-header-meta":"","header-above-stick-meta":"","header-main-stick-meta":"","header-below-stick-meta":"","astra-migrate-meta-layouts":"default","ast-page-background-enabled":"default","ast-page-background-meta":{"desktop":{"background-color":"var(--ast-global-color-5)","background-image":"","background-repeat":"repeat","background-position":"center center","background-size":"auto","background-attachment":"scroll","background-type":"","background-media":"","overlay-type":"","overlay-color":"","overlay-opacity":"","overlay-gradient":""},"tablet":{"background-color":"","background-image":"","background-repeat":"repeat","background-position":"center center","background-size":"auto","background-attachment":"scroll","background-type":"","background-media":"","overlay-type":"","overlay-color":"","overlay-opacity":"","overlay-gradient":""},"mobile":{"background-color":"","background-image":"","background-repeat":"repeat","background-position":"center center","background-size":"auto","background-attachment":"scroll","background-type":"","background-media":"","overlay-type":"","overlay-color":"","overlay-opacity":"","overlay-gradient":""}},"ast-content-background-meta":{"desktop":{"background-color":"var(--ast-global-color-4)","background-image":"","background-repeat":"repeat","background-position":"center center","background-size":"auto","background-attachment":"scroll","background-type":"","background-media":"","overlay-type":"","overlay-color":"","overlay-opacity":"","overlay-gradient":""},"tablet":{"background-color":"var(--ast-global-color-4)","background-image":"","background-repeat":"repeat","background-position":"center center","background-size":"auto","background-attachment":"scroll","background-type":"","background-media":"","overlay-type":"","overlay-color":"","overlay-opacity":"","overlay-gradient":""},"mobile":{"background-color":"var(--ast-global-color-4)","background-image":"","background-repeat":"repeat","background-position":"center center","background-size":"auto","background-attachment":"scroll","background-type":"","background-media":"","overlay-type":"","overlay-color":"","overlay-opacity":"","overlay-gradient":""}},"footnotes":""},"class_list":["post-74","page","type-page","status-publish","hentry"],"uagb_featured_image_src":{"full":false,"thumbnail":false,"medium":false,"medium_large":false,"large":false,"etfrtb_logo":false,"1536x1536":false,"2048x2048":false},"uagb_author_info":{"display_name":"Elena Dom\u00ednguez Cuadrado","author_link":"https:\/\/cubswp.com\/lacantina2025\/index.php\/author\/elenaaa\/"},"uagb_comment_info":0,"uagb_excerpt":"NUESTRA HISTORIA Nacimos del deseo de transformar cada comida en una experiencia inolvidable. En La Cantina, cada plato cuenta una [&hellip;]","_links":{"self":[{"href":"https:\/\/cubswp.com\/lacantina2025\/index.php\/wp-json\/wp\/v2\/pages\/74","targetHints":{"allow":["GET"]}}],"collection":[{"href":"https:\/\/cubswp.com\/lacantina2025\/index.php\/wp-json\/wp\/v2\/pages"}],"about":[{"href":"https:\/\/cubswp.com\/lacantina2025\/index.php\/wp-json\/wp\/v2\/types\/page"}],"author":[{"embeddable":true,"href":"https:\/\/cubswp.com\/lacantina2025\/index.php\/wp-json\/wp\/v2\/users\/3"}],"replies":[{"embeddable":true,"href":"https:\/\/cubswp.com\/lacantina2025\/index.php\/wp-json\/wp\/v2\/comments?post=74"}],"version-history":[{"count":23,"href":"https:\/\/cubswp.com\/lacantina2025\/index.php\/wp-json\/wp\/v2\/pages\/74\/revisions"}],"predecessor-version":[{"id":467,"href":"https:\/\/cubswp.com\/lacantina2025\/index.php\/wp-json\/wp\/v2\/pages\/74\/revisions\/467"}],"wp:attachment":[{"href":"https:\/\/cubswp.com\/lacantina2025\/index.php\/wp-json\/wp\/v2\/media?parent=74"}],"curies":[{"name":"wp","href":"https:\/\/api.w.org\/{rel}","templated":true}]}}