{"id":88,"date":"2025-05-09T18:19:26","date_gmt":"2025-05-09T18:19:26","guid":{"rendered":"https:\/\/cubswp.com\/lacantina2025\/?page_id=88"},"modified":"2025-05-26T10:41:24","modified_gmt":"2025-05-26T10:41:24","slug":"contacto","status":"publish","type":"page","link":"https:\/\/cubswp.com\/lacantina2025\/index.php\/contacto\/","title":{"rendered":"Contacto"},"content":{"rendered":"\n<div class=\"wp-block-uagb-advanced-heading uagb-block-f11a83a0\"><h1 class=\"uagb-heading-text\">CONTACTO<\/h1><\/div>\n\n\n\n<p class=\"has-text-align-center\">Contacta con nosotros en cualquier momento.<\/p>\n\n\n\n<div class=\"wp-block-uagb-container uagb-block-6a8e3e52 default uagb-is-root-container\">\n<div class=\"wp-block-uagb-container uagb-block-f5af0ac9\">\n<div data-aos= \"zoom-in\" data-aos-duration=\"400\" data-aos-delay=\"0\" data-aos-easing=\"ease\" data-aos-once=\"true\" class=\"wp-block-uagb-advanced-heading uagb-block-3d5e6823\"><h2 class=\"uagb-heading-text\">FORMULARIO DE CONTACTO<\/h2><\/div>\n\n\n\n<div class=\"wp-block-uagb-separator uagb-block-8f53c199\"><div class=\"wp-block-uagb-separator__inner\" style=\"--my-background-image:\"><\/div><\/div>\n\n\n<div class=\"wpforms-container wpforms-container-full wpforms-block wpforms-block-c29082e9-ff3c-4b00-a103-c6f6d5b71236 wpforms-render-modern\" id=\"wpforms-289\"><form id=\"wpforms-form-289\" class=\"wpforms-validate wpforms-form wpforms-ajax-form\" data-formid=\"289\" method=\"post\" enctype=\"multipart\/form-data\" action=\"\/lacantina2025\/index.php\/wp-json\/wp\/v2\/pages\/88\" data-token=\"62b0689d7b33b8281195cd8843ca5a0b\" data-token-time=\"1776690839\"><noscript class=\"wpforms-error-noscript\">Por favor, activa JavaScript en tu navegador para completar este formulario.<\/noscript><div id=\"wpforms-error-noscript\" style=\"display: none;\">Por favor, activa JavaScript en tu navegador para completar este formulario.<\/div><div class=\"wpforms-field-container\"><div id=\"wpforms-289-field_1-container\" class=\"wpforms-field wpforms-field-name\" data-field-id=\"1\"><fieldset><legend class=\"wpforms-field-label\">Nombre Completo <span class=\"wpforms-required-label\" aria-hidden=\"true\">*<\/span><\/legend><div class=\"wpforms-field-row wpforms-field-medium\"><div class=\"wpforms-field-row-block wpforms-first wpforms-one-half\"><input type=\"text\" id=\"wpforms-289-field_1\" class=\"wpforms-field-name-first wpforms-field-required\" name=\"wpforms[fields][1][first]\" aria-errormessage=\"wpforms-289-field_1-error\" aria-describedby=\"wpforms-289-field_1-description\" required><label for=\"wpforms-289-field_1\" class=\"wpforms-field-sublabel after\">Nombre<\/label><\/div><div class=\"wpforms-field-row-block wpforms-one-half\"><input type=\"text\" id=\"wpforms-289-field_1-last\" class=\"wpforms-field-name-last wpforms-field-required\" name=\"wpforms[fields][1][last]\" aria-errormessage=\"wpforms-289-field_1-last-error\" aria-describedby=\"wpforms-289-field_1-description\" required><label for=\"wpforms-289-field_1-last\" class=\"wpforms-field-sublabel after\">Apellidos<\/label><\/div><\/div><div id=\"wpforms-289-field_1-description\" class=\"wpforms-field-description\">Introduce aqu\u00ed tu nombre.<\/div><\/fieldset><\/div><div id=\"wpforms-289-field_2-container\" class=\"wpforms-field wpforms-field-email\" data-field-id=\"2\"><label class=\"wpforms-field-label\" for=\"wpforms-289-field_2\">Correo electr\u00f3nico <span class=\"wpforms-required-label\" aria-hidden=\"true\">*<\/span><\/label><input type=\"email\" id=\"wpforms-289-field_2\" class=\"wpforms-field-medium wpforms-field-required\" name=\"wpforms[fields][2]\" spellcheck=\"false\" aria-errormessage=\"wpforms-289-field_2-error\" required><\/div><div id=\"wpforms-289-field_3-container\" class=\"wpforms-field wpforms-field-text\" data-field-id=\"3\"><label class=\"wpforms-field-label\" for=\"wpforms-289-field_3\">Asunto<\/label><input type=\"text\" id=\"wpforms-289-field_3\" class=\"wpforms-field-medium\" name=\"wpforms[fields][3]\" aria-errormessage=\"wpforms-289-field_3-error\" ><\/div>\t\t<div id=\"wpforms-289-field_5-container\"\n\t\t\tclass=\"wpforms-field wpforms-field-text\"\n\t\t\tdata-field-type=\"text\"\n\t\t\tdata-field-id=\"5\"\n\t\t\t>\n\t\t\t<label class=\"wpforms-field-label\" for=\"wpforms-289-field_5\" >(Opcional) Correo Asunto<\/label>\n\t\t\t<input type=\"text\" id=\"wpforms-289-field_5\" class=\"wpforms-field-medium\" name=\"wpforms[fields][5]\" >\n\t\t<\/div>\n\t\t<div id=\"wpforms-289-field_4-container\" class=\"wpforms-field wpforms-field-textarea\" data-field-id=\"4\"><label class=\"wpforms-field-label\" for=\"wpforms-289-field_4\">Tu mensaje (Opcional)<\/label><textarea id=\"wpforms-289-field_4\" class=\"wpforms-field-medium\" name=\"wpforms[fields][4]\" aria-errormessage=\"wpforms-289-field_4-error\" ><\/textarea><\/div><script>\n\t\t\t\t( function() {\n\t\t\t\t\tconst style = document.createElement( 'style' );\n\t\t\t\t\tstyle.appendChild( document.createTextNode( '#wpforms-289-field_5-container { position: absolute !important; overflow: hidden !important; display: inline !important; height: 1px !important; width: 1px !important; z-index: -1000 !important; padding: 0 !important; } #wpforms-289-field_5-container input { visibility: hidden; } #wpforms-conversational-form-page #wpforms-289-field_5-container label { counter-increment: none; }' ) );\n\t\t\t\t\tdocument.head.appendChild( style );\n\t\t\t\t\tdocument.currentScript?.remove();\n\t\t\t\t} )();\n\t\t\t<\/script><\/div><!-- .wpforms-field-container --><div class=\"wpforms-submit-container\" ><input type=\"hidden\" name=\"wpforms[id]\" value=\"289\"><input type=\"hidden\" name=\"page_title\" value=\"\"><input type=\"hidden\" name=\"page_url\" value=\"https:\/\/cubswp.com\/lacantina2025\/index.php\/wp-json\/wp\/v2\/pages\/88\"><input type=\"hidden\" name=\"url_referer\" value=\"\"><button type=\"submit\" name=\"wpforms[submit]\" id=\"wpforms-submit-289\" class=\"wpforms-submit\" data-alt-text=\"Enviando...\" data-submit-text=\"Enviar ahora\" aria-live=\"assertive\" value=\"wpforms-submit\">Enviar ahora<\/button><img loading=\"lazy\" decoding=\"async\" src=\"https:\/\/cubswp.com\/lacantina2025\/wp-content\/plugins\/wpforms-lite\/assets\/images\/submit-spin.svg\" class=\"wpforms-submit-spinner\" style=\"display: none;\" width=\"26\" height=\"26\" alt=\"Cargando\"><\/div><\/form><\/div>  <!-- .wpforms-container -->\n\n\n<div data-aos= \"zoom-in\" data-aos-duration=\"400\" data-aos-delay=\"0\" data-aos-easing=\"ease\" data-aos-once=\"true\" class=\"wp-block-uagb-advanced-heading uagb-block-a523dea6\"><h3 class=\"uagb-heading-text\">SIGUE NUESTRAS REDES SOCIALES<\/h3><\/div>\n\n\n\n<div class=\"wp-block-group is-layout-constrained wp-block-group-is-layout-constrained\">\n<div data-aos= \"zoom-in\" data-aos-duration=\"400\" data-aos-delay=\"0\" data-aos-easing=\"ease\" data-aos-once=\"true\" class=\"wp-block-uagb-image alignleft uagb-block-e9482147 wp-block-uagb-image--layout-default wp-block-uagb-image--effect-static wp-block-uagb-image--align-left\"><figure class=\"wp-block-uagb-image__figure\"><a class=\"\" href=\"https:\/\/x.com\/\" target=\"\" rel=\"noopener\"><img decoding=\"async\" srcset=\"https:\/\/cubswp.com\/lacantina2025\/wp-content\/uploads\/2025\/05\/Artboard-1twitter.webp ,https:\/\/cubswp.com\/lacantina2025\/wp-content\/uploads\/2025\/05\/Artboard-1twitter.webp 780w, https:\/\/cubswp.com\/lacantina2025\/wp-content\/uploads\/2025\/05\/Artboard-1twitter.webp 360w\" sizes=\"auto, (max-width: 480px) 150px\" src=\"https:\/\/cubswp.com\/lacantina2025\/wp-content\/uploads\/2025\/05\/Artboard-1twitter.webp\" alt=\"\" class=\"uag-image-353\" width=\"102\" height=\"85\" title=\"Artboard-1twitter\" loading=\"lazy\" role=\"img\"\/><\/a><\/figure><\/div>\n\n\n\n<p>@lacantina.25<\/p>\n<\/div>\n\n\n\n<div class=\"wp-block-group is-layout-constrained wp-block-group-is-layout-constrained\">\n<div data-aos= \"zoom-in\" data-aos-duration=\"400\" data-aos-delay=\"0\" data-aos-easing=\"ease\" data-aos-once=\"true\" class=\"wp-block-uagb-image alignleft uagb-block-aed4617f wp-block-uagb-image--layout-default wp-block-uagb-image--effect-static wp-block-uagb-image--align-left\"><figure class=\"wp-block-uagb-image__figure\"><a class=\"\" href=\"https:\/\/www.facebook.com\/\" target=\"\" rel=\"noopener\"><img decoding=\"async\" srcset=\"https:\/\/cubswp.com\/lacantina2025\/wp-content\/uploads\/2025\/05\/facebook-logo-facebook-icon-transparent-free-png-1.webp ,https:\/\/cubswp.com\/lacantina2025\/wp-content\/uploads\/2025\/05\/facebook-logo-facebook-icon-transparent-free-png-1.webp 780w, https:\/\/cubswp.com\/lacantina2025\/wp-content\/uploads\/2025\/05\/facebook-logo-facebook-icon-transparent-free-png-1.webp 360w\" sizes=\"auto, (max-width: 480px) 150px\" src=\"https:\/\/cubswp.com\/lacantina2025\/wp-content\/uploads\/2025\/05\/facebook-logo-facebook-icon-transparent-free-png-1.webp\" alt=\"\" class=\"uag-image-358\" width=\"102\" height=\"85\" title=\"facebook-logo-facebook-icon-transparent-free-png\" loading=\"lazy\" role=\"img\"\/><\/a><\/figure><\/div>\n\n\n\n<p>@lacantina.25<\/p>\n<\/div>\n\n\n\n<div class=\"wp-block-group is-nowrap is-layout-flex wp-container-core-group-is-layout-6c531013 wp-block-group-is-layout-flex\">\n<figure class=\"wp-block-image size-full is-resized\"><a href=\"instagram.com\"><img loading=\"lazy\" decoding=\"async\" width=\"980\" height=\"980\" src=\"https:\/\/cubswp.com\/lacantina2025\/wp-content\/uploads\/2025\/05\/instagram-logo-instagram-icon-transparent-free-png-1.webp\" alt=\"\" class=\"wp-image-445\" style=\"object-fit:cover;width:102px;height:85px\" srcset=\"https:\/\/cubswp.com\/lacantina2025\/wp-content\/uploads\/2025\/05\/instagram-logo-instagram-icon-transparent-free-png-1.webp 980w, https:\/\/cubswp.com\/lacantina2025\/wp-content\/uploads\/2025\/05\/instagram-logo-instagram-icon-transparent-free-png-1-300x300.webp 300w, https:\/\/cubswp.com\/lacantina2025\/wp-content\/uploads\/2025\/05\/instagram-logo-instagram-icon-transparent-free-png-1-150x150.webp 150w, https:\/\/cubswp.com\/lacantina2025\/wp-content\/uploads\/2025\/05\/instagram-logo-instagram-icon-transparent-free-png-1-768x768.webp 768w, https:\/\/cubswp.com\/lacantina2025\/wp-content\/uploads\/2025\/05\/instagram-logo-instagram-icon-transparent-free-png-1-200x200.webp 200w\" sizes=\"auto, (max-width: 980px) 100vw, 980px\" \/><\/a><\/figure>\n\n\n\n<p>@lacantina.25<\/p>\n<\/div>\n<\/div>\n\n\n\n<div class=\"wp-block-group alignfull is-vertical is-content-justification-left is-nowrap is-layout-flex wp-container-core-group-is-layout-b9305f23 wp-block-group-is-layout-flex\">\n<div data-aos= \"fade\" data-aos-duration=\"400\" data-aos-delay=\"0\" data-aos-easing=\"ease\" data-aos-once=\"true\" class=\"wp-block-uagb-container uagb-block-04a2f690\">\n<div data-aos= \"zoom-in\" data-aos-duration=\"400\" data-aos-delay=\"0\" data-aos-easing=\"ease\" data-aos-once=\"true\" class=\"wp-block-uagb-advanced-heading uagb-block-46fd88dd\"><h2 class=\"uagb-heading-text\">D\u00d3NDE ESTAMOS<\/h2><\/div>\n\n\n\n<div class=\"wp-block-uagb-separator uagb-block-5d60c3ea\"><div class=\"wp-block-uagb-separator__inner\" style=\"--my-background-image:\"><\/div><\/div>\n\n\n\n<div data-aos= \"zoom-in\" data-aos-duration=\"400\" data-aos-delay=\"0\" data-aos-easing=\"ease\" data-aos-once=\"true\" class=\"wp-block-uagb-advanced-heading uagb-block-de95cfcb\"><p class=\"uagb-heading-text\">La Cantina se encuentra en un enclave privilegiado de Bilbao, concretamente en la calle Autonom\u00eda 4, a pocos pasos de la emblem\u00e1tica plaza Moy\u00faa. Esta ubicaci\u00f3n c\u00e9ntrica y bien comunicada convierte a La Cantina en un punto de encuentro ideal tanto para locales como para visitantes que buscan disfrutar de buena comida en un ambiente acogedor y aut\u00e9ntico.<\/p><\/div>\n\n\n\n<iframe src=\"https:\/\/www.google.com\/maps\/embed?pb=!1m18!1m12!1m3!1d2905.713303625106!2d-2.937851323541767!3d43.25743007793771!2m3!1f0!2f0!3f0!3m2!1i1024!2i768!4f13.1!3m3!1m2!1s0xd4e4fd5ce11d7d3%3A0xfe0bd93bd98114d3!2sAutonomia%20Kalea%2C%204%2C%20Abando%2C%2048012%20Bilbao%2C%20Bizkaia%2C%20Spain!5e0!3m2!1sen!2sus!4v1747134623703!5m2!1sen!2sus\" width=\"600\" height=\"450\" style=\"border:0;\" allowfullscreen=\"\" loading=\"lazy\" referrerpolicy=\"no-referrer-when-downgrade\"><\/iframe>\n\n\n\n<div data-aos= \"zoom-in\" data-aos-duration=\"400\" data-aos-delay=\"0\" data-aos-easing=\"ease\" data-aos-once=\"true\" class=\"wp-block-uagb-advanced-heading uagb-block-ccde3a77\"><h2 class=\"uagb-heading-text\">Restaurante La Cantina<\/h2><\/div>\n\n\n\n<div class=\"wp-block-uagb-icon-list uagb-block-2940e1d8\"><div class=\"uagb-icon-list__wrap\">\n<div data-aos= \"zoom-in\" data-aos-duration=\"400\" data-aos-delay=\"0\" data-aos-easing=\"ease\" data-aos-once=\"true\" class=\"wp-block-uagb-icon-list-child uagb-block-542f3d1a\"><span class=\"uagb-icon-list__source-wrap\"><svg xmlns=\"https:\/\/www.w3.org\/2000\/svg\" viewBox=\"0 0 384 512\"><path d=\"M168.3 499.2C116.1 435 0 279.4 0 192C0 85.96 85.96 0 192 0C298 0 384 85.96 384 192C384 279.4 267 435 215.7 499.2C203.4 514.5 180.6 514.5 168.3 499.2H168.3zM192 256C227.3 256 256 227.3 256 192C256 156.7 227.3 128 192 128C156.7 128 128 156.7 128 192C128 227.3 156.7 256 192 256z\"><\/path><\/svg><\/span><span class=\"uagb-icon-list__label\">Calle Autonom\u00eda 4,48009, Bilbao, Bizkaia <\/span><\/div>\n\n\n\n<div data-aos= \"zoom-in\" data-aos-duration=\"400\" data-aos-delay=\"0\" data-aos-easing=\"ease\" data-aos-once=\"true\" class=\"wp-block-uagb-icon-list-child uagb-block-29504b26\"><span class=\"uagb-icon-list__source-wrap\"><img decoding=\"async\" class=\"uagb-icon-list__source-image\" src=\"https:\/\/cubswp.com\/lacantina2025\/wp-content\/uploads\/2025\/05\/pngimg.com-gmail_logo_PNG12.png\" width=\"16\" height=\"16\" loading=\"lazy\" alt=\"\"\/><\/span><span class=\"uagb-icon-list__label\">lacantina2025@gmail.com<\/span><\/div>\n\n\n\n<div data-aos= \"zoom-in\" data-aos-duration=\"400\" data-aos-delay=\"0\" data-aos-easing=\"ease\" data-aos-once=\"true\" class=\"wp-block-uagb-icon-list-child uagb-block-6b9b4e2d\"><span class=\"uagb-icon-list__source-wrap\"><img decoding=\"async\" class=\"uagb-icon-list__source-image\" src=\"https:\/\/cubswp.com\/lacantina2025\/wp-content\/uploads\/2025\/05\/phone_icon_172267.webp\" width=\"16\" height=\"16\" loading=\"lazy\" alt=\"\"\/><\/span><span class=\"uagb-icon-list__label\">944 687 655<\/span><\/div>\n<\/div><\/div>\n<\/div>\n<\/div>\n<\/div>\n","protected":false},"excerpt":{"rendered":"<p>CONTACTO Contacta con nosotros en cualquier momento. FORMULARIO DE CONTACTO SIGUE NUESTRAS REDES SOCIALES @lacantina.25 @lacantina.25 @lacantina.25 D\u00d3NDE ESTAMOS La [&hellip;]<\/p>\n","protected":false},"author":2,"featured_media":0,"parent":0,"menu_order":0,"comment_status":"closed","ping_status":"closed","template":"","meta":{"_uag_custom_page_level_css":"","site-sidebar-layout":"default","site-content-layout":"","ast-site-content-layout":"","site-content-style":"default","site-sidebar-style":"default","ast-global-header-display":"","ast-banner-title-visibility":"","ast-main-header-display":"","ast-hfb-above-header-display":"","ast-hfb-below-header-display":"","ast-hfb-mobile-header-display":"","site-post-title":"disabled","ast-breadcrumbs-content":"","ast-featured-img":"","footer-sml-layout":"","ast-disable-related-posts":"","theme-transparent-header-meta":"","adv-header-id-meta":"","stick-header-meta":"","header-above-stick-meta":"","header-main-stick-meta":"","header-below-stick-meta":"","astra-migrate-meta-layouts":"default","ast-page-background-enabled":"default","ast-page-background-meta":{"desktop":{"background-color":"var(--ast-global-color-5)","background-image":"","background-repeat":"repeat","background-position":"center center","background-size":"auto","background-attachment":"scroll","background-type":"","background-media":"","overlay-type":"","overlay-color":"","overlay-opacity":"","overlay-gradient":""},"tablet":{"background-color":"","background-image":"","background-repeat":"repeat","background-position":"center center","background-size":"auto","background-attachment":"scroll","background-type":"","background-media":"","overlay-type":"","overlay-color":"","overlay-opacity":"","overlay-gradient":""},"mobile":{"background-color":"","background-image":"","background-repeat":"repeat","background-position":"center center","background-size":"auto","background-attachment":"scroll","background-type":"","background-media":"","overlay-type":"","overlay-color":"","overlay-opacity":"","overlay-gradient":""}},"ast-content-background-meta":{"desktop":{"background-color":"var(--ast-global-color-4)","background-image":"","background-repeat":"repeat","background-position":"center center","background-size":"auto","background-attachment":"scroll","background-type":"","background-media":"","overlay-type":"","overlay-color":"","overlay-opacity":"","overlay-gradient":""},"tablet":{"background-color":"var(--ast-global-color-4)","background-image":"","background-repeat":"repeat","background-position":"center center","background-size":"auto","background-attachment":"scroll","background-type":"","background-media":"","overlay-type":"","overlay-color":"","overlay-opacity":"","overlay-gradient":""},"mobile":{"background-color":"var(--ast-global-color-4)","background-image":"","background-repeat":"repeat","background-position":"center center","background-size":"auto","background-attachment":"scroll","background-type":"","background-media":"","overlay-type":"","overlay-color":"","overlay-opacity":"","overlay-gradient":""}},"footnotes":""},"class_list":["post-88","page","type-page","status-publish","hentry"],"uagb_featured_image_src":{"full":false,"thumbnail":false,"medium":false,"medium_large":false,"large":false,"etfrtb_logo":false,"1536x1536":false,"2048x2048":false},"uagb_author_info":{"display_name":"Aielen Hormaetxea Guti\u00e9rrez","author_link":"https:\/\/cubswp.com\/lacantina2025\/index.php\/author\/aieelen\/"},"uagb_comment_info":0,"uagb_excerpt":"CONTACTO Contacta con nosotros en cualquier momento. FORMULARIO DE CONTACTO SIGUE NUESTRAS REDES SOCIALES @lacantina.25 @lacantina.25 @lacantina.25 D\u00d3NDE ESTAMOS La [&hellip;]","_links":{"self":[{"href":"https:\/\/cubswp.com\/lacantina2025\/index.php\/wp-json\/wp\/v2\/pages\/88","targetHints":{"allow":["GET"]}}],"collection":[{"href":"https:\/\/cubswp.com\/lacantina2025\/index.php\/wp-json\/wp\/v2\/pages"}],"about":[{"href":"https:\/\/cubswp.com\/lacantina2025\/index.php\/wp-json\/wp\/v2\/types\/page"}],"author":[{"embeddable":true,"href":"https:\/\/cubswp.com\/lacantina2025\/index.php\/wp-json\/wp\/v2\/users\/2"}],"replies":[{"embeddable":true,"href":"https:\/\/cubswp.com\/lacantina2025\/index.php\/wp-json\/wp\/v2\/comments?post=88"}],"version-history":[{"count":53,"href":"https:\/\/cubswp.com\/lacantina2025\/index.php\/wp-json\/wp\/v2\/pages\/88\/revisions"}],"predecessor-version":[{"id":448,"href":"https:\/\/cubswp.com\/lacantina2025\/index.php\/wp-json\/wp\/v2\/pages\/88\/revisions\/448"}],"wp:attachment":[{"href":"https:\/\/cubswp.com\/lacantina2025\/index.php\/wp-json\/wp\/v2\/media?parent=88"}],"curies":[{"name":"wp","href":"https:\/\/api.w.org\/{rel}","templated":true}]}}