{"id":78,"date":"2025-05-13T06:25:25","date_gmt":"2025-05-13T06:25:25","guid":{"rendered":"https:\/\/cubswp.com\/lushblush\/?page_id=78"},"modified":"2025-05-30T10:28:55","modified_gmt":"2025-05-30T10:28:55","slug":"home","status":"publish","type":"page","link":"https:\/\/cubswp.com\/lushblush\/","title":{"rendered":"Aprende a maquillarte con nosotros"},"content":{"rendered":"\n<div class=\"wp-block-uagb-container uagb-block-a973583b alignfull uagb-is-root-container\"><div class=\"uagb-container-inner-blocks-wrap\">\n<div class=\"wp-block-uagb-advanced-heading uagb-block-64c3fc31\"><h2 class=\"uagb-heading-text\">Lush&amp;Blush<\/h2><\/div>\n<\/div><\/div>\n\n\n\n<p><\/p>\n\n\n\n<div class=\"wp-block-uagb-advanced-heading uagb-block-1101b6d4\"><h6 class=\"uagb-heading-text\"><strong>Te proporcionamos consejos, tips y todo tipo de ayudas para que te conviertas en una profesional del maquillaje<\/strong><\/h6><\/div>\n\n\n\n<p><\/p>\n\n\n\n<div class=\"wp-block-uagb-advanced-heading uagb-block-a379ac45\"><h2 class=\"uagb-heading-text\"> \u00bfQui\u00e9nes somos?<\/h2><\/div>\n\n\n\n<p class=\"has-text-align-left\" style=\"font-size:15px\">Somos una comunidad apasionada por la belleza, la creatividad y la autenticidad. Nacimos del deseo de compartir conocimientos, trucos y secretos que <strong>realmente funcionan<\/strong>, sin complicaciones ni filtros irreales.<\/p>\n\n\n\n<div class=\"wp-block-uagb-advanced-heading uagb-block-55455f58\"><h2 class=\"uagb-heading-text\"> Nuestra misi\u00f3n<\/h2><\/div>\n\n\n\n<p style=\"font-size:15px\">Queremos ayudarte a sentirte segura, inspirada y empoderada cada vez que mires al espejo. Ya sea que est\u00e9s empezando en el mundo del maquillaje o buscando perfeccionar tu t\u00e9cnica, aqu\u00ed encontrar\u00e1s un espacio lleno de:<\/p>\n\n\n\n<ul class=\"wp-block-list\">\n<li>Consejos reales para el d\u00eda a d\u00eda<\/li>\n\n\n\n<li>Tutoriales f\u00e1ciles de seguir<\/li>\n\n\n\n<li>Recomendaciones honestas de productos<\/li>\n<\/ul>\n\n\n\n<p><\/p>\n\n\n\n<div class=\"wp-block-uagb-container uagb-block-58a0a1d3 alignfull uagb-is-root-container\"><div class=\"uagb-container-inner-blocks-wrap\">\n<div class=\"wp-block-uagb-container uagb-block-d2b96719\">\n<div class=\"wp-block-uagb-image uagb-block-b7e1f817 wp-block-uagb-image--layout-default wp-block-uagb-image--effect-static wp-block-uagb-image--align-none\"><figure class=\"wp-block-uagb-image__figure\"><img decoding=\"async\" srcset=\"https:\/\/cubswp.com\/lushblush\/wp-content\/uploads\/2025\/05\/maquillaje-express-navidad.jpg ,https:\/\/cubswp.com\/lushblush\/wp-content\/uploads\/2025\/05\/maquillaje-express-navidad.jpg 780w, https:\/\/cubswp.com\/lushblush\/wp-content\/uploads\/2025\/05\/maquillaje-express-navidad.jpg 360w\" sizes=\"auto, (max-width: 480px) 150px\" src=\"https:\/\/cubswp.com\/lushblush\/wp-content\/uploads\/2025\/05\/maquillaje-express-navidad.jpg\" alt=\"\" class=\"uag-image-64\" width=\"326\" height=\"245\" title=\"maquillaje-express-navidad\" loading=\"lazy\" role=\"img\"\/><\/figure><\/div>\n<\/div>\n\n\n\n<div class=\"wp-block-uagb-container uagb-block-4d884361\">\n<div class=\"wp-block-uagb-image uagb-block-873c81f2 wp-block-uagb-image--layout-default wp-block-uagb-image--effect-static wp-block-uagb-image--align-none\"><figure class=\"wp-block-uagb-image__figure\"><img decoding=\"async\" srcset=\"https:\/\/cubswp.com\/lushblush\/wp-content\/uploads\/2025\/05\/lip-liner.jpg ,https:\/\/cubswp.com\/lushblush\/wp-content\/uploads\/2025\/05\/lip-liner.jpg 780w, https:\/\/cubswp.com\/lushblush\/wp-content\/uploads\/2025\/05\/lip-liner.jpg 360w\" sizes=\"auto, (max-width: 480px) 150px\" src=\"https:\/\/cubswp.com\/lushblush\/wp-content\/uploads\/2025\/05\/lip-liner.jpg\" alt=\"\" class=\"uag-image-61\" width=\"326\" height=\"240\" title=\"lip liner\" loading=\"lazy\" role=\"img\"\/><\/figure><\/div>\n<\/div>\n\n\n\n<div class=\"wp-block-uagb-container uagb-block-ace5f9ee\">\n<div class=\"wp-block-uagb-image uagb-block-f93cbc69 wp-block-uagb-image--layout-default wp-block-uagb-image--effect-static wp-block-uagb-image--align-none\"><figure class=\"wp-block-uagb-image__figure\"><img decoding=\"async\" srcset=\"https:\/\/cubswp.com\/lushblush\/wp-content\/uploads\/2025\/05\/resizer.jpeg ,https:\/\/cubswp.com\/lushblush\/wp-content\/uploads\/2025\/05\/resizer.jpeg 780w, https:\/\/cubswp.com\/lushblush\/wp-content\/uploads\/2025\/05\/resizer.jpeg 360w\" sizes=\"auto, (max-width: 480px) 150px\" src=\"https:\/\/cubswp.com\/lushblush\/wp-content\/uploads\/2025\/05\/resizer.jpeg\" alt=\"\" class=\"uag-image-70\" width=\"322\" height=\"230\" title=\"resizer\" loading=\"lazy\" role=\"img\"\/><\/figure><\/div>\n<\/div>\n<\/div><\/div>\n\n\n\n<p><\/p>\n\n\n\n<div class=\"wp-block-uagb-advanced-heading uagb-block-68afddc6\"><h2 class=\"uagb-heading-text\">\u00danete a la comunidad<\/h2><\/div>\n\n\n\n<p>\u00a1S\u00edguenos en nuestras redes sociales! Comparte tus looks con el hashtag <strong>#Lush&amp;Blush<\/strong> y podr\u00edas aparecer en nuestra p\u00e1gina\ud83e\udd29!!<\/p>\n\n\n\n<p><\/p>\n\n\n\n<div class=\"wp-block-uagb-advanced-heading uagb-block-73c66c7c\"><h2 class=\"uagb-heading-text\">\u00bfTienes preguntas o quieres colaborar?<\/h2><\/div>\n\n\n\n<p>Escr\u00edbenos a:<br>\ud83d\udc8ccontacto@lush&amp;blush.com                                                                                                                                                                                                                                                                      <\/p>\n\n\n\n<div class=\"wp-block-uagb-advanced-heading uagb-block-6723e7eb\"><h2 class=\"uagb-heading-text\">Redes Sociales <\/h2><\/div>\n\n\n\n<div class=\"wp-block-uagb-social-share uagb-social-share__outer-wrap uagb-social-share__layout-horizontal uagb-block-2f0ba747\">\n<div class=\"wp-block-uagb-social-share-child uagb-ss-repeater uagb-ss__wrapper uagb-block-57887d13\"><span class=\"uagb-ss__link\" data-href=\"https:\/\/www.facebook.com\/sharer.php?u=\" tabindex=\"0\" role=\"button\" aria-label=\"facebook\"><span class=\"uagb-ss__source-wrap\"><span class=\"uagb-ss__source-icon\"><svg xmlns=\"https:\/\/www.w3.org\/2000\/svg\" viewBox=\"0 0 512 512\"><path d=\"M504 256C504 119 393 8 256 8S8 119 8 256c0 123.8 90.69 226.4 209.3 245V327.7h-63V256h63v-54.64c0-62.15 37-96.48 93.67-96.48 27.14 0 55.52 4.84 55.52 4.84v61h-31.28c-30.8 0-40.41 19.12-40.41 38.73V256h68.78l-11 71.69h-57.78V501C413.3 482.4 504 379.8 504 256z\"><\/path><\/svg><\/span><\/span><\/span><\/div>\n\n\n\n<div class=\"wp-block-uagb-social-share-child uagb-ss-repeater uagb-ss__wrapper uagb-block-8200e746\"><span class=\"uagb-ss__link\" data-href=\"https:\/\/twitter.com\/share?url=\" tabindex=\"0\" role=\"button\" aria-label=\"twitter\"><span class=\"uagb-ss__source-wrap\"><span class=\"uagb-ss__source-icon\"><svg xmlns=\"https:\/\/www.w3.org\/2000\/svg\" viewBox=\"0 0 448 512\"><path d=\"M400 32H48C21.5 32 0 53.5 0 80v352c0 26.5 21.5 48 48 48h352c26.5 0 48-21.5 48-48V80c0-26.5-21.5-48-48-48zm-48.9 158.8c.2 2.8 .2 5.7 .2 8.5 0 86.7-66 186.6-186.6 186.6-37.2 0-71.7-10.8-100.7-29.4 5.3 .6 10.4 .8 15.8 .8 30.7 0 58.9-10.4 81.4-28-28.8-.6-53-19.5-61.3-45.5 10.1 1.5 19.2 1.5 29.6-1.2-30-6.1-52.5-32.5-52.5-64.4v-.8c8.7 4.9 18.9 7.9 29.6 8.3a65.45 65.45 0 0 1 -29.2-54.6c0-12.2 3.2-23.4 8.9-33.1 32.3 39.8 80.8 65.8 135.2 68.6-9.3-44.5 24-80.6 64-80.6 18.9 0 35.9 7.9 47.9 20.7 14.8-2.8 29-8.3 41.6-15.8-4.9 15.2-15.2 28-28.8 36.1 13.2-1.4 26-5.1 37.8-10.2-8.9 13.1-20.1 24.7-32.9 34z\"><\/path><\/svg><\/span><\/span><\/span><\/div>\n\n\n\n<div class=\"wp-block-uagb-social-share-child uagb-ss-repeater uagb-ss__wrapper uagb-block-4b2d1925\"><span class=\"uagb-ss__link\" data-href=\"https:\/\/pinterest.com\/pin\/create\/link\/?url=\" tabindex=\"0\" role=\"button\" aria-label=\"pinterest\"><span class=\"uagb-ss__source-wrap\"><span class=\"uagb-ss__source-icon\"><svg xmlns=\"https:\/\/www.w3.org\/2000\/svg\" viewBox=\"0 0 448 512\"><path d=\"M448 80v352c0 26.5-21.5 48-48 48H154.4c9.8-16.4 22.4-40 27.4-59.3 3-11.5 15.3-58.4 15.3-58.4 8 15.3 31.4 28.2 56.3 28.2 74.1 0 127.4-68.1 127.4-152.7 0-81.1-66.2-141.8-151.4-141.8-106 0-162.2 71.1-162.2 148.6 0 36 19.2 80.8 49.8 95.1 4.7 2.2 7.1 1.2 8.2-3.3 .8-3.4 5-20.1 6.8-27.8 .6-2.5 .3-4.6-1.7-7-10.1-12.3-18.3-34.9-18.3-56 0-54.2 41-106.6 110.9-106.6 60.3 0 102.6 41.1 102.6 99.9 0 66.4-33.5 112.4-77.2 112.4-24.1 0-42.1-19.9-36.4-44.4 6.9-29.2 20.3-60.7 20.3-81.8 0-53-75.5-45.7-75.5 25 0 21.7 7.3 36.5 7.3 36.5-31.4 132.8-36.1 134.5-29.6 192.6l2.2 .8H48c-26.5 0-48-21.5-48-48V80c0-26.5 21.5-48 48-48h352c26.5 0 48 21.5 48 48z\"><\/path><\/svg><\/span><\/span><\/span><\/div>\n<\/div>\n\n\n\n<p><\/p>\n","protected":false},"excerpt":{"rendered":"<p>Lush&amp;Blush Te proporcionamos consejos, tips y todo tipo de ayudas para que te conviertas en una profesional del maquillaje \u00bfQui\u00e9nes [&hellip;]<\/p>\n","protected":false},"author":3,"featured_media":0,"parent":0,"menu_order":0,"comment_status":"closed","ping_status":"closed","template":"","meta":{"_uag_custom_page_level_css":"","site-sidebar-layout":"default","site-content-layout":"","ast-site-content-layout":"","site-content-style":"default","site-sidebar-style":"default","ast-global-header-display":"","ast-banner-title-visibility":"","ast-main-header-display":"","ast-hfb-above-header-display":"","ast-hfb-below-header-display":"","ast-hfb-mobile-header-display":"","site-post-title":"disabled","ast-breadcrumbs-content":"","ast-featured-img":"","footer-sml-layout":"","ast-disable-related-posts":"","theme-transparent-header-meta":"","adv-header-id-meta":"","stick-header-meta":"","header-above-stick-meta":"","header-main-stick-meta":"","header-below-stick-meta":"","astra-migrate-meta-layouts":"default","ast-page-background-enabled":"default","ast-page-background-meta":{"desktop":{"background-color":"var(--ast-global-color-5)","background-image":"","background-repeat":"repeat","background-position":"center center","background-size":"auto","background-attachment":"scroll","background-type":"","background-media":"","overlay-type":"","overlay-color":"","overlay-opacity":"","overlay-gradient":""},"tablet":{"background-color":"","background-image":"","background-repeat":"repeat","background-position":"center center","background-size":"auto","background-attachment":"scroll","background-type":"","background-media":"","overlay-type":"","overlay-color":"","overlay-opacity":"","overlay-gradient":""},"mobile":{"background-color":"","background-image":"","background-repeat":"repeat","background-position":"center center","background-size":"auto","background-attachment":"scroll","background-type":"","background-media":"","overlay-type":"","overlay-color":"","overlay-opacity":"","overlay-gradient":""}},"ast-content-background-meta":{"desktop":{"background-color":"var(--ast-global-color-4)","background-image":"","background-repeat":"repeat","background-position":"center center","background-size":"auto","background-attachment":"scroll","background-type":"","background-media":"","overlay-type":"","overlay-color":"","overlay-opacity":"","overlay-gradient":""},"tablet":{"background-color":"var(--ast-global-color-4)","background-image":"","background-repeat":"repeat","background-position":"center center","background-size":"auto","background-attachment":"scroll","background-type":"","background-media":"","overlay-type":"","overlay-color":"","overlay-opacity":"","overlay-gradient":""},"mobile":{"background-color":"var(--ast-global-color-4)","background-image":"","background-repeat":"repeat","background-position":"center center","background-size":"auto","background-attachment":"scroll","background-type":"","background-media":"","overlay-type":"","overlay-color":"","overlay-opacity":"","overlay-gradient":""}},"footnotes":""},"class_list":["post-78","page","type-page","status-publish","hentry"],"uagb_featured_image_src":{"full":false,"thumbnail":false,"medium":false,"medium_large":false,"large":false,"1536x1536":false,"2048x2048":false},"uagb_author_info":{"display_name":"June Ronda Sainz de aja","author_link":"https:\/\/cubswp.com\/lushblush\/index.php\/author\/june-ronda\/"},"uagb_comment_info":0,"uagb_excerpt":"Lush&amp;Blush Te proporcionamos consejos, tips y todo tipo de ayudas para que te conviertas en una profesional del maquillaje \u00bfQui\u00e9nes [&hellip;]","_links":{"self":[{"href":"https:\/\/cubswp.com\/lushblush\/index.php\/wp-json\/wp\/v2\/pages\/78","targetHints":{"allow":["GET"]}}],"collection":[{"href":"https:\/\/cubswp.com\/lushblush\/index.php\/wp-json\/wp\/v2\/pages"}],"about":[{"href":"https:\/\/cubswp.com\/lushblush\/index.php\/wp-json\/wp\/v2\/types\/page"}],"author":[{"embeddable":true,"href":"https:\/\/cubswp.com\/lushblush\/index.php\/wp-json\/wp\/v2\/users\/3"}],"replies":[{"embeddable":true,"href":"https:\/\/cubswp.com\/lushblush\/index.php\/wp-json\/wp\/v2\/comments?post=78"}],"version-history":[{"count":37,"href":"https:\/\/cubswp.com\/lushblush\/index.php\/wp-json\/wp\/v2\/pages\/78\/revisions"}],"predecessor-version":[{"id":264,"href":"https:\/\/cubswp.com\/lushblush\/index.php\/wp-json\/wp\/v2\/pages\/78\/revisions\/264"}],"wp:attachment":[{"href":"https:\/\/cubswp.com\/lushblush\/index.php\/wp-json\/wp\/v2\/media?parent=78"}],"curies":[{"name":"wp","href":"https:\/\/api.w.org\/{rel}","templated":true}]}}