{"id":42,"date":"2025-05-08T08:19:47","date_gmt":"2025-05-08T08:19:47","guid":{"rendered":"https:\/\/cubswp.com\/masque\/?page_id=42"},"modified":"2025-05-13T14:10:23","modified_gmt":"2025-05-13T14:10:23","slug":"inicio","status":"publish","type":"page","link":"https:\/\/cubswp.com\/masque\/","title":{"rendered":"Inicio"},"content":{"rendered":"\n<div data-aos= \"fade-up\" data-aos-duration=\"400\" data-aos-delay=\"0\" data-aos-easing=\"ease\" data-aos-once=\"true\" class=\"wp-block-uagb-container uagb-block-bc907fc1 alignfull uagb-is-root-container\"><div class=\"uagb-container__shape uagb-container__shape-bottom uagb-container__invert\" data-negative=\"false\"><svg xmlns=\"https:\/\/www.w3.org\/2000\/svg\" viewBox=\"0 0 2600 131.1\" preserveAspectRatio=\"none\"><path class=\"uagb-container__shape-fill\" d=\"M0 0L2600 0 2600 69.1 0 0z\"><\/path><path class=\"uagb-container__shape-fill\" opacity=\"0.5\" d=\"M0 0L2600 0 2600 69.1 0 69.1z\"><\/path><path class=\"uagb-container__shape-fill\" opacity=\"0.25\" d=\"M2600 0L0 0 0 130.1 2600 69.1z\"><\/path><\/svg><\/div><div class=\"uagb-container-inner-blocks-wrap\">\n<div class=\"wp-block-uagb-advanced-heading uagb-block-057b1cb9\"><h1 class=\"uagb-heading-text\"><strong>MASQUE<\/strong><\/h1><\/div>\n\n\n\n<header class=\"wp-block-uagb-advanced-heading uagb-block-5a8b1326\"><h3 class=\"uagb-heading-text\"><em>M\u00e1s que c\u00f3cteles. M\u00e1s que aperitivos. M\u00e1s que una experiencia.&nbsp;<\/em><\/h3><\/header>\n<\/div><\/div>\n\n\n\n<p><\/p>\n\n\n\n<div class=\"wp-block-uagb-container uagb-layout-flex uagb-block-ba66ff98 alignwide uagb-is-root-container\">\n<div class=\"wp-block-uagb-container uagb-block-b85d2612\">\n<div data-aos= \"zoom-out\" data-aos-duration=\"400\" data-aos-delay=\"0\" data-aos-easing=\"ease\" data-aos-once=\"true\" class=\"wp-block-uagb-image uagb-block-266714de wp-block-uagb-image--layout-default wp-block-uagb-image--effect-static wp-block-uagb-image--align-none\"><figure class=\"wp-block-uagb-image__figure\"><img decoding=\"async\" srcset=\"https:\/\/cubswp.com\/masque\/wp-content\/uploads\/2025\/05\/coctail-682x1024.jpg ,https:\/\/cubswp.com\/masque\/wp-content\/uploads\/2025\/05\/coctail.jpg 780w, https:\/\/cubswp.com\/masque\/wp-content\/uploads\/2025\/05\/coctail.jpg 360w\" sizes=\"auto, (max-width: 480px) 150px\" src=\"https:\/\/cubswp.com\/masque\/wp-content\/uploads\/2025\/05\/coctail-682x1024.jpg\" alt=\"\" class=\"uag-image-67\" width=\"682\" height=\"1024\" title=\"coctail\" loading=\"lazy\" role=\"img\"\/><\/figure><\/div>\n<\/div>\n\n\n\n<div class=\"wp-block-uagb-container uagb-block-4d57d661\">\n<div data-aos= \"fade\" data-aos-duration=\"400\" data-aos-delay=\"0\" data-aos-easing=\"ease\" data-aos-once=\"true\" class=\"wp-block-uagb-advanced-heading uagb-block-33dfb845\"><h2 class=\"uagb-heading-text\">Bienvenido a Masque,<\/h2><\/div>\n\n\n\n<p class=\"has-ast-global-color-4-color has-text-color has-link-color wp-elements-53c52f8f13c4e8ca2f23bf1487bbd207\" style=\"font-size:16px\">Descubre un universo donde la mixolog\u00eda y la gastronom\u00eda se encuentran para ofrecerte algo \u00fanico. En Masque, no solo servimos c\u00f3cteles, creamos momentos. Desde combinaciones innovadoras hasta maridajes inesperados, cada visita es una experiencia sensorial que va m\u00e1s all\u00e1 de lo convencional.<\/p>\n\n\n\n<ul class=\"wp-block-list has-ast-global-color-4-color has-text-color has-link-color wp-elements-c07562d07dc3ed7cef310f8fd0182021\">\n<li><em><strong>M\u00e1s que c\u00f3cteles:<\/strong> <\/em>Recetas exclusivas, ingredientes premium y t\u00e9cnicas de vanguardia.<\/li>\n\n\n\n<li><em><strong>M\u00e1s que aperitivos:<\/strong> <\/em>Sabores que sorprenden y elevan cada trago.<\/li>\n\n\n\n<li><strong><em>M\u00e1s que una experiencia: <\/em><\/strong>Un ambiente envolvente donde cada detalle cuenta.<\/li>\n<\/ul>\n\n\n\n<section class=\"wp-block-uagb-call-to-action uagb-block-0f9b7d89 wp-block-button\"><div data-aos= \"zoom-out\" data-aos-duration=\"400\" data-aos-delay=\"0\" data-aos-easing=\"ease\" data-aos-once=\"true\" class=\"uagb-cta__wrap\"><h3 class=\"uagb-cta__title\">EY!<\/h3><p class=\"uagb-cta__desc\">Explora nuestra carta, sum\u00e9rgete en nuestras experiencias y deja que el sabor te lleve m\u00e1s all\u00e1.<\/p><\/div><div class=\"uagb-cta__buttons\"><a href=\"index.php\/inicio\/cocktails\/\" class=\"uagb-cta__button-link-wrapper wp-block-button__link\" target=\"_blank\" rel=\"noopener noreferrer\">COCKTAILS<svg xmlns=\"https:\/\/www.w3.org\/2000\/svg\" viewBox=\"0 0 448 512\"><path d=\"M246.6 233.4l-160-160c-12.5-12.5-32.75-12.5-45.25 0s-12.5 32.75 0 45.25L178.8 256l-137.4 137.4c-12.5 12.5-12.5 32.75 0 45.25C47.63 444.9 55.81 448 64 448s16.38-3.125 22.62-9.375l160-160C259.1 266.1 259.1 245.9 246.6 233.4zM438.6 233.4l-160-160c-12.5-12.5-32.75-12.5-45.25 0s-12.5 32.75 0 45.25L370.8 256l-137.4 137.4c-12.5 12.5-12.5 32.75 0 45.25C239.6 444.9 247.8 448 256 448s16.38-3.125 22.62-9.375l160-160C451.1 266.1 451.1 245.9 438.6 233.4z\"><\/path><\/svg><\/a><\/div><\/section>\n<\/div>\n<\/div>\n\n\n\n<p><\/p>\n\n\n\n<div class=\"wp-block-uagb-container uagb-block-bb686046 alignfull uagb-is-root-container\">\n<div class=\"wp-block-uagb-container uagb-block-3a27cefd\">\n<div class=\"wp-block-uagb-advanced-heading uagb-block-76afbfb4\"><h2 class=\"uagb-heading-text\">M\u00e1s que <em>Cocktails<\/em><\/h2><\/div>\n<\/div>\n\n\n\n<div class=\"wp-block-uagb-container uagb-block-fd29653f\">\n<div class=\"wp-block-uagb-advanced-heading uagb-block-ca90e4ee\"><h2 class=\"uagb-heading-text\">M\u00e1s que <em>Aperitivos<\/em><\/h2><\/div>\n<\/div>\n\n\n\n<div class=\"wp-block-uagb-container uagb-block-6848b37f\">\n<div class=\"wp-block-uagb-advanced-heading uagb-block-c3209c10\"><h2 class=\"uagb-heading-text\">M\u00e1s que <em>Experiencias<\/em><\/h2><\/div>\n<\/div>\n\n\n\n<div class=\"wp-block-uagb-container uagb-block-9f1dc634\">\n<div data-aos= \"flip-up\" data-aos-duration=\"400\" data-aos-delay=\"0\" data-aos-easing=\"ease\" data-aos-once=\"true\" class=\"wp-block-uagb-call-to-action uagb-block-90154d29 wp-block-button\"><div class=\"uagb-cta__wrap\"><h3 class=\"uagb-cta__title\">Descubre tu nuevo c\u00f3ctel favorito<\/h3><p class=\"uagb-cta__desc\">Explora nuestra carta exclusiva de c\u00f3cteles artesanales.<\/p><\/div><div class=\"uagb-cta__buttons\"><a href=\"index.php\/inicio\/cocktails\/\" class=\"uagb-cta__button-link-wrapper wp-block-button__link\" target=\"_self\" rel=\"noopener noreferrer\">Explorar Sabores<svg xmlns=\"https:\/\/www.w3.org\/2000\/svg\" viewBox=\"0 0 512 512\"><path d=\"M504.3 273.6l-112.1 104c-6.992 6.484-17.18 8.218-25.94 4.406c-8.758-3.812-14.42-12.45-14.42-21.1L351.9 288H32C14.33 288 .0002 273.7 .0002 255.1S14.33 224 32 224h319.9l0-72c0-9.547 5.66-18.19 14.42-22c8.754-3.809 18.95-2.075 25.94 4.41l112.1 104C514.6 247.9 514.6 264.1 504.3 273.6z\"><\/path><\/svg><\/a><\/div><\/div>\n<\/div>\n\n\n\n<div class=\"wp-block-uagb-container uagb-block-b50221fd\">\n<div data-aos= \"flip-up\" data-aos-duration=\"400\" data-aos-delay=\"0\" data-aos-easing=\"ease\" data-aos-once=\"true\" class=\"wp-block-uagb-call-to-action uagb-block-973c2088 wp-block-button\"><div class=\"uagb-cta__wrap\"><h3 class=\"uagb-cta__title\">Abre el apetito con nuestros aperitivos<\/h3><p class=\"uagb-cta__desc\">Del\u00e9itate con nuestras tapas y bocados ideales para compartir.<br>Perfectos para picar antes del plato fuerte\u2026 o como excusa para otro trago.<\/p><\/div><div class=\"uagb-cta__buttons\"><a href=\"index.php\/inicio\/tapas-y-picoteo\/\" class=\"uagb-cta__button-link-wrapper wp-block-button__link\" target=\"_blank\" rel=\"noopener noreferrer\">Ver Tentaciones<svg xmlns=\"https:\/\/www.w3.org\/2000\/svg\" viewBox=\"0 0 512 512\"><path d=\"M504.3 273.6l-112.1 104c-6.992 6.484-17.18 8.218-25.94 4.406c-8.758-3.812-14.42-12.45-14.42-21.1L351.9 288H32C14.33 288 .0002 273.7 .0002 255.1S14.33 224 32 224h319.9l0-72c0-9.547 5.66-18.19 14.42-22c8.754-3.809 18.95-2.075 25.94 4.41l112.1 104C514.6 247.9 514.6 264.1 504.3 273.6z\"><\/path><\/svg><\/a><\/div><\/div>\n<\/div>\n\n\n\n<div class=\"wp-block-uagb-container uagb-block-e332e122\">\n<div data-aos= \"flip-up\" data-aos-duration=\"400\" data-aos-delay=\"0\" data-aos-easing=\"ease\" data-aos-once=\"true\" class=\"wp-block-uagb-call-to-action uagb-block-700b0eac wp-block-button\"><div class=\"uagb-cta__wrap\"><h3 class=\"uagb-cta__title\">Donde pasan las mejores noches<\/h3><p class=\"uagb-cta__desc\">M\u00fasica en vivo, DJs, fiestas tem\u00e1ticas y mucho m\u00e1s.<br> No te pierdas el pr\u00f3ximo plan \u00e9pico.<\/p><\/div><div class=\"uagb-cta__buttons\"><a href=\"index.php\/inicio\/contacto\/\" class=\"uagb-cta__button-link-wrapper wp-block-button__link\" target=\"_blank\" rel=\"noopener noreferrer\">Ap\u00fantame al Plan<svg xmlns=\"https:\/\/www.w3.org\/2000\/svg\" viewBox=\"0 0 512 512\"><path d=\"M504.3 273.6l-112.1 104c-6.992 6.484-17.18 8.218-25.94 4.406c-8.758-3.812-14.42-12.45-14.42-21.1L351.9 288H32C14.33 288 .0002 273.7 .0002 255.1S14.33 224 32 224h319.9l0-72c0-9.547 5.66-18.19 14.42-22c8.754-3.809 18.95-2.075 25.94 4.41l112.1 104C514.6 247.9 514.6 264.1 504.3 273.6z\"><\/path><\/svg><\/a><\/div><\/div>\n<\/div>\n<\/div>\n\n\n\t\t\t\t\t<div\n\t\t\t\t\t\tclass=\"wp-block-uagb-image-gallery uagb-block-93b16003     \"\n\t\t\t\t\t\tstyle=\"\"\n\t\t\t\t\t>\n\t\t\t\t\t\t\t\t\t\t\t<div data-aos= \"flip-up\" data-aos-duration=\"400\" data-aos-delay=\"0\" data-aos-easing=\"ease\" data-aos-once=\"true\" class=\"spectra-image-gallery spectra-image-gallery__layout--grid spectra-image-gallery__layout--grid-col-3 spectra-image-gallery__layout--grid-col-tab-3 spectra-image-gallery__layout--grid-col-mob-2\">\n\t\t\t\t\t\t\t\t\t\t\t<div class='spectra-image-gallery__media-wrapper' data-spectra-gallery-image-id='59' tabindex=\"0\">\n\t\t\t\t\t\t\t<div class=\"spectra-image-gallery__media spectra-image-gallery__media--grid\">\n\t\t\t\t<picture>\n\t\t\t\t\t<source media=\"(min-width: 1024px)\" srcset=\"https:\/\/cubswp.com\/masque\/wp-content\/uploads\/2025\/05\/cabecera-2.jpg\">\n\t\t\t\t\t<source media=\"(min-width: 768px)\" srcset=\"https:\/\/cubswp.com\/masque\/wp-content\/uploads\/2025\/05\/cabecera-2.jpg\">\n\t\t\t\t\t<img decoding=\"async\" class=\"spectra-image-gallery__media-thumbnail spectra-image-gallery__media-thumbnail--grid\" src=\"https:\/\/cubswp.com\/masque\/wp-content\/uploads\/2025\/05\/cabecera-2-300x200.jpg\" alt=\"COCTAILS Y TAPAS\" loading=\"lazy\" \/>\n\t\t\t\t<\/picture>\n\t\t\t\t<div class=\"spectra-image-gallery__media-thumbnail-blurrer\"><\/div>\n\t\t\t\t\t\t\t\t\t\t\t<div class=\"spectra-image-gallery__media-thumbnail-caption-wrapper spectra-image-gallery__media-thumbnail-caption-wrapper--overlay\">\n\t\t\t\t\t\t\t\t\t\t\t<div class=\"spectra-image-gallery__media-thumbnail-caption spectra-image-gallery__media-thumbnail-caption--overlay\">\n\t\t\t\t\tDonde cada c\u00f3ctel encuentra su tapa ideal.\t\t\t\t<\/div>\n\t\t\t\t\t\t\t\t\t\t<\/div>\n\t\t\t\t\t\t\t\t\t<\/div>\n\t\t\t\t\t\t<\/div>\n\t\t\t\t\t\t<div class='spectra-image-gallery__media-wrapper' data-spectra-gallery-image-id='65' tabindex=\"0\">\n\t\t\t\t\t\t\t<div class=\"spectra-image-gallery__media spectra-image-gallery__media--grid\">\n\t\t\t\t<picture>\n\t\t\t\t\t<source media=\"(min-width: 1024px)\" srcset=\"https:\/\/cubswp.com\/masque\/wp-content\/uploads\/2025\/05\/can\u2560aero-cerveza-1024x683.jpg\">\n\t\t\t\t\t<source media=\"(min-width: 768px)\" srcset=\"https:\/\/cubswp.com\/masque\/wp-content\/uploads\/2025\/05\/can\u2560aero-cerveza-1024x683.jpg\">\n\t\t\t\t\t<img decoding=\"async\" class=\"spectra-image-gallery__media-thumbnail spectra-image-gallery__media-thumbnail--grid\" src=\"https:\/\/cubswp.com\/masque\/wp-content\/uploads\/2025\/05\/can\u2560aero-cerveza-300x200.jpg\" alt=\"\" loading=\"lazy\" \/>\n\t\t\t\t<\/picture>\n\t\t\t\t<div class=\"spectra-image-gallery__media-thumbnail-blurrer\"><\/div>\n\t\t\t\t\t\t\t\t\t\t\t<div class=\"spectra-image-gallery__media-thumbnail-caption-wrapper spectra-image-gallery__media-thumbnail-caption-wrapper--overlay\">\n\t\t\t\t\t\t\t\t\t\t\t<div class=\"spectra-image-gallery__media-thumbnail-caption spectra-image-gallery__media-thumbnail-caption--overlay\">\n\t\t\t\t\tDonde cada c\u00f3ctel encuentra su tapa ideal.\t\t\t\t<\/div>\n\t\t\t\t\t\t\t\t\t\t<\/div>\n\t\t\t\t\t\t\t\t\t<\/div>\n\t\t\t\t\t\t<\/div>\n\t\t\t\t\t\t<div class='spectra-image-gallery__media-wrapper' data-spectra-gallery-image-id='267' tabindex=\"0\">\n\t\t\t\t\t\t\t<div class=\"spectra-image-gallery__media spectra-image-gallery__media--grid\">\n\t\t\t\t<picture>\n\t\t\t\t\t<source media=\"(min-width: 1024px)\" srcset=\"https:\/\/cubswp.com\/masque\/wp-content\/uploads\/2025\/05\/DSC2530_1-1024x683.jpg\">\n\t\t\t\t\t<source media=\"(min-width: 768px)\" srcset=\"https:\/\/cubswp.com\/masque\/wp-content\/uploads\/2025\/05\/DSC2530_1-1024x683.jpg\">\n\t\t\t\t\t<img decoding=\"async\" class=\"spectra-image-gallery__media-thumbnail spectra-image-gallery__media-thumbnail--grid\" src=\"https:\/\/cubswp.com\/masque\/wp-content\/uploads\/2025\/05\/DSC2530_1-300x200.jpg\" alt=\"\" loading=\"lazy\" \/>\n\t\t\t\t<\/picture>\n\t\t\t\t<div class=\"spectra-image-gallery__media-thumbnail-blurrer\"><\/div>\n\t\t\t\t\t\t\t\t\t\t\t<div class=\"spectra-image-gallery__media-thumbnail-caption-wrapper spectra-image-gallery__media-thumbnail-caption-wrapper--overlay\">\n\t\t\t\t\t\t\t\t\t\t\t<div class=\"spectra-image-gallery__media-thumbnail-caption spectra-image-gallery__media-thumbnail-caption--overlay\">\n\t\t\t\t\tDonde cada c\u00f3ctel encuentra su tapa ideal.\t\t\t\t<\/div>\n\t\t\t\t\t\t\t\t\t\t<\/div>\n\t\t\t\t\t\t\t\t\t<\/div>\n\t\t\t\t\t\t<\/div>\n\t\t\t\t\t\t\t\t\t\t<\/div>\n\t\t\t\t\t\t\t\t\t\t\t\t\t\t\t\t\t\t<\/div>\n\t\t\t\t\t\t\t\t\t\n\n\n<div class=\"wp-block-uagb-separator uagb-block-d70d442d\"><div class=\"uagb-separator-spacing-wrapper\"><div class=\"wp-block-uagb-separator__inner\" style=\"--my-background-image:url(&quot;data:image\/svg+xml,%3Csvg width='8' height='16' viewBox='0 0 8 16' fill='none' xmlns='http:\/\/www.w3.org\/2000\/svg'%3E%3Crect width='8' height='16' fill='black'\/%3E%3C\/svg%3E&quot;)\"><\/div><\/div><\/div>\n\n\n\n<div data-aos= \"zoom-out\" data-aos-duration=\"400\" data-aos-delay=\"0\" data-aos-easing=\"ease\" data-aos-once=\"true\" class=\"wp-block-uagb-advanced-heading uagb-block-29d09915\"><h2 class=\"uagb-heading-text\"><em>Nuestra historia<\/em><\/h2><\/div>\n\n\n\n<div data-aos= \"flip-down\" data-aos-duration=\"400\" data-aos-delay=\"0\" data-aos-easing=\"ease\" data-aos-once=\"true\" class=\"wp-block-uagb-content-timeline uagb-timeline__outer-wrap uagb-block-4357e41e uagb-timeline__content-wrap uagb-timeline__center-block  uagb-timeline__arrow-center uagb-timeline\">\n<article class=\"wp-block-uagb-content-timeline-child uagb-timeline__field uagb-timeline-child-03690474 uagb-timeline__right\"><div class=\"uagb-timeline__marker out-view-uagb-timeline__icon\"><svg xmlns=\"https:\/\/www.w3.org\/2000\/svg\" viewBox=\"0 0 448 512\"><path d=\"M417.1 368c-5.937 10.27-16.69 16-27.75 16c-5.422 0-10.92-1.375-15.97-4.281L256 311.4V448c0 17.67-14.33 32-31.1 32S192 465.7 192 448V311.4l-118.3 68.29C68.67 382.6 63.17 384 57.75 384c-11.06 0-21.81-5.734-27.75-16c-8.828-15.31-3.594-34.88 11.72-43.72L159.1 256L41.72 187.7C26.41 178.9 21.17 159.3 29.1 144C36.63 132.5 49.26 126.7 61.65 128.2C65.78 128.7 69.88 130.1 73.72 132.3L192 200.6V64c0-17.67 14.33-32 32-32S256 46.33 256 64v136.6l118.3-68.29c3.838-2.213 7.939-3.539 12.07-4.051C398.7 126.7 411.4 132.5 417.1 144c8.828 15.31 3.594 34.88-11.72 43.72L288 256l118.3 68.28C421.6 333.1 426.8 352.7 417.1 368z\"><\/path><\/svg><\/div><div class=\"uagb-timeline__day-new uagb-timeline__day-right uagb-timeline__events-inner-new\"><div class=\"uagb-timeline__events-inner--content\"><div class=\"uagb-timeline__date-hide uagb-timeline__inner-date-new\">enero, 2022<\/div><h3 class=\"uagb-timeline__heading\">La idea nace<\/h3><p class=\"uagb-timeline-desc-content\">Entre risas y brindis, surge la idea de crear un lugar diferente:  algo m\u00e1s que c\u00f3cteles, m\u00e1s que aperitivos.<\/p><div class=\"uagb-timeline__arrow\"><\/div><\/div><\/div><div class=\"uagb-timeline__date-new\">enero, 2022<\/div><\/article>\n\n\n\n<article class=\"wp-block-uagb-content-timeline-child uagb-timeline__field uagb-timeline-child-32951662 uagb-timeline__left\"><div class=\"uagb-timeline__marker out-view-uagb-timeline__icon\"><svg xmlns=\"https:\/\/www.w3.org\/2000\/svg\" viewBox=\"0 0 448 512\"><path d=\"M417.1 368c-5.937 10.27-16.69 16-27.75 16c-5.422 0-10.92-1.375-15.97-4.281L256 311.4V448c0 17.67-14.33 32-31.1 32S192 465.7 192 448V311.4l-118.3 68.29C68.67 382.6 63.17 384 57.75 384c-11.06 0-21.81-5.734-27.75-16c-8.828-15.31-3.594-34.88 11.72-43.72L159.1 256L41.72 187.7C26.41 178.9 21.17 159.3 29.1 144C36.63 132.5 49.26 126.7 61.65 128.2C65.78 128.7 69.88 130.1 73.72 132.3L192 200.6V64c0-17.67 14.33-32 32-32S256 46.33 256 64v136.6l118.3-68.29c3.838-2.213 7.939-3.539 12.07-4.051C398.7 126.7 411.4 132.5 417.1 144c8.828 15.31 3.594 34.88-11.72 43.72L288 256l118.3 68.28C421.6 333.1 426.8 352.7 417.1 368z\"><\/path><\/svg><\/div><div class=\"uagb-timeline__day-new uagb-timeline__day-left uagb-timeline__events-inner-new\"><div class=\"uagb-timeline__events-inner--content\"><div class=\"uagb-timeline__date-hide uagb-timeline__inner-date-new\">marzo, 2023<\/div><h3 class=\"uagb-timeline__heading\">Concepto MASQUE<\/h3><p class=\"uagb-timeline-desc-content\">Dise\u00f1amos nuestra carta con c\u00f3cteles \u00fanicos y tapas pensadas para acompa\u00f1arlos. Empieza a tomar forma el alma de Masque.<\/p><div class=\"uagb-timeline__arrow\"><\/div><\/div><\/div><div class=\"uagb-timeline__date-new\">marzo, 2023<\/div><\/article>\n\n\n\n<article class=\"wp-block-uagb-content-timeline-child uagb-timeline__field uagb-timeline-child-52217096 uagb-timeline__right\"><div class=\"uagb-timeline__marker out-view-uagb-timeline__icon\"><svg xmlns=\"https:\/\/www.w3.org\/2000\/svg\" viewBox=\"0 0 448 512\"><path d=\"M417.1 368c-5.937 10.27-16.69 16-27.75 16c-5.422 0-10.92-1.375-15.97-4.281L256 311.4V448c0 17.67-14.33 32-31.1 32S192 465.7 192 448V311.4l-118.3 68.29C68.67 382.6 63.17 384 57.75 384c-11.06 0-21.81-5.734-27.75-16c-8.828-15.31-3.594-34.88 11.72-43.72L159.1 256L41.72 187.7C26.41 178.9 21.17 159.3 29.1 144C36.63 132.5 49.26 126.7 61.65 128.2C65.78 128.7 69.88 130.1 73.72 132.3L192 200.6V64c0-17.67 14.33-32 32-32S256 46.33 256 64v136.6l118.3-68.29c3.838-2.213 7.939-3.539 12.07-4.051C398.7 126.7 411.4 132.5 417.1 144c8.828 15.31 3.594 34.88-11.72 43.72L288 256l118.3 68.28C421.6 333.1 426.8 352.7 417.1 368z\"><\/path><\/svg><\/div><div class=\"uagb-timeline__day-new uagb-timeline__day-right uagb-timeline__events-inner-new\"><div class=\"uagb-timeline__events-inner--content\"><div class=\"uagb-timeline__date-hide uagb-timeline__inner-date-new\">enero, 2023<\/div><h3 class=\"uagb-timeline__heading\">Construcci\u00f3n del espacio<\/h3><p class=\"uagb-timeline-desc-content\">Creamos un lugar con esencia, detalle y car\u00e1cter. Cada rinc\u00f3n pensado para disfrutar.<\/p><div class=\"uagb-timeline__arrow\"><\/div><\/div><\/div><div class=\"uagb-timeline__date-new\">enero, 2023<\/div><\/article>\n\n\n\n<article class=\"wp-block-uagb-content-timeline-child uagb-timeline__field uagb-timeline-child-ce7af2a8 uagb-timeline__left\"><div class=\"uagb-timeline__marker out-view-uagb-timeline__icon\"><svg xmlns=\"https:\/\/www.w3.org\/2000\/svg\" viewBox=\"0 0 448 512\"><path d=\"M417.1 368c-5.937 10.27-16.69 16-27.75 16c-5.422 0-10.92-1.375-15.97-4.281L256 311.4V448c0 17.67-14.33 32-31.1 32S192 465.7 192 448V311.4l-118.3 68.29C68.67 382.6 63.17 384 57.75 384c-11.06 0-21.81-5.734-27.75-16c-8.828-15.31-3.594-34.88 11.72-43.72L159.1 256L41.72 187.7C26.41 178.9 21.17 159.3 29.1 144C36.63 132.5 49.26 126.7 61.65 128.2C65.78 128.7 69.88 130.1 73.72 132.3L192 200.6V64c0-17.67 14.33-32 32-32S256 46.33 256 64v136.6l118.3-68.29c3.838-2.213 7.939-3.539 12.07-4.051C398.7 126.7 411.4 132.5 417.1 144c8.828 15.31 3.594 34.88-11.72 43.72L288 256l118.3 68.28C421.6 333.1 426.8 352.7 417.1 368z\"><\/path><\/svg><\/div><div class=\"uagb-timeline__day-new uagb-timeline__day-left uagb-timeline__events-inner-new\"><div class=\"uagb-timeline__events-inner--content\"><div class=\"uagb-timeline__date-hide uagb-timeline__inner-date-new\">junio, 2024<\/div><h3 class=\"uagb-timeline__heading\">MASQUE abre sus puertas<\/h3><p class=\"uagb-timeline-desc-content\">Inauguramos nuestro local. Empezamos a servir momentos, no solo copas.<br><\/p><div class=\"uagb-timeline__arrow\"><\/div><\/div><\/div><div class=\"uagb-timeline__date-new\">junio, 2024<\/div><\/article>\n\n\n\n<article class=\"wp-block-uagb-content-timeline-child uagb-timeline__field uagb-timeline-child-cdb6f6f5 uagb-timeline__right\"><div class=\"uagb-timeline__marker out-view-uagb-timeline__icon\"><svg xmlns=\"https:\/\/www.w3.org\/2000\/svg\" viewBox=\"0 0 448 512\"><path d=\"M417.1 368c-5.937 10.27-16.69 16-27.75 16c-5.422 0-10.92-1.375-15.97-4.281L256 311.4V448c0 17.67-14.33 32-31.1 32S192 465.7 192 448V311.4l-118.3 68.29C68.67 382.6 63.17 384 57.75 384c-11.06 0-21.81-5.734-27.75-16c-8.828-15.31-3.594-34.88 11.72-43.72L159.1 256L41.72 187.7C26.41 178.9 21.17 159.3 29.1 144C36.63 132.5 49.26 126.7 61.65 128.2C65.78 128.7 69.88 130.1 73.72 132.3L192 200.6V64c0-17.67 14.33-32 32-32S256 46.33 256 64v136.6l118.3-68.29c3.838-2.213 7.939-3.539 12.07-4.051C398.7 126.7 411.4 132.5 417.1 144c8.828 15.31 3.594 34.88-11.72 43.72L288 256l118.3 68.28C421.6 333.1 426.8 352.7 417.1 368z\"><\/path><\/svg><\/div><div class=\"uagb-timeline__day-new uagb-timeline__day-right uagb-timeline__events-inner-new\"><div class=\"uagb-timeline__events-inner--content\"><div class=\"uagb-timeline__date-hide uagb-timeline__inner-date-new\">enero, 2025<\/div><h3 class=\"uagb-timeline__heading\">Seguimos creando<\/h3><p class=\"uagb-timeline-desc-content\">Masque crece, evoluciona y se transforma con cada persona que nos visita.<\/p><div class=\"uagb-timeline__arrow\"><\/div><\/div><\/div><div class=\"uagb-timeline__date-new\">enero, 2025<\/div><\/article>\n<div class=\"uagb-timeline__line\"><div class=\"uagb-timeline__line__inner\"><\/div><\/div><\/div>\n\n\n\n<p><\/p>\n","protected":false},"excerpt":{"rendered":"<p>MASQUE M\u00e1s que c\u00f3cteles. M\u00e1s que aperitivos. M\u00e1s que una experiencia.&nbsp; Bienvenido a Masque, Descubre un universo donde la mixolog\u00eda [&hellip;]<\/p>\n","protected":false},"author":3,"featured_media":0,"parent":0,"menu_order":0,"comment_status":"closed","ping_status":"closed","template":"","meta":{"_uag_custom_page_level_css":"","site-sidebar-layout":"default","site-content-layout":"","ast-site-content-layout":"","site-content-style":"default","site-sidebar-style":"default","ast-global-header-display":"","ast-banner-title-visibility":"","ast-main-header-display":"","ast-hfb-above-header-display":"","ast-hfb-below-header-display":"","ast-hfb-mobile-header-display":"","site-post-title":"disabled","ast-breadcrumbs-content":"","ast-featured-img":"","footer-sml-layout":"","ast-disable-related-posts":"","theme-transparent-header-meta":"","adv-header-id-meta":"","stick-header-meta":"","header-above-stick-meta":"","header-main-stick-meta":"","header-below-stick-meta":"","astra-migrate-meta-layouts":"default","ast-page-background-enabled":"default","ast-page-background-meta":{"desktop":{"background-color":"var(--ast-global-color-5)","background-image":"","background-repeat":"repeat","background-position":"center center","background-size":"auto","background-attachment":"scroll","background-type":"","background-media":"","overlay-type":"","overlay-color":"","overlay-opacity":"","overlay-gradient":""},"tablet":{"background-color":"","background-image":"","background-repeat":"repeat","background-position":"center center","background-size":"auto","background-attachment":"scroll","background-type":"","background-media":"","overlay-type":"","overlay-color":"","overlay-opacity":"","overlay-gradient":""},"mobile":{"background-color":"","background-image":"","background-repeat":"repeat","background-position":"center center","background-size":"auto","background-attachment":"scroll","background-type":"","background-media":"","overlay-type":"","overlay-color":"","overlay-opacity":"","overlay-gradient":""}},"ast-content-background-meta":{"desktop":{"background-color":"var(--ast-global-color-4)","background-image":"","background-repeat":"repeat","background-position":"center center","background-size":"auto","background-attachment":"scroll","background-type":"","background-media":"","overlay-type":"","overlay-color":"","overlay-opacity":"","overlay-gradient":""},"tablet":{"background-color":"var(--ast-global-color-4)","background-image":"","background-repeat":"repeat","background-position":"center center","background-size":"auto","background-attachment":"scroll","background-type":"","background-media":"","overlay-type":"","overlay-color":"","overlay-opacity":"","overlay-gradient":""},"mobile":{"background-color":"var(--ast-global-color-4)","background-image":"","background-repeat":"repeat","background-position":"center center","background-size":"auto","background-attachment":"scroll","background-type":"","background-media":"","overlay-type":"","overlay-color":"","overlay-opacity":"","overlay-gradient":""}},"footnotes":""},"class_list":["post-42","page","type-page","status-publish","hentry"],"uagb_featured_image_src":{"full":false,"thumbnail":false,"medium":false,"medium_large":false,"large":false,"1536x1536":false,"2048x2048":false},"uagb_author_info":{"display_name":"Victoria Bran","author_link":"https:\/\/cubswp.com\/masque\/index.php\/author\/victoria-bran\/"},"uagb_comment_info":0,"uagb_excerpt":"MASQUE M\u00e1s que c\u00f3cteles. M\u00e1s que aperitivos. M\u00e1s que una experiencia.&nbsp; Bienvenido a Masque, Descubre un universo donde la mixolog\u00eda [&hellip;]","_links":{"self":[{"href":"https:\/\/cubswp.com\/masque\/index.php\/wp-json\/wp\/v2\/pages\/42","targetHints":{"allow":["GET"]}}],"collection":[{"href":"https:\/\/cubswp.com\/masque\/index.php\/wp-json\/wp\/v2\/pages"}],"about":[{"href":"https:\/\/cubswp.com\/masque\/index.php\/wp-json\/wp\/v2\/types\/page"}],"author":[{"embeddable":true,"href":"https:\/\/cubswp.com\/masque\/index.php\/wp-json\/wp\/v2\/users\/3"}],"replies":[{"embeddable":true,"href":"https:\/\/cubswp.com\/masque\/index.php\/wp-json\/wp\/v2\/comments?post=42"}],"version-history":[{"count":41,"href":"https:\/\/cubswp.com\/masque\/index.php\/wp-json\/wp\/v2\/pages\/42\/revisions"}],"predecessor-version":[{"id":276,"href":"https:\/\/cubswp.com\/masque\/index.php\/wp-json\/wp\/v2\/pages\/42\/revisions\/276"}],"wp:attachment":[{"href":"https:\/\/cubswp.com\/masque\/index.php\/wp-json\/wp\/v2\/media?parent=42"}],"curies":[{"name":"wp","href":"https:\/\/api.w.org\/{rel}","templated":true}]}}