{"id":43,"date":"2025-05-08T08:18:49","date_gmt":"2025-05-08T08:18:49","guid":{"rendered":"https:\/\/cubswp.com\/masque\/?page_id=43"},"modified":"2025-05-14T07:26:43","modified_gmt":"2025-05-14T07:26:43","slug":"cocktails","status":"publish","type":"page","link":"https:\/\/cubswp.com\/masque\/index.php\/inicio\/cocktails\/","title":{"rendered":"Cocktails"},"content":{"rendered":"\n<p><\/p>\n\n\n\n<p><\/p>\n\n\n\n<p><\/p>\n\n\n\n<p class=\"has-text-align-center has-ast-global-color-5-color has-text-color has-link-color has-large-font-size wp-elements-0ea1c0183225e889563e731dd168f8d2\"><strong>NUESTROS COCKTAILS<\/strong><\/p>\n\n\n\n<p><\/p>\n\n\n\n<div class=\"wp-block-uagb-container uagb-block-2d4838bc alignfull uagb-is-root-container\"><div class=\"uagb-container-inner-blocks-wrap\">\n<div class=\"wp-block-uagb-container uagb-block-447d8bc5\">\n<div class=\"wp-block-uagb-image uagb-block-0eeea3ff wp-block-uagb-image--layout-default wp-block-uagb-image--effect-static wp-block-uagb-image--align-none\"><figure class=\"wp-block-uagb-image__figure\"><img decoding=\"async\" srcset=\"https:\/\/cubswp.com\/masque\/wp-content\/uploads\/2025\/05\/tequila-sunrise-200x300.png ,https:\/\/cubswp.com\/masque\/wp-content\/uploads\/2025\/05\/tequila-sunrise.png 780w, https:\/\/cubswp.com\/masque\/wp-content\/uploads\/2025\/05\/tequila-sunrise.png 360w\" sizes=\"auto, (max-width: 480px) 150px\" src=\"https:\/\/cubswp.com\/masque\/wp-content\/uploads\/2025\/05\/tequila-sunrise-200x300.png\" alt=\"\" class=\"uag-image-178\" width=\"200\" height=\"300\" title=\"tequila sunrise\" loading=\"lazy\" role=\"img\"\/><\/figure><\/div>\n\n\n\n<div class=\"wp-block-uagb-info-box uagb-block-51cac00a uagb-infobox__content-wrap  uagb-infobox-icon-above-title uagb-infobox-image-valign-top\"><div class=\"uagb-ifb-content\"><div class=\"uagb-ifb-title-wrap\"><h3 class=\"uagb-ifb-title\"><strong><mark style=\"background-color:rgba(0, 0, 0, 0);color:#ffffff\" class=\"has-inline-color\">Tequila Sunrise<\/mark><\/strong><\/h3><\/div><p class=\"uagb-ifb-desc\"><mark style=\"background-color:rgba(0, 0, 0, 0);color:#ffffff\" class=\"has-inline-color\"><mark style=\"background-color:rgba(0, 0, 0, 0);color:#ffffff\" class=\"has-inline-color\">Tequila, zumo de naranja y granadina<br><strong>10\u20ac<\/strong><\/mark><\/mark><strong><br><\/strong><\/p><\/div><\/div>\n<\/div>\n\n\n\n<div class=\"wp-block-uagb-container uagb-block-bbb0b5ea\">\n<div class=\"wp-block-uagb-image uagb-block-97225325 wp-block-uagb-image--layout-default wp-block-uagb-image--effect-static wp-block-uagb-image--align-none\"><figure class=\"wp-block-uagb-image__figure\"><img decoding=\"async\" srcset=\"https:\/\/cubswp.com\/masque\/wp-content\/uploads\/2025\/05\/negronni-classic-1-4-212x300.png ,https:\/\/cubswp.com\/masque\/wp-content\/uploads\/2025\/05\/negronni-classic-1-4.png 780w, https:\/\/cubswp.com\/masque\/wp-content\/uploads\/2025\/05\/negronni-classic-1-4.png 360w\" sizes=\"auto, (max-width: 480px) 150px\" src=\"https:\/\/cubswp.com\/masque\/wp-content\/uploads\/2025\/05\/negronni-classic-1-4-212x300.png\" alt=\"\" class=\"uag-image-169\" width=\"212\" height=\"300\" title=\"negronni classic\" loading=\"lazy\" role=\"img\"\/><\/figure><\/div>\n\n\n\n<div class=\"wp-block-uagb-info-box uagb-block-06ecbd91 uagb-infobox__content-wrap  uagb-infobox-icon-above-title uagb-infobox-image-valign-top\"><div class=\"uagb-ifb-content\"><div class=\"uagb-ifb-title-wrap\"><h3 class=\"uagb-ifb-title\"><strong><mark style=\"background-color:rgba(0, 0, 0, 0);color:#ffffff\" class=\"has-inline-color\">Negroni Classic<\/mark><\/strong><\/h3><\/div><p class=\"uagb-ifb-desc\"><mark style=\"background-color:rgba(0, 0, 0, 0);color:#ffffff\" class=\"has-inline-color\">Ginebra, vermut rojo y Campari<br><strong>10\u20ac<\/strong><\/mark><\/p><\/div><\/div>\n<\/div>\n\n\n\n<div class=\"wp-block-uagb-container uagb-block-b8e64df6\">\n<div class=\"wp-block-uagb-image uagb-block-51678a2b wp-block-uagb-image--layout-default wp-block-uagb-image--effect-static wp-block-uagb-image--align-none\"><figure class=\"wp-block-uagb-image__figure\"><img decoding=\"async\" srcset=\"https:\/\/cubswp.com\/masque\/wp-content\/uploads\/2025\/05\/gin-tonic-1-219x300.png ,https:\/\/cubswp.com\/masque\/wp-content\/uploads\/2025\/05\/gin-tonic-1.png 780w, https:\/\/cubswp.com\/masque\/wp-content\/uploads\/2025\/05\/gin-tonic-1.png 360w\" sizes=\"auto, (max-width: 480px) 150px\" src=\"https:\/\/cubswp.com\/masque\/wp-content\/uploads\/2025\/05\/gin-tonic-1-219x300.png\" alt=\"\" class=\"uag-image-170\" width=\"219\" height=\"300\" title=\"gin tonic\" loading=\"lazy\" role=\"img\"\/><\/figure><\/div>\n\n\n\n<div class=\"wp-block-uagb-info-box uagb-block-1d4c1160 uagb-infobox__content-wrap  uagb-infobox-icon-above-title uagb-infobox-image-valign-top\"><div class=\"uagb-ifb-content\"><div class=\"uagb-ifb-title-wrap\"><h3 class=\"uagb-ifb-title\"><strong><mark style=\"background-color:rgba(0, 0, 0, 0);color:#ffffff\" class=\"has-inline-color\">Gin Tonic<\/mark><\/strong><\/h3><\/div><p class=\"uagb-ifb-desc\"><mark style=\"background-color:rgba(0, 0, 0, 0);color:#ffffff\" class=\"has-inline-color\">Ginebra, t\u00f3nica y lim\u00f3n<br><strong>8\u20ac<\/strong><\/mark><\/p><\/div><\/div>\n<\/div>\n<\/div><\/div>\n\n\n\n<p><\/p>\n\n\n\n<div class=\"wp-block-uagb-container uagb-block-2f540fe7 alignfull uagb-is-root-container\"><div class=\"uagb-container-inner-blocks-wrap\">\n<div class=\"wp-block-uagb-container uagb-block-6e707e7a\">\n<div class=\"wp-block-uagb-image uagb-block-d9ab9753 wp-block-uagb-image--layout-default wp-block-uagb-image--effect-static wp-block-uagb-image--align-none\"><figure class=\"wp-block-uagb-image__figure\"><img decoding=\"async\" srcset=\"https:\/\/cubswp.com\/masque\/wp-content\/uploads\/2025\/05\/blue-lagoon-200x300.png ,https:\/\/cubswp.com\/masque\/wp-content\/uploads\/2025\/05\/blue-lagoon.png 780w, https:\/\/cubswp.com\/masque\/wp-content\/uploads\/2025\/05\/blue-lagoon.png 360w\" sizes=\"auto, (max-width: 480px) 150px\" src=\"https:\/\/cubswp.com\/masque\/wp-content\/uploads\/2025\/05\/blue-lagoon-200x300.png\" alt=\"\" class=\"uag-image-173\" width=\"200\" height=\"300\" title=\"blue lagoon\" loading=\"lazy\" role=\"img\"\/><\/figure><\/div>\n\n\n\n<div class=\"wp-block-uagb-info-box uagb-block-42094bc0 uagb-infobox__content-wrap  uagb-infobox-icon-above-title uagb-infobox-image-valign-top\"><div class=\"uagb-ifb-content\"><div class=\"uagb-ifb-title-wrap\"><h3 class=\"uagb-ifb-title\"><strong><mark style=\"background-color:rgba(0, 0, 0, 0);color:#ffffff\" class=\"has-inline-color\">Blue Lagoon<\/mark><\/strong><\/h3><\/div><p class=\"uagb-ifb-desc\"><mark style=\"background-color:rgba(0, 0, 0, 0);color:#ffffff\" class=\"has-inline-color\">Vodka blanco, zumo de lim\u00f3n, soda y cura\u00e7ao azul<br><strong>10\u20ac<\/strong><\/mark><\/p><\/div><\/div>\n<\/div>\n\n\n\n<div class=\"wp-block-uagb-container uagb-block-bda7c844\">\n<div class=\"wp-block-uagb-image uagb-block-70a1952b wp-block-uagb-image--layout-default wp-block-uagb-image--effect-static wp-block-uagb-image--align-none\"><figure class=\"wp-block-uagb-image__figure\"><img decoding=\"async\" srcset=\"https:\/\/cubswp.com\/masque\/wp-content\/uploads\/2025\/05\/mojito-3-220x300.png ,https:\/\/cubswp.com\/masque\/wp-content\/uploads\/2025\/05\/mojito-3.png 780w, https:\/\/cubswp.com\/masque\/wp-content\/uploads\/2025\/05\/mojito-3.png 360w\" sizes=\"auto, (max-width: 480px) 150px\" src=\"https:\/\/cubswp.com\/masque\/wp-content\/uploads\/2025\/05\/mojito-3-220x300.png\" alt=\"\" class=\"uag-image-168\" width=\"220\" height=\"300\" title=\"mojito\" loading=\"lazy\" role=\"img\"\/><\/figure><\/div>\n\n\n\n<div class=\"wp-block-uagb-info-box uagb-block-e17b3d49 uagb-infobox__content-wrap  uagb-infobox-icon-above-title uagb-infobox-image-valign-top\"><div class=\"uagb-ifb-content\"><div class=\"uagb-ifb-title-wrap\"><h3 class=\"uagb-ifb-title\"><strong><mark style=\"background-color:rgba(0, 0, 0, 0);color:#ffffff\" class=\"has-inline-color\">Mojito<\/mark><\/strong><\/h3><\/div><p class=\"uagb-ifb-desc\"><mark style=\"background-color:rgba(0, 0, 0, 0);color:#ffffff\" class=\"has-inline-color\">Ron blanco, agua con gas, hojas de menta fresca y lim\u00f3n<br>8\u20ac<\/mark><\/p><\/div><\/div>\n<\/div>\n\n\n\n<div class=\"wp-block-uagb-container uagb-block-0e55ce34\">\n<div class=\"wp-block-uagb-image uagb-block-14c50a81 wp-block-uagb-image--layout-default wp-block-uagb-image--effect-static wp-block-uagb-image--align-none\"><figure class=\"wp-block-uagb-image__figure\"><img decoding=\"async\" srcset=\"https:\/\/cubswp.com\/masque\/wp-content\/uploads\/2025\/05\/cappe-codde-2-200x300.png ,https:\/\/cubswp.com\/masque\/wp-content\/uploads\/2025\/05\/cappe-codde-2.png 780w, https:\/\/cubswp.com\/masque\/wp-content\/uploads\/2025\/05\/cappe-codde-2.png 360w\" sizes=\"auto, (max-width: 480px) 150px\" src=\"https:\/\/cubswp.com\/masque\/wp-content\/uploads\/2025\/05\/cappe-codde-2-200x300.png\" alt=\"\" class=\"uag-image-180\" width=\"200\" height=\"300\" title=\"cappe codde 2\" loading=\"lazy\" role=\"img\"\/><\/figure><\/div>\n\n\n\n<div class=\"wp-block-uagb-info-box uagb-block-ab069c58 uagb-infobox__content-wrap  uagb-infobox-icon-above-title uagb-infobox-image-valign-top\"><div class=\"uagb-ifb-content\"><div class=\"uagb-ifb-title-wrap\"><h3 class=\"uagb-ifb-title\"><strong><mark style=\"background-color:rgba(0, 0, 0, 0);color:#ffffff\" class=\"has-inline-color\">Cappe Codder<\/mark><\/strong><\/h3><\/div><p class=\"uagb-ifb-desc\"><mark style=\"background-color:rgba(0, 0, 0, 0);color:#ffffff\" class=\"has-inline-color\">Vodka blanco, zumo de arandano rojo y zumo de lima<br><strong>9\u20ac<\/strong><\/mark><\/p><\/div><\/div>\n<\/div>\n<\/div><\/div>\n\n\n\n<p><\/p>\n\n\n\n<div class=\"wp-block-uagb-container uagb-block-b6d832e0 alignfull uagb-is-root-container\"><div class=\"uagb-container-inner-blocks-wrap\">\n<div class=\"wp-block-uagb-container uagb-block-775b9879\">\n<div class=\"wp-block-uagb-image uagb-block-a9acdcd5 wp-block-uagb-image--layout-default wp-block-uagb-image--effect-static wp-block-uagb-image--align-none\"><figure class=\"wp-block-uagb-image__figure\"><img decoding=\"async\" srcset=\"https:\/\/cubswp.com\/masque\/wp-content\/uploads\/2025\/05\/cosmopolitan2-222x300.png ,https:\/\/cubswp.com\/masque\/wp-content\/uploads\/2025\/05\/cosmopolitan2.png 780w, https:\/\/cubswp.com\/masque\/wp-content\/uploads\/2025\/05\/cosmopolitan2.png 360w\" sizes=\"auto, (max-width: 480px) 150px\" src=\"https:\/\/cubswp.com\/masque\/wp-content\/uploads\/2025\/05\/cosmopolitan2-222x300.png\" alt=\"\" class=\"uag-image-221\" width=\"222\" height=\"300\" title=\"cosmopolitan2\" loading=\"lazy\" role=\"img\"\/><\/figure><\/div>\n\n\n\n<div class=\"wp-block-uagb-info-box uagb-block-a3977af5 uagb-infobox__content-wrap  uagb-infobox-icon-above-title uagb-infobox-image-valign-top\"><div class=\"uagb-ifb-content\"><div class=\"uagb-ifb-title-wrap\"><h3 class=\"uagb-ifb-title\"><strong><mark style=\"background-color:rgba(0, 0, 0, 0);color:#ffffff\" class=\"has-inline-color\">Cosmopolitan<\/mark><\/strong><\/h3><\/div><p class=\"uagb-ifb-desc\"><mark style=\"background-color:rgba(0, 0, 0, 0);color:#ffffff\" class=\"has-inline-color\">Vodka, Cointreau, zumo de lima y zumo de ar\u00e1ndano rojo<br><strong>10\u20ac<\/strong><\/mark><\/p><\/div><\/div>\n<\/div>\n\n\n\n<div class=\"wp-block-uagb-container uagb-block-361d9135\">\n<div class=\"wp-block-uagb-image uagb-block-9993743c wp-block-uagb-image--layout-default wp-block-uagb-image--effect-static wp-block-uagb-image--align-none\"><figure class=\"wp-block-uagb-image__figure\"><img decoding=\"async\" srcset=\"https:\/\/cubswp.com\/masque\/wp-content\/uploads\/2025\/05\/espresso-martini-2-164x300.png ,https:\/\/cubswp.com\/masque\/wp-content\/uploads\/2025\/05\/espresso-martini-2.png 780w, https:\/\/cubswp.com\/masque\/wp-content\/uploads\/2025\/05\/espresso-martini-2.png 360w\" sizes=\"auto, (max-width: 480px) 150px\" src=\"https:\/\/cubswp.com\/masque\/wp-content\/uploads\/2025\/05\/espresso-martini-2-164x300.png\" alt=\"\" class=\"uag-image-225\" width=\"164\" height=\"300\" title=\"espresso martini 2\" loading=\"lazy\" role=\"img\"\/><\/figure><\/div>\n\n\n\n<div class=\"wp-block-uagb-info-box uagb-block-38b799e9 uagb-infobox__content-wrap  uagb-infobox-icon-above-title uagb-infobox-image-valign-top\"><div class=\"uagb-ifb-content\"><div class=\"uagb-ifb-title-wrap\"><h3 class=\"uagb-ifb-title\"><strong><mark style=\"background-color:rgba(0, 0, 0, 0);color:#ffffff\" class=\"has-inline-color\">Espresso Martini<\/mark><\/strong><\/h3><\/div><p class=\"uagb-ifb-desc\"><mark style=\"background-color:rgba(0, 0, 0, 0);color:#ffffff\" class=\"has-inline-color\">Vodka blanco, licor de caf\u00e9, caf\u00e9 espresso y jarabe de az\u00facar<br><strong>9\u20ac<\/strong><\/mark><\/p><\/div><\/div>\n<\/div>\n\n\n\n<div class=\"wp-block-uagb-container uagb-block-276c9f42\">\n<div class=\"wp-block-uagb-image uagb-block-d5deaad1 wp-block-uagb-image--layout-default wp-block-uagb-image--effect-static wp-block-uagb-image--align-none\"><figure class=\"wp-block-uagb-image__figure\"><img decoding=\"async\" srcset=\"https:\/\/cubswp.com\/masque\/wp-content\/uploads\/2025\/05\/daiquiri-201x300.png ,https:\/\/cubswp.com\/masque\/wp-content\/uploads\/2025\/05\/daiquiri.png 780w, https:\/\/cubswp.com\/masque\/wp-content\/uploads\/2025\/05\/daiquiri.png 360w\" sizes=\"auto, (max-width: 480px) 150px\" src=\"https:\/\/cubswp.com\/masque\/wp-content\/uploads\/2025\/05\/daiquiri-201x300.png\" alt=\"\" class=\"uag-image-229\" width=\"201\" height=\"300\" title=\"daiquiri\" loading=\"lazy\" role=\"img\"\/><\/figure><\/div>\n\n\n\n<div class=\"wp-block-uagb-info-box uagb-block-5f996222 uagb-infobox__content-wrap  uagb-infobox-icon-above-title uagb-infobox-image-valign-top\"><div class=\"uagb-ifb-content\"><div class=\"uagb-ifb-title-wrap\"><h3 class=\"uagb-ifb-title\"><strong><mark style=\"background-color:rgba(0, 0, 0, 0);color:#ffffff\" class=\"has-inline-color\">Daiquiri<\/mark><\/strong><\/h3><\/div><p class=\"uagb-ifb-desc\"><mark style=\"background-color:rgba(0, 0, 0, 0);color:#ffffff\" class=\"has-inline-color\">Ron blanco, zumo de lima y az\u00facar blanco<br><strong>7,5\u20ac<\/strong><\/mark><\/p><\/div><\/div>\n<\/div>\n<\/div><\/div>\n\n\n\n<p class=\"has-text-align-center has-large-font-size\"><mark style=\"background-color:rgba(0, 0, 0, 0);color:#ffffff\" class=\"has-inline-color\"><strong>CREA TUS PROPIOS COCKTAILS<\/strong><\/mark><\/p>\n\n\n\n<p class=\"has-text-align-center\"><mark style=\"background-color:rgba(0, 0, 0, 0);color:#ffffff\" class=\"has-inline-color\">Si te gustan nuestros COCKTAILS, ahora puedes hacerlos en tu casa.<\/mark><\/p>\n\n\n\n<p class=\"has-text-align-center\"><mark style=\"background-color:rgba(0, 0, 0, 0);color:#ffffff\" class=\"has-inline-color\">\u00a1<\/mark> <mark style=\"background-color:rgba(0, 0, 0, 0);color:#ffffff\" class=\"has-inline-color\">Mira este documento con todas las recetas!<\/mark><\/p>\n\n\n\n<div data-wp-interactive=\"core\/file\" class=\"wp-block-file\"><object data-wp-bind--hidden=\"!state.hasPdfPreview\" hidden class=\"wp-block-file__embed\" data=\"https:\/\/cubswp.com\/masque\/wp-content\/uploads\/2025\/05\/cocteles-para-todos.pdf\" type=\"application\/pdf\" style=\"width:100%;height:600px\" aria-label=\"Incrustado de cocteles-para-todos.\"><\/object><a id=\"wp-block-file--media-4218ab87-d21e-4f97-af01-8742a61ea002\" href=\"https:\/\/cubswp.com\/masque\/wp-content\/uploads\/2025\/05\/cocteles-para-todos.pdf\">cocteles-para-todos<\/a><a href=\"https:\/\/cubswp.com\/masque\/wp-content\/uploads\/2025\/05\/cocteles-para-todos.pdf\" class=\"wp-block-file__button wp-element-button\" download aria-describedby=\"wp-block-file--media-4218ab87-d21e-4f97-af01-8742a61ea002\">Descarga<\/a><\/div>\n","protected":false},"excerpt":{"rendered":"<p>NUESTROS COCKTAILS CREA TUS PROPIOS COCKTAILS Si te gustan nuestros COCKTAILS, ahora puedes hacerlos en tu casa. \u00a1 Mira este [&hellip;]<\/p>\n","protected":false},"author":4,"featured_media":0,"parent":42,"menu_order":0,"comment_status":"closed","ping_status":"closed","template":"","meta":{"_uag_custom_page_level_css":"","site-sidebar-layout":"default","site-content-layout":"","ast-site-content-layout":"","site-content-style":"default","site-sidebar-style":"default","ast-global-header-display":"","ast-banner-title-visibility":"","ast-main-header-display":"","ast-hfb-above-header-display":"","ast-hfb-below-header-display":"","ast-hfb-mobile-header-display":"","site-post-title":"disabled","ast-breadcrumbs-content":"","ast-featured-img":"","footer-sml-layout":"","ast-disable-related-posts":"","theme-transparent-header-meta":"","adv-header-id-meta":"","stick-header-meta":"","header-above-stick-meta":"","header-main-stick-meta":"","header-below-stick-meta":"","astra-migrate-meta-layouts":"default","ast-page-background-enabled":"default","ast-page-background-meta":{"desktop":{"background-color":"var(--ast-global-color-5)","background-image":"","background-repeat":"repeat","background-position":"center center","background-size":"auto","background-attachment":"scroll","background-type":"","background-media":"","overlay-type":"","overlay-color":"","overlay-opacity":"","overlay-gradient":""},"tablet":{"background-color":"","background-image":"","background-repeat":"repeat","background-position":"center center","background-size":"auto","background-attachment":"scroll","background-type":"","background-media":"","overlay-type":"","overlay-color":"","overlay-opacity":"","overlay-gradient":""},"mobile":{"background-color":"","background-image":"","background-repeat":"repeat","background-position":"center center","background-size":"auto","background-attachment":"scroll","background-type":"","background-media":"","overlay-type":"","overlay-color":"","overlay-opacity":"","overlay-gradient":""}},"ast-content-background-meta":{"desktop":{"background-color":"var(--ast-global-color-4)","background-image":"","background-repeat":"repeat","background-position":"center center","background-size":"auto","background-attachment":"scroll","background-type":"","background-media":"","overlay-type":"","overlay-color":"","overlay-opacity":"","overlay-gradient":""},"tablet":{"background-color":"var(--ast-global-color-4)","background-image":"","background-repeat":"repeat","background-position":"center center","background-size":"auto","background-attachment":"scroll","background-type":"","background-media":"","overlay-type":"","overlay-color":"","overlay-opacity":"","overlay-gradient":""},"mobile":{"background-color":"var(--ast-global-color-4)","background-image":"","background-repeat":"repeat","background-position":"center center","background-size":"auto","background-attachment":"scroll","background-type":"","background-media":"","overlay-type":"","overlay-color":"","overlay-opacity":"","overlay-gradient":""}},"footnotes":""},"class_list":["post-43","page","type-page","status-publish","hentry"],"uagb_featured_image_src":{"full":false,"thumbnail":false,"medium":false,"medium_large":false,"large":false,"1536x1536":false,"2048x2048":false},"uagb_author_info":{"display_name":"Libe Asensio","author_link":"https:\/\/cubswp.com\/masque\/index.php\/author\/libe-asensio\/"},"uagb_comment_info":0,"uagb_excerpt":"NUESTROS COCKTAILS CREA TUS PROPIOS COCKTAILS Si te gustan nuestros COCKTAILS, ahora puedes hacerlos en tu casa. \u00a1 Mira este [&hellip;]","_links":{"self":[{"href":"https:\/\/cubswp.com\/masque\/index.php\/wp-json\/wp\/v2\/pages\/43","targetHints":{"allow":["GET"]}}],"collection":[{"href":"https:\/\/cubswp.com\/masque\/index.php\/wp-json\/wp\/v2\/pages"}],"about":[{"href":"https:\/\/cubswp.com\/masque\/index.php\/wp-json\/wp\/v2\/types\/page"}],"author":[{"embeddable":true,"href":"https:\/\/cubswp.com\/masque\/index.php\/wp-json\/wp\/v2\/users\/4"}],"replies":[{"embeddable":true,"href":"https:\/\/cubswp.com\/masque\/index.php\/wp-json\/wp\/v2\/comments?post=43"}],"version-history":[{"count":24,"href":"https:\/\/cubswp.com\/masque\/index.php\/wp-json\/wp\/v2\/pages\/43\/revisions"}],"predecessor-version":[{"id":285,"href":"https:\/\/cubswp.com\/masque\/index.php\/wp-json\/wp\/v2\/pages\/43\/revisions\/285"}],"up":[{"embeddable":true,"href":"https:\/\/cubswp.com\/masque\/index.php\/wp-json\/wp\/v2\/pages\/42"}],"wp:attachment":[{"href":"https:\/\/cubswp.com\/masque\/index.php\/wp-json\/wp\/v2\/media?parent=43"}],"curies":[{"name":"wp","href":"https:\/\/api.w.org\/{rel}","templated":true}]}}