{"id":56,"date":"2026-04-13T14:36:49","date_gmt":"2026-04-13T14:36:49","guid":{"rendered":"https:\/\/cubswp.com\/nautilusprueba\/?page_id=56"},"modified":"2026-05-13T07:30:26","modified_gmt":"2026-05-13T07:30:26","slug":"inicio","status":"publish","type":"page","link":"https:\/\/cubswp.com\/nautilusprueba\/","title":{"rendered":"Inicio"},"content":{"rendered":"\n<header class=\"wp-block-uagb-container uagb-layout-flex uagb-block-86a83e1c alignfull uagb-is-root-container\">\n<div class=\"wp-block-uagb-advanced-heading uagb-block-4875185a\"><h1 class=\"uagb-heading-text\">Agencia de Viajes Nautilus<\/h1><\/div>\n\n\n\n<div class=\"wp-block-uagb-advanced-heading uagb-block-c88da9e5\"><h2 class=\"uagb-heading-text\">Viajes de aventura<\/h2><\/div>\n<\/header>\n\n\n\n<div class=\"wp-block-uagb-container uagb-block-4106fda3 alignfull uagb-is-root-container\"><div class=\"uagb-container-inner-blocks-wrap\">\n<div class=\"wp-block-uagb-advanced-heading uagb-block-4cee358f\"><h3 class=\"uagb-heading-text\">Hacemos realidad el viaje que has so\u00f1ado<br>Si\u00e9ntete un verdadero Viajero<\/h3><\/div>\n<\/div><\/div>\n\n\n\n<div class=\"wp-block-uagb-container uagb-block-e30905f0 alignfull uagb-is-root-container\"><div class=\"uagb-container-inner-blocks-wrap\">\n<div class=\"wp-block-uagb-container uagb-block-ac09089a\">\n<div class=\"wp-block-uagb-image uagb-block-9edf82da wp-block-uagb-image--layout-default wp-block-uagb-image--effect-static wp-block-uagb-image--align-none\"><figure class=\"wp-block-uagb-image__figure\"><img decoding=\"async\" srcset=\"https:\/\/cubswp.com\/nautilusprueba\/wp-content\/uploads\/2026\/04\/porlasmontanas-1024x683.jpg ,https:\/\/cubswp.com\/nautilusprueba\/wp-content\/uploads\/2026\/04\/porlasmontanas-scaled.jpg 780w, https:\/\/cubswp.com\/nautilusprueba\/wp-content\/uploads\/2026\/04\/porlasmontanas-scaled.jpg 360w\" sizes=\"auto, (max-width: 480px) 150px\" src=\"https:\/\/cubswp.com\/nautilusprueba\/wp-content\/uploads\/2026\/04\/porlasmontanas-1024x683.jpg\" alt=\"\" class=\"uag-image-28\" width=\"1024\" height=\"683\" title=\"porlasmontanas\" loading=\"lazy\" role=\"img\"\/><\/figure><\/div>\n<\/div>\n\n\n\n<div class=\"wp-block-uagb-container uagb-block-e1db2b44\">\n<div class=\"wp-block-uagb-advanced-heading uagb-block-81af7b92\"><h3 class=\"uagb-heading-text\">Nuestros viajes recomendados<\/h3><\/div>\n\n\n\n<p style=\"font-size:17px\">Tenemos un amplio cat\u00e1logo de viajes, basado en nuestra larga experiencia en viajes activos. Donde tu eres el protagonista. Visita nuestro cat\u00e1logo si buscas un viaje cultural, fotogr\u00e1fico, de aventuras o cualquier otro activo.<\/p>\n\n\n\n<div class=\"wp-block-uagb-buttons uagb-buttons__outer-wrap uagb-btn__default-btn uagb-btn-tablet__default-btn uagb-btn-mobile__default-btn uagb-block-f8a67686\"><div class=\"uagb-buttons__wrap uagb-buttons-layout-wrap \">\n<div class=\"wp-block-uagb-buttons-child uagb-buttons__outer-wrap uagb-block-fd7a918d wp-block-button\"><div class=\"uagb-button__wrapper\"><a class=\"uagb-buttons-repeater wp-block-button__link\" aria-label=\"\" href=\"https:\/\/cubswp.com\/nautilusprueba\/nuestros-viajes\/\" rel=\"follow noopener\" target=\"_self\" role=\"button\"><div class=\"uagb-button__link\">Accede a nuestro cat\u00e1logo<\/div><\/a><\/div><\/div>\n<\/div><\/div>\n<\/div>\n<\/div><\/div>\n\n\n\n<div class=\"wp-block-uagb-container uagb-block-d40037a3 alignfull uagb-is-root-container\"><div class=\"uagb-container-inner-blocks-wrap\">\n<div class=\"wp-block-uagb-container uagb-block-46d4532b\">\n<div class=\"wp-block-uagb-advanced-heading uagb-block-8dd6ee31\"><h3 class=\"uagb-heading-text\">Your Attractive Heading<\/h3><\/div>\n<\/div>\n\n\n\n<div class=\"wp-block-uagb-container uagb-block-22cdf8d3\"><\/div>\n\n\n\n<div class=\"wp-block-uagb-container uagb-block-70622744\"><\/div>\n<\/div><\/div>\n","protected":false},"excerpt":{"rendered":"<p>Agencia de Viajes Nautilus Viajes de aventura Hacemos realidad el viaje que has so\u00f1adoSi\u00e9ntete un verdadero Viajero Nuestros viajes recomendados Tenemos un amplio cat\u00e1logo de viajes, basado en nuestra larga experiencia en viajes activos. Donde tu eres el protagonista. Visita nuestro cat\u00e1logo si buscas un viaje cultural, fotogr\u00e1fico, de aventuras o cualquier otro activo. Your [&hellip;]<\/p>\n","protected":false},"author":1,"featured_media":0,"parent":0,"menu_order":0,"comment_status":"closed","ping_status":"closed","template":"","meta":{"_uag_custom_page_level_css":"h1, h2{\n\tcolor: #FFFFFF !important;\n\ttext-shadow: 5px 5px 5px black !important;\n}","site-sidebar-layout":"default","site-content-layout":"","ast-site-content-layout":"default","site-content-style":"default","site-sidebar-style":"default","ast-global-header-display":"","ast-banner-title-visibility":"","ast-main-header-display":"","ast-hfb-above-header-display":"","ast-hfb-below-header-display":"","ast-hfb-mobile-header-display":"","site-post-title":"disabled","ast-breadcrumbs-content":"","ast-featured-img":"","footer-sml-layout":"","ast-disable-related-posts":"","theme-transparent-header-meta":"","adv-header-id-meta":"","stick-header-meta":"","header-above-stick-meta":"","header-main-stick-meta":"","header-below-stick-meta":"","astra-migrate-meta-layouts":"set","ast-page-background-enabled":"default","ast-page-background-meta":{"desktop":{"background-color":"var(--ast-global-color-5)","background-image":"","background-repeat":"repeat","background-position":"center center","background-size":"auto","background-attachment":"scroll","background-type":"","background-media":"","overlay-type":"","overlay-color":"","overlay-opacity":"","overlay-gradient":""},"tablet":{"background-color":"","background-image":"","background-repeat":"repeat","background-position":"center center","background-size":"auto","background-attachment":"scroll","background-type":"","background-media":"","overlay-type":"","overlay-color":"","overlay-opacity":"","overlay-gradient":""},"mobile":{"background-color":"","background-image":"","background-repeat":"repeat","background-position":"center center","background-size":"auto","background-attachment":"scroll","background-type":"","background-media":"","overlay-type":"","overlay-color":"","overlay-opacity":"","overlay-gradient":""}},"ast-content-background-meta":{"desktop":{"background-color":"var(--ast-global-color-4)","background-image":"","background-repeat":"repeat","background-position":"center center","background-size":"auto","background-attachment":"scroll","background-type":"","background-media":"","overlay-type":"","overlay-color":"","overlay-opacity":"","overlay-gradient":""},"tablet":{"background-color":"var(--ast-global-color-4)","background-image":"","background-repeat":"repeat","background-position":"center center","background-size":"auto","background-attachment":"scroll","background-type":"","background-media":"","overlay-type":"","overlay-color":"","overlay-opacity":"","overlay-gradient":""},"mobile":{"background-color":"var(--ast-global-color-4)","background-image":"","background-repeat":"repeat","background-position":"center center","background-size":"auto","background-attachment":"scroll","background-type":"","background-media":"","overlay-type":"","overlay-color":"","overlay-opacity":"","overlay-gradient":""}},"footnotes":""},"class_list":["post-56","page","type-page","status-publish","hentry"],"uagb_featured_image_src":{"full":false,"thumbnail":false,"medium":false,"medium_large":false,"large":false,"1536x1536":false,"2048x2048":false},"uagb_author_info":{"display_name":"admin","author_link":"https:\/\/cubswp.com\/nautilusprueba\/author\/admin_nautilusprueba\/"},"uagb_comment_info":0,"uagb_excerpt":"Agencia de Viajes Nautilus Viajes de aventura Hacemos realidad el viaje que has so\u00f1adoSi\u00e9ntete un verdadero Viajero Nuestros viajes recomendados Tenemos un amplio cat\u00e1logo de viajes, basado en nuestra larga experiencia en viajes activos. Donde tu eres el protagonista. Visita nuestro cat\u00e1logo si buscas un viaje cultural, fotogr\u00e1fico, de aventuras o cualquier otro activo. Your&hellip;","_links":{"self":[{"href":"https:\/\/cubswp.com\/nautilusprueba\/wp-json\/wp\/v2\/pages\/56","targetHints":{"allow":["GET"]}}],"collection":[{"href":"https:\/\/cubswp.com\/nautilusprueba\/wp-json\/wp\/v2\/pages"}],"about":[{"href":"https:\/\/cubswp.com\/nautilusprueba\/wp-json\/wp\/v2\/types\/page"}],"author":[{"embeddable":true,"href":"https:\/\/cubswp.com\/nautilusprueba\/wp-json\/wp\/v2\/users\/1"}],"replies":[{"embeddable":true,"href":"https:\/\/cubswp.com\/nautilusprueba\/wp-json\/wp\/v2\/comments?post=56"}],"version-history":[{"count":20,"href":"https:\/\/cubswp.com\/nautilusprueba\/wp-json\/wp\/v2\/pages\/56\/revisions"}],"predecessor-version":[{"id":2779,"href":"https:\/\/cubswp.com\/nautilusprueba\/wp-json\/wp\/v2\/pages\/56\/revisions\/2779"}],"wp:attachment":[{"href":"https:\/\/cubswp.com\/nautilusprueba\/wp-json\/wp\/v2\/media?parent=56"}],"curies":[{"name":"wp","href":"https:\/\/api.w.org\/{rel}","templated":true}]}}