{"id":176,"date":"2025-05-28T08:01:51","date_gmt":"2025-05-28T08:01:51","guid":{"rendered":"https:\/\/cubswp.com\/pyrus\/?page_id=176"},"modified":"2025-05-30T12:44:01","modified_gmt":"2025-05-30T12:44:01","slug":"aviso-legal","status":"publish","type":"page","link":"https:\/\/cubswp.com\/pyrus\/index.php\/aviso-legal\/","title":{"rendered":"AVISO LEGAL"},"content":{"rendered":"\n<h1 class=\"wp-block-heading\">AVISO LEGAL<\/h1>\n\n\n\n<h2 class=\"wp-block-heading\">Informaci\u00f3n General<\/h2>\n\n\n\n<p>En cumplimiento con el deber de informaci\u00f3n recogido en la Ley 34\/2002, de 11 de julio, de servicios de la sociedad de la informaci\u00f3n y de comercio electr\u00f3nico (LSSI-CE), se facilita la siguiente informaci\u00f3n general del sitio web:<\/p>\n\n\n\n<p><strong>Titular<\/strong>: PYRUS S.L.<br><strong>CIF\/NIF<\/strong>: B12984763<br><strong>Domicilio Social<\/strong>: Calle Ercilla, 42, Bajo Izquierda, 48011 Bilbao, Bizkaia, Espa\u00f1a<br><strong>Correo electr\u00f3nico<\/strong>: <a>contacto@pyrus.com<\/a><br><strong>Tel\u00e9fono<\/strong>: +34 944 123 456<br><strong>Datos registrales<\/strong>: Inscrita en el Registro Mercantil de Bizkaia, Tomo 37945, Folio 211, Hoja BI-759382, Inscripci\u00f3n 1\u00aa.<\/p>\n\n\n\n<h2 class=\"wp-block-heading\">Objeto<\/h2>\n\n\n\n<p>El presente Aviso Legal regula el uso del sitio web <a class=\"\" href=\"http:\/\/www.pyrus.com\">www.pyrus.com<\/a> (en adelante, \u00abel Sitio Web\u00bb), propiedad de PYRUS S.L.<\/p>\n\n\n\n<p>El acceso y\/o uso del Sitio Web atribuye la condici\u00f3n de usuario (en adelante, \u201cel Usuario\u201d), y acepta, desde dicho acceso y\/o uso, el presente Aviso Legal.<\/p>\n\n\n\n<p>A trav\u00e9s del sitio web, PYRUS ofrece informaci\u00f3n sobre sus productos (zapatillas deportivas, casuales, de vestir&#8230;) y permite la compra online.<\/p>\n\n\n\n<h2 class=\"wp-block-heading\">Condiciones de uso<\/h2>\n\n\n\n<p>El Usuario se compromete a hacer un uso adecuado del contenido y servicios que PYRUS ofrece a trav\u00e9s del Sitio Web y con car\u00e1cter enunciativo pero no limitativo, a no emplearlos para:<\/p>\n\n\n\n<ul class=\"wp-block-list\">\n<li>Incurrir en actividades il\u00edcitas, ilegales o contrarias a la buena fe y al orden p\u00fablico.<\/li>\n\n\n\n<li>Provocar da\u00f1os en los sistemas f\u00edsicos y l\u00f3gicos de PYRUS, de sus proveedores o de terceras personas.<\/li>\n\n\n\n<li>Intentar acceder y\/o utilizar las cuentas de correo electr\u00f3nico de otros usuarios y modificar o manipular sus mensajes.<\/li>\n<\/ul>\n\n\n\n<h2 class=\"wp-block-heading\">Propiedad Intelectual e Industrial<\/h2>\n\n\n\n<p>Todos los contenidos del Sitio Web (dise\u00f1os, textos, im\u00e1genes, logotipos, software, etc.) son propiedad de PYRUS o, en su caso, cuenta con licencia o autorizaci\u00f3n expresa por parte de los titulares.<\/p>\n\n\n\n<p>Queda prohibida la reproducci\u00f3n, distribuci\u00f3n, transformaci\u00f3n o comunicaci\u00f3n p\u00fablica, total o parcial, de los contenidos sin la autorizaci\u00f3n previa y por escrito de PYRUS.<\/p>\n\n\n\n<h2 class=\"wp-block-heading\">Responsabilidad<\/h2>\n\n\n\n<p>PYRUS no se hace responsable de los da\u00f1os y perjuicios de cualquier naturaleza que puedan derivarse del mal uso del sitio web, ni garantiza la disponibilidad permanente del mismo, ni la ausencia de virus u otros elementos da\u00f1inos.<\/p>\n\n\n\n<h2 class=\"wp-block-heading\">Enlaces a terceros<\/h2>\n\n\n\n<p>En el caso de que se dispongan enlaces o hiperv\u00ednculos hacia otros sitios de Internet, PYRUS no ejercer\u00e1 ning\u00fan tipo de control sobre dichos sitios y contenidos. En ning\u00fan caso PYRUS asumir\u00e1 responsabilidad alguna por los contenidos de alg\u00fan enlace perteneciente a un sitio web ajeno.<\/p>\n\n\n\n<h2 class=\"wp-block-heading\">Protecci\u00f3n de datos<\/h2>\n\n\n\n<p>Para informaci\u00f3n sobre c\u00f3mo tratamos tus datos personales, por favor consulta nuestra <strong>Pol\u00edtica de Privacidad<\/strong>.<\/p>\n\n\n\n<h2 class=\"wp-block-heading\">Legislaci\u00f3n aplicable<\/h2>\n\n\n\n<p>La relaci\u00f3n entre PYRUS y el Usuario se regir\u00e1 por la normativa espa\u00f1ola vigente y cualquier controversia se someter\u00e1 a los Juzgados y Tribunales del domicilio del consumidor.<\/p>\n\n\n\n<hr class=\"wp-block-separator has-alpha-channel-opacity\"\/>\n","protected":false},"excerpt":{"rendered":"<p>AVISO LEGAL Informaci\u00f3n General En cumplimiento con el deber de informaci\u00f3n recogido en la Ley 34\/2002, de 11 de julio, [&hellip;]<\/p>\n","protected":false},"author":3,"featured_media":0,"parent":0,"menu_order":0,"comment_status":"closed","ping_status":"closed","template":"","meta":{"_uag_custom_page_level_css":"","site-sidebar-layout":"default","site-content-layout":"","ast-site-content-layout":"default","site-content-style":"default","site-sidebar-style":"default","ast-global-header-display":"","ast-banner-title-visibility":"","ast-main-header-display":"","ast-hfb-above-header-display":"","ast-hfb-below-header-display":"","ast-hfb-mobile-header-display":"","site-post-title":"","ast-breadcrumbs-content":"","ast-featured-img":"","footer-sml-layout":"","ast-disable-related-posts":"","theme-transparent-header-meta":"","adv-header-id-meta":"","stick-header-meta":"","header-above-stick-meta":"","header-main-stick-meta":"","header-below-stick-meta":"","astra-migrate-meta-layouts":"default","ast-page-background-enabled":"default","ast-page-background-meta":{"desktop":{"background-color":"var(--ast-global-color-5)","background-image":"","background-repeat":"repeat","background-position":"center center","background-size":"auto","background-attachment":"scroll","background-type":"","background-media":"","overlay-type":"","overlay-color":"","overlay-opacity":"","overlay-gradient":""},"tablet":{"background-color":"","background-image":"","background-repeat":"repeat","background-position":"center center","background-size":"auto","background-attachment":"scroll","background-type":"","background-media":"","overlay-type":"","overlay-color":"","overlay-opacity":"","overlay-gradient":""},"mobile":{"background-color":"","background-image":"","background-repeat":"repeat","background-position":"center center","background-size":"auto","background-attachment":"scroll","background-type":"","background-media":"","overlay-type":"","overlay-color":"","overlay-opacity":"","overlay-gradient":""}},"ast-content-background-meta":{"desktop":{"background-color":"var(--ast-global-color-4)","background-image":"","background-repeat":"repeat","background-position":"center center","background-size":"auto","background-attachment":"scroll","background-type":"","background-media":"","overlay-type":"","overlay-color":"","overlay-opacity":"","overlay-gradient":""},"tablet":{"background-color":"var(--ast-global-color-4)","background-image":"","background-repeat":"repeat","background-position":"center center","background-size":"auto","background-attachment":"scroll","background-type":"","background-media":"","overlay-type":"","overlay-color":"","overlay-opacity":"","overlay-gradient":""},"mobile":{"background-color":"var(--ast-global-color-4)","background-image":"","background-repeat":"repeat","background-position":"center center","background-size":"auto","background-attachment":"scroll","background-type":"","background-media":"","overlay-type":"","overlay-color":"","overlay-opacity":"","overlay-gradient":""}},"footnotes":""},"class_list":["post-176","page","type-page","status-publish","hentry"],"uagb_featured_image_src":{"full":false,"thumbnail":false,"medium":false,"medium_large":false,"large":false,"1536x1536":false,"2048x2048":false,"woocommerce_thumbnail":false,"woocommerce_single":false,"woocommerce_gallery_thumbnail":false},"uagb_author_info":{"display_name":"Zulei Qiu","author_link":"https:\/\/cubswp.com\/pyrus\/index.php\/author\/zulei-qiu\/"},"uagb_comment_info":0,"uagb_excerpt":"AVISO LEGAL Informaci\u00f3n General En cumplimiento con el deber de informaci\u00f3n recogido en la Ley 34\/2002, de 11 de julio, [&hellip;]","_links":{"self":[{"href":"https:\/\/cubswp.com\/pyrus\/index.php\/wp-json\/wp\/v2\/pages\/176","targetHints":{"allow":["GET"]}}],"collection":[{"href":"https:\/\/cubswp.com\/pyrus\/index.php\/wp-json\/wp\/v2\/pages"}],"about":[{"href":"https:\/\/cubswp.com\/pyrus\/index.php\/wp-json\/wp\/v2\/types\/page"}],"author":[{"embeddable":true,"href":"https:\/\/cubswp.com\/pyrus\/index.php\/wp-json\/wp\/v2\/users\/3"}],"replies":[{"embeddable":true,"href":"https:\/\/cubswp.com\/pyrus\/index.php\/wp-json\/wp\/v2\/comments?post=176"}],"version-history":[{"count":3,"href":"https:\/\/cubswp.com\/pyrus\/index.php\/wp-json\/wp\/v2\/pages\/176\/revisions"}],"predecessor-version":[{"id":233,"href":"https:\/\/cubswp.com\/pyrus\/index.php\/wp-json\/wp\/v2\/pages\/176\/revisions\/233"}],"wp:attachment":[{"href":"https:\/\/cubswp.com\/pyrus\/index.php\/wp-json\/wp\/v2\/media?parent=176"}],"curies":[{"name":"wp","href":"https:\/\/api.w.org\/{rel}","templated":true}]}}