{"id":65,"date":"2025-05-27T10:07:35","date_gmt":"2025-05-27T10:07:35","guid":{"rendered":"https:\/\/cubswp.com\/pyrus\/?page_id=65"},"modified":"2025-06-04T13:21:46","modified_gmt":"2025-06-04T13:21:46","slug":"contacto","status":"publish","type":"page","link":"https:\/\/cubswp.com\/pyrus\/index.php\/contacto\/","title":{"rendered":"Contacto"},"content":{"rendered":"\n<div class=\"wp-block-uagb-container uagb-block-3a1c318c alignfull uagb-is-root-container\"><div class=\"uagb-container-inner-blocks-wrap\">\n<div class=\"wp-block-uagb-advanced-heading uagb-block-441ae03e\"><h2 class=\"uagb-heading-text\">Sobre nosotros<\/h2><\/div>\n<\/div><\/div>\n\n\n\n<div class=\"wp-block-uagb-container uagb-block-de0e4852 alignfull uagb-is-root-container\"><div class=\"uagb-container-inner-blocks-wrap\">\n<div class=\"wp-block-uagb-container uagb-block-780a2ae0\">\n<div class=\"wp-block-uagb-advanced-heading uagb-block-4ac45746\"><h2 class=\"uagb-heading-text\">Cont\u00e1ctanos <\/h2><\/div>\n\n\n<div class=\"wpforms-container wpforms-container-full wpforms-block wpforms-block-8eb9a415-dfe5-4d62-90ba-e68e29f76d61 wpforms-render-modern\" id=\"wpforms-160\"><form id=\"wpforms-form-160\" class=\"wpforms-validate wpforms-form wpforms-ajax-form\" data-formid=\"160\" method=\"post\" enctype=\"multipart\/form-data\" action=\"\/pyrus\/index.php\/wp-json\/wp\/v2\/pages\/65\" data-token=\"9b7a6fe29803b652bb873aa69500aa3a\" data-token-time=\"1776689430\"><noscript class=\"wpforms-error-noscript\">Por favor, activa JavaScript en tu navegador para completar este formulario.<\/noscript><div id=\"wpforms-error-noscript\" style=\"display: none;\">Por favor, activa JavaScript en tu navegador para completar este formulario.<\/div><div class=\"wpforms-field-container\"><div id=\"wpforms-160-field_1-container\" class=\"wpforms-field wpforms-field-name\" data-field-id=\"1\"><fieldset><legend class=\"wpforms-field-label\">Datos personales  <span class=\"wpforms-required-label\" aria-hidden=\"true\">*<\/span><\/legend><div class=\"wpforms-field-row wpforms-field-medium\"><div class=\"wpforms-field-row-block wpforms-first wpforms-one-half\"><input type=\"text\" id=\"wpforms-160-field_1\" class=\"wpforms-field-name-first wpforms-field-required\" name=\"wpforms[fields][1][first]\" aria-errormessage=\"wpforms-160-field_1-error\" required><label for=\"wpforms-160-field_1\" class=\"wpforms-field-sublabel after\">Nombre<\/label><\/div><div class=\"wpforms-field-row-block wpforms-one-half\"><input type=\"text\" id=\"wpforms-160-field_1-last\" class=\"wpforms-field-name-last wpforms-field-required\" name=\"wpforms[fields][1][last]\" aria-errormessage=\"wpforms-160-field_1-last-error\" required><label for=\"wpforms-160-field_1-last\" class=\"wpforms-field-sublabel after\">Apellidos<\/label><\/div><\/div><\/fieldset><\/div>\t\t<div id=\"wpforms-160-field_6-container\"\n\t\t\tclass=\"wpforms-field wpforms-field-text\"\n\t\t\tdata-field-type=\"text\"\n\t\t\tdata-field-id=\"6\"\n\t\t\t>\n\t\t\t<label class=\"wpforms-field-label\" for=\"wpforms-160-field_6\" >personales Correo o<\/label>\n\t\t\t<input type=\"text\" id=\"wpforms-160-field_6\" class=\"wpforms-field-medium\" name=\"wpforms[fields][6]\" >\n\t\t<\/div>\n\t\t<div id=\"wpforms-160-field_2-container\" class=\"wpforms-field wpforms-field-email\" data-field-id=\"2\"><label class=\"wpforms-field-label\" for=\"wpforms-160-field_2\">Correo electr\u00f3nico <span class=\"wpforms-required-label\" aria-hidden=\"true\">*<\/span><\/label><input type=\"email\" id=\"wpforms-160-field_2\" class=\"wpforms-field-medium wpforms-field-required\" name=\"wpforms[fields][2]\" spellcheck=\"false\" aria-errormessage=\"wpforms-160-field_2-error\" required><\/div><div id=\"wpforms-160-field_4-container\" class=\"wpforms-field wpforms-field-text\" data-field-id=\"4\"><label class=\"wpforms-field-label\" for=\"wpforms-160-field_4\">Asunto <span class=\"wpforms-required-label\" aria-hidden=\"true\">*<\/span><\/label><input type=\"text\" id=\"wpforms-160-field_4\" class=\"wpforms-field-medium wpforms-field-required\" name=\"wpforms[fields][4]\" aria-errormessage=\"wpforms-160-field_4-error\" required><\/div><div id=\"wpforms-160-field_3-container\" class=\"wpforms-field wpforms-field-textarea\" data-field-id=\"3\"><label class=\"wpforms-field-label\" for=\"wpforms-160-field_3\">Comentario o mensaje<\/label><textarea id=\"wpforms-160-field_3\" class=\"wpforms-field-medium\" name=\"wpforms[fields][3]\" aria-errormessage=\"wpforms-160-field_3-error\" aria-describedby=\"wpforms-160-field_3-description\" ><\/textarea><div id=\"wpforms-160-field_3-description\" class=\"wpforms-field-description\">Describe tu problema o duda <\/div><\/div><div id=\"wpforms-160-field_5-container\" class=\"wpforms-field wpforms-field-checkbox\" data-field-id=\"5\"><fieldset><legend class=\"wpforms-field-label\"> <span class=\"wpforms-required-label\" aria-hidden=\"true\">*<\/span><\/legend><ul id=\"wpforms-160-field_5\" class=\"wpforms-field-required\"><li class=\"choice-1 depth-1\"><input type=\"checkbox\" id=\"wpforms-160-field_5_1\" name=\"wpforms[fields][5][]\" value=\"Acepto la poli\u00edtica de privacidad\" aria-errormessage=\"wpforms-160-field_5_1-error\" required ><label class=\"wpforms-field-label-inline\" for=\"wpforms-160-field_5_1\">Acepto la poli\u00edtica de privacidad<\/label><\/li><\/ul><\/fieldset><\/div><script>\n\t\t\t\t( function() {\n\t\t\t\t\tconst style = document.createElement( 'style' );\n\t\t\t\t\tstyle.appendChild( document.createTextNode( '#wpforms-160-field_6-container { position: absolute !important; overflow: hidden !important; display: inline !important; height: 1px !important; width: 1px !important; z-index: -1000 !important; padding: 0 !important; } #wpforms-160-field_6-container input { visibility: hidden; } #wpforms-conversational-form-page #wpforms-160-field_6-container label { counter-increment: none; }' ) );\n\t\t\t\t\tdocument.head.appendChild( style );\n\t\t\t\t\tdocument.currentScript?.remove();\n\t\t\t\t} )();\n\t\t\t<\/script><\/div><!-- .wpforms-field-container --><div class=\"wpforms-submit-container\" ><input type=\"hidden\" name=\"wpforms[id]\" value=\"160\"><input type=\"hidden\" name=\"page_title\" value=\"\"><input type=\"hidden\" name=\"page_url\" value=\"https:\/\/cubswp.com\/pyrus\/index.php\/wp-json\/wp\/v2\/pages\/65\"><input type=\"hidden\" name=\"url_referer\" value=\"\"><button type=\"submit\" name=\"wpforms[submit]\" id=\"wpforms-submit-160\" class=\"wpforms-submit\" data-alt-text=\"Enviando...\" data-submit-text=\"Enviar\" aria-live=\"assertive\" value=\"wpforms-submit\">Enviar<\/button><img loading=\"lazy\" decoding=\"async\" src=\"https:\/\/cubswp.com\/pyrus\/wp-content\/plugins\/wpforms-lite\/assets\/images\/submit-spin.svg\" class=\"wpforms-submit-spinner\" style=\"display: none;\" width=\"26\" height=\"26\" alt=\"Cargando\"><\/div><\/form><\/div>  <!-- .wpforms-container --><\/div>\n\n\n\n<div class=\"wp-block-uagb-container uagb-block-048ea17b\">\n<div class=\"wp-block-uagb-advanced-heading uagb-block-da212540\"><h2 class=\"uagb-heading-text\">Estamos para ayudarte<\/h2><\/div>\n\n\n\n<div class=\"wp-block-uagb-icon-list uagb-block-d890aa4d\"><div class=\"uagb-icon-list__wrap\">\n<div class=\"wp-block-uagb-icon-list-child uagb-block-00cac783\"><span class=\"uagb-icon-list__source-wrap\"><img decoding=\"async\" class=\"uagb-icon-list__source-image\" src=\"https:\/\/cubswp.com\/pyrus\/wp-content\/uploads\/2025\/05\/10312948.png\" width=\"16\" height=\"16\" loading=\"lazy\" alt=\"\"\/><\/span><span class=\"uagb-icon-list__label\">Vis\u00edtanos en Gran V\u00eda, 30<\/span><\/div>\n\n\n\n<div class=\"wp-block-uagb-icon-list-child uagb-block-995f87fd\"><span class=\"uagb-icon-list__source-wrap\"><img decoding=\"async\" class=\"uagb-icon-list__source-image\" src=\"https:\/\/cubswp.com\/pyrus\/wp-content\/uploads\/2025\/05\/telefono-icono.jpg\" width=\"16\" height=\"16\" loading=\"lazy\" alt=\"\"\/><\/span><span class=\"uagb-icon-list__label\">Ll\u00e1manos al 999000111<\/span><\/div>\n\n\n\n<div class=\"wp-block-uagb-icon-list-child uagb-block-634f7d10\"><span class=\"uagb-icon-list__source-wrap\"><img decoding=\"async\" class=\"uagb-icon-list__source-image\" src=\"https:\/\/cubswp.com\/pyrus\/wp-content\/uploads\/2025\/05\/mail-icono.png\" width=\"16\" height=\"16\" loading=\"lazy\" alt=\"\"\/><\/span><span class=\"uagb-icon-list__label\">Escr\u00edbenos a info.pyrus@gmail.com  <\/span><\/div>\n<\/div><\/div>\n\n\n\n<div class=\"wp-block-uagb-advanced-heading uagb-block-efe54156\"><h2 class=\"uagb-heading-text\">Vis\u00edtanos aqu\u00ed<\/h2><\/div>\n\n\n\t\t\t<div \n\t\t\tclass=\"wp-block-uagb-google-map uagb-google-map__wrap uagb-block-c96d00c2     \"\n\t\t\tstyle=\"\" >\n\t\t\t\t<embed\n\t\t\t\t\tclass=\"uagb-google-map__iframe\"\n\t\t\t\t\ttitle=\"Mapa de Google de\"\n\t\t\t\t\tsrc=\"https:\/\/maps.google.com\/maps?q=gran%20via%2030&#038;z=12&#038;hl=es&#038;t=m&#038;output=embed&#038;iwloc=near\"\n\t\t\t\t\twidth=\"640\"\n\t\t\t\t\theight=\"300\"\n\t\t\t\t\tloading=\"lazy\"\n\t\t\t\t><\/embed>\n\t\t\t<\/div>\n\t\t\t<\/div>\n<\/div><\/div>\n\n\n\n<div class=\"wp-block-uagb-container uagb-block-3f1d2f72 alignfull uagb-is-root-container\"><div class=\"uagb-container-inner-blocks-wrap\">\n<figure class=\"wp-block-image size-full is-resized\"><img loading=\"lazy\" decoding=\"async\" width=\"512\" height=\"230\" src=\"https:\/\/cubswp.com\/pyrus\/wp-content\/uploads\/2025\/05\/correr-no-solo-es-correr.jpg\" alt=\"\" class=\"wp-image-30\" style=\"object-fit:cover;width:1000px;height:400px\" srcset=\"https:\/\/cubswp.com\/pyrus\/wp-content\/uploads\/2025\/05\/correr-no-solo-es-correr.jpg 512w, https:\/\/cubswp.com\/pyrus\/wp-content\/uploads\/2025\/05\/correr-no-solo-es-correr-300x135.jpg 300w\" sizes=\"auto, (max-width: 512px) 100vw, 512px\" \/><\/figure>\n<\/div><\/div>\n\n\n\n<div data-aos= \"zoom-in\" data-aos-duration=\"400\" data-aos-delay=\"0\" data-aos-easing=\"ease\" data-aos-once=\"true\" class=\"wp-block-uagb-advanced-heading uagb-block-2b9b3fe6\"><h2 class=\"uagb-heading-text\"><strong>\u00a1DEJA AQU\u00cd TU RESE\u00d1A!<\/strong><\/h2><\/div>\n\n\n\n<div class=\"wp-block-uagb-review uagb-ratings__outer-wrap uagb-block-8e3f0fed\"><div class=\"uagb_review_block\"><a href=\"#\" class=\"uagb-rating-link-wrapper\" target=\"\" rel=\"noopener noreferrer\"><h3 class=\"uagb-rating-title\">DE BUENA CALIDAD<\/h3><\/a><p class=\"uagb-rating-desc\">Me sorprende la buena calidad de sus productos, se lo recomiendo a todo el mundo.<\/p><p class=\"uagb-rating-author\">\u2013 Susana Merino<\/p><div class=\"uagb_review_summary\"><p class=\"uagb_review_summary_title\"><\/p><div class=\"uagb_review_overall_value\"><p class=\"uagb_review_summary_desc\"><\/p><div class=\"uagb_review_average\"><span class=\"uagb_review_rating\">5<\/span><div class=\"uagb_review_average_stars\" style=\"display:flex;flex-direction:flex-row\"><svg xmlns=\"https:\/\/www.w3.org\/2000\/svg\" height=\"20\" width=\"20\" viewBox=\"0 0 150 150\"><defs><mask id=\"uagb_review_star_filter-8e3f0fed-average-0\"><rect height=\"150\" width=\"150\" y=\"0\" x=\"0\" fill=\"#fff\"><\/rect><\/mask><\/defs><path fill=\"#888888\" stroke-width=\"2.5\" d=\"m0.75,56.89914l56.02207,0l17.31126,-56.14914l17.31126,56.14914l56.02206,0l-45.32273,34.70168l17.31215,56.14914l-45.32274,-34.70262l-45.32274,34.70262l17.31215,-56.14914l-45.32274,-34.70168z\" stroke=\"#000000\"><\/path><path class=\"star\" id=\"star0\" mask=\"url(#uagb_review_star_filter-8e3f0fed-average-0)\" fill=\"#eeee00\" stroke-width=\"2.5\" d=\"m0.75,56.89914l56.02207,0l17.31126,-56.14914l17.31126,56.14914l56.02206,0l-45.32273,34.70168l17.31215,56.14914l-45.32274,-34.70262l-45.32274,34.70262l17.31215,-56.14914l-45.32274,-34.70168z\" stroke=\"#000000\"><\/path><\/svg><svg xmlns=\"https:\/\/www.w3.org\/2000\/svg\" height=\"20\" width=\"20\" viewBox=\"0 0 150 150\"><defs><mask id=\"uagb_review_star_filter-8e3f0fed-average-1\"><rect height=\"150\" width=\"150\" y=\"0\" x=\"0\" fill=\"#fff\"><\/rect><\/mask><\/defs><path fill=\"#888888\" stroke-width=\"2.5\" d=\"m0.75,56.89914l56.02207,0l17.31126,-56.14914l17.31126,56.14914l56.02206,0l-45.32273,34.70168l17.31215,56.14914l-45.32274,-34.70262l-45.32274,34.70262l17.31215,-56.14914l-45.32274,-34.70168z\" stroke=\"#000000\"><\/path><path class=\"star\" id=\"star1\" mask=\"url(#uagb_review_star_filter-8e3f0fed-average-1)\" fill=\"#eeee00\" stroke-width=\"2.5\" d=\"m0.75,56.89914l56.02207,0l17.31126,-56.14914l17.31126,56.14914l56.02206,0l-45.32273,34.70168l17.31215,56.14914l-45.32274,-34.70262l-45.32274,34.70262l17.31215,-56.14914l-45.32274,-34.70168z\" stroke=\"#000000\"><\/path><\/svg><svg xmlns=\"https:\/\/www.w3.org\/2000\/svg\" height=\"20\" width=\"20\" viewBox=\"0 0 150 150\"><defs><mask id=\"uagb_review_star_filter-8e3f0fed-average-2\"><rect height=\"150\" width=\"150\" y=\"0\" x=\"0\" fill=\"#fff\"><\/rect><\/mask><\/defs><path fill=\"#888888\" stroke-width=\"2.5\" d=\"m0.75,56.89914l56.02207,0l17.31126,-56.14914l17.31126,56.14914l56.02206,0l-45.32273,34.70168l17.31215,56.14914l-45.32274,-34.70262l-45.32274,34.70262l17.31215,-56.14914l-45.32274,-34.70168z\" stroke=\"#000000\"><\/path><path class=\"star\" id=\"star2\" mask=\"url(#uagb_review_star_filter-8e3f0fed-average-2)\" fill=\"#eeee00\" stroke-width=\"2.5\" d=\"m0.75,56.89914l56.02207,0l17.31126,-56.14914l17.31126,56.14914l56.02206,0l-45.32273,34.70168l17.31215,56.14914l-45.32274,-34.70262l-45.32274,34.70262l17.31215,-56.14914l-45.32274,-34.70168z\" stroke=\"#000000\"><\/path><\/svg><svg xmlns=\"https:\/\/www.w3.org\/2000\/svg\" height=\"20\" width=\"20\" viewBox=\"0 0 150 150\"><defs><mask id=\"uagb_review_star_filter-8e3f0fed-average-3\"><rect height=\"150\" width=\"150\" y=\"0\" x=\"0\" fill=\"#fff\"><\/rect><\/mask><\/defs><path fill=\"#888888\" stroke-width=\"2.5\" d=\"m0.75,56.89914l56.02207,0l17.31126,-56.14914l17.31126,56.14914l56.02206,0l-45.32273,34.70168l17.31215,56.14914l-45.32274,-34.70262l-45.32274,34.70262l17.31215,-56.14914l-45.32274,-34.70168z\" stroke=\"#000000\"><\/path><path class=\"star\" id=\"star3\" mask=\"url(#uagb_review_star_filter-8e3f0fed-average-3)\" fill=\"#eeee00\" stroke-width=\"2.5\" d=\"m0.75,56.89914l56.02207,0l17.31126,-56.14914l17.31126,56.14914l56.02206,0l-45.32273,34.70168l17.31215,56.14914l-45.32274,-34.70262l-45.32274,34.70262l17.31215,-56.14914l-45.32274,-34.70168z\" stroke=\"#000000\"><\/path><\/svg><svg xmlns=\"https:\/\/www.w3.org\/2000\/svg\" height=\"20\" width=\"20\" viewBox=\"0 0 150 150\"><defs><mask id=\"uagb_review_star_filter-8e3f0fed-average-4\"><rect height=\"150\" width=\"150\" y=\"0\" x=\"0\" fill=\"#fff\"><\/rect><\/mask><\/defs><path fill=\"#888888\" stroke-width=\"2.5\" d=\"m0.75,56.89914l56.02207,0l17.31126,-56.14914l17.31126,56.14914l56.02206,0l-45.32273,34.70168l17.31215,56.14914l-45.32274,-34.70262l-45.32274,34.70262l17.31215,-56.14914l-45.32274,-34.70168z\" stroke=\"#000000\"><\/path><path class=\"star\" id=\"star4\" mask=\"url(#uagb_review_star_filter-8e3f0fed-average-4)\" fill=\"#eeee00\" stroke-width=\"2.5\" d=\"m0.75,56.89914l56.02207,0l17.31126,-56.14914l17.31126,56.14914l56.02206,0l-45.32273,34.70168l17.31215,56.14914l-45.32274,-34.70262l-45.32274,34.70262l17.31215,-56.14914l-45.32274,-34.70168z\" stroke=\"#000000\"><\/path><\/svg><\/div><\/div><\/div><\/div><\/div><\/div>\n\n\n\n<div class=\"wp-block-uagb-review uagb-ratings__outer-wrap uagb-block-497bda53\"><div class=\"uagb_review_block\"><a href=\"#\" class=\"uagb-rating-link-wrapper\" target=\"\" rel=\"noopener noreferrer\"><h3 class=\"uagb-rating-title\">REPETIR\u00cdA<\/h3><\/a><p class=\"uagb-rating-desc\">Siempre que compro no decepciona. Totalmente recomendado.<\/p><p class=\"uagb-rating-author\">\u2013 Marina Mart\u00edn<\/p><div class=\"uagb_review_summary\"><p class=\"uagb_review_summary_title\"><\/p><div class=\"uagb_review_overall_value\"><p class=\"uagb_review_summary_desc\"><\/p><div class=\"uagb_review_average\"><span class=\"uagb_review_rating\">5<\/span><div class=\"uagb_review_average_stars\" style=\"display:flex;flex-direction:flex-row\"><svg xmlns=\"https:\/\/www.w3.org\/2000\/svg\" height=\"20\" width=\"20\" viewBox=\"0 0 150 150\"><defs><mask id=\"uagb_review_star_filter-497bda53-average-0\"><rect height=\"150\" width=\"150\" y=\"0\" x=\"0\" fill=\"#fff\"><\/rect><\/mask><\/defs><path fill=\"#888888\" stroke-width=\"2.5\" d=\"m0.75,56.89914l56.02207,0l17.31126,-56.14914l17.31126,56.14914l56.02206,0l-45.32273,34.70168l17.31215,56.14914l-45.32274,-34.70262l-45.32274,34.70262l17.31215,-56.14914l-45.32274,-34.70168z\" stroke=\"#000000\"><\/path><path class=\"star\" id=\"star0\" mask=\"url(#uagb_review_star_filter-497bda53-average-0)\" fill=\"#eeee00\" stroke-width=\"2.5\" d=\"m0.75,56.89914l56.02207,0l17.31126,-56.14914l17.31126,56.14914l56.02206,0l-45.32273,34.70168l17.31215,56.14914l-45.32274,-34.70262l-45.32274,34.70262l17.31215,-56.14914l-45.32274,-34.70168z\" stroke=\"#000000\"><\/path><\/svg><svg xmlns=\"https:\/\/www.w3.org\/2000\/svg\" height=\"20\" width=\"20\" viewBox=\"0 0 150 150\"><defs><mask id=\"uagb_review_star_filter-497bda53-average-1\"><rect height=\"150\" width=\"150\" y=\"0\" x=\"0\" fill=\"#fff\"><\/rect><\/mask><\/defs><path fill=\"#888888\" stroke-width=\"2.5\" d=\"m0.75,56.89914l56.02207,0l17.31126,-56.14914l17.31126,56.14914l56.02206,0l-45.32273,34.70168l17.31215,56.14914l-45.32274,-34.70262l-45.32274,34.70262l17.31215,-56.14914l-45.32274,-34.70168z\" stroke=\"#000000\"><\/path><path class=\"star\" id=\"star1\" mask=\"url(#uagb_review_star_filter-497bda53-average-1)\" fill=\"#eeee00\" stroke-width=\"2.5\" d=\"m0.75,56.89914l56.02207,0l17.31126,-56.14914l17.31126,56.14914l56.02206,0l-45.32273,34.70168l17.31215,56.14914l-45.32274,-34.70262l-45.32274,34.70262l17.31215,-56.14914l-45.32274,-34.70168z\" stroke=\"#000000\"><\/path><\/svg><svg xmlns=\"https:\/\/www.w3.org\/2000\/svg\" height=\"20\" width=\"20\" viewBox=\"0 0 150 150\"><defs><mask id=\"uagb_review_star_filter-497bda53-average-2\"><rect height=\"150\" width=\"150\" y=\"0\" x=\"0\" fill=\"#fff\"><\/rect><\/mask><\/defs><path fill=\"#888888\" stroke-width=\"2.5\" d=\"m0.75,56.89914l56.02207,0l17.31126,-56.14914l17.31126,56.14914l56.02206,0l-45.32273,34.70168l17.31215,56.14914l-45.32274,-34.70262l-45.32274,34.70262l17.31215,-56.14914l-45.32274,-34.70168z\" stroke=\"#000000\"><\/path><path class=\"star\" id=\"star2\" mask=\"url(#uagb_review_star_filter-497bda53-average-2)\" fill=\"#eeee00\" stroke-width=\"2.5\" d=\"m0.75,56.89914l56.02207,0l17.31126,-56.14914l17.31126,56.14914l56.02206,0l-45.32273,34.70168l17.31215,56.14914l-45.32274,-34.70262l-45.32274,34.70262l17.31215,-56.14914l-45.32274,-34.70168z\" stroke=\"#000000\"><\/path><\/svg><svg xmlns=\"https:\/\/www.w3.org\/2000\/svg\" height=\"20\" width=\"20\" viewBox=\"0 0 150 150\"><defs><mask id=\"uagb_review_star_filter-497bda53-average-3\"><rect height=\"150\" width=\"150\" y=\"0\" x=\"0\" fill=\"#fff\"><\/rect><\/mask><\/defs><path fill=\"#888888\" stroke-width=\"2.5\" d=\"m0.75,56.89914l56.02207,0l17.31126,-56.14914l17.31126,56.14914l56.02206,0l-45.32273,34.70168l17.31215,56.14914l-45.32274,-34.70262l-45.32274,34.70262l17.31215,-56.14914l-45.32274,-34.70168z\" stroke=\"#000000\"><\/path><path class=\"star\" id=\"star3\" mask=\"url(#uagb_review_star_filter-497bda53-average-3)\" fill=\"#eeee00\" stroke-width=\"2.5\" d=\"m0.75,56.89914l56.02207,0l17.31126,-56.14914l17.31126,56.14914l56.02206,0l-45.32273,34.70168l17.31215,56.14914l-45.32274,-34.70262l-45.32274,34.70262l17.31215,-56.14914l-45.32274,-34.70168z\" stroke=\"#000000\"><\/path><\/svg><svg xmlns=\"https:\/\/www.w3.org\/2000\/svg\" height=\"20\" width=\"20\" viewBox=\"0 0 150 150\"><defs><mask id=\"uagb_review_star_filter-497bda53-average-4\"><rect height=\"150\" width=\"150\" y=\"0\" x=\"0\" fill=\"#fff\"><\/rect><\/mask><\/defs><path fill=\"#888888\" stroke-width=\"2.5\" d=\"m0.75,56.89914l56.02207,0l17.31126,-56.14914l17.31126,56.14914l56.02206,0l-45.32273,34.70168l17.31215,56.14914l-45.32274,-34.70262l-45.32274,34.70262l17.31215,-56.14914l-45.32274,-34.70168z\" stroke=\"#000000\"><\/path><path class=\"star\" id=\"star4\" mask=\"url(#uagb_review_star_filter-497bda53-average-4)\" fill=\"#eeee00\" stroke-width=\"2.5\" d=\"m0.75,56.89914l56.02207,0l17.31126,-56.14914l17.31126,56.14914l56.02206,0l-45.32273,34.70168l17.31215,56.14914l-45.32274,-34.70262l-45.32274,34.70262l17.31215,-56.14914l-45.32274,-34.70168z\" stroke=\"#000000\"><\/path><\/svg><\/div><\/div><\/div><\/div><\/div><\/div>\n","protected":false},"excerpt":{"rendered":"<p>Sobre nosotros Cont\u00e1ctanos Estamos para ayudarte Vis\u00edtanos aqu\u00ed \u00a1DEJA AQU\u00cd TU RESE\u00d1A!<\/p>\n","protected":false},"author":3,"featured_media":0,"parent":0,"menu_order":0,"comment_status":"closed","ping_status":"closed","template":"","meta":{"_uag_custom_page_level_css":"","site-sidebar-layout":"default","site-content-layout":"","ast-site-content-layout":"","site-content-style":"default","site-sidebar-style":"default","ast-global-header-display":"","ast-banner-title-visibility":"","ast-main-header-display":"","ast-hfb-above-header-display":"","ast-hfb-below-header-display":"","ast-hfb-mobile-header-display":"","site-post-title":"disabled","ast-breadcrumbs-content":"","ast-featured-img":"","footer-sml-layout":"","ast-disable-related-posts":"","theme-transparent-header-meta":"","adv-header-id-meta":"","stick-header-meta":"","header-above-stick-meta":"","header-main-stick-meta":"","header-below-stick-meta":"","astra-migrate-meta-layouts":"default","ast-page-background-enabled":"default","ast-page-background-meta":{"desktop":{"background-color":"var(--ast-global-color-5)","background-image":"","background-repeat":"repeat","background-position":"center center","background-size":"auto","background-attachment":"scroll","background-type":"","background-media":"","overlay-type":"","overlay-color":"","overlay-opacity":"","overlay-gradient":""},"tablet":{"background-color":"","background-image":"","background-repeat":"repeat","background-position":"center center","background-size":"auto","background-attachment":"scroll","background-type":"","background-media":"","overlay-type":"","overlay-color":"","overlay-opacity":"","overlay-gradient":""},"mobile":{"background-color":"","background-image":"","background-repeat":"repeat","background-position":"center center","background-size":"auto","background-attachment":"scroll","background-type":"","background-media":"","overlay-type":"","overlay-color":"","overlay-opacity":"","overlay-gradient":""}},"ast-content-background-meta":{"desktop":{"background-color":"var(--ast-global-color-4)","background-image":"","background-repeat":"repeat","background-position":"center center","background-size":"auto","background-attachment":"scroll","background-type":"","background-media":"","overlay-type":"","overlay-color":"","overlay-opacity":"","overlay-gradient":""},"tablet":{"background-color":"var(--ast-global-color-4)","background-image":"","background-repeat":"repeat","background-position":"center center","background-size":"auto","background-attachment":"scroll","background-type":"","background-media":"","overlay-type":"","overlay-color":"","overlay-opacity":"","overlay-gradient":""},"mobile":{"background-color":"var(--ast-global-color-4)","background-image":"","background-repeat":"repeat","background-position":"center center","background-size":"auto","background-attachment":"scroll","background-type":"","background-media":"","overlay-type":"","overlay-color":"","overlay-opacity":"","overlay-gradient":""}},"footnotes":""},"class_list":["post-65","page","type-page","status-publish","hentry"],"uagb_featured_image_src":{"full":false,"thumbnail":false,"medium":false,"medium_large":false,"large":false,"1536x1536":false,"2048x2048":false,"woocommerce_thumbnail":false,"woocommerce_single":false,"woocommerce_gallery_thumbnail":false},"uagb_author_info":{"display_name":"Zulei Qiu","author_link":"https:\/\/cubswp.com\/pyrus\/index.php\/author\/zulei-qiu\/"},"uagb_comment_info":0,"uagb_excerpt":"Sobre nosotros Cont\u00e1ctanos Estamos para ayudarte Vis\u00edtanos aqu\u00ed \u00a1DEJA AQU\u00cd TU RESE\u00d1A!","_links":{"self":[{"href":"https:\/\/cubswp.com\/pyrus\/index.php\/wp-json\/wp\/v2\/pages\/65","targetHints":{"allow":["GET"]}}],"collection":[{"href":"https:\/\/cubswp.com\/pyrus\/index.php\/wp-json\/wp\/v2\/pages"}],"about":[{"href":"https:\/\/cubswp.com\/pyrus\/index.php\/wp-json\/wp\/v2\/types\/page"}],"author":[{"embeddable":true,"href":"https:\/\/cubswp.com\/pyrus\/index.php\/wp-json\/wp\/v2\/users\/3"}],"replies":[{"embeddable":true,"href":"https:\/\/cubswp.com\/pyrus\/index.php\/wp-json\/wp\/v2\/comments?post=65"}],"version-history":[{"count":19,"href":"https:\/\/cubswp.com\/pyrus\/index.php\/wp-json\/wp\/v2\/pages\/65\/revisions"}],"predecessor-version":[{"id":256,"href":"https:\/\/cubswp.com\/pyrus\/index.php\/wp-json\/wp\/v2\/pages\/65\/revisions\/256"}],"wp:attachment":[{"href":"https:\/\/cubswp.com\/pyrus\/index.php\/wp-json\/wp\/v2\/media?parent=65"}],"curies":[{"name":"wp","href":"https:\/\/api.w.org\/{rel}","templated":true}]}}