{"id":64,"date":"2025-05-30T08:09:09","date_gmt":"2025-05-30T08:09:09","guid":{"rendered":"https:\/\/cubswp.com\/restauranteabe\/?page_id=64"},"modified":"2025-05-30T11:17:58","modified_gmt":"2025-05-30T11:17:58","slug":"menu-del-dia","status":"publish","type":"page","link":"https:\/\/cubswp.com\/restauranteabe\/index.php\/menu-del-dia\/","title":{"rendered":"Men\u00fa del d\u00eda"},"content":{"rendered":"\n<div class=\"wp-block-uagb-advanced-heading uagb-block-4a24b4cd\"><h2 class=\"uagb-heading-text\">Nuestros Men\u00fas:<\/h2><\/div>\n\n\n\n<div class=\"wp-block-uagb-advanced-heading uagb-block-c8213e5c\"><h4 class=\"uagb-heading-text\">Disponemos de 3 tipos de men\u00fas:<\/h4><\/div>\n\n\n\n<div class=\"wp-block-uagb-container uagb-block-146b9634 alignfull uagb-is-root-container\"><div class=\"uagb-container-inner-blocks-wrap\">\n<div class=\"wp-block-uagb-container uagb-block-5cdd92ca alignfull uagb-is-root-container\"><div class=\"uagb-container-inner-blocks-wrap\">\n<div class=\"wp-block-uagb-advanced-heading uagb-block-781b9453\"><h3 class=\"uagb-heading-text\">De lunes a viernes:<\/h3><\/div>\n\n\n\n<ul class=\"wp-block-list\">\n<li>Primer plato\n<ul class=\"wp-block-list\">\n<li>Ensalada mixta con at\u00fan, tomate y huevo cocido<\/li>\n\n\n\n<li>Crema de calabaza con picatostes<\/li>\n\n\n\n<li>Gazpacho andaluz (opci\u00f3n vegana)<\/li>\n\n\n\n<li>Pasta fr\u00eda con verduras y salsa de yogur<\/li>\n<\/ul>\n<\/li>\n\n\n\n<li>Segundo plato\n<ul class=\"wp-block-list\">\n<li>Pollo al horno con patatas panaderas<\/li>\n\n\n\n<li>Filete de merluza a la plancha con ensalada<\/li>\n\n\n\n<li>Alb\u00f3ndigas caseras en salsa de tomate<\/li>\n\n\n\n<li>Paella mixta (pollo y mariscos)<\/li>\n<\/ul>\n<\/li>\n\n\n\n<li>Postre\n<ul class=\"wp-block-list\">\n<li>Flan de huevo casero<\/li>\n\n\n\n<li>Fruta de temporada<\/li>\n\n\n\n<li>Yogur natural con miel<\/li>\n\n\n\n<li>Tarta de queso<\/li>\n<\/ul>\n<\/li>\n<\/ul>\n\n\n\n<div class=\"wp-block-uagb-advanced-heading uagb-block-0d1df7e1\"><h2 class=\"uagb-heading-text\">15\u20ac<\/h2><\/div>\n<\/div><\/div>\n\n\n\n<div class=\"wp-block-uagb-container uagb-block-92566b03\">\n<div class=\"wp-block-uagb-advanced-heading uagb-block-068a1ee6\"><h3 class=\"uagb-heading-text\">S\u00e1bados y Domingos:<\/h3><\/div>\n\n\n\n<ul class=\"wp-block-list\">\n<li>Entrantes a compartir\n<ul class=\"wp-block-list\">\n<li>Tabla de jam\u00f3n ib\u00e9rico y quesos curados<\/li>\n\n\n\n<li>Croquetas caseras de jam\u00f3n (6 uds)<\/li>\n\n\n\n<li>Ensalada templada con queso de cabra y nueces<\/li>\n\n\n\n<li>Huevos rotos con jam\u00f3n ib\u00e9rico y pimientos de padr\u00f3n<\/li>\n<\/ul>\n<\/li>\n\n\n\n<li>Primer plato\n<ul class=\"wp-block-list\">\n<li>Entrecot de ternera a la parrilla con guarnici\u00f3n<\/li>\n\n\n\n<li>Bacalao al pil-pil con pimientos confitados<\/li>\n\n\n\n<li>Arroz meloso de marisco (m\u00ednimo 2 personas)<\/li>\n\n\n\n<li>Raviolis de boletus con salsa trufada (vegetariano)<\/li>\n<\/ul>\n<\/li>\n\n\n\n<li>Postre\n<ul class=\"wp-block-list\">\n<li>Coulant de chocolate con helado de vainilla<\/li>\n\n\n\n<li>Tarta de zanahoria<\/li>\n\n\n\n<li>Flan de coco<\/li>\n\n\n\n<li>Fruta fresca de temporada<\/li>\n<\/ul>\n<\/li>\n<\/ul>\n\n\n\n<div class=\"wp-block-uagb-advanced-heading uagb-block-81af5adf\"><h2 class=\"uagb-heading-text\">20\u20ac<\/h2><\/div>\n<\/div>\n<\/div><\/div>\n\n\n\n<div class=\"wp-block-uagb-container uagb-block-a1730f15 alignfull uagb-is-root-container\"><div class=\"uagb-container-inner-blocks-wrap\">\n<div class=\"wp-block-uagb-advanced-heading uagb-block-0bfa7fc6\"><h2 class=\"uagb-heading-text\">Men\u00fa Degustaci\u00f3n<\/h2><\/div>\n<\/div><\/div>\n\n\n\n<div data-wp-interactive=\"core\/file\" class=\"wp-block-file\"><object data-wp-bind--hidden=\"!state.hasPdfPreview\" hidden class=\"wp-block-file__embed\" data=\"https:\/\/cubswp.com\/restauranteabe\/wp-content\/uploads\/2025\/05\/Menu_Degustacion_50_Euros.pdf\" type=\"application\/pdf\" style=\"width:100%;height:600px\" aria-label=\"Incrustado de Menu_Degustacion_50_Euros.\"><\/object><a id=\"wp-block-file--media-db4a4b07-2976-4a0b-bf93-09063820198c\" href=\"https:\/\/cubswp.com\/restauranteabe\/wp-content\/uploads\/2025\/05\/Menu_Degustacion_50_Euros.pdf\">Menu_Degustacion_50_Euros<\/a><a href=\"https:\/\/cubswp.com\/restauranteabe\/wp-content\/uploads\/2025\/05\/Menu_Degustacion_50_Euros.pdf\" class=\"wp-block-file__button wp-element-button\" download aria-describedby=\"wp-block-file--media-db4a4b07-2976-4a0b-bf93-09063820198c\">Descarga<\/a><\/div>\n","protected":false},"excerpt":{"rendered":"<p>Nuestros Men\u00fas: Disponemos de 3 tipos de men\u00fas: De lunes a viernes: 15\u20ac S\u00e1bados y Domingos: 20\u20ac Men\u00fa Degustaci\u00f3n<\/p>\n","protected":false},"author":4,"featured_media":0,"parent":0,"menu_order":0,"comment_status":"closed","ping_status":"closed","template":"","meta":{"_uag_custom_page_level_css":"","site-sidebar-layout":"default","site-content-layout":"","ast-site-content-layout":"","site-content-style":"default","site-sidebar-style":"default","ast-global-header-display":"","ast-banner-title-visibility":"","ast-main-header-display":"","ast-hfb-above-header-display":"","ast-hfb-below-header-display":"","ast-hfb-mobile-header-display":"","site-post-title":"disabled","ast-breadcrumbs-content":"","ast-featured-img":"","footer-sml-layout":"","ast-disable-related-posts":"","theme-transparent-header-meta":"","adv-header-id-meta":"","stick-header-meta":"","header-above-stick-meta":"","header-main-stick-meta":"","header-below-stick-meta":"","astra-migrate-meta-layouts":"default","ast-page-background-enabled":"default","ast-page-background-meta":{"desktop":{"background-color":"var(--ast-global-color-5)","background-image":"","background-repeat":"repeat","background-position":"center center","background-size":"auto","background-attachment":"scroll","background-type":"","background-media":"","overlay-type":"","overlay-color":"","overlay-opacity":"","overlay-gradient":""},"tablet":{"background-color":"","background-image":"","background-repeat":"repeat","background-position":"center center","background-size":"auto","background-attachment":"scroll","background-type":"","background-media":"","overlay-type":"","overlay-color":"","overlay-opacity":"","overlay-gradient":""},"mobile":{"background-color":"","background-image":"","background-repeat":"repeat","background-position":"center center","background-size":"auto","background-attachment":"scroll","background-type":"","background-media":"","overlay-type":"","overlay-color":"","overlay-opacity":"","overlay-gradient":""}},"ast-content-background-meta":{"desktop":{"background-color":"var(--ast-global-color-4)","background-image":"","background-repeat":"repeat","background-position":"center center","background-size":"auto","background-attachment":"scroll","background-type":"","background-media":"","overlay-type":"","overlay-color":"","overlay-opacity":"","overlay-gradient":""},"tablet":{"background-color":"var(--ast-global-color-4)","background-image":"","background-repeat":"repeat","background-position":"center center","background-size":"auto","background-attachment":"scroll","background-type":"","background-media":"","overlay-type":"","overlay-color":"","overlay-opacity":"","overlay-gradient":""},"mobile":{"background-color":"var(--ast-global-color-4)","background-image":"","background-repeat":"repeat","background-position":"center center","background-size":"auto","background-attachment":"scroll","background-type":"","background-media":"","overlay-type":"","overlay-color":"","overlay-opacity":"","overlay-gradient":""}},"footnotes":""},"class_list":["post-64","page","type-page","status-publish","hentry"],"uagb_featured_image_src":{"full":false,"thumbnail":false,"medium":false,"medium_large":false,"large":false,"1536x1536":false,"2048x2048":false},"uagb_author_info":{"display_name":"Blanca Dieguez","author_link":"https:\/\/cubswp.com\/restauranteabe\/index.php\/author\/blanca\/"},"uagb_comment_info":0,"uagb_excerpt":"Nuestros Men\u00fas: Disponemos de 3 tipos de men\u00fas: De lunes a viernes: 15\u20ac S\u00e1bados y Domingos: 20\u20ac Men\u00fa Degustaci\u00f3n","_links":{"self":[{"href":"https:\/\/cubswp.com\/restauranteabe\/index.php\/wp-json\/wp\/v2\/pages\/64","targetHints":{"allow":["GET"]}}],"collection":[{"href":"https:\/\/cubswp.com\/restauranteabe\/index.php\/wp-json\/wp\/v2\/pages"}],"about":[{"href":"https:\/\/cubswp.com\/restauranteabe\/index.php\/wp-json\/wp\/v2\/types\/page"}],"author":[{"embeddable":true,"href":"https:\/\/cubswp.com\/restauranteabe\/index.php\/wp-json\/wp\/v2\/users\/4"}],"replies":[{"embeddable":true,"href":"https:\/\/cubswp.com\/restauranteabe\/index.php\/wp-json\/wp\/v2\/comments?post=64"}],"version-history":[{"count":5,"href":"https:\/\/cubswp.com\/restauranteabe\/index.php\/wp-json\/wp\/v2\/pages\/64\/revisions"}],"predecessor-version":[{"id":135,"href":"https:\/\/cubswp.com\/restauranteabe\/index.php\/wp-json\/wp\/v2\/pages\/64\/revisions\/135"}],"wp:attachment":[{"href":"https:\/\/cubswp.com\/restauranteabe\/index.php\/wp-json\/wp\/v2\/media?parent=64"}],"curies":[{"name":"wp","href":"https:\/\/api.w.org\/{rel}","templated":true}]}}