{"id":71,"date":"2025-05-30T08:39:01","date_gmt":"2025-05-30T08:39:01","guid":{"rendered":"https:\/\/cubswp.com\/restauranteabe\/?page_id=71"},"modified":"2025-05-30T13:44:31","modified_gmt":"2025-05-30T13:44:31","slug":"contacto","status":"publish","type":"page","link":"https:\/\/cubswp.com\/restauranteabe\/index.php\/contacto\/","title":{"rendered":"Contacto"},"content":{"rendered":"\n<div class=\"wp-block-uagb-container uagb-block-6661aa72 alignfull uagb-is-root-container\"><div class=\"uagb-container-inner-blocks-wrap\">\n<div class=\"wp-block-uagb-advanced-heading uagb-block-86e10220\"><h2 class=\"uagb-heading-text\">\u00a1HOLA!<\/h2><\/div>\n<\/div><\/div>\n\n\n\n<div class=\"wp-block-uagb-container uagb-block-5a99f6e6 alignfull uagb-is-root-container\"><div class=\"uagb-container-inner-blocks-wrap\">\n<div class=\"wp-block-uagb-container uagb-block-c1576110\">\n<div class=\"wp-block-uagb-advanced-heading uagb-block-32efcb3c\"><h2 class=\"uagb-heading-text\">Reserva tu mesa aqu\u00ed<\/h2><\/div>\n\n\n<div class=\"wpforms-container wpforms-container-full wpforms-block wpforms-block-6d76a86e-193d-4086-9162-e474696af61c wpforms-render-modern\" id=\"wpforms-119\"><form id=\"wpforms-form-119\" class=\"wpforms-validate wpforms-form wpforms-ajax-form\" data-formid=\"119\" method=\"post\" enctype=\"multipart\/form-data\" action=\"\/restauranteabe\/index.php\/wp-json\/wp\/v2\/pages\/71\" data-token=\"58ee19ca95cb2c7fae6e7d2b5e43eda6\" data-token-time=\"1776690790\"><noscript class=\"wpforms-error-noscript\">Por favor, activa JavaScript en tu navegador para completar este formulario.<\/noscript><div id=\"wpforms-error-noscript\" style=\"display: none;\">Por favor, activa JavaScript en tu navegador para completar este formulario.<\/div><div class=\"wpforms-field-container\"><div id=\"wpforms-119-field_1-container\" class=\"wpforms-field wpforms-field-name\" data-field-id=\"1\"><fieldset><legend class=\"wpforms-field-label\">Nombre <span class=\"wpforms-required-label\" aria-hidden=\"true\">*<\/span><\/legend><div class=\"wpforms-field-row wpforms-field-medium\"><div class=\"wpforms-field-row-block wpforms-first wpforms-one-half\"><input type=\"text\" id=\"wpforms-119-field_1\" class=\"wpforms-field-name-first wpforms-field-required\" name=\"wpforms[fields][1][first]\" aria-errormessage=\"wpforms-119-field_1-error\" required><label for=\"wpforms-119-field_1\" class=\"wpforms-field-sublabel after\">Nombre<\/label><\/div><div class=\"wpforms-field-row-block wpforms-one-half\"><input type=\"text\" id=\"wpforms-119-field_1-last\" class=\"wpforms-field-name-last wpforms-field-required\" name=\"wpforms[fields][1][last]\" aria-errormessage=\"wpforms-119-field_1-last-error\" required><label for=\"wpforms-119-field_1-last\" class=\"wpforms-field-sublabel after\">Apellidos<\/label><\/div><\/div><\/fieldset><\/div><div id=\"wpforms-119-field_2-container\" class=\"wpforms-field wpforms-field-email\" data-field-id=\"2\"><label class=\"wpforms-field-label\" for=\"wpforms-119-field_2\">Correo electr\u00f3nico <span class=\"wpforms-required-label\" aria-hidden=\"true\">*<\/span><\/label><input type=\"email\" id=\"wpforms-119-field_2\" class=\"wpforms-field-medium wpforms-field-required\" name=\"wpforms[fields][2]\" spellcheck=\"false\" aria-errormessage=\"wpforms-119-field_2-error\" required><\/div>\t\t<div id=\"wpforms-119-field_7-container\"\n\t\t\tclass=\"wpforms-field wpforms-field-text\"\n\t\t\tdata-field-type=\"text\"\n\t\t\tdata-field-id=\"7\"\n\t\t\t>\n\t\t\t<label class=\"wpforms-field-label\" for=\"wpforms-119-field_7\" >Comensales Alergias Hora<\/label>\n\t\t\t<input type=\"text\" id=\"wpforms-119-field_7\" class=\"wpforms-field-medium\" name=\"wpforms[fields][7]\" >\n\t\t<\/div>\n\t\t<div id=\"wpforms-119-field_4-container\" class=\"wpforms-field wpforms-field-text\" data-field-id=\"4\"><label class=\"wpforms-field-label\" for=\"wpforms-119-field_4\">Comensales <span class=\"wpforms-required-label\" aria-hidden=\"true\">*<\/span><\/label><input type=\"text\" id=\"wpforms-119-field_4\" class=\"wpforms-field-medium wpforms-field-required\" name=\"wpforms[fields][4]\" placeholder=\"Reserva una mesa\" aria-errormessage=\"wpforms-119-field_4-error\" required><\/div><div id=\"wpforms-119-field_6-container\" class=\"wpforms-field wpforms-field-text\" data-field-id=\"6\"><label class=\"wpforms-field-label\" for=\"wpforms-119-field_6\">Hora <span class=\"wpforms-required-label\" aria-hidden=\"true\">*<\/span><\/label><input type=\"text\" id=\"wpforms-119-field_6\" class=\"wpforms-field-medium wpforms-field-required\" name=\"wpforms[fields][6]\" placeholder=\"Reserva una mesa\" aria-errormessage=\"wpforms-119-field_6-error\" required><\/div><div id=\"wpforms-119-field_3-container\" class=\"wpforms-field wpforms-field-textarea\" data-field-id=\"3\"><label class=\"wpforms-field-label\" for=\"wpforms-119-field_3\">Alergias<\/label><textarea id=\"wpforms-119-field_3\" class=\"wpforms-field-medium\" name=\"wpforms[fields][3]\" aria-errormessage=\"wpforms-119-field_3-error\" ><\/textarea><\/div><div id=\"wpforms-119-field_5-container\" class=\"wpforms-field wpforms-field-checkbox\" data-field-id=\"5\"><fieldset><legend class=\"wpforms-field-label\"> <span class=\"wpforms-required-label\" aria-hidden=\"true\">*<\/span><\/legend><ul id=\"wpforms-119-field_5\" class=\"wpforms-field-required\"><li class=\"choice-1 depth-1\"><input type=\"checkbox\" id=\"wpforms-119-field_5_1\" name=\"wpforms[fields][5][]\" value=\"Acepto la pol\u00edtica de privacidad\" aria-errormessage=\"wpforms-119-field_5_1-error\" required ><label class=\"wpforms-field-label-inline\" for=\"wpforms-119-field_5_1\">Acepto la pol\u00edtica de privacidad<\/label><\/li><\/ul><\/fieldset><\/div><script>\n\t\t\t\t( function() {\n\t\t\t\t\tconst style = document.createElement( 'style' );\n\t\t\t\t\tstyle.appendChild( document.createTextNode( '#wpforms-119-field_7-container { position: absolute !important; overflow: hidden !important; display: inline !important; height: 1px !important; width: 1px !important; z-index: -1000 !important; padding: 0 !important; } #wpforms-119-field_7-container input { visibility: hidden; } #wpforms-conversational-form-page #wpforms-119-field_7-container label { counter-increment: none; }' ) );\n\t\t\t\t\tdocument.head.appendChild( style );\n\t\t\t\t\tdocument.currentScript?.remove();\n\t\t\t\t} )();\n\t\t\t<\/script><\/div><!-- .wpforms-field-container --><div class=\"wpforms-submit-container\" ><input type=\"hidden\" name=\"wpforms[id]\" value=\"119\"><input type=\"hidden\" name=\"page_title\" value=\"\"><input type=\"hidden\" name=\"page_url\" value=\"https:\/\/cubswp.com\/restauranteabe\/index.php\/wp-json\/wp\/v2\/pages\/71\"><input type=\"hidden\" name=\"url_referer\" value=\"\"><button type=\"submit\" name=\"wpforms[submit]\" id=\"wpforms-submit-119\" class=\"wpforms-submit\" data-alt-text=\"Enviando...\" data-submit-text=\"Enviar\" aria-live=\"assertive\" value=\"wpforms-submit\">Enviar<\/button><img loading=\"lazy\" decoding=\"async\" src=\"https:\/\/cubswp.com\/restauranteabe\/wp-content\/plugins\/wpforms-lite\/assets\/images\/submit-spin.svg\" class=\"wpforms-submit-spinner\" style=\"display: none;\" width=\"26\" height=\"26\" alt=\"Cargando\"><\/div><\/form><\/div>  <!-- .wpforms-container -->\n\n\n<div class=\"wp-block-uagb-container uagb-block-ae83b0b8\"><\/div>\n<\/div>\n\n\n\n<div class=\"wp-block-uagb-container uagb-block-b75b10ed\">\n<div class=\"wp-block-uagb-advanced-heading uagb-block-5db02ff8\"><h2 class=\"uagb-heading-text\">Estamos para ayudarte<\/h2><\/div>\n\n\n\n<ul class=\"wp-block-list\">\n<li>Vis\u00edtanos en Gran V\u00eda 2<\/li>\n\n\n\n<li>Ll\u00e1manos al 944678906<\/li>\n\n\n\n<li>Escr\u00edbenos a abe@gmail.com<\/li>\n<\/ul>\n\n\n\n<div class=\"wp-block-uagb-advanced-heading uagb-block-eb4e7d57\"><h2 class=\"uagb-heading-text\">Vis\u00edtanos aqu\u00ed<\/h2><\/div>\n\n\n\t\t\t<div \n\t\t\tclass=\"wp-block-uagb-google-map uagb-google-map__wrap uagb-block-9fb1d065     \"\n\t\t\tstyle=\"\" >\n\t\t\t\t<embed\n\t\t\t\t\tclass=\"uagb-google-map__iframe\"\n\t\t\t\t\ttitle=\"Mapa de Google de\"\n\t\t\t\t\tsrc=\"https:\/\/maps.google.com\/maps?q=Gran%20V%C3%ADa%2C%202%20Bilbao&#038;z=15&#038;hl=es&#038;t=m&#038;output=embed&#038;iwloc=near\"\n\t\t\t\t\twidth=\"640\"\n\t\t\t\t\theight=\"279\"\n\t\t\t\t\tloading=\"lazy\"\n\t\t\t\t><\/embed>\n\t\t\t<\/div>\n\t\t\t<\/div>\n<\/div><\/div>\n\n\n\n<div class=\"wp-block-uagb-container uagb-block-b2e0fb46 alignfull uagb-is-root-container\"><div class=\"uagb-container-inner-blocks-wrap\"><\/div><\/div>\n\n\n\n<p><\/p>\n","protected":false},"excerpt":{"rendered":"<p>\u00a1HOLA! Reserva tu mesa aqu\u00ed Estamos para ayudarte Vis\u00edtanos aqu\u00ed<\/p>\n","protected":false},"author":2,"featured_media":0,"parent":0,"menu_order":0,"comment_status":"closed","ping_status":"closed","template":"","meta":{"_uag_custom_page_level_css":"","site-sidebar-layout":"default","site-content-layout":"","ast-site-content-layout":"","site-content-style":"default","site-sidebar-style":"default","ast-global-header-display":"","ast-banner-title-visibility":"","ast-main-header-display":"","ast-hfb-above-header-display":"","ast-hfb-below-header-display":"","ast-hfb-mobile-header-display":"","site-post-title":"disabled","ast-breadcrumbs-content":"","ast-featured-img":"","footer-sml-layout":"","ast-disable-related-posts":"","theme-transparent-header-meta":"","adv-header-id-meta":"","stick-header-meta":"","header-above-stick-meta":"","header-main-stick-meta":"","header-below-stick-meta":"","astra-migrate-meta-layouts":"default","ast-page-background-enabled":"default","ast-page-background-meta":{"desktop":{"background-color":"var(--ast-global-color-5)","background-image":"","background-repeat":"repeat","background-position":"center center","background-size":"auto","background-attachment":"scroll","background-type":"","background-media":"","overlay-type":"","overlay-color":"","overlay-opacity":"","overlay-gradient":""},"tablet":{"background-color":"","background-image":"","background-repeat":"repeat","background-position":"center center","background-size":"auto","background-attachment":"scroll","background-type":"","background-media":"","overlay-type":"","overlay-color":"","overlay-opacity":"","overlay-gradient":""},"mobile":{"background-color":"","background-image":"","background-repeat":"repeat","background-position":"center center","background-size":"auto","background-attachment":"scroll","background-type":"","background-media":"","overlay-type":"","overlay-color":"","overlay-opacity":"","overlay-gradient":""}},"ast-content-background-meta":{"desktop":{"background-color":"var(--ast-global-color-4)","background-image":"","background-repeat":"repeat","background-position":"center center","background-size":"auto","background-attachment":"scroll","background-type":"","background-media":"","overlay-type":"","overlay-color":"","overlay-opacity":"","overlay-gradient":""},"tablet":{"background-color":"var(--ast-global-color-4)","background-image":"","background-repeat":"repeat","background-position":"center center","background-size":"auto","background-attachment":"scroll","background-type":"","background-media":"","overlay-type":"","overlay-color":"","overlay-opacity":"","overlay-gradient":""},"mobile":{"background-color":"var(--ast-global-color-4)","background-image":"","background-repeat":"repeat","background-position":"center center","background-size":"auto","background-attachment":"scroll","background-type":"","background-media":"","overlay-type":"","overlay-color":"","overlay-opacity":"","overlay-gradient":""}},"footnotes":""},"class_list":["post-71","page","type-page","status-publish","hentry"],"uagb_featured_image_src":{"full":false,"thumbnail":false,"medium":false,"medium_large":false,"large":false,"1536x1536":false,"2048x2048":false},"uagb_author_info":{"display_name":"Eneko Rodriguez Garcia","author_link":"https:\/\/cubswp.com\/restauranteabe\/index.php\/author\/eneko\/"},"uagb_comment_info":0,"uagb_excerpt":"\u00a1HOLA! Reserva tu mesa aqu\u00ed Estamos para ayudarte Vis\u00edtanos aqu\u00ed","_links":{"self":[{"href":"https:\/\/cubswp.com\/restauranteabe\/index.php\/wp-json\/wp\/v2\/pages\/71","targetHints":{"allow":["GET"]}}],"collection":[{"href":"https:\/\/cubswp.com\/restauranteabe\/index.php\/wp-json\/wp\/v2\/pages"}],"about":[{"href":"https:\/\/cubswp.com\/restauranteabe\/index.php\/wp-json\/wp\/v2\/types\/page"}],"author":[{"embeddable":true,"href":"https:\/\/cubswp.com\/restauranteabe\/index.php\/wp-json\/wp\/v2\/users\/2"}],"replies":[{"embeddable":true,"href":"https:\/\/cubswp.com\/restauranteabe\/index.php\/wp-json\/wp\/v2\/comments?post=71"}],"version-history":[{"count":11,"href":"https:\/\/cubswp.com\/restauranteabe\/index.php\/wp-json\/wp\/v2\/pages\/71\/revisions"}],"predecessor-version":[{"id":167,"href":"https:\/\/cubswp.com\/restauranteabe\/index.php\/wp-json\/wp\/v2\/pages\/71\/revisions\/167"}],"wp:attachment":[{"href":"https:\/\/cubswp.com\/restauranteabe\/index.php\/wp-json\/wp\/v2\/media?parent=71"}],"curies":[{"name":"wp","href":"https:\/\/api.w.org\/{rel}","templated":true}]}}