{"id":69,"date":"2025-06-21T13:31:02","date_gmt":"2025-06-21T13:31:02","guid":{"rendered":"https:\/\/cubswp.com\/txe\/?page_id=69"},"modified":"2025-06-21T17:05:31","modified_gmt":"2025-06-21T17:05:31","slug":"nuestros-pantalones","status":"publish","type":"page","link":"https:\/\/cubswp.com\/txe\/index.php\/nuestros-pantalones\/","title":{"rendered":"NUESTROS PANTALONES"},"content":{"rendered":"\n<p>En Sportxe dise\u00f1amos cada prenda pensando en ti. Nuestros pantalones deportivos combinan ligereza, comodidad y libertad de movimiento para que entrenes sin l\u00edmites. Con un ajuste que se adapta a tu cuerpo y un estilo vers\u00e1til, son perfectos tanto para tu rutina diaria como para momentos de descanso. Entrena c\u00f3modo, vive Sportxe.<\/p>\n\n\n\n\n\n<h2 class=\"wp-block-heading\">PANTALONES MUJER<\/h2>\n\n\n\n<div class=\"wp-block-media-text is-stacked-on-mobile\" style=\"grid-template-columns:20% auto\"><figure class=\"wp-block-media-text__media\"><img loading=\"lazy\" decoding=\"async\" width=\"650\" height=\"975\" src=\"https:\/\/cubswp.com\/txe\/wp-content\/uploads\/2025\/06\/d3a775f6660ea3b3a001ff11aca83a4e.jpg\" alt=\"\" class=\"wp-image-170 size-full\" srcset=\"https:\/\/cubswp.com\/txe\/wp-content\/uploads\/2025\/06\/d3a775f6660ea3b3a001ff11aca83a4e.jpg 650w, https:\/\/cubswp.com\/txe\/wp-content\/uploads\/2025\/06\/d3a775f6660ea3b3a001ff11aca83a4e-200x300.jpg 200w\" sizes=\"auto, (max-width: 650px) 100vw, 650px\" \/><\/figure><div class=\"wp-block-media-text__content\">\n<p>Comodidad y estilo que se adaptan a ti. Con tejido suave y corte ajustado tipo legging, son ideales para moverte con libertad dentro y fuera del gimnasio.<\/p>\n\n\n\n<div class=\"wp-block-buttons is-layout-flex wp-block-buttons-is-layout-flex\">\n<div class=\"wp-block-button\"><a class=\"wp-block-button__link wp-element-button\" href=\"https:\/\/cubswp.com\/txe\/index.php\/carrito\/\">A\u00d1ADIR AL CARRITO<\/a><\/div>\n<\/div>\n<\/div><\/div>\n\n\n\n<h2 class=\"wp-block-heading\">PANTALONES HOMBRE<\/h2>\n\n\n\n<div class=\"wp-block-media-text is-stacked-on-mobile\" style=\"grid-template-columns:19% auto\"><figure class=\"wp-block-media-text__media\"><img loading=\"lazy\" decoding=\"async\" width=\"565\" height=\"1024\" src=\"https:\/\/cubswp.com\/txe\/wp-content\/uploads\/2025\/06\/71DkWR5CzzL._AC_UL1500_-565x1024.jpg\" alt=\"\" class=\"wp-image-179 size-full\" srcset=\"https:\/\/cubswp.com\/txe\/wp-content\/uploads\/2025\/06\/71DkWR5CzzL._AC_UL1500_-565x1024.jpg 565w, https:\/\/cubswp.com\/txe\/wp-content\/uploads\/2025\/06\/71DkWR5CzzL._AC_UL1500_-166x300.jpg 166w, https:\/\/cubswp.com\/txe\/wp-content\/uploads\/2025\/06\/71DkWR5CzzL._AC_UL1500_-768x1391.jpg 768w, https:\/\/cubswp.com\/txe\/wp-content\/uploads\/2025\/06\/71DkWR5CzzL._AC_UL1500_.jpg 828w\" sizes=\"auto, (max-width: 565px) 100vw, 565px\" \/><\/figure><div class=\"wp-block-media-text__content\">\n<p>Dise\u00f1o vers\u00e1til y funcional. Confeccionados con tejido resistente y c\u00f3modo, perfectos para entrenar, descansar o llevar un look deportivo diario.<\/p>\n\n\n\n<div class=\"wp-block-buttons is-layout-flex wp-block-buttons-is-layout-flex\">\n<div class=\"wp-block-button\"><a class=\"wp-block-button__link wp-element-button\" href=\"https:\/\/cubswp.com\/txe\/index.php\/carrito\/\">A\u00d1ADIR AL CARRITO<\/a><\/div>\n<\/div>\n<\/div><\/div>\n\n\n\n<p><\/p>\n\n\n\n<div class=\"wp-block-group is-nowrap is-layout-flex wp-container-core-group-is-layout-ad2f72ca wp-block-group-is-layout-flex\">\n<figure class=\"wp-block-image size-large is-resized\"><img loading=\"lazy\" decoding=\"async\" width=\"1024\" height=\"755\" src=\"https:\/\/cubswp.com\/txe\/wp-content\/uploads\/2025\/06\/Serena-Williams-Enters-Quarterfinals-in-US-Open-2020-scaled-2-1024x755.jpg\" alt=\"\" class=\"wp-image-194\" style=\"width:577px;height:auto\" srcset=\"https:\/\/cubswp.com\/txe\/wp-content\/uploads\/2025\/06\/Serena-Williams-Enters-Quarterfinals-in-US-Open-2020-scaled-2-1024x755.jpg 1024w, https:\/\/cubswp.com\/txe\/wp-content\/uploads\/2025\/06\/Serena-Williams-Enters-Quarterfinals-in-US-Open-2020-scaled-2-300x221.jpg 300w, https:\/\/cubswp.com\/txe\/wp-content\/uploads\/2025\/06\/Serena-Williams-Enters-Quarterfinals-in-US-Open-2020-scaled-2-768x566.jpg 768w, https:\/\/cubswp.com\/txe\/wp-content\/uploads\/2025\/06\/Serena-Williams-Enters-Quarterfinals-in-US-Open-2020-scaled-2-1536x1133.jpg 1536w, https:\/\/cubswp.com\/txe\/wp-content\/uploads\/2025\/06\/Serena-Williams-Enters-Quarterfinals-in-US-Open-2020-scaled-2-2048x1510.jpg 2048w\" sizes=\"auto, (max-width: 1024px) 100vw, 1024px\" \/><\/figure>\n\n\n\n<figure class=\"wp-block-pullquote\"><blockquote><p>\u00abNo pienso en el estilo cuando estoy en la pista. Pienso en la comodidad. Si me siento bien, juego mejor.\u00bb<\/p><cite>Serena Williams<\/cite><\/blockquote><\/figure>\n<\/div>\n\n\n\n\n\n<p><\/p>\n\n\n","protected":false},"excerpt":{"rendered":"<p>En Sportxe dise\u00f1amos cada prenda pensando en ti. Nuestros pantalones deportivos combinan ligereza, [&hellip;]<\/p>\n","protected":false},"author":1,"featured_media":164,"parent":0,"menu_order":0,"comment_status":"closed","ping_status":"closed","template":"","meta":{"footnotes":""},"class_list":["post-69","page","type-page","status-publish","has-post-thumbnail","hentry"],"_links":{"self":[{"href":"https:\/\/cubswp.com\/txe\/index.php\/wp-json\/wp\/v2\/pages\/69","targetHints":{"allow":["GET"]}}],"collection":[{"href":"https:\/\/cubswp.com\/txe\/index.php\/wp-json\/wp\/v2\/pages"}],"about":[{"href":"https:\/\/cubswp.com\/txe\/index.php\/wp-json\/wp\/v2\/types\/page"}],"author":[{"embeddable":true,"href":"https:\/\/cubswp.com\/txe\/index.php\/wp-json\/wp\/v2\/users\/1"}],"replies":[{"embeddable":true,"href":"https:\/\/cubswp.com\/txe\/index.php\/wp-json\/wp\/v2\/comments?post=69"}],"version-history":[{"count":21,"href":"https:\/\/cubswp.com\/txe\/index.php\/wp-json\/wp\/v2\/pages\/69\/revisions"}],"predecessor-version":[{"id":224,"href":"https:\/\/cubswp.com\/txe\/index.php\/wp-json\/wp\/v2\/pages\/69\/revisions\/224"}],"wp:featuredmedia":[{"embeddable":true,"href":"https:\/\/cubswp.com\/txe\/index.php\/wp-json\/wp\/v2\/media\/164"}],"wp:attachment":[{"href":"https:\/\/cubswp.com\/txe\/index.php\/wp-json\/wp\/v2\/media?parent=69"}],"curies":[{"name":"wp","href":"https:\/\/api.w.org\/{rel}","templated":true}]}}