{"id":91,"date":"2025-06-21T14:27:14","date_gmt":"2025-06-21T14:27:14","guid":{"rendered":"https:\/\/cubswp.com\/txe\/?page_id=91"},"modified":"2025-06-21T17:10:00","modified_gmt":"2025-06-21T17:10:00","slug":"zapatillas-deportivas","status":"publish","type":"page","link":"https:\/\/cubswp.com\/txe\/index.php\/zapatillas-deportivas\/","title":{"rendered":"NUESTRAS ZAPATILLAS"},"content":{"rendered":"\n<div class=\"wp-block-columns is-layout-flex wp-container-core-columns-is-layout-9d6595d7 wp-block-columns-is-layout-flex\">\n<div class=\"wp-block-column is-layout-flow wp-block-column-is-layout-flow\">\n<p>En <strong>SPORTXE<\/strong> contamos con una cuidada selecci\u00f3n de <strong>zapatillas deportivas<\/strong> pensadas para todos los niveles y disciplinas. Nuestro cat\u00e1logo incluye modelos de <strong>running<\/strong>, <strong>f\u00fatbol<\/strong>, <strong>entrenamiento<\/strong> y <strong>uso urbano<\/strong>, siempre con las \u00faltimas tecnolog\u00edas en confort, amortiguaci\u00f3n y rendimiento.<\/p>\n<\/div>\n\n\n\n<div class=\"wp-block-column is-layout-flow wp-block-column-is-layout-flow\">\n<figure class=\"wp-block-image size-large wp-duotone-dark-grayscale\"><img loading=\"lazy\" decoding=\"async\" width=\"1024\" height=\"682\" src=\"https:\/\/cubswp.com\/txe\/wp-content\/uploads\/2025\/06\/IMG_0221-1024x682.jpeg\" alt=\"\" class=\"wp-image-71\" srcset=\"https:\/\/cubswp.com\/txe\/wp-content\/uploads\/2025\/06\/IMG_0221-1024x682.jpeg 1024w, https:\/\/cubswp.com\/txe\/wp-content\/uploads\/2025\/06\/IMG_0221-300x200.jpeg 300w, https:\/\/cubswp.com\/txe\/wp-content\/uploads\/2025\/06\/IMG_0221-768x512.jpeg 768w, https:\/\/cubswp.com\/txe\/wp-content\/uploads\/2025\/06\/IMG_0221.jpeg 1280w\" sizes=\"auto, (max-width: 1024px) 100vw, 1024px\" \/><\/figure>\n<\/div>\n<\/div>\n\n\n<div class=\"wp-block-image\">\n<figure class=\"aligncenter size-large\"><img loading=\"lazy\" decoding=\"async\" width=\"517\" height=\"291\" src=\"https:\/\/cubswp.com\/txe\/wp-content\/uploads\/2025\/06\/IMG_0222-edited.jpeg\" alt=\"\" class=\"wp-image-136\" srcset=\"https:\/\/cubswp.com\/txe\/wp-content\/uploads\/2025\/06\/IMG_0222-edited.jpeg 517w, https:\/\/cubswp.com\/txe\/wp-content\/uploads\/2025\/06\/IMG_0222-edited-300x169.jpeg 300w\" sizes=\"auto, (max-width: 517px) 100vw, 517px\" \/><\/figure>\n<\/div>\n\n\n<div class=\"wp-block-columns is-layout-flex wp-container-core-columns-is-layout-9d6595d7 wp-block-columns-is-layout-flex\">\n<div class=\"wp-block-column is-layout-flow wp-block-column-is-layout-flow\"><\/div>\n<\/div>\n\n\n\n<div class=\"wp-block-group is-nowrap is-layout-flex wp-container-core-group-is-layout-ad2f72ca wp-block-group-is-layout-flex\">\n<figure class=\"wp-block-image size-large wp-duotone-dark-grayscale\"><img decoding=\"async\" src=\"https:\/\/cdn.milenio.com\/uploads\/media\/2019\/07\/01\/ronaldinho-con-la-seleccion-de.jpg\" alt=\"\"\/><\/figure>\n\n\n\n<figure class=\"wp-block-pullquote alignright has-text-align-center\"><blockquote><p><em><strong>\u201cAprend\u00ed todo sobre la vida con una pelota a mis pies.\u201d <br><\/strong><\/em><\/p><cite>&#8211; <em>Ronaldinho<\/em> <em>Gaucho<\/em><\/cite><\/blockquote><\/figure>\n<\/div>\n\n\n\n<div class=\"wp-block-columns is-layout-flex wp-container-core-columns-is-layout-9d6595d7 wp-block-columns-is-layout-flex\">\n<div class=\"wp-block-column is-layout-flow wp-block-column-is-layout-flow\">\n<p class=\"has-text-align-right\"><strong><em>Runnning<\/em><\/strong><\/p>\n\n\n\n<div class=\"wp-block-media-text is-stacked-on-mobile\"><figure class=\"wp-block-media-text__media\"><img loading=\"lazy\" decoding=\"async\" width=\"1024\" height=\"683\" src=\"https:\/\/cubswp.com\/txe\/wp-content\/uploads\/2025\/06\/las-mejores-zapatillas-de-nike-running-para-el-invierno-1-1024x683.jpg\" alt=\"\" class=\"wp-image-131 size-full\" srcset=\"https:\/\/cubswp.com\/txe\/wp-content\/uploads\/2025\/06\/las-mejores-zapatillas-de-nike-running-para-el-invierno-1-1024x683.jpg 1024w, https:\/\/cubswp.com\/txe\/wp-content\/uploads\/2025\/06\/las-mejores-zapatillas-de-nike-running-para-el-invierno-1-300x200.jpg 300w, https:\/\/cubswp.com\/txe\/wp-content\/uploads\/2025\/06\/las-mejores-zapatillas-de-nike-running-para-el-invierno-1-768x512.jpg 768w, https:\/\/cubswp.com\/txe\/wp-content\/uploads\/2025\/06\/las-mejores-zapatillas-de-nike-running-para-el-invierno-1-1536x1024.jpg 1536w, https:\/\/cubswp.com\/txe\/wp-content\/uploads\/2025\/06\/las-mejores-zapatillas-de-nike-running-para-el-invierno-1.jpg 1824w\" sizes=\"auto, (max-width: 1024px) 100vw, 1024px\" \/><\/figure><div class=\"wp-block-media-text__content\">\n<p>Zapatillas ligeras y transpirables, ideales para entrenamientos en asfalto o superficies mixtas. Incorporan amortiguaci\u00f3n reactiva para una pisada suave y estable, y su suela de tracci\u00f3n multidireccional mejora el agarre en cada zancada. Ajuste c\u00f3modo tipo calcet\u00edn para mayor sujeci\u00f3n sin renunciar a la libertad de movimiento.<\/p>\n\n\n\n<div class=\"wp-block-buttons is-content-justification-center is-layout-flex wp-container-core-buttons-is-layout-062f0008 wp-block-buttons-is-layout-flex\">\n<div class=\"wp-block-button\"><a class=\"wp-block-button__link wp-element-button\" href=\"https:\/\/cubswp.com\/txe\/index.php\/carrito\/\">A\u00f1adir carrito<\/a><\/div>\n<\/div>\n<\/div><\/div>\n\n\n\n<p><strong><em>Football<\/em><\/strong><\/p>\n<\/div>\n<\/div>\n\n\n\n<div class=\"wp-block-columns is-layout-flex wp-container-core-columns-is-layout-9d6595d7 wp-block-columns-is-layout-flex\">\n<div class=\"wp-block-column is-layout-flow wp-block-column-is-layout-flow\">\n<div class=\"wp-block-media-text has-media-on-the-right is-stacked-on-mobile\"><div class=\"wp-block-media-text__content\">\n<p>Botas dise\u00f1adas para ofrecer <strong>m\u00e1ximo control y tracci\u00f3n<\/strong> en cada jugada. Su suela con <strong>tacos optimizados<\/strong> se adapta a c\u00e9sped natural o artificial, proporcionando estabilidad y aceleraci\u00f3n. El ajuste ce\u00f1ido y la parte superior texturizada mejoran el toque de bal\u00f3n y la precisi\u00f3n en los pases y tiros.<\/p>\n\n\n\n<div class=\"wp-block-buttons is-layout-flex wp-block-buttons-is-layout-flex\">\n<div class=\"wp-block-button\"><a class=\"wp-block-button__link wp-element-button\" href=\"https:\/\/cubswp.com\/txe\/index.php\/carrito\/\">a\u00f1adir carrito<\/a><\/div>\n<\/div>\n<\/div><figure class=\"wp-block-media-text__media\"><img decoding=\"async\" src=\"https:\/\/underarmour.scene7.com\/is\/image\/Underarmour\/SS25_FTB_ShadowEilte3_Site_5_4_M?qlt=75&amp;fmt=jpg&amp;scl=1&amp;\" alt=\"\"\/><\/figure><\/div>\n<\/div>\n<\/div>\n\n\n\n<div class=\"wp-block-columns is-layout-flex wp-container-core-columns-is-layout-9d6595d7 wp-block-columns-is-layout-flex\">\n<div class=\"wp-block-column is-layout-flow wp-block-column-is-layout-flow\">\n<p><em><strong>Para todos los deportes<\/strong><\/em><\/p>\n\n\n\n<div class=\"wp-block-columns is-layout-flex wp-container-core-columns-is-layout-9d6595d7 wp-block-columns-is-layout-flex\">\n<div class=\"wp-block-column is-layout-flow wp-block-column-is-layout-flow\">\n<div class=\"wp-block-columns is-layout-flex wp-container-core-columns-is-layout-9d6595d7 wp-block-columns-is-layout-flex\">\n<div class=\"wp-block-column is-layout-flow wp-block-column-is-layout-flow\">\n<p><em>Tenis<\/em> <\/p>\n\n\n\n<figure class=\"wp-block-image size-full\"><img loading=\"lazy\" decoding=\"async\" width=\"863\" height=\"575\" src=\"https:\/\/cubswp.com\/txe\/wp-content\/uploads\/2025\/06\/IMG_0224-edited.webp\" alt=\"\" class=\"wp-image-76\" srcset=\"https:\/\/cubswp.com\/txe\/wp-content\/uploads\/2025\/06\/IMG_0224-edited.webp 863w, https:\/\/cubswp.com\/txe\/wp-content\/uploads\/2025\/06\/IMG_0224-edited-300x200.webp 300w, https:\/\/cubswp.com\/txe\/wp-content\/uploads\/2025\/06\/IMG_0224-edited-768x512.webp 768w\" sizes=\"auto, (max-width: 863px) 100vw, 863px\" \/><\/figure>\n<\/div>\n\n\n\n<div class=\"wp-block-column is-layout-flow wp-block-column-is-layout-flow\">\n<p><em>Monta\u00f1a<\/em><\/p>\n\n\n\n<figure class=\"wp-block-image size-large\"><img decoding=\"async\" src=\"https:\/\/www.skimountain.net\/wp-content\/uploads\/2024\/03\/tipos-botas-trekking-01.jpg\" alt=\"\"\/><\/figure>\n<\/div>\n\n\n\n<div class=\"wp-block-column is-layout-flow wp-block-column-is-layout-flow\">\n<p><em>Y mucho mas<\/em><\/p>\n\n\n\n<figure class=\"wp-block-image size-large is-resized\"><img decoding=\"async\" src=\"https:\/\/i.pinimg.com\/originals\/55\/3a\/5f\/553a5f7bffe2b3525f604197e1f91130.jpg\" alt=\"\" style=\"width:166px;height:auto\"\/><\/figure>\n<\/div>\n<\/div>\n<\/div>\n<\/div>\n<\/div>\n<\/div>\n\n\n\n<p><\/p>\n","protected":false},"excerpt":{"rendered":"<p>En SPORTXE contamos con una cuidada selecci\u00f3n de zapatillas deportivas pensadas para todos [&hellip;]<\/p>\n","protected":false},"author":1,"featured_media":118,"parent":0,"menu_order":0,"comment_status":"closed","ping_status":"closed","template":"","meta":{"footnotes":""},"class_list":["post-91","page","type-page","status-publish","has-post-thumbnail","hentry"],"_links":{"self":[{"href":"https:\/\/cubswp.com\/txe\/index.php\/wp-json\/wp\/v2\/pages\/91","targetHints":{"allow":["GET"]}}],"collection":[{"href":"https:\/\/cubswp.com\/txe\/index.php\/wp-json\/wp\/v2\/pages"}],"about":[{"href":"https:\/\/cubswp.com\/txe\/index.php\/wp-json\/wp\/v2\/types\/page"}],"author":[{"embeddable":true,"href":"https:\/\/cubswp.com\/txe\/index.php\/wp-json\/wp\/v2\/users\/1"}],"replies":[{"embeddable":true,"href":"https:\/\/cubswp.com\/txe\/index.php\/wp-json\/wp\/v2\/comments?post=91"}],"version-history":[{"count":10,"href":"https:\/\/cubswp.com\/txe\/index.php\/wp-json\/wp\/v2\/pages\/91\/revisions"}],"predecessor-version":[{"id":235,"href":"https:\/\/cubswp.com\/txe\/index.php\/wp-json\/wp\/v2\/pages\/91\/revisions\/235"}],"wp:featuredmedia":[{"embeddable":true,"href":"https:\/\/cubswp.com\/txe\/index.php\/wp-json\/wp\/v2\/media\/118"}],"wp:attachment":[{"href":"https:\/\/cubswp.com\/txe\/index.php\/wp-json\/wp\/v2\/media?parent=91"}],"curies":[{"name":"wp","href":"https:\/\/api.w.org\/{rel}","templated":true}]}}