{"id":32,"date":"2025-06-11T09:14:08","date_gmt":"2025-06-11T09:14:08","guid":{"rendered":"https:\/\/cubswp.com\/vortex\/?page_id=32"},"modified":"2025-06-13T10:17:11","modified_gmt":"2025-06-13T10:17:11","slug":"home-2","status":"publish","type":"page","link":"https:\/\/cubswp.com\/vortex\/","title":{"rendered":"HOME"},"content":{"rendered":"\n<div class=\"wp-block-uagb-container uagb-block-4eae1236 alignfull uagb-is-root-container\"><div class=\"uagb-container-inner-blocks-wrap\">\n<div class=\"wp-block-uagb-advanced-heading uagb-block-38317399\"><h1 class=\"uagb-heading-text\">Nuestros seguros, a vuestra disposici\u00f3n<\/h1><\/div>\n\n\n\n<div class=\"wp-block-uagb-advanced-heading uagb-block-b69c28f5\"><h2 class=\"uagb-heading-text\">Te ayudamos a mantenerte seguro, gracias a nuestros seguros de vida y de casa<\/h2><\/div>\n\n\n\n<div class=\"wp-block-buttons is-content-justification-center is-layout-flex wp-container-core-buttons-is-layout-a89b3969 wp-block-buttons-is-layout-flex\">\n<div class=\"wp-block-button is-style-fill\"><a class=\"wp-block-button__link has-black-color has-ast-global-color-2-background-color has-text-color has-background has-link-color wp-element-button\">reserva tu cita<\/a><\/div>\n\n\n\n<div class=\"wp-block-button\"><a class=\"wp-block-button__link has-black-color has-ast-global-color-2-background-color has-text-color has-background has-link-color wp-element-button\">ir a la oficina<\/a><\/div>\n<\/div>\n<\/div><\/div>\n\n\n\n<div class=\"wp-block-uagb-advanced-heading uagb-block-322b0a5b\"><h2 class=\"uagb-heading-text\">SEGUROS VORTEX<\/h2><\/div>\n\n\n\n<div class=\"wp-block-uagb-container uagb-block-23080fc4 alignfull uagb-is-root-container\"><div class=\"uagb-container-inner-blocks-wrap\">\n<p class=\"has-ast-global-color-2-color has-text-color has-link-color wp-elements-2ca3b5c0c2c470812c06fff3b60a9533\"> <strong>Bienvenido a Seguros Vortex, 20 a\u00f1os de confianza y protecci\u00f3n a tu servicio.<\/strong><br>Con m\u00e1s de 20 a\u00f1os de experiencia en el sector, en Seguros Vortex hemos logrado construir una s\u00f3lida reputaci\u00f3n basada en el compromiso, la seguridad y la cercan\u00eda con nuestros clientes. Desde nuestros inicios, hemos entendido que el tiempo es un testigo invaluable de la confianza que nos brindan, y por eso nos hemos mantenido firmes en ofrecerte siempre el mejor respaldo para lo que m\u00e1s valoras.<\/p>\n\n\n\n<p class=\"has-ast-global-color-2-color has-text-color has-link-color wp-elements-e229beb8b84e81dbf9758442f29a838b\">En Seguros Vortex, contamos con una trayectoria de dos d\u00e9cadas asegurando hogares, autos, salud, vida y empresas, con un enfoque personal y profesional que se adapta a las necesidades de cada cliente. Nuestra experiencia nos ha permitido perfeccionar nuestros productos y servicios, garantizando una cobertura confiable y a la medida de tus expectativas.<\/p>\n\n\n\n<p class=\"has-ast-global-color-2-color has-text-color has-link-color wp-elements-5d657fcfb848fbc93b160d1412480013\"><strong>\u00a120 a\u00f1os de experiencia protegiendo lo que m\u00e1s importa! \u00danete a nuestra familia y deja que nuestra tradici\u00f3n de confianza cuide de tu futuro.<\/strong><\/p>\n<\/div><\/div>\n\n\n\n<figure class=\"wp-block-embed is-type-video is-provider-youtube wp-block-embed-youtube wp-embed-aspect-16-9 wp-has-aspect-ratio\"><div class=\"wp-block-embed__wrapper\">\n<iframe loading=\"lazy\" title=\"\u00bfque son y como funcionan los seguros?\" width=\"500\" height=\"281\" src=\"https:\/\/www.youtube.com\/embed\/KqXYQxwQ_Oo?feature=oembed\" frameborder=\"0\" allow=\"accelerometer; autoplay; clipboard-write; encrypted-media; gyroscope; picture-in-picture; web-share\" referrerpolicy=\"strict-origin-when-cross-origin\" allowfullscreen><\/iframe>\n<\/div><\/figure>\n","protected":false},"excerpt":{"rendered":"<p>Nuestros seguros, a vuestra disposici\u00f3n Te ayudamos a mantenerte seguro, gracias a nuestros seguros de vida y de casa SEGUROS [&hellip;]<\/p>\n","protected":false},"author":2,"featured_media":0,"parent":0,"menu_order":0,"comment_status":"closed","ping_status":"closed","template":"","meta":{"_uag_custom_page_level_css":"","site-sidebar-layout":"default","site-content-layout":"","ast-site-content-layout":"","site-content-style":"default","site-sidebar-style":"default","ast-global-header-display":"","ast-banner-title-visibility":"","ast-main-header-display":"","ast-hfb-above-header-display":"","ast-hfb-below-header-display":"","ast-hfb-mobile-header-display":"","site-post-title":"disabled","ast-breadcrumbs-content":"","ast-featured-img":"","footer-sml-layout":"","ast-disable-related-posts":"","theme-transparent-header-meta":"","adv-header-id-meta":"","stick-header-meta":"","header-above-stick-meta":"","header-main-stick-meta":"","header-below-stick-meta":"","astra-migrate-meta-layouts":"default","ast-page-background-enabled":"default","ast-page-background-meta":{"desktop":{"background-color":"var(--ast-global-color-5)","background-image":"","background-repeat":"repeat","background-position":"center center","background-size":"auto","background-attachment":"scroll","background-type":"","background-media":"","overlay-type":"","overlay-color":"","overlay-opacity":"","overlay-gradient":""},"tablet":{"background-color":"","background-image":"","background-repeat":"repeat","background-position":"center center","background-size":"auto","background-attachment":"scroll","background-type":"","background-media":"","overlay-type":"","overlay-color":"","overlay-opacity":"","overlay-gradient":""},"mobile":{"background-color":"","background-image":"","background-repeat":"repeat","background-position":"center center","background-size":"auto","background-attachment":"scroll","background-type":"","background-media":"","overlay-type":"","overlay-color":"","overlay-opacity":"","overlay-gradient":""}},"ast-content-background-meta":{"desktop":{"background-color":"var(--ast-global-color-4)","background-image":"","background-repeat":"repeat","background-position":"center center","background-size":"auto","background-attachment":"scroll","background-type":"","background-media":"","overlay-type":"","overlay-color":"","overlay-opacity":"","overlay-gradient":""},"tablet":{"background-color":"var(--ast-global-color-4)","background-image":"","background-repeat":"repeat","background-position":"center center","background-size":"auto","background-attachment":"scroll","background-type":"","background-media":"","overlay-type":"","overlay-color":"","overlay-opacity":"","overlay-gradient":""},"mobile":{"background-color":"var(--ast-global-color-4)","background-image":"","background-repeat":"repeat","background-position":"center center","background-size":"auto","background-attachment":"scroll","background-type":"","background-media":"","overlay-type":"","overlay-color":"","overlay-opacity":"","overlay-gradient":""}},"footnotes":""},"class_list":["post-32","page","type-page","status-publish","hentry"],"uagb_featured_image_src":{"full":false,"thumbnail":false,"medium":false,"medium_large":false,"large":false,"1536x1536":false,"2048x2048":false},"uagb_author_info":{"display_name":"Juan Buesa","author_link":"https:\/\/cubswp.com\/vortex\/index.php\/author\/juan-buesa\/"},"uagb_comment_info":0,"uagb_excerpt":"Nuestros seguros, a vuestra disposici\u00f3n Te ayudamos a mantenerte seguro, gracias a nuestros seguros de vida y de casa SEGUROS [&hellip;]","_links":{"self":[{"href":"https:\/\/cubswp.com\/vortex\/index.php\/wp-json\/wp\/v2\/pages\/32","targetHints":{"allow":["GET"]}}],"collection":[{"href":"https:\/\/cubswp.com\/vortex\/index.php\/wp-json\/wp\/v2\/pages"}],"about":[{"href":"https:\/\/cubswp.com\/vortex\/index.php\/wp-json\/wp\/v2\/types\/page"}],"author":[{"embeddable":true,"href":"https:\/\/cubswp.com\/vortex\/index.php\/wp-json\/wp\/v2\/users\/2"}],"replies":[{"embeddable":true,"href":"https:\/\/cubswp.com\/vortex\/index.php\/wp-json\/wp\/v2\/comments?post=32"}],"version-history":[{"count":6,"href":"https:\/\/cubswp.com\/vortex\/index.php\/wp-json\/wp\/v2\/pages\/32\/revisions"}],"predecessor-version":[{"id":78,"href":"https:\/\/cubswp.com\/vortex\/index.php\/wp-json\/wp\/v2\/pages\/32\/revisions\/78"}],"wp:attachment":[{"href":"https:\/\/cubswp.com\/vortex\/index.php\/wp-json\/wp\/v2\/media?parent=32"}],"curies":[{"name":"wp","href":"https:\/\/api.w.org\/{rel}","templated":true}]}}