{"id":37,"date":"2025-06-11T09:18:16","date_gmt":"2025-06-11T09:18:16","guid":{"rendered":"https:\/\/cubswp.com\/vortex\/?page_id=37"},"modified":"2025-06-13T10:51:17","modified_gmt":"2025-06-13T10:51:17","slug":"sobre-nosotros","status":"publish","type":"page","link":"https:\/\/cubswp.com\/vortex\/index.php\/sobre-nosotros\/","title":{"rendered":"SOBRE NOSOTROS"},"content":{"rendered":"\n<div class=\"wp-block-uagb-info-box uagb-block-21dd8f9c uagb-infobox__content-wrap  uagb-infobox-icon-above-title uagb-infobox-image-valign-top\"><div class=\"uagb-ifb-content\"><div class=\"uagb-ifb-icon-wrap\"><svg xmlns=\"https:\/\/www.w3.org\/2000\/svg\" viewBox=\"0 0 512 512\"><path d=\"M0 256C0 114.6 114.6 0 256 0C397.4 0 512 114.6 512 256C512 397.4 397.4 512 256 512C114.6 512 0 397.4 0 256zM371.8 211.8C382.7 200.9 382.7 183.1 371.8 172.2C360.9 161.3 343.1 161.3 332.2 172.2L224 280.4L179.8 236.2C168.9 225.3 151.1 225.3 140.2 236.2C129.3 247.1 129.3 264.9 140.2 275.8L204.2 339.8C215.1 350.7 232.9 350.7 243.8 339.8L371.8 211.8z\"><\/path><\/svg><\/div><div class=\"uagb-ifb-title-wrap\"><h3 class=\"uagb-ifb-title\">SEGUROS VORTEX<\/h3><\/div><p class=\"uagb-ifb-desc\"><mark style=\"background-color:rgba(0, 0, 0, 0)\" class=\"has-inline-color has-ast-global-color-2-color\"><strong>\u00bfQui\u00e9nes Somos?<\/strong><br>En <strong>Vortex Seguros<\/strong>, con m\u00e1s de <strong>20 a\u00f1os de experiencia<\/strong>, nos dedicamos a ofrecer soluciones de seguros personalizadas para proteger lo que m\u00e1s importa: tu vida, tu familia y tu patrimonio. Nuestra misi\u00f3n es brindarte la <strong>tranquilidad<\/strong> que mereces, con un servicio cercano, transparente y eficiente.<\/mark><mark style=\"background-color:rgba(0, 0, 0, 0)\" class=\"has-inline-color has-ast-global-color-2-color\"><br><br><\/mark><\/p><\/div><\/div>\n\n\n\n<div class=\"wp-block-uagb-image uagb-block-2d528126 wp-block-uagb-image--layout-default wp-block-uagb-image--effect-static wp-block-uagb-image--align-none\"><figure class=\"wp-block-uagb-image__figure\"><img decoding=\"async\" srcset=\"https:\/\/cubswp.com\/vortex\/wp-content\/uploads\/2025\/06\/quienes-somos-1024x754.jpg ,https:\/\/cubswp.com\/vortex\/wp-content\/uploads\/2025\/06\/quienes-somos.jpg 780w, https:\/\/cubswp.com\/vortex\/wp-content\/uploads\/2025\/06\/quienes-somos.jpg 360w\" sizes=\"auto, (max-width: 480px) 150px\" src=\"https:\/\/cubswp.com\/vortex\/wp-content\/uploads\/2025\/06\/quienes-somos-1024x754.jpg\" alt=\"\" class=\"uag-image-63\" width=\"624\" height=\"459\" title=\"Business handshake\" loading=\"lazy\" role=\"img\"\/><\/figure><\/div>\n\n\n\n<div class=\"wp-block-uagb-container uagb-block-28f9db28 alignfull uagb-is-root-container\"><div class=\"uagb-container-inner-blocks-wrap\">\n<h3 class=\"wp-block-heading\"><strong>Nuestra Misi\u00f3n<\/strong><\/h3>\n\n\n\n<p class=\"has-ast-global-color-2-color has-text-color has-link-color wp-elements-1f4fc7f75fa9eb4079b2e1577a504af5\">Brindar seguros confiables, accesibles e innovadores, adaptados a las necesidades de cada cliente, para garantizar su protecci\u00f3n y bienestar en cada etapa de su vida.<\/p>\n<\/div><\/div>\n\n\n\n<div class=\"wp-block-uagb-container uagb-block-b6e3056b alignfull uagb-is-root-container\"><div class=\"uagb-container-inner-blocks-wrap\">\n<div class=\"wp-block-group is-nowrap is-layout-flex wp-container-core-group-is-layout-6c531013 wp-block-group-is-layout-flex\">\n<div class=\"wp-block-uagb-container uagb-block-5cfc3195\">\n<p class=\"has-ast-global-color-2-color has-text-color has-link-color wp-elements-56aea0f82db2bd103f0917f2b218c616\">Fundados hace m\u00e1s de 20 a\u00f1os, en <strong>Vortex Seguros<\/strong> hemos evolucionado junto a las necesidades del mercado. Desde nuestros humildes inicios, hemos trabajado para ofrecer productos de calidad y una atenci\u00f3n al cliente excepcional, convirti\u00e9ndonos en un referente en el sector.<br><br><br><\/p>\n<\/div>\n\n\n\n<div class=\"wp-block-uagb-container uagb-block-91e1479e\">\n<p class=\"has-ast-global-color-2-color has-text-color has-link-color has-medium-font-size wp-elements-42e5d6c3c222396975e6f2c825b734f7\">Nuestra Historia<\/p>\n<\/div>\n<\/div>\n<\/div><\/div>\n\n\n\n<div class=\"wp-block-uagb-image uagb-block-b85e9e5b wp-block-uagb-image--layout-default wp-block-uagb-image--effect-static wp-block-uagb-image--align-none\"><figure class=\"wp-block-uagb-image__figure\"><img decoding=\"async\" srcset=\"https:\/\/cubswp.com\/vortex\/wp-content\/uploads\/2025\/06\/historia-empresa.png ,https:\/\/cubswp.com\/vortex\/wp-content\/uploads\/2025\/06\/historia-empresa.png 780w, https:\/\/cubswp.com\/vortex\/wp-content\/uploads\/2025\/06\/historia-empresa.png 360w\" sizes=\"auto, (max-width: 480px) 150px\" src=\"https:\/\/cubswp.com\/vortex\/wp-content\/uploads\/2025\/06\/historia-empresa.png\" alt=\"\" class=\"uag-image-68\" width=\"629\" height=\"393\" title=\"historia-empresa\" loading=\"lazy\" role=\"img\"\/><\/figure><\/div>\n\n\n\n<div class=\"wp-block-uagb-container uagb-block-f0c0d47c alignfull uagb-is-root-container\"><div class=\"uagb-container-inner-blocks-wrap\">\n<h3 class=\"wp-block-heading\"><strong>Lo que nos Hace Diferentes<\/strong><\/h3>\n\n\n\n<ul class=\"wp-block-list\">\n<li class=\"has-ast-global-color-2-color has-text-color has-link-color wp-elements-9f40238496fe39292d82bac803f53b4b\"><strong>Experiencia y Confianza<\/strong>: 20 a\u00f1os en el mercado nos respaldan.<\/li>\n\n\n\n<li class=\"has-ast-global-color-2-color has-text-color has-link-color wp-elements-4dc6c34a032dbb0a59f0d5067f4d99d1\"><strong>Atenci\u00f3n Personalizada<\/strong>: Cada cliente tiene un seguro hecho a medida.<\/li>\n\n\n\n<li class=\"has-ast-global-color-2-color has-text-color has-link-color wp-elements-94eb5c35994c7219b6608d456f9fc01b\"><strong>Tecnolog\u00eda de Vanguardia<\/strong>: Gesti\u00f3n de p\u00f3lizas r\u00e1pida y sencilla desde cualquier dispositivo.<\/li>\n\n\n\n<li class=\"has-ast-global-color-2-color has-text-color has-link-color wp-elements-2397e65781696ae0065a0e8371262714\"><strong>Flexibilidad<\/strong>: Ofrecemos seguros adaptados a cada etapa de la vida.<\/li>\n<\/ul>\n\n\n\n<hr class=\"wp-block-separator has-alpha-channel-opacity\"\/>\n\n\n\n<h3 class=\"wp-block-heading\"><strong>Testimonios de Nuestros Clientes<\/strong><\/h3>\n\n\n\n<p class=\"has-ast-global-color-2-color has-text-color has-link-color wp-elements-723c31e8c3621528eb2e946f43c07195\"><em>\u00abVortex Seguros me dio la confianza que necesitaba. Siempre disponibles y dispuestos a ayudar en todo momento.\u00bb<\/em><br>\u2014 <strong>Carlos L.<\/strong>, cliente desde 2012<\/p>\n\n\n\n<p class=\"has-ast-global-color-2-color has-text-color has-link-color wp-elements-51d35d296057fc44f97f687db1c215df\"><em>\u00abUn servicio excelente, personalizado y sin complicaciones. Muy agradecido por todo el apoyo que me dieron.\u00bb<\/em><br>\u2014 <strong>Luc\u00eda P.<\/strong>, cliente desde 2016<\/p>\n<\/div><\/div>\n\n\n\n<h3 class=\"wp-block-heading\"><strong>Compromiso Social y Ambiental<\/strong><\/h3>\n\n\n\n<p class=\"has-ast-global-color-2-color has-text-color has-link-color wp-elements-57c8e450fd08c59112fa08604a5053bb\">En <strong>Vortex Seguros<\/strong>, tambi\u00e9n nos importa el futuro. Estamos comprometidos con pr\u00e1cticas <strong>sociales y ambientales<\/strong> responsables, apoyando iniciativas ecol\u00f3gicas y comunitarias que contribuyan al bienestar colectivo.<\/p>\n\n\n\n<hr class=\"wp-block-separator has-alpha-channel-opacity\"\/>\n\n\n\n<h3 class=\"wp-block-heading\"><strong>Cont\u00e1ctanos<\/strong><\/h3>\n\n\n\n<p class=\"has-ast-global-color-2-color has-text-color has-link-color wp-elements-4339840c5910ca32d1ca5ddf77b6125a\"><strong>\u00a1Protege lo que m\u00e1s importa!<\/strong><br>Cont\u00e1ctanos hoy mismo y descubre c\u00f3mo podemos ayudarte a encontrar la cobertura perfecta para ti.<\/p>\n\n\n\n<ul class=\"wp-block-list\">\n<li class=\"has-ast-global-color-2-color has-text-color has-link-color wp-elements-914773556b3b2b944e3ee23d6583ff8b\"><strong>Direcci\u00f3n:<\/strong> C\/Licenciado Poza, 17, 48003 Bilbao, Espa\u00f1a<\/li>\n\n\n\n<li class=\"has-ast-global-color-2-color has-text-color has-link-color wp-elements-9c16df46684aefcded5d7b58c1cd6778\"><strong>Tel\u00e9fono:<\/strong> +34 91 123 45 67<\/li>\n\n\n\n<li class=\"has-ast-global-color-2-color has-text-color has-link-color wp-elements-bb0d392b32ccfdc9abbe03103a6919af\"><strong>Email:<\/strong> <a>contacto@vortexseguros.com<\/a><\/li>\n<\/ul>\n\n\n\t\t\t<div \n\t\t\tclass=\"wp-block-uagb-google-map uagb-google-map__wrap uagb-block-4c1d6d06     \"\n\t\t\tstyle=\"\" >\n\t\t\t\t<embed\n\t\t\t\t\tclass=\"uagb-google-map__iframe\"\n\t\t\t\t\ttitle=\"Mapa de Google de\"\n\t\t\t\t\tsrc=\"https:\/\/maps.google.com\/maps?q=licenciado%20poza%2017&#038;z=12&#038;hl=en&#038;t=m&#038;output=embed&#038;iwloc=near\"\n\t\t\t\t\twidth=\"640\"\n\t\t\t\t\theight=\"300\"\n\t\t\t\t\tloading=\"lazy\"\n\t\t\t\t><\/embed>\n\t\t\t<\/div>\n\t\t\t\n\n\n<div class=\"wp-block-uagb-buttons uagb-buttons__outer-wrap uagb-btn__default-btn uagb-btn-tablet__default-btn uagb-btn-mobile__default-btn uagb-block-18cd2cda\"><div class=\"uagb-buttons__wrap uagb-buttons-layout-wrap \">\n<div class=\"wp-block-uagb-buttons-child uagb-buttons__outer-wrap uagb-block-ef086c04 wp-block-button\"><div class=\"uagb-button__wrapper\"><a class=\"uagb-buttons-repeater wp-block-button__link\" aria-label=\"\" href=\"https:\/\/cubswp.com\/vortex\/wp-content\/uploads\/2025\/06\/Condiciones.pdf\" rel=\"follow noopener\" target=\"_blank\" role=\"button\"><div class=\"uagb-button__link\">Descarga las condiciones de nuestros seguros<\/div><\/a><\/div><\/div>\n<\/div><\/div>\n","protected":false},"excerpt":{"rendered":"<p>Nuestra Misi\u00f3n Brindar seguros confiables, accesibles e innovadores, adaptados a las necesidades de cada cliente, para garantizar su protecci\u00f3n y [&hellip;]<\/p>\n","protected":false},"author":2,"featured_media":0,"parent":0,"menu_order":0,"comment_status":"closed","ping_status":"closed","template":"","meta":{"_uag_custom_page_level_css":"","site-sidebar-layout":"default","site-content-layout":"","ast-site-content-layout":"","site-content-style":"default","site-sidebar-style":"default","ast-global-header-display":"","ast-banner-title-visibility":"","ast-main-header-display":"","ast-hfb-above-header-display":"","ast-hfb-below-header-display":"","ast-hfb-mobile-header-display":"","site-post-title":"disabled","ast-breadcrumbs-content":"","ast-featured-img":"","footer-sml-layout":"","ast-disable-related-posts":"","theme-transparent-header-meta":"","adv-header-id-meta":"","stick-header-meta":"","header-above-stick-meta":"","header-main-stick-meta":"","header-below-stick-meta":"","astra-migrate-meta-layouts":"default","ast-page-background-enabled":"default","ast-page-background-meta":{"desktop":{"background-color":"var(--ast-global-color-5)","background-image":"","background-repeat":"repeat","background-position":"center center","background-size":"auto","background-attachment":"scroll","background-type":"","background-media":"","overlay-type":"","overlay-color":"","overlay-opacity":"","overlay-gradient":""},"tablet":{"background-color":"","background-image":"","background-repeat":"repeat","background-position":"center center","background-size":"auto","background-attachment":"scroll","background-type":"","background-media":"","overlay-type":"","overlay-color":"","overlay-opacity":"","overlay-gradient":""},"mobile":{"background-color":"","background-image":"","background-repeat":"repeat","background-position":"center center","background-size":"auto","background-attachment":"scroll","background-type":"","background-media":"","overlay-type":"","overlay-color":"","overlay-opacity":"","overlay-gradient":""}},"ast-content-background-meta":{"desktop":{"background-color":"var(--ast-global-color-4)","background-image":"","background-repeat":"repeat","background-position":"center center","background-size":"auto","background-attachment":"scroll","background-type":"","background-media":"","overlay-type":"","overlay-color":"","overlay-opacity":"","overlay-gradient":""},"tablet":{"background-color":"var(--ast-global-color-4)","background-image":"","background-repeat":"repeat","background-position":"center center","background-size":"auto","background-attachment":"scroll","background-type":"","background-media":"","overlay-type":"","overlay-color":"","overlay-opacity":"","overlay-gradient":""},"mobile":{"background-color":"var(--ast-global-color-4)","background-image":"","background-repeat":"repeat","background-position":"center center","background-size":"auto","background-attachment":"scroll","background-type":"","background-media":"","overlay-type":"","overlay-color":"","overlay-opacity":"","overlay-gradient":""}},"footnotes":""},"class_list":["post-37","page","type-page","status-publish","hentry"],"uagb_featured_image_src":{"full":false,"thumbnail":false,"medium":false,"medium_large":false,"large":false,"1536x1536":false,"2048x2048":false},"uagb_author_info":{"display_name":"Juan Buesa","author_link":"https:\/\/cubswp.com\/vortex\/index.php\/author\/juan-buesa\/"},"uagb_comment_info":0,"uagb_excerpt":"Nuestra Misi\u00f3n Brindar seguros confiables, accesibles e innovadores, adaptados a las necesidades de cada cliente, para garantizar su protecci\u00f3n y [&hellip;]","_links":{"self":[{"href":"https:\/\/cubswp.com\/vortex\/index.php\/wp-json\/wp\/v2\/pages\/37","targetHints":{"allow":["GET"]}}],"collection":[{"href":"https:\/\/cubswp.com\/vortex\/index.php\/wp-json\/wp\/v2\/pages"}],"about":[{"href":"https:\/\/cubswp.com\/vortex\/index.php\/wp-json\/wp\/v2\/types\/page"}],"author":[{"embeddable":true,"href":"https:\/\/cubswp.com\/vortex\/index.php\/wp-json\/wp\/v2\/users\/2"}],"replies":[{"embeddable":true,"href":"https:\/\/cubswp.com\/vortex\/index.php\/wp-json\/wp\/v2\/comments?post=37"}],"version-history":[{"count":7,"href":"https:\/\/cubswp.com\/vortex\/index.php\/wp-json\/wp\/v2\/pages\/37\/revisions"}],"predecessor-version":[{"id":75,"href":"https:\/\/cubswp.com\/vortex\/index.php\/wp-json\/wp\/v2\/pages\/37\/revisions\/75"}],"wp:attachment":[{"href":"https:\/\/cubswp.com\/vortex\/index.php\/wp-json\/wp\/v2\/media?parent=37"}],"curies":[{"name":"wp","href":"https:\/\/api.w.org\/{rel}","templated":true}]}}